{"id":10444,"date":"2024-10-28T11:20:46","date_gmt":"2024-10-28T11:20:46","guid":{"rendered":"https:\/\/gigionestrumentimusicali.it\/index.php\/product\/line-6-dl4-mkii\/"},"modified":"2026-04-04T23:05:31","modified_gmt":"2026-04-04T23:05:31","slug":"line-6-dl4-mkii","status":"publish","type":"product","link":"https:\/\/gigionestrumentimusicali.it\/index.php\/product\/line-6-dl4-mkii\/","title":{"rendered":"LINE 6 DL4 MKII"},"content":{"rendered":"<p>  <span style=\"font-family: Arial, sans-serif;font-size: 13px;font-style: normal;font-variant: normal;font-weight: normal;letter-spacing: normal;line-height: 18.2000007629395px;text-align: start;text-indent: 0px;text-transform: none;white-space: normal;display: inline !important;float: none\">Nonostante  BOSS sia gi\u00e0 al primo posto nella storia dei compact delay, continua la ricerca  e l&#8217;esplorazione verso nuove forme di innovazione. Il DD-7 nasce dalle migliori  caratteristiche dei sui predecessori ma espande le potenzialit\u00e0 creative grazie  alla modalit\u00e0 Modulation Delay, al suono classico Analog Delay, alla possibilit\u00e0  di utilizzo con pedale di controllo esterno, ad un delay time pi\u00f9 lungo e molto  altro ancora da scoprire.<\/span><\/p>\n<p>  <br style=\"font-family: Arial, sans-serif;font-size: 13px;font-style: normal;font-variant: normal;font-weight: normal;letter-spacing: normal;line-height: 18.2000007629395px;text-align: start;text-indent: 0px;text-transform: none;white-space: normal\" \/><br style=\"font-family: Arial, sans-serif;font-size: 13px;font-style: normal;font-variant: normal;font-weight: normal;letter-spacing: normal;line-height: 18.2000007629395px;text-align: start;text-indent: 0px;text-transform: none;white-space: normal\" \/><br style=\"font-family: Arial, sans-serif;font-size: 13px;font-style: normal;font-variant: normal;font-weight: normal;letter-spacing: normal;line-height: 18.2000007629395px;text-align: start;text-indent: 0px;text-transform: none;white-space: normal\" \/><span style=\"font-family: Arial, sans-serif;font-size: 13px;font-style: normal;font-variant: normal;font-weight: normal;letter-spacing: normal;line-height: 18.2000007629395px;text-align: start;text-indent: 0px;text-transform: none;white-space: normal;display: inline !important;float: none\">Caratteristiche  tecniche<\/span><br style=\"font-family: Arial, sans-serif;font-size: 13px;font-style: normal;font-variant: normal;font-weight: normal;letter-spacing: normal;line-height: 18.2000007629395px;text-align: start;text-indent: 0px;text-transform: none;white-space: normal\" \/><br style=\"font-family: Arial, sans-serif;font-size: 13px;font-style: normal;font-variant: normal;font-weight: normal;letter-spacing: normal;line-height: 18.2000007629395px;text-align: start;text-indent: 0px;text-transform: none;white-space: normal\" \/><span style=\"font-family: Arial, sans-serif;font-size: 13px;font-style: normal;font-variant: normal;font-weight: normal;letter-spacing: normal;line-height: 18.2000007629395px;text-align: start;text-indent: 0px;text-transform: none;white-space: normal;display: inline !important;float: none\">&#8211;  Delay time pi\u00f9 lungo, fino a 6.4 secondi.<\/span><br style=\"font-family: Arial, sans-serif;font-size: 13px;font-style: normal;font-variant: normal;font-weight: normal;letter-spacing: normal;line-height: 18.2000007629395px;text-align: start;text-indent: 0px;text-transform: none;white-space: normal\" \/><span style=\"font-family: Arial, sans-serif;font-size: 13px;font-style: normal;font-variant: normal;font-weight: normal;letter-spacing: normal;line-height: 18.2000007629395px;text-align: start;text-indent: 0px;text-transform: none;white-space: normal;display: inline !important;float: none\">&#8211;  Grazie alla modalit\u00e0 Modulation Delay potrete creare un effetto tipo chorus.<\/span><br style=\"font-family: Arial, sans-serif;font-size: 13px;font-style: normal;font-variant: normal;font-weight: normal;letter-spacing: normal;line-height: 18.2000007629395px;text-align: start;text-indent: 0px;text-transform: none;white-space: normal\" \/><span style=\"font-family: Arial, sans-serif;font-size: 13px;font-style: normal;font-variant: normal;font-weight: normal;letter-spacing: normal;line-height: 18.2000007629395px;text-align: start;text-indent: 0px;text-transform: none;white-space: normal;display: inline !important;float: none\">&#8211;  Nella modalit\u00e0 Analog Delay proverete le stesse profonde sensazioni di delay analogico  del suo predecessore BOSS DM-2.<\/span><br style=\"font-family: Arial, sans-serif;font-size: 13px;font-style: normal;font-variant: normal;font-weight: normal;letter-spacing: normal;line-height: 18.2000007629395px;text-align: start;text-indent: 0px;text-transform: none;white-space: normal\" \/><span style=\"font-family: Arial, sans-serif;font-size: 13px;font-style: normal;font-variant: normal;font-weight: normal;letter-spacing: normal;line-height: 18.2000007629395px;text-align: start;text-indent: 0px;text-transform: none;white-space: normal;display: inline !important;float: none\">&#8211;  Tap tempo controllabile attraverso l&#8217;utilizzo di un pedale esterno.<\/span><br style=\"font-family: Arial, sans-serif;font-size: 13px;font-style: normal;font-variant: normal;font-weight: normal;letter-spacing: normal;line-height: 18.2000007629395px;text-align: start;text-indent: 0px;text-transform: none;white-space: normal\" \/><span style=\"font-family: Arial, sans-serif;font-size: 13px;font-style: normal;font-variant: normal;font-weight: normal;letter-spacing: normal;line-height: 18.2000007629395px;text-align: start;text-indent: 0px;text-transform: none;white-space: normal;display: inline !important;float: none\">&#8211;  Le impostazioni di delay time, feedback e la quantit\u00e0 di effetto possono essere  controllate da un pedale d&#8217;espressione esterno (venduto separatamente).<\/span><br style=\"font-family: Arial, sans-serif;font-size: 13px;font-style: normal;font-variant: normal;font-weight: normal;letter-spacing: normal;line-height: 18.2000007629395px;text-align: start;text-indent: 0px;text-transform: none;white-space: normal\" \/><span style=\"font-family: Arial, sans-serif;font-size: 13px;font-style: normal;font-variant: normal;font-weight: normal;letter-spacing: normal;line-height: 18.2000007629395px;text-align: start;text-indent: 0px;text-transform: none;white-space: normal;display: inline !important;float: none\">&#8211;  Fino a 40&#8243; di registrazione sound on sound (Hold mode).<\/span><\/p>\n<p>  \u00a0<\/p>\n","protected":false},"excerpt":{"rendered":"<p>Il DL4 MkII include tutto nel DL4 Delay Modeler originale, mentre introduce 15 nuovi delay MkII tratti dalla famiglia di amplificatori e processori di effetti e looper HX a 4 e 1 switch con un massimo di 240 secondi di tempo record (espandibile a diversi ore utilizzando una scheda microSD opzionale). C&#8217;&egrave; anche un ingresso microfono XLR, connettori MIDI In e Out\/Thru, footswitch robusti, tre opzioni di bypass e un jack per il collegamento di un pedale di espressione opzionale o due footswitch aggiuntivi. Il DL4 MkII &egrave; anche pi&ugrave; piccolo e leggero dell&#8217;originale, il che lo rende una scelta ancora pi&ugrave; interessante per i musicisti moderni.<br \/>Caratteristiche<br \/>Il DL4 MkII &egrave; costruito in alluminio pressofuso per resistere ai rigori delle performance<br \/>Utilizza la stessa disposizione di manopole e footswitch dell&#8217;originale. Premendo il pulsante Legacy si converte DL4 MkII in un DL4<br \/>30 Delay: 15 nuovi Delay MkII dalla famiglia di amplificatori e processori di effetti HX, 14 Delay DL4 originali ed Echo Platter dall&#8217;Echo Pro a rack<br \/>Il 4-Switch Classic Looper e il 1-Switch Looper funzionano in mono o stereo e possono essere posizionati prima o dopo altri effetti<br \/>Fino a 240 secondi di registrazione nella memoria integrata, espandibile con una scheda microSD opzionale, per archiviare un loop in memoria<br \/>Collega un microfono dinamico all&#8217;ingresso XLR per elaborazione e looping della voce (o di uno strumento acustico) e regola il gain con il controllo Trim<br \/>I connettori MIDI In e Out\/Thru DIN consentono di ricevere controller continuo, cambio programma e altri messaggi MIDI da sorgenti esterne<br \/>Buffered, DSP e true bypass. Il True ed il Buffered bypass evitano la conversione A\/D\/A e inviano i segnali analogici direttamente dagli Input agli Output<br \/>I footswitch selezionano i preset A, B e C. Quando il Looper &egrave; attivo, selezionano le funzioni Record\/Overdub, Play\/Stop e Play Once<br \/>Collega un pedale di espressione opzionale (assegnato ai parametri rilevanti degli effetti), due footswitch esterni assegnabili o uno di entrambi<br \/>Collega fino a due footswitch esterni assegnabili, un pedale di espressione o uno di entrambi<br \/>L&#8217;alimentazione CC dall&#8217;alimentatore 9V CC-1g incluso o da altri alimentatori da 9V con centro negativo<\/p>\n","protected":false},"featured_media":10433,"template":"","meta":{"site-sidebar-layout":"default","site-content-layout":"","ast-site-content-layout":"default","site-content-style":"default","site-sidebar-style":"default","ast-global-header-display":"","ast-banner-title-visibility":"","ast-main-header-display":"","ast-hfb-above-header-display":"","ast-hfb-below-header-display":"","ast-hfb-mobile-header-display":"","site-post-title":"","ast-breadcrumbs-content":"","ast-featured-img":"","footer-sml-layout":"","theme-transparent-header-meta":"","adv-header-id-meta":"","stick-header-meta":"","header-above-stick-meta":"","header-main-stick-meta":"","header-below-stick-meta":"","astra-migrate-meta-layouts":"default","ast-page-background-enabled":"default","ast-page-background-meta":{"desktop":{"background-color":"var(--ast-global-color-4)","background-image":"","background-repeat":"repeat","background-position":"center center","background-size":"auto","background-attachment":"scroll","background-type":"","background-media":"","overlay-type":"","overlay-color":"","overlay-opacity":"","overlay-gradient":""},"tablet":{"background-color":"","background-image":"","background-repeat":"repeat","background-position":"center center","background-size":"auto","background-attachment":"scroll","background-type":"","background-media":"","overlay-type":"","overlay-color":"","overlay-opacity":"","overlay-gradient":""},"mobile":{"background-color":"","background-image":"","background-repeat":"repeat","background-position":"center center","background-size":"auto","background-attachment":"scroll","background-type":"","background-media":"","overlay-type":"","overlay-color":"","overlay-opacity":"","overlay-gradient":""}},"ast-content-background-meta":{"desktop":{"background-color":"var(--ast-global-color-5)","background-image":"","background-repeat":"repeat","background-position":"center center","background-size":"auto","background-attachment":"scroll","background-type":"","background-media":"","overlay-type":"","overlay-color":"","overlay-opacity":"","overlay-gradient":""},"tablet":{"background-color":"var(--ast-global-color-5)","background-image":"","background-repeat":"repeat","background-position":"center center","background-size":"auto","background-attachment":"scroll","background-type":"","background-media":"","overlay-type":"","overlay-color":"","overlay-opacity":"","overlay-gradient":""},"mobile":{"background-color":"var(--ast-global-color-5)","background-image":"","background-repeat":"repeat","background-position":"center center","background-size":"auto","background-attachment":"scroll","background-type":"","background-media":"","overlay-type":"","overlay-color":"","overlay-opacity":"","overlay-gradient":""}}},"product_brand":[],"product_cat":[427],"product_tag":[714],"class_list":{"0":"post-10444","1":"product","2":"type-product","3":"status-publish","4":"has-post-thumbnail","6":"product_cat-delays-echo-effetti-a-pedale-per-chitarre","7":"product_tag-boss","8":"desktop-align-left","9":"tablet-align-left","10":"mobile-align-left","12":"first","13":"instock","14":"taxable","15":"shipping-taxable","16":"purchasable","17":"product-type-simple"},"_links":{"self":[{"href":"https:\/\/gigionestrumentimusicali.it\/index.php\/wp-json\/wp\/v2\/product\/10444","targetHints":{"allow":["GET"]}}],"collection":[{"href":"https:\/\/gigionestrumentimusicali.it\/index.php\/wp-json\/wp\/v2\/product"}],"about":[{"href":"https:\/\/gigionestrumentimusicali.it\/index.php\/wp-json\/wp\/v2\/types\/product"}],"wp:featuredmedia":[{"embeddable":true,"href":"https:\/\/gigionestrumentimusicali.it\/index.php\/wp-json\/wp\/v2\/media\/10433"}],"wp:attachment":[{"href":"https:\/\/gigionestrumentimusicali.it\/index.php\/wp-json\/wp\/v2\/media?parent=10444"}],"wp:term":[{"taxonomy":"product_brand","embeddable":true,"href":"https:\/\/gigionestrumentimusicali.it\/index.php\/wp-json\/wp\/v2\/product_brand?post=10444"},{"taxonomy":"product_cat","embeddable":true,"href":"https:\/\/gigionestrumentimusicali.it\/index.php\/wp-json\/wp\/v2\/product_cat?post=10444"},{"taxonomy":"product_tag","embeddable":true,"href":"https:\/\/gigionestrumentimusicali.it\/index.php\/wp-json\/wp\/v2\/product_tag?post=10444"}],"curies":[{"name":"wp","href":"https:\/\/api.w.org\/{rel}","templated":true}]}}