{"id":10614,"date":"2024-10-28T11:28:37","date_gmt":"2024-10-28T11:28:37","guid":{"rendered":"https:\/\/gigionestrumentimusicali.it\/index.php\/product\/akay-analog-phase-shifter-pedal\/"},"modified":"2026-04-15T08:49:09","modified_gmt":"2026-04-15T08:49:09","slug":"akay-analog-phase-shifter-pedal","status":"publish","type":"product","link":"https:\/\/gigionestrumentimusicali.it\/index.php\/product\/akay-analog-phase-shifter-pedal\/","title":{"rendered":"AKAY ANALOG PHASE SHIFTER PEDAL"},"content":{"rendered":"<p><\/p>\n","protected":false},"excerpt":{"rendered":"<table style=\"font-family: arial, verdana, helvetica, sans-serif;font-size: 13px\">\n<tbody>\n<tr>\n<td class=\"productDesc\" style=\"font-size: 15px;line-height: 20px\">Il Phase Shifter \u00e8 uno dei pedali pi\u00f9 originali della linea Analog Custom Shop by Akai Pro. Questo phaser \u00e8 dotato di due switch a doppia posizione denominati A e B, per scegliere quale frequenza andare a ritoccare con il potenziometro Rate di precisione. Il pedale si presenta nel classico chassis di casa Akai in metallo cromato anti-ossidazione ed \u00e8 dotato di circuitazione True-bypass la quale, unita ai tre controlli di cui sopra, garantisce un&#8217;elevata qualit\u00e0 sonora e una pulizia di segnale anche in stato bypass. Il Phase Shifter si riconosce subito dal suo suono &#8220;a mulinello&#8221;. Il potenziometro Rate determina con quale frequenza l&#8217;oscillazione della forma d&#8217;onda andr\u00e0 a ripetersi, modificandone profondit\u00e0 e intonazione. Gli switch A e B possono essere settati in 4 differenti posizioni come ben illustrato graficamente sul pedale stesso. Queste quattro possibilit\u00e0, unite al controllo di precisione Rate, danno un vasto spettro di sonorit\u00e0 vorticose, con modulazioni pi\u00f9 o meno ampie. Il pedale pu\u00f2 essere alimentato con una.<\/td>\n<\/tr>\n<\/tbody>\n<\/table>\n<h4 style=\"margin: 1em 0px;padding: 0px;font-family: arial, verdana, helvetica, sans-serif;font-size: 13px\"><strong><font color=\"#9a9a9a\">Caratteristiche principali<\/font><\/strong><\/h4>\n<ul style=\"margin: 0px;padding: 0px;font-family: arial, verdana, helvetica, sans-serif\">\n<li style=\"margin-left: 3px;line-height: 18px\"><b>4 Phaser differenti in uno<\/b><\/li>\n<li style=\"margin-left: 3px;line-height: 18px\"><b>Sonorit\u00e0 vintage e moderna in un unico pedale<\/b><\/li>\n<li style=\"margin-left: 3px;line-height: 18px\"><b>Suono caldo e classico<\/b><\/li>\n<li style=\"margin-left: 3px;line-height: 18px\"><b>True Bypass: suono pulito a pedale disattivato<\/b><\/li>\n<li style=\"margin-left: 3px;line-height: 18px\"><b>Chassis in metallo cromato<\/b><\/li>\n<li style=\"margin-left: 3px;line-height: 18px\"><b>Elevata qualit\u00e0 costruttiva<\/b><\/li>\n<li style=\"margin-left: 3px;line-height: 18px\"><b>Alimentazione: Batteria 9 Volt, alimentatore 9V venduto separatamente<\/b><\/li>\n<\/ul>\n","protected":false},"featured_media":10612,"template":"","meta":{"site-sidebar-layout":"default","site-content-layout":"","ast-site-content-layout":"default","site-content-style":"default","site-sidebar-style":"default","ast-global-header-display":"","ast-banner-title-visibility":"","ast-main-header-display":"","ast-hfb-above-header-display":"","ast-hfb-below-header-display":"","ast-hfb-mobile-header-display":"","site-post-title":"","ast-breadcrumbs-content":"","ast-featured-img":"","footer-sml-layout":"","theme-transparent-header-meta":"","adv-header-id-meta":"","stick-header-meta":"","header-above-stick-meta":"","header-main-stick-meta":"","header-below-stick-meta":"","astra-migrate-meta-layouts":"default","ast-page-background-enabled":"default","ast-page-background-meta":{"desktop":{"background-color":"var(--ast-global-color-4)","background-image":"","background-repeat":"repeat","background-position":"center center","background-size":"auto","background-attachment":"scroll","background-type":"","background-media":"","overlay-type":"","overlay-color":"","overlay-opacity":"","overlay-gradient":""},"tablet":{"background-color":"","background-image":"","background-repeat":"repeat","background-position":"center center","background-size":"auto","background-attachment":"scroll","background-type":"","background-media":"","overlay-type":"","overlay-color":"","overlay-opacity":"","overlay-gradient":""},"mobile":{"background-color":"","background-image":"","background-repeat":"repeat","background-position":"center center","background-size":"auto","background-attachment":"scroll","background-type":"","background-media":"","overlay-type":"","overlay-color":"","overlay-opacity":"","overlay-gradient":""}},"ast-content-background-meta":{"desktop":{"background-color":"var(--ast-global-color-5)","background-image":"","background-repeat":"repeat","background-position":"center center","background-size":"auto","background-attachment":"scroll","background-type":"","background-media":"","overlay-type":"","overlay-color":"","overlay-opacity":"","overlay-gradient":""},"tablet":{"background-color":"var(--ast-global-color-5)","background-image":"","background-repeat":"repeat","background-position":"center center","background-size":"auto","background-attachment":"scroll","background-type":"","background-media":"","overlay-type":"","overlay-color":"","overlay-opacity":"","overlay-gradient":""},"mobile":{"background-color":"var(--ast-global-color-5)","background-image":"","background-repeat":"repeat","background-position":"center center","background-size":"auto","background-attachment":"scroll","background-type":"","background-media":"","overlay-type":"","overlay-color":"","overlay-opacity":"","overlay-gradient":""}}},"product_brand":[],"product_cat":[443],"product_tag":[],"class_list":{"0":"post-10614","1":"product","2":"type-product","3":"status-publish","4":"has-post-thumbnail","6":"product_cat-phaser-effetti-a-pedale-per-chitarre","7":"desktop-align-left","8":"tablet-align-left","9":"mobile-align-left","11":"first","12":"instock","13":"taxable","14":"shipping-taxable","15":"purchasable","16":"product-type-simple"},"_links":{"self":[{"href":"https:\/\/gigionestrumentimusicali.it\/index.php\/wp-json\/wp\/v2\/product\/10614","targetHints":{"allow":["GET"]}}],"collection":[{"href":"https:\/\/gigionestrumentimusicali.it\/index.php\/wp-json\/wp\/v2\/product"}],"about":[{"href":"https:\/\/gigionestrumentimusicali.it\/index.php\/wp-json\/wp\/v2\/types\/product"}],"wp:featuredmedia":[{"embeddable":true,"href":"https:\/\/gigionestrumentimusicali.it\/index.php\/wp-json\/wp\/v2\/media\/10612"}],"wp:attachment":[{"href":"https:\/\/gigionestrumentimusicali.it\/index.php\/wp-json\/wp\/v2\/media?parent=10614"}],"wp:term":[{"taxonomy":"product_brand","embeddable":true,"href":"https:\/\/gigionestrumentimusicali.it\/index.php\/wp-json\/wp\/v2\/product_brand?post=10614"},{"taxonomy":"product_cat","embeddable":true,"href":"https:\/\/gigionestrumentimusicali.it\/index.php\/wp-json\/wp\/v2\/product_cat?post=10614"},{"taxonomy":"product_tag","embeddable":true,"href":"https:\/\/gigionestrumentimusicali.it\/index.php\/wp-json\/wp\/v2\/product_tag?post=10614"}],"curies":[{"name":"wp","href":"https:\/\/api.w.org\/{rel}","templated":true}]}}