{"id":10687,"date":"2024-10-28T11:29:35","date_gmt":"2024-10-28T11:29:35","guid":{"rendered":"https:\/\/gigionestrumentimusicali.it\/index.php\/product\/stinger-pedale-switch-4-vie\/"},"modified":"2026-04-18T23:35:11","modified_gmt":"2026-04-18T23:35:11","slug":"stinger-pedale-switch-4-vie","status":"publish","type":"product","link":"https:\/\/gigionestrumentimusicali.it\/index.php\/product\/stinger-pedale-switch-4-vie\/","title":{"rendered":"STINGER PEDALE SWITCH 4 VIE"},"content":{"rendered":"<p>  octaswitch ii l\u2019 octa-switch mk ii ha un paio di caratteristiche nuove. il  nono interruttore sul lato sinistro del case \u00e8 un interruttore di bypass. questo  ti permette di bypassare completamente tutti e otto i pedali e goderti solo il suono  inalterato del tuo amplificatore. ci sono anche due jack esterni di commutazione  che consentono di utilizzare due amplificatori, o di accendere i canali su di essi.  una volta che avete programmato tutti i banchi, consigliamo di posizionare un pezzo  di scotch o nastro isolante su ogni dip (&#8230;. solo per proteggere il sensore da  spegnimento accidentale, danni o alluvioni &#8230;. come la birra). c&#8217;\u00e8 un ingresso  mono e una uscita stereo, e l&#8217;unit\u00e0 \u00e8 alimentata da due batterie da 9v, oppure da  un alimentatore stabilizzato come il big john o il power pro (entrambe di carl martin).  accendete o spegnete gli interruttori numerati in ciascuno degli otto interruttori  dip, per decidere quali effetti utilizzare contemporaneamente in ciascuna banco.  c&#8217;\u00e8 un led blu per ogni ciclo di effetti usati e per ogni banco (quindi una volta  che sono programmati, quando premete il banco 6 si vedranno le luci di tutti gli  effetti che avete assegnato al banco 6 e il led del banco 6). note: gli interruttori  dip sono di tipo slide, non spingere verso il basso. essi sono facilmente azionabile  con un piccolo cacciavite, una penna o un dito molto piccolo.<\/p>\n","protected":false},"excerpt":{"rendered":"<p>Switch per canale, gain, reverbero e chorus<\/p>\n","protected":false},"featured_media":10682,"template":"","meta":{"site-sidebar-layout":"default","site-content-layout":"","ast-site-content-layout":"default","site-content-style":"default","site-sidebar-style":"default","ast-global-header-display":"","ast-banner-title-visibility":"","ast-main-header-display":"","ast-hfb-above-header-display":"","ast-hfb-below-header-display":"","ast-hfb-mobile-header-display":"","site-post-title":"","ast-breadcrumbs-content":"","ast-featured-img":"","footer-sml-layout":"","theme-transparent-header-meta":"","adv-header-id-meta":"","stick-header-meta":"","header-above-stick-meta":"","header-main-stick-meta":"","header-below-stick-meta":"","astra-migrate-meta-layouts":"default","ast-page-background-enabled":"default","ast-page-background-meta":{"desktop":{"background-color":"var(--ast-global-color-4)","background-image":"","background-repeat":"repeat","background-position":"center center","background-size":"auto","background-attachment":"scroll","background-type":"","background-media":"","overlay-type":"","overlay-color":"","overlay-opacity":"","overlay-gradient":""},"tablet":{"background-color":"","background-image":"","background-repeat":"repeat","background-position":"center center","background-size":"auto","background-attachment":"scroll","background-type":"","background-media":"","overlay-type":"","overlay-color":"","overlay-opacity":"","overlay-gradient":""},"mobile":{"background-color":"","background-image":"","background-repeat":"repeat","background-position":"center center","background-size":"auto","background-attachment":"scroll","background-type":"","background-media":"","overlay-type":"","overlay-color":"","overlay-opacity":"","overlay-gradient":""}},"ast-content-background-meta":{"desktop":{"background-color":"var(--ast-global-color-5)","background-image":"","background-repeat":"repeat","background-position":"center center","background-size":"auto","background-attachment":"scroll","background-type":"","background-media":"","overlay-type":"","overlay-color":"","overlay-opacity":"","overlay-gradient":""},"tablet":{"background-color":"var(--ast-global-color-5)","background-image":"","background-repeat":"repeat","background-position":"center center","background-size":"auto","background-attachment":"scroll","background-type":"","background-media":"","overlay-type":"","overlay-color":"","overlay-opacity":"","overlay-gradient":""},"mobile":{"background-color":"var(--ast-global-color-5)","background-image":"","background-repeat":"repeat","background-position":"center center","background-size":"auto","background-attachment":"scroll","background-type":"","background-media":"","overlay-type":"","overlay-color":"","overlay-opacity":"","overlay-gradient":""}}},"product_brand":[],"product_cat":[441],"product_tag":[717],"class_list":{"0":"post-10687","1":"product","2":"type-product","3":"status-publish","4":"has-post-thumbnail","6":"product_cat-pedali-switch-effetti-a-pedale-per-chitarre","7":"product_tag-carl-martin","8":"desktop-align-left","9":"tablet-align-left","10":"mobile-align-left","12":"first","13":"instock","14":"taxable","15":"shipping-taxable","16":"purchasable","17":"product-type-simple"},"_links":{"self":[{"href":"https:\/\/gigionestrumentimusicali.it\/index.php\/wp-json\/wp\/v2\/product\/10687","targetHints":{"allow":["GET"]}}],"collection":[{"href":"https:\/\/gigionestrumentimusicali.it\/index.php\/wp-json\/wp\/v2\/product"}],"about":[{"href":"https:\/\/gigionestrumentimusicali.it\/index.php\/wp-json\/wp\/v2\/types\/product"}],"wp:featuredmedia":[{"embeddable":true,"href":"https:\/\/gigionestrumentimusicali.it\/index.php\/wp-json\/wp\/v2\/media\/10682"}],"wp:attachment":[{"href":"https:\/\/gigionestrumentimusicali.it\/index.php\/wp-json\/wp\/v2\/media?parent=10687"}],"wp:term":[{"taxonomy":"product_brand","embeddable":true,"href":"https:\/\/gigionestrumentimusicali.it\/index.php\/wp-json\/wp\/v2\/product_brand?post=10687"},{"taxonomy":"product_cat","embeddable":true,"href":"https:\/\/gigionestrumentimusicali.it\/index.php\/wp-json\/wp\/v2\/product_cat?post=10687"},{"taxonomy":"product_tag","embeddable":true,"href":"https:\/\/gigionestrumentimusicali.it\/index.php\/wp-json\/wp\/v2\/product_tag?post=10687"}],"curies":[{"name":"wp","href":"https:\/\/api.w.org\/{rel}","templated":true}]}}