{"id":10757,"date":"2024-10-28T11:32:28","date_gmt":"2024-10-28T11:32:28","guid":{"rendered":"https:\/\/gigionestrumentimusicali.it\/index.php\/product\/mooer-shimverb-reverb\/"},"modified":"2026-04-20T16:09:20","modified_gmt":"2026-04-20T16:09:20","slug":"mooer-shimverb-reverb","status":"publish","type":"product","link":"https:\/\/gigionestrumentimusicali.it\/index.php\/product\/mooer-shimverb-reverb\/","title":{"rendered":"MOOER SHIMVERB REVERB"},"content":{"rendered":"<p>  Riverbero Digitale dotato di tre modalit\u00e0 di Riverbero. La modalit\u00e0 Room produce  differenti suoni di riverbero, dalla tipica Room alla pi\u00f9 grande Hall. La modalit\u00e0  Spring simula il suono di un tipico riverbero a molla, producendo dei classici suoni  surf anni &#8217;60. Infine la modalit\u00e0 Shimmer aggiunge una grande ricchezza di armoniche  al suono di riverbero, producendo una sonorit\u00e0 aperta, spaziale ed eterea, tipo  synth-pad. Molto popolare nella Post Rock music.<\/p>\n","protected":false},"excerpt":{"rendered":"<p>Riverbero Digitale dotato di tre modalit&agrave; di Riverbero. La modalit&agrave; Room produce differenti suoni di riverbero, dalla tipica Room alla pi&ugrave; grande Hall. La modalit&agrave; Spring simula il suono di un tipico riverbero a molla, producendo dei classici suoni surf anni &#8217;60. Infine la modalit&agrave; Shimmer aggiunge una grande ricchezza di armoniche al suono di riverbero, producendo una sonorit&agrave; aperta, spaziale ed eterea, tipo synth-pad. Molto popolare nella Post Rock music.<\/p>\n","protected":false},"featured_media":10754,"template":"","meta":{"site-sidebar-layout":"default","site-content-layout":"","ast-site-content-layout":"default","site-content-style":"default","site-sidebar-style":"default","ast-global-header-display":"","ast-banner-title-visibility":"","ast-main-header-display":"","ast-hfb-above-header-display":"","ast-hfb-below-header-display":"","ast-hfb-mobile-header-display":"","site-post-title":"","ast-breadcrumbs-content":"","ast-featured-img":"","footer-sml-layout":"","theme-transparent-header-meta":"","adv-header-id-meta":"","stick-header-meta":"","header-above-stick-meta":"","header-main-stick-meta":"","header-below-stick-meta":"","astra-migrate-meta-layouts":"default","ast-page-background-enabled":"default","ast-page-background-meta":{"desktop":{"background-color":"var(--ast-global-color-4)","background-image":"","background-repeat":"repeat","background-position":"center center","background-size":"auto","background-attachment":"scroll","background-type":"","background-media":"","overlay-type":"","overlay-color":"","overlay-opacity":"","overlay-gradient":""},"tablet":{"background-color":"","background-image":"","background-repeat":"repeat","background-position":"center center","background-size":"auto","background-attachment":"scroll","background-type":"","background-media":"","overlay-type":"","overlay-color":"","overlay-opacity":"","overlay-gradient":""},"mobile":{"background-color":"","background-image":"","background-repeat":"repeat","background-position":"center center","background-size":"auto","background-attachment":"scroll","background-type":"","background-media":"","overlay-type":"","overlay-color":"","overlay-opacity":"","overlay-gradient":""}},"ast-content-background-meta":{"desktop":{"background-color":"var(--ast-global-color-5)","background-image":"","background-repeat":"repeat","background-position":"center center","background-size":"auto","background-attachment":"scroll","background-type":"","background-media":"","overlay-type":"","overlay-color":"","overlay-opacity":"","overlay-gradient":""},"tablet":{"background-color":"var(--ast-global-color-5)","background-image":"","background-repeat":"repeat","background-position":"center center","background-size":"auto","background-attachment":"scroll","background-type":"","background-media":"","overlay-type":"","overlay-color":"","overlay-opacity":"","overlay-gradient":""},"mobile":{"background-color":"var(--ast-global-color-5)","background-image":"","background-repeat":"repeat","background-position":"center center","background-size":"auto","background-attachment":"scroll","background-type":"","background-media":"","overlay-type":"","overlay-color":"","overlay-opacity":"","overlay-gradient":""}}},"product_brand":[],"product_cat":[444],"product_tag":[751],"class_list":{"0":"post-10757","1":"product","2":"type-product","3":"status-publish","4":"has-post-thumbnail","6":"product_cat-riverberi-effetti-a-pedale-per-chitarre","7":"product_tag-mooer","8":"desktop-align-left","9":"tablet-align-left","10":"mobile-align-left","12":"first","13":"instock","14":"taxable","15":"shipping-taxable","16":"purchasable","17":"product-type-simple"},"_links":{"self":[{"href":"https:\/\/gigionestrumentimusicali.it\/index.php\/wp-json\/wp\/v2\/product\/10757","targetHints":{"allow":["GET"]}}],"collection":[{"href":"https:\/\/gigionestrumentimusicali.it\/index.php\/wp-json\/wp\/v2\/product"}],"about":[{"href":"https:\/\/gigionestrumentimusicali.it\/index.php\/wp-json\/wp\/v2\/types\/product"}],"wp:featuredmedia":[{"embeddable":true,"href":"https:\/\/gigionestrumentimusicali.it\/index.php\/wp-json\/wp\/v2\/media\/10754"}],"wp:attachment":[{"href":"https:\/\/gigionestrumentimusicali.it\/index.php\/wp-json\/wp\/v2\/media?parent=10757"}],"wp:term":[{"taxonomy":"product_brand","embeddable":true,"href":"https:\/\/gigionestrumentimusicali.it\/index.php\/wp-json\/wp\/v2\/product_brand?post=10757"},{"taxonomy":"product_cat","embeddable":true,"href":"https:\/\/gigionestrumentimusicali.it\/index.php\/wp-json\/wp\/v2\/product_cat?post=10757"},{"taxonomy":"product_tag","embeddable":true,"href":"https:\/\/gigionestrumentimusicali.it\/index.php\/wp-json\/wp\/v2\/product_tag?post=10757"}],"curies":[{"name":"wp","href":"https:\/\/api.w.org\/{rel}","templated":true}]}}