{"id":10824,"date":"2024-10-28T11:34:22","date_gmt":"2024-10-28T11:34:22","guid":{"rendered":"https:\/\/gigionestrumentimusicali.it\/index.php\/product\/strymon-deco\/"},"modified":"2026-04-18T21:04:57","modified_gmt":"2026-04-18T21:04:57","slug":"strymon-deco","status":"publish","type":"product","link":"https:\/\/gigionestrumentimusicali.it\/index.php\/product\/strymon-deco\/","title":{"rendered":"STRYMON DECO"},"content":{"rendered":"<p>  trymon Deco Tape Saturation &amp; Doubletracker<\/p>\n<p>  \u00a0<\/p>\n<p>  DECO l\u2019ispirazione originaria e la creativit\u00e0 delle macchine a nastro magnetico  utilizzate negli studi di registrazione agli inizi degli anni &#8217;50 e &#8217;60<\/p>\n<p>  \u00a0<\/p>\n<p>  Il DECO \u00e8 composto da due sezioni di effetti attivabili ed editabili separatamente,  Tape Saturation e Doubletracker; i controlli della sezione Tape Saturation porteranno  al vostro suono una naturale compressione ed una musicale saturazione, mentre l\u2019overdrive  trasparente lo render\u00e0 pi\u00f9 grosso e ricco in frequenza. I controlli della sezione  Doubletracker vi daranno invece la possibilit\u00e0 di spostare il suono in molti modi,  consentendo facilmente di ottenere echi slapback, flanger psichedelici, e splendidi  sonorit\u00e0 di chorus.<\/p>\n<p>  \u00a0<\/p>\n<p>  Caratteristiche:<\/p>\n<p>  \u2022 Ricreazione dettagliata della meccanica e della tecnologia di due piastre  di registrazione d&#8217;epoca reel-to-reel e delle loro interazioni<\/p>\n<p>  \u2022 Ricreazione degli effetti di saturazione classici del processo di registrazione  del nastro \/ playback<\/p>\n<p>  \u2022 Controllo di ritardo semplice ed intuitivo che permette di ottenere effetti  delay slapback, echi a nastro, flanger, chorus<\/p>\n<p>  \u2022 Regolazione della saturazione dei due nastri con controlli di Saturazione  e Level<\/p>\n<p>  \u2022 Tre controlli di regolazione del Doubletracker: Time, Blend, Wobble<\/p>\n<p>  \u2022 Tre modalit\u00e0 di personalizzare il suono doubletracked: Sum, Invert, Bounce<\/p>\n<p>  \u2022 cinque controlli &#8220;nascosti&#8221; per un profondo editing sonoro: High Trim, Low  Trim, Auto-Flange Time, Wide Stereo Mode, +\/- 3dB Boost\/Cut<\/p>\n<p>  \u2022 Effetto Auto-Flange modalit\u00e0 press &amp; hold<\/p>\n<p>  \u2022 Conversione A\/D and D\/A Super low noise24-bit 96kHz<\/p>\n","protected":false},"excerpt":{"rendered":"<p>Strymon Deco Tape Saturation &amp; Doubletracker<\/p>\n<p>DECO l&rsquo;ispirazione originaria e la creativit&agrave; delle macchine a nastro magnetico utilizzate negli studi di registrazione agli inizi degli anni &#8217;50 e &#8217;60<\/p>\n<p>Il DECO &egrave; composto da due sezioni di effetti attivabili ed editabili separatamente, Tape Saturation e Doubletracker; i controlli della sezione Tape Saturation porteranno al vostro suono una naturale compressione ed una musicale saturazione, mentre l&rsquo;overdrive trasparente lo render&agrave; pi&ugrave; grosso e ricco in frequenza. I controlli della sezione Doubletracker vi daranno invece la possibilit&agrave; di spostare il suono in molti modi, consentendo facilmente di ottenere echi slapback, flanger psichedelici, e splendidi sonorit&agrave; di chorus.<\/p>\n<p>Caratteristiche:<br \/>&bull; Ricreazione dettagliata della meccanica e della tecnologia di due piastre di registrazione d&#8217;epoca reel-to-reel e delle loro interazioni<br \/>&bull; Ricreazione degli effetti di saturazione classici del processo di registrazione del nastro \/ playback<br \/>&bull; Controllo di ritardo semplice ed intuitivo che permette di ottenere effetti delay slapback, echi a nastro, flanger, chorus<br \/>&bull; Regolazione della saturazione dei due nastri con controlli di Saturazione e Level<br \/>&bull; Tre controlli di regolazione del Doubletracker: Time, Blend, Wobble<br \/>&bull; Tre modalit&agrave; di personalizzare il suono doubletracked: Sum, Invert, Bounce<br \/>&bull; cinque controlli &#8220;nascosti&#8221; per un profondo editing sonoro: High Trim, Low Trim, Auto-Flange Time, Wide Stereo Mode, +\/- 3dB Boost\/Cut<br \/>&bull; Effetto Auto-Flange modalit&agrave; press &amp; hold<br \/>&bull; Conversione A\/D and D\/A Super low noise24-bit 96kHz <br \/>&bull; Super high performance SHARC DSP in a compact form factor<br \/>&bull; 32-bit floating point processing<br \/>&bull; True Bypass (electromechanical relay switching)<br \/>&bull; Analog Buffered Bypass mode<br \/>&bull; Alimentatore 9V DC incluso, 250mA<br \/>&bull; chassis in alluminio<br \/>&bull; Disegnato e costruito in USA<\/p>\n","protected":false},"featured_media":10821,"template":"","meta":{"site-sidebar-layout":"default","site-content-layout":"","ast-site-content-layout":"default","site-content-style":"default","site-sidebar-style":"default","ast-global-header-display":"","ast-banner-title-visibility":"","ast-main-header-display":"","ast-hfb-above-header-display":"","ast-hfb-below-header-display":"","ast-hfb-mobile-header-display":"","site-post-title":"","ast-breadcrumbs-content":"","ast-featured-img":"","footer-sml-layout":"","theme-transparent-header-meta":"","adv-header-id-meta":"","stick-header-meta":"","header-above-stick-meta":"","header-main-stick-meta":"","header-below-stick-meta":"","astra-migrate-meta-layouts":"default","ast-page-background-enabled":"default","ast-page-background-meta":{"desktop":{"background-color":"var(--ast-global-color-4)","background-image":"","background-repeat":"repeat","background-position":"center center","background-size":"auto","background-attachment":"scroll","background-type":"","background-media":"","overlay-type":"","overlay-color":"","overlay-opacity":"","overlay-gradient":""},"tablet":{"background-color":"","background-image":"","background-repeat":"repeat","background-position":"center center","background-size":"auto","background-attachment":"scroll","background-type":"","background-media":"","overlay-type":"","overlay-color":"","overlay-opacity":"","overlay-gradient":""},"mobile":{"background-color":"","background-image":"","background-repeat":"repeat","background-position":"center center","background-size":"auto","background-attachment":"scroll","background-type":"","background-media":"","overlay-type":"","overlay-color":"","overlay-opacity":"","overlay-gradient":""}},"ast-content-background-meta":{"desktop":{"background-color":"var(--ast-global-color-5)","background-image":"","background-repeat":"repeat","background-position":"center center","background-size":"auto","background-attachment":"scroll","background-type":"","background-media":"","overlay-type":"","overlay-color":"","overlay-opacity":"","overlay-gradient":""},"tablet":{"background-color":"var(--ast-global-color-5)","background-image":"","background-repeat":"repeat","background-position":"center center","background-size":"auto","background-attachment":"scroll","background-type":"","background-media":"","overlay-type":"","overlay-color":"","overlay-opacity":"","overlay-gradient":""},"mobile":{"background-color":"var(--ast-global-color-5)","background-image":"","background-repeat":"repeat","background-position":"center center","background-size":"auto","background-attachment":"scroll","background-type":"","background-media":"","overlay-type":"","overlay-color":"","overlay-opacity":"","overlay-gradient":""}}},"product_brand":[],"product_cat":[446],"product_tag":[732,767],"class_list":{"0":"post-10824","1":"product","2":"type-product","3":"status-publish","4":"has-post-thumbnail","6":"product_cat-saturator","7":"product_tag-ev-electro-voice","8":"product_tag-strymon","9":"desktop-align-left","10":"tablet-align-left","11":"mobile-align-left","13":"first","14":"instock","15":"taxable","16":"shipping-taxable","17":"purchasable","18":"product-type-simple"},"_links":{"self":[{"href":"https:\/\/gigionestrumentimusicali.it\/index.php\/wp-json\/wp\/v2\/product\/10824","targetHints":{"allow":["GET"]}}],"collection":[{"href":"https:\/\/gigionestrumentimusicali.it\/index.php\/wp-json\/wp\/v2\/product"}],"about":[{"href":"https:\/\/gigionestrumentimusicali.it\/index.php\/wp-json\/wp\/v2\/types\/product"}],"wp:featuredmedia":[{"embeddable":true,"href":"https:\/\/gigionestrumentimusicali.it\/index.php\/wp-json\/wp\/v2\/media\/10821"}],"wp:attachment":[{"href":"https:\/\/gigionestrumentimusicali.it\/index.php\/wp-json\/wp\/v2\/media?parent=10824"}],"wp:term":[{"taxonomy":"product_brand","embeddable":true,"href":"https:\/\/gigionestrumentimusicali.it\/index.php\/wp-json\/wp\/v2\/product_brand?post=10824"},{"taxonomy":"product_cat","embeddable":true,"href":"https:\/\/gigionestrumentimusicali.it\/index.php\/wp-json\/wp\/v2\/product_cat?post=10824"},{"taxonomy":"product_tag","embeddable":true,"href":"https:\/\/gigionestrumentimusicali.it\/index.php\/wp-json\/wp\/v2\/product_tag?post=10824"}],"curies":[{"name":"wp","href":"https:\/\/api.w.org\/{rel}","templated":true}]}}