{"id":12353,"date":"2024-10-29T09:57:50","date_gmt":"2024-10-29T09:57:50","guid":{"rendered":"https:\/\/gigionestrumentimusicali.it\/index.php\/product\/allen-heath-sixty-zed-10fx\/"},"modified":"2026-04-23T00:47:11","modified_gmt":"2026-04-23T00:47:11","slug":"allen-heath-sixty-zed-10fx","status":"publish","type":"product","link":"https:\/\/gigionestrumentimusicali.it\/index.php\/product\/allen-heath-sixty-zed-10fx\/","title":{"rendered":"ALLEN &amp; HEATH SIXTY ZED 10FX"},"content":{"rendered":"<p>  Dal vivo o in studio, ZED60-10FX \u00e8 un mixer ultra-portatile per artisti solisti  e gruppi musicali di piccole dimensioni. Basato sui pi\u00f9 venduti ZED-10FX, il nuovo  ZED60-10FX aggiunge fader da 60mm di alta qualit\u00e0 per quella esperienza intuitiva,  tattile di mixaggio. Questo mixer \u00e8 il sogno di ogni chitarrista. Due dei 4 canali  mono hanno jack di ingresso ad alta impedenza, che possono ricevere un normale livello  di linea o un ingresso a basso livello da un pick-up per chitarra, in modo da poter  collegare una chitarra direttamente al mixer senza la necessit\u00e0 di una DI Box. Questi  ingressi sono stati realizzati per ricreare il suono di un preamplificatore valvolare  classico in un amplificatore combo o head amplifier per un calore ed una definizione  incredibili. Due ingressi stereo sono disponibili per MP3\/CD player o tastiere.  ZED60-10FX \u00e8 dotato di audio In\/Out USB configurabili, che rendono facile catturare  una registrazione stereo in concerto o in studio. Il mixer \u00e8 dotato di uscite XLR  stereo professionali, una sezione di monitoraggio flessibile con uscite cuffie e  speaker, pi\u00f9 16 FX mozzafiato.<\/p>\n<p>  \u00a0<\/p>\n<p>  Caratteristiche principali<\/p>\n<p>  \u00a0<\/p>\n<p>  4 Ingressi Mic\/Line, 2 con FET ad alta impedenza in Classe A<\/p>\n<p>  Fader da 60mm di qualit\u00e0 professionale<\/p>\n<p>  EQ 3-Bande su ogni canale mono con MusiQ<\/p>\n<p>  EQ 2-Bande sui canali stereo<\/p>\n<p>  In\/Out audio stereo USB configurabili<\/p>\n<p>  2 Ingressi stereo<\/p>\n<p>  Uscite di registrazione a 2-tracce separate<\/p>\n<p>  16 Effetti interni<\/p>\n<p>  Uscite stereo main XLR con inserti<\/p>\n<p>  Monitoraggio completo<\/p>\n<p>  Alimentazione Phantom +48V<\/p>\n<p>  Switch DI Level con Gain Boost<\/p>\n<p>  Neutrik XLR e jack 1\/4&#8243;<\/p>\n<p>  Dimensioni: 336 x 346 x H95mm<\/p>\n<p>  Peso: 4,4kg<\/p>\n","protected":false},"excerpt":{"rendered":"<p>Dal vivo o in studio, ZED60-10FX &egrave; un mixer ultra-portatile per artisti solisti e gruppi musicali di piccole dimensioni. Basato sui pi&ugrave; venduti ZED-10FX, il nuovo ZED60-10FX aggiunge fader da 60mm di alta qualit&agrave; per quella esperienza intuitiva, tattile di mixaggio. Questo mixer &egrave; il sogno di ogni chitarrista. Due dei 4 canali mono hanno jack di ingresso ad alta impedenza, che possono ricevere un normale livello di linea o un ingresso a basso livello da un pick-up per chitarra, in modo da poter collegare una chitarra direttamente al mixer senza la necessit&agrave; di una DI Box. Questi ingressi sono stati realizzati per ricreare il suono di un preamplificatore valvolare classico in un amplificatore combo o head amplifier per un calore ed una definizione incredibili. Due ingressi stereo sono disponibili per MP3\/CD player o tastiere. ZED60-10FX &egrave; dotato di audio In\/Out USB configurabili, che rendono facile catturare una registrazione stereo in concerto o in studio. Il mixer &egrave; dotato di uscite XLR stereo professionali, una sezione di monitoraggio flessibile con uscite cuffie e speaker, pi&ugrave; 16 FX mozzafiato.<\/p>\n<p>Caratteristiche principali<\/p>\n<p>4 Ingressi Mic\/Line, 2 con FET ad alta impedenza in Classe A<br \/>Fader da 60mm di qualit&agrave; professionale<br \/>EQ 3-Bande su ogni canale mono con MusiQ<br \/>EQ 2-Bande sui canali stereo<br \/>In\/Out audio stereo USB configurabili<br \/>2 Ingressi stereo<br \/>Uscite di registrazione a 2-tracce separate<br \/>16 Effetti interni<br \/>Uscite stereo main XLR con inserti<br \/>Monitoraggio completo<br \/>Alimentazione Phantom +48V<br \/>Switch DI Level con Gain Boost<br \/>Neutrik XLR e jack 1\/4&#8243;<br \/>Dimensioni: 336 x 346 x H95mm<br \/>Peso: 4,4kg<\/p>\n","protected":false},"featured_media":12352,"template":"","meta":{"site-sidebar-layout":"default","site-content-layout":"","ast-site-content-layout":"default","site-content-style":"default","site-sidebar-style":"default","ast-global-header-display":"","ast-banner-title-visibility":"","ast-main-header-display":"","ast-hfb-above-header-display":"","ast-hfb-below-header-display":"","ast-hfb-mobile-header-display":"","site-post-title":"","ast-breadcrumbs-content":"","ast-featured-img":"","footer-sml-layout":"","theme-transparent-header-meta":"","adv-header-id-meta":"","stick-header-meta":"","header-above-stick-meta":"","header-main-stick-meta":"","header-below-stick-meta":"","astra-migrate-meta-layouts":"default","ast-page-background-enabled":"default","ast-page-background-meta":{"desktop":{"background-color":"var(--ast-global-color-4)","background-image":"","background-repeat":"repeat","background-position":"center center","background-size":"auto","background-attachment":"scroll","background-type":"","background-media":"","overlay-type":"","overlay-color":"","overlay-opacity":"","overlay-gradient":""},"tablet":{"background-color":"","background-image":"","background-repeat":"repeat","background-position":"center center","background-size":"auto","background-attachment":"scroll","background-type":"","background-media":"","overlay-type":"","overlay-color":"","overlay-opacity":"","overlay-gradient":""},"mobile":{"background-color":"","background-image":"","background-repeat":"repeat","background-position":"center center","background-size":"auto","background-attachment":"scroll","background-type":"","background-media":"","overlay-type":"","overlay-color":"","overlay-opacity":"","overlay-gradient":""}},"ast-content-background-meta":{"desktop":{"background-color":"var(--ast-global-color-5)","background-image":"","background-repeat":"repeat","background-position":"center center","background-size":"auto","background-attachment":"scroll","background-type":"","background-media":"","overlay-type":"","overlay-color":"","overlay-opacity":"","overlay-gradient":""},"tablet":{"background-color":"var(--ast-global-color-5)","background-image":"","background-repeat":"repeat","background-position":"center center","background-size":"auto","background-attachment":"scroll","background-type":"","background-media":"","overlay-type":"","overlay-color":"","overlay-opacity":"","overlay-gradient":""},"mobile":{"background-color":"var(--ast-global-color-5)","background-image":"","background-repeat":"repeat","background-position":"center center","background-size":"auto","background-attachment":"scroll","background-type":"","background-media":"","overlay-type":"","overlay-color":"","overlay-opacity":"","overlay-gradient":""}}},"product_brand":[],"product_cat":[628],"product_tag":[704],"class_list":{"0":"post-12353","1":"product","2":"type-product","3":"status-publish","4":"has-post-thumbnail","6":"product_cat-mixer-analogici","7":"product_tag-allen-heat","8":"desktop-align-left","9":"tablet-align-left","10":"mobile-align-left","12":"first","13":"instock","14":"taxable","15":"shipping-taxable","16":"purchasable","17":"product-type-simple"},"_links":{"self":[{"href":"https:\/\/gigionestrumentimusicali.it\/index.php\/wp-json\/wp\/v2\/product\/12353","targetHints":{"allow":["GET"]}}],"collection":[{"href":"https:\/\/gigionestrumentimusicali.it\/index.php\/wp-json\/wp\/v2\/product"}],"about":[{"href":"https:\/\/gigionestrumentimusicali.it\/index.php\/wp-json\/wp\/v2\/types\/product"}],"wp:featuredmedia":[{"embeddable":true,"href":"https:\/\/gigionestrumentimusicali.it\/index.php\/wp-json\/wp\/v2\/media\/12352"}],"wp:attachment":[{"href":"https:\/\/gigionestrumentimusicali.it\/index.php\/wp-json\/wp\/v2\/media?parent=12353"}],"wp:term":[{"taxonomy":"product_brand","embeddable":true,"href":"https:\/\/gigionestrumentimusicali.it\/index.php\/wp-json\/wp\/v2\/product_brand?post=12353"},{"taxonomy":"product_cat","embeddable":true,"href":"https:\/\/gigionestrumentimusicali.it\/index.php\/wp-json\/wp\/v2\/product_cat?post=12353"},{"taxonomy":"product_tag","embeddable":true,"href":"https:\/\/gigionestrumentimusicali.it\/index.php\/wp-json\/wp\/v2\/product_tag?post=12353"}],"curies":[{"name":"wp","href":"https:\/\/api.w.org\/{rel}","templated":true}]}}