{"id":12510,"date":"2024-10-29T10:02:29","date_gmt":"2024-10-29T10:02:29","guid":{"rendered":"https:\/\/gigionestrumentimusicali.it\/index.php\/product\/behringer-xenyx-qx1622usb\/"},"modified":"2026-04-04T22:43:31","modified_gmt":"2026-04-04T22:43:31","slug":"behringer-xenyx-qx1622usb","status":"publish","type":"product","link":"https:\/\/gigionestrumentimusicali.it\/index.php\/product\/behringer-xenyx-qx1622usb\/","title":{"rendered":"BEHRINGER XENYX QX1622USB"},"content":{"rendered":"<p>  mixer di nuova generazione della serie XENYX QX USB sono dotati di preamplificatori  microfonici premium e di un robusto set di funzionalit\u00e0 tipicamente riservate alle  console pi\u00f9 costose, in grado di gestire i vostri concerti dal vivo e fornire strumenti  per registrazioni mozzafiato, di qualit\u00e0 professionale. Lo XENYX QX1002 USB \u00e8 un  mixer con 10-Ingressi 2-Bus, Mic Preamp &amp; Compressori XENYX, British EQ, Processore  multi-effetti 24-Bit e interfaccia audio USB<\/p>\n<p>  Caratteristiche principali<\/p>\n<p>  Mixer analogico con bassissimo rumore<\/p>\n<p>  2 Preamplificatori microfonici XENYX paragonabili a preamplificatori stand-alone<\/p>\n<p>  Compressori con funzionamento &#8220;one-knob&#8221; semplicissimo, LED di controllo su tutti  i canali mono<\/p>\n<p>  Processore Effetti Stereo Klark Teknik con 100 preset: riverbero, chorus, flanger,  delay, pitch shifter e vari multi-effetti<\/p>\n<p>  EQ 3-bande Neo-classico &#8220;British&#8221; per un suono caldo e musicale<\/p>\n<p>  Controllo FX Send per canale per processore FX interno e\/o send esterno<\/p>\n<p>  Uscite mix principali pi\u00f9 control-room separato, uscite stereo per cuffie e CD\/tape<\/p>\n<p>  Ingressi CD\/Tape assegnabili al mix principale o alle uscite control-room\/cuffia<\/p>\n","protected":false},"excerpt":{"rendered":"<p>Mixer analogico a 16 ingressi e 2\/2 bus con compressori e ingressi di microfono XENYX , equalizzatori &#8220;British&#8221;, processori FX KLARK TEKNIK con 35 preset e 3 parametri. Interfaccia USB \/Audio e software di produzione. Opzione wireless USB compatibile con microfoni ULM. 4 ingressi con Phantom, 4 compressori Knob KLARK TEKNIK. Uscite mixer principale bilanciate con jack di 2,5 mm e connettori XLR. Sorgente di alimentazione commutata.<\/p>\n","protected":false},"featured_media":12508,"template":"","meta":{"site-sidebar-layout":"default","site-content-layout":"","ast-site-content-layout":"default","site-content-style":"default","site-sidebar-style":"default","ast-global-header-display":"","ast-banner-title-visibility":"","ast-main-header-display":"","ast-hfb-above-header-display":"","ast-hfb-below-header-display":"","ast-hfb-mobile-header-display":"","site-post-title":"","ast-breadcrumbs-content":"","ast-featured-img":"","footer-sml-layout":"","theme-transparent-header-meta":"","adv-header-id-meta":"","stick-header-meta":"","header-above-stick-meta":"","header-main-stick-meta":"","header-below-stick-meta":"","astra-migrate-meta-layouts":"default","ast-page-background-enabled":"default","ast-page-background-meta":{"desktop":{"background-color":"var(--ast-global-color-4)","background-image":"","background-repeat":"repeat","background-position":"center center","background-size":"auto","background-attachment":"scroll","background-type":"","background-media":"","overlay-type":"","overlay-color":"","overlay-opacity":"","overlay-gradient":""},"tablet":{"background-color":"","background-image":"","background-repeat":"repeat","background-position":"center center","background-size":"auto","background-attachment":"scroll","background-type":"","background-media":"","overlay-type":"","overlay-color":"","overlay-opacity":"","overlay-gradient":""},"mobile":{"background-color":"","background-image":"","background-repeat":"repeat","background-position":"center center","background-size":"auto","background-attachment":"scroll","background-type":"","background-media":"","overlay-type":"","overlay-color":"","overlay-opacity":"","overlay-gradient":""}},"ast-content-background-meta":{"desktop":{"background-color":"var(--ast-global-color-5)","background-image":"","background-repeat":"repeat","background-position":"center center","background-size":"auto","background-attachment":"scroll","background-type":"","background-media":"","overlay-type":"","overlay-color":"","overlay-opacity":"","overlay-gradient":""},"tablet":{"background-color":"var(--ast-global-color-5)","background-image":"","background-repeat":"repeat","background-position":"center center","background-size":"auto","background-attachment":"scroll","background-type":"","background-media":"","overlay-type":"","overlay-color":"","overlay-opacity":"","overlay-gradient":""},"mobile":{"background-color":"var(--ast-global-color-5)","background-image":"","background-repeat":"repeat","background-position":"center center","background-size":"auto","background-attachment":"scroll","background-type":"","background-media":"","overlay-type":"","overlay-color":"","overlay-opacity":"","overlay-gradient":""}}},"product_brand":[],"product_cat":[688],"product_tag":[],"class_list":{"0":"post-12510","1":"product","2":"type-product","3":"status-publish","4":"has-post-thumbnail","6":"product_cat-mixer-ex-demo-usato","7":"desktop-align-left","8":"tablet-align-left","9":"mobile-align-left","11":"first","12":"outofstock","13":"taxable","14":"shipping-taxable","15":"purchasable","16":"product-type-simple"},"_links":{"self":[{"href":"https:\/\/gigionestrumentimusicali.it\/index.php\/wp-json\/wp\/v2\/product\/12510","targetHints":{"allow":["GET"]}}],"collection":[{"href":"https:\/\/gigionestrumentimusicali.it\/index.php\/wp-json\/wp\/v2\/product"}],"about":[{"href":"https:\/\/gigionestrumentimusicali.it\/index.php\/wp-json\/wp\/v2\/types\/product"}],"wp:featuredmedia":[{"embeddable":true,"href":"https:\/\/gigionestrumentimusicali.it\/index.php\/wp-json\/wp\/v2\/media\/12508"}],"wp:attachment":[{"href":"https:\/\/gigionestrumentimusicali.it\/index.php\/wp-json\/wp\/v2\/media?parent=12510"}],"wp:term":[{"taxonomy":"product_brand","embeddable":true,"href":"https:\/\/gigionestrumentimusicali.it\/index.php\/wp-json\/wp\/v2\/product_brand?post=12510"},{"taxonomy":"product_cat","embeddable":true,"href":"https:\/\/gigionestrumentimusicali.it\/index.php\/wp-json\/wp\/v2\/product_cat?post=12510"},{"taxonomy":"product_tag","embeddable":true,"href":"https:\/\/gigionestrumentimusicali.it\/index.php\/wp-json\/wp\/v2\/product_tag?post=12510"}],"curies":[{"name":"wp","href":"https:\/\/api.w.org\/{rel}","templated":true}]}}