{"id":12677,"date":"2024-10-29T10:34:00","date_gmt":"2024-10-29T10:34:00","guid":{"rendered":"https:\/\/gigionestrumentimusicali.it\/index.php\/product\/electro-voice-r300hd-sistema-wireless-handheld-con-microfono\/"},"modified":"2026-04-04T20:47:54","modified_gmt":"2026-04-04T20:47:54","slug":"electro-voice-r300hd-sistema-wireless-handheld-con-microfono","status":"publish","type":"product","link":"https:\/\/gigionestrumentimusicali.it\/index.php\/product\/electro-voice-r300hd-sistema-wireless-handheld-con-microfono\/","title":{"rendered":"ELECTRO VOICE R300HD SISTEMA WIRELESS HANDHELD CON MICROFONO"},"content":{"rendered":"<p>  Il sistema Electro-Voice R300 apre una nuova categoria nel mondo audio, quella del  settore Entry-Level Professional. Grazie alle funzioni ClearScan ed EZsync il setup  di un R300 \u00e8 questione di pochi secondi, e questa \u00e8 una caratteristica di un tipico  radiomic Entry-Level. Ma l\u2019R300 presenta un ricevitore completamente in metallo,installabile  a rack come opzione, bodypack e palmare anch\u2019essi in metallo, ed antenne estraibili  da remotare se necessario con uno splitter d\u2019antenna per applicazioni multicanale;  e queste sono caratteristiche tipiche di un costoso sistema wireless a livello Professional.  Premendo un solo pulsante, la funzione ClearScan ricerca il canale pi\u00f9 pulito e  sicuro tra tutti i 32 canali di preset disponibili. Ci\u00f2 assicura un\u2019operativit\u00e0  libera da disturbi di ricezione per le tratte pi\u00f9 estese. Il ClearScan \u00e8 uno strumento  utilissimo nel mondo RF, sempre pi\u00f9 complesso ed affollato di sorgenti. La corrispondenza  tra trasmettitore e ricevitore nella frequenza di lavoro \u00e8 anch\u2019essa un\u2019operazione  semplicissima: l\u2019EZsync, alla pressione di un solo pulsante, trasmette in  IR i dati sul canale d\u2019uso direttamente dal ricevitore al trasmettitore, in  modo completamente automatico e libero da errori. Il trasmettitore palmare HT-300,  anch\u2019esso in metallo, garantisce una presa confortevole e l\u2019uso anche  pi\u00f9 incauto. La capsula dinamica PL22 \u00e8 ideale per una grande variet\u00e0 di applicazioni  diverse, dal canto al parlato. Il pattern cardioide reietta il rumore ambientale  ed aiuta nel controllo del feedback. Il ricevitore R300 \u00e8 impiegabile normalmente  ad appoggio, ma anche in rack 19\u201d grazie ad alette di fissaggio e cavetti  di raccordo d\u2019antenna, entrambi opzionali, per installazioni professionali.<\/p>\n","protected":false},"excerpt":{"rendered":"<p>Il sistema Electro-Voice R300 apre una nuova categoria nel mondo audio, quella del settore Entry-Level Professional. Grazie alle funzioni ClearScan ed EZsync il setup di un R300 &egrave; questione di pochi secondi, e questa &egrave; una caratteristica di un tipico radiomic Entry-Level. Ma l&rsquo;R300 presenta un ricevitore completamente in metallo,installabile a rack come opzione, bodypack e palmare anch&rsquo;essi in metallo, ed antenne estraibili da remotare se necessario con uno splitter d&rsquo;antenna per applicazioni multicanale; e queste sono caratteristiche tipiche di un costoso sistema wireless a livello Professional. Premendo un solo pulsante, la funzione ClearScan ricerca il canale pi&ugrave; pulito e sicuro tra tutti i 32 canali di preset disponibili. Ci&ograve; assicura un&rsquo;operativit&agrave; libera da disturbi di ricezione per le tratte pi&ugrave; estese. Il ClearScan &egrave; uno strumento utilissimo nel mondo RF, sempre pi&ugrave; complesso ed affollato di sorgenti. La corrispondenza tra trasmettitore e ricevitore nella frequenza di lavoro &egrave; anch&rsquo;essa un&rsquo;operazione semplicissima: l&rsquo;EZsync, alla pressione di un solo pulsante, trasmette in IR i dati sul canale d&rsquo;uso direttamente dal ricevitore al trasmettitore, in modo completamente automatico e libero da errori. Il trasmettitore palmare HT-300, anch&rsquo;esso in metallo, garantisce una presa confortevole e l&rsquo;uso anche pi&ugrave; incauto. La capsula dinamica PL22 &egrave; ideale per una grande variet&agrave; di applicazioni diverse, dal canto al parlato. Il pattern cardioide reietta il rumore ambientale ed aiuta nel controllo del feedback. Il ricevitore R300 &egrave; impiegabile normalmente ad appoggio, ma anche in rack 19&rdquo; grazie ad alette di fissaggio e cavetti di raccordo d&rsquo;antenna, entrambi opzionali, per installazioni professionali.<\/p>\n","protected":false},"featured_media":12676,"template":"","meta":{"site-sidebar-layout":"default","site-content-layout":"","ast-site-content-layout":"default","site-content-style":"default","site-sidebar-style":"default","ast-global-header-display":"","ast-banner-title-visibility":"","ast-main-header-display":"","ast-hfb-above-header-display":"","ast-hfb-below-header-display":"","ast-hfb-mobile-header-display":"","site-post-title":"","ast-breadcrumbs-content":"","ast-featured-img":"","footer-sml-layout":"","theme-transparent-header-meta":"","adv-header-id-meta":"","stick-header-meta":"","header-above-stick-meta":"","header-main-stick-meta":"","header-below-stick-meta":"","astra-migrate-meta-layouts":"default","ast-page-background-enabled":"default","ast-page-background-meta":{"desktop":{"background-color":"var(--ast-global-color-4)","background-image":"","background-repeat":"repeat","background-position":"center center","background-size":"auto","background-attachment":"scroll","background-type":"","background-media":"","overlay-type":"","overlay-color":"","overlay-opacity":"","overlay-gradient":""},"tablet":{"background-color":"","background-image":"","background-repeat":"repeat","background-position":"center center","background-size":"auto","background-attachment":"scroll","background-type":"","background-media":"","overlay-type":"","overlay-color":"","overlay-opacity":"","overlay-gradient":""},"mobile":{"background-color":"","background-image":"","background-repeat":"repeat","background-position":"center center","background-size":"auto","background-attachment":"scroll","background-type":"","background-media":"","overlay-type":"","overlay-color":"","overlay-opacity":"","overlay-gradient":""}},"ast-content-background-meta":{"desktop":{"background-color":"var(--ast-global-color-5)","background-image":"","background-repeat":"repeat","background-position":"center center","background-size":"auto","background-attachment":"scroll","background-type":"","background-media":"","overlay-type":"","overlay-color":"","overlay-opacity":"","overlay-gradient":""},"tablet":{"background-color":"var(--ast-global-color-5)","background-image":"","background-repeat":"repeat","background-position":"center center","background-size":"auto","background-attachment":"scroll","background-type":"","background-media":"","overlay-type":"","overlay-color":"","overlay-opacity":"","overlay-gradient":""},"mobile":{"background-color":"var(--ast-global-color-5)","background-image":"","background-repeat":"repeat","background-position":"center center","background-size":"auto","background-attachment":"scroll","background-type":"","background-media":"","overlay-type":"","overlay-color":"","overlay-opacity":"","overlay-gradient":""}}},"product_brand":[],"product_cat":[630],"product_tag":[732],"class_list":{"0":"post-12677","1":"product","2":"type-product","3":"status-publish","4":"has-post-thumbnail","6":"product_cat-radiomicrofoni","7":"product_tag-ev-electro-voice","8":"desktop-align-left","9":"tablet-align-left","10":"mobile-align-left","12":"first","13":"outofstock","14":"taxable","15":"shipping-taxable","16":"purchasable","17":"product-type-simple"},"_links":{"self":[{"href":"https:\/\/gigionestrumentimusicali.it\/index.php\/wp-json\/wp\/v2\/product\/12677","targetHints":{"allow":["GET"]}}],"collection":[{"href":"https:\/\/gigionestrumentimusicali.it\/index.php\/wp-json\/wp\/v2\/product"}],"about":[{"href":"https:\/\/gigionestrumentimusicali.it\/index.php\/wp-json\/wp\/v2\/types\/product"}],"wp:featuredmedia":[{"embeddable":true,"href":"https:\/\/gigionestrumentimusicali.it\/index.php\/wp-json\/wp\/v2\/media\/12676"}],"wp:attachment":[{"href":"https:\/\/gigionestrumentimusicali.it\/index.php\/wp-json\/wp\/v2\/media?parent=12677"}],"wp:term":[{"taxonomy":"product_brand","embeddable":true,"href":"https:\/\/gigionestrumentimusicali.it\/index.php\/wp-json\/wp\/v2\/product_brand?post=12677"},{"taxonomy":"product_cat","embeddable":true,"href":"https:\/\/gigionestrumentimusicali.it\/index.php\/wp-json\/wp\/v2\/product_cat?post=12677"},{"taxonomy":"product_tag","embeddable":true,"href":"https:\/\/gigionestrumentimusicali.it\/index.php\/wp-json\/wp\/v2\/product_tag?post=12677"}],"curies":[{"name":"wp","href":"https:\/\/api.w.org\/{rel}","templated":true}]}}