{"id":12772,"date":"2024-10-29T10:37:04","date_gmt":"2024-10-29T10:37:04","guid":{"rendered":"https:\/\/gigionestrumentimusicali.it\/index.php\/product\/shure-blx24e-beta-58-radio-microfono\/"},"modified":"2026-04-04T21:43:02","modified_gmt":"2026-04-04T21:43:02","slug":"shure-blx24e-beta-58-radio-microfono","status":"publish","type":"product","link":"https:\/\/gigionestrumentimusicali.it\/index.php\/product\/shure-blx24e-beta-58-radio-microfono\/","title":{"rendered":"SHURE BLX24E \/ BETA 58 RADIO MICROFONO"},"content":{"rendered":"<p>  <span style=\"margin: 0px;padding: 0px;border: 0px;font-family: arial, helvetica, sans-serif;font-style: normal;font-variant: normal;font-weight: normal;line-height: 18px;font-size: 10pt;vertical-align: baseline;letter-spacing: normal;text-align: justify;text-indent: 0px;text-transform: none;white-space: normal\"><strong style=\"font-weight: bold;margin: 0px;padding: 0px;border: 0px;font-family: inherit;font-style: inherit;font-variant: inherit;line-height: inherit;font-size: 13.3333320617676px;vertical-align: baseline\">SISTEMA  PALMARE DIGITALE WIRELESS PER VOCE<\/strong><\/span><\/p>\n<p>  <span style=\"margin: 0px;padding: 0px;border: 0px;font-family: arial, helvetica, sans-serif;font-style: normal;font-variant: normal;font-weight: normal;line-height: 18px;font-size: 10pt;vertical-align: baseline;letter-spacing: normal;text-align: justify;text-indent: 0px;text-transform: none;white-space: normal\"><strong style=\"font-weight: bold;margin: 0px;padding: 0px;border: 0px;font-family: inherit;font-style: inherit;font-variant: inherit;line-height: inherit;font-size: 13.3333320617676px;vertical-align: baseline\"><br \/>I  rivoluzionari sistemi digitali wireless Shure GLX-D combinano una tecnologia di  gestione automatica della frequenza all&#8217;avanguardia LINKFREQ con le migliori batterie  ricaricabili agli ioni di litio della categoria, per definire il nuovo standard  di funzionamento senza soluzione di continuit\u00e0 e di nitidezza audio digitale. Una  porta di carica integrata pu\u00f2 ricaricare una batteria agli ioni di litio di ricambio  mentre il sistema \u00e8 in uso. Inoltre sono in grado di far funzionare fino a 8 sistemi  compatibili nella banda di frequenza di 2,4GHz.<\/strong><\/span><\/p>\n<p>  \u00a0<\/p>\n<p>  <span style=\"margin: 0px;padding: 0px;border: 0px;font-family: arial, helvetica, sans-serif;font-style: normal;font-variant: normal;font-weight: normal;line-height: 18px;font-size: 10pt;vertical-align: baseline;letter-spacing: normal;text-align: justify;text-indent: 0px;text-transform: none;white-space: normal\"><strong style=\"font-weight: bold;margin: 0px;padding: 0px;border: 0px;font-family: inherit;font-style: inherit;font-variant: inherit;line-height: inherit;font-size: 13.3333320617676px;vertical-align: baseline\"><span style=\"color:#000080\">Caratteristiche  principali<\/span><\/strong><\/span><\/p>\n<p>  <span style=\"margin: 0px;padding: 0px;border: 0px;font-family: arial, helvetica, sans-serif;font-style: normal;font-variant: normal;font-weight: normal;line-height: 18px;font-size: 10pt;vertical-align: baseline;letter-spacing: normal;text-align: justify;text-indent: 0px;text-transform: none;white-space: normal\"><strong style=\"font-weight: bold;margin: 0px;padding: 0px;border: 0px;font-family: inherit;font-style: inherit;font-variant: inherit;line-height: inherit;font-size: 13.3333320617676px;vertical-align: baseline\"><b style=\"font-family: arial, verdana, helvetica, sans-serif;font-size: 13px;font-style: normal;font-variant: normal;letter-spacing: normal;line-height: normal;text-align: start;text-indent: 0px;text-transform: none;white-space: normal\">Trasmettitore  Palmare GLXD2\/Beta58A<\/b><\/strong><\/span><\/p>\n<p>  <span style=\"margin: 0px;padding: 0px;border: 0px;font-family: arial, helvetica, sans-serif;font-style: normal;font-variant: normal;font-weight: normal;line-height: 18px;font-size: 10pt;vertical-align: baseline;letter-spacing: normal;text-align: justify;text-indent: 0px;text-transform: none;white-space: normal\"><strong style=\"font-weight: bold;margin: 0px;padding: 0px;border: 0px;font-family: inherit;font-style: inherit;font-variant: inherit;line-height: inherit;font-size: 13.3333320617676px;vertical-align: baseline\">Capsula  microfonica integrata, con elemento Beta58 (SuperCardioide, Dinamico)<\/strong><\/span><\/p>\n<p>  <span style=\"margin: 0px;padding: 0px;border: 0px;font-family: arial, helvetica, sans-serif;font-style: normal;font-variant: normal;font-weight: normal;line-height: 18px;font-size: 10pt;vertical-align: baseline;letter-spacing: normal;text-align: justify;text-indent: 0px;text-transform: none;white-space: normal\"><strong style=\"font-weight: bold;margin: 0px;padding: 0px;border: 0px;font-family: inherit;font-style: inherit;font-variant: inherit;line-height: inherit;font-size: 13.3333320617676px;vertical-align: baseline\">Si  collega automaticamente al ricevitore GLXD4<\/strong><\/span><\/p>\n<p>  <span style=\"margin: 0px;padding: 0px;border: 0px;font-family: arial, helvetica, sans-serif;font-style: normal;font-variant: normal;font-weight: normal;line-height: 18px;font-size: 10pt;vertical-align: baseline;letter-spacing: normal;text-align: justify;text-indent: 0px;text-transform: none;white-space: normal\"><strong style=\"font-weight: bold;margin: 0px;padding: 0px;border: 0px;font-family: inherit;font-style: inherit;font-variant: inherit;line-height: inherit;font-size: 13.3333320617676px;vertical-align: baseline\">Campo  di funzionamento fino a 60m<\/strong><\/span><\/p>\n<p>  <span style=\"margin: 0px;padding: 0px;border: 0px;font-family: arial, helvetica, sans-serif;font-style: normal;font-variant: normal;font-weight: normal;line-height: 18px;font-size: 10pt;vertical-align: baseline;letter-spacing: normal;text-align: justify;text-indent: 0px;text-transform: none;white-space: normal\"><strong style=\"font-weight: bold;margin: 0px;padding: 0px;border: 0px;font-family: inherit;font-style: inherit;font-variant: inherit;line-height: inherit;font-size: 13.3333320617676px;vertical-align: baseline\">Uso  continuo fino a 16 ore<\/strong><\/span><\/p>\n<p>  <span style=\"margin: 0px;padding: 0px;border: 0px;font-family: arial, helvetica, sans-serif;font-style: normal;font-variant: normal;font-weight: normal;line-height: 18px;font-size: 10pt;vertical-align: baseline;letter-spacing: normal;text-align: justify;text-indent: 0px;text-transform: none;white-space: normal\"><strong style=\"font-weight: bold;margin: 0px;padding: 0px;border: 0px;font-family: inherit;font-style: inherit;font-variant: inherit;line-height: inherit;font-size: 13.3333320617676px;vertical-align: baseline\">Design  sofisticato, costruzione in metallo<span class=\"Apple-converted-space\">\u00a0<\/span><br \/><b>Ricevitore  Wireless GLXD4<\/b><\/strong><\/span><\/p>\n<p>  <span style=\"margin: 0px;padding: 0px;border: 0px;font-family: arial, helvetica, sans-serif;font-style: normal;font-variant: normal;font-weight: normal;line-height: 18px;font-size: 10pt;vertical-align: baseline;letter-spacing: normal;text-align: justify;text-indent: 0px;text-transform: none;white-space: normal\"><strong style=\"font-weight: bold;margin: 0px;padding: 0px;border: 0px;font-family: inherit;font-style: inherit;font-variant: inherit;line-height: inherit;font-size: 13.3333320617676px;vertical-align: baseline\">Visualizzazione  dello stato su schermo LCD ad alta risoluzione<\/strong><\/span><\/p>\n<p>  <span style=\"margin: 0px;padding: 0px;border: 0px;font-family: arial, helvetica, sans-serif;font-style: normal;font-variant: normal;font-weight: normal;line-height: 18px;font-size: 10pt;vertical-align: baseline;letter-spacing: normal;text-align: justify;text-indent: 0px;text-transform: none;white-space: normal\"><strong style=\"font-weight: bold;margin: 0px;padding: 0px;border: 0px;font-family: inherit;font-style: inherit;font-variant: inherit;line-height: inherit;font-size: 13.3333320617676px;vertical-align: baseline\">Visualizzazione  in tempo reale lo stato della batteria del trasmettitore in ore e minuti (+\/- 15minuti)<\/strong><\/span><\/p>\n<p>  <span style=\"margin: 0px;padding: 0px;border: 0px;font-family: arial, helvetica, sans-serif;font-style: normal;font-variant: normal;font-weight: normal;line-height: 18px;font-size: 10pt;vertical-align: baseline;letter-spacing: normal;text-align: justify;text-indent: 0px;text-transform: none;white-space: normal\"><strong style=\"font-weight: bold;margin: 0px;padding: 0px;border: 0px;font-family: inherit;font-style: inherit;font-variant: inherit;line-height: inherit;font-size: 13.3333320617676px;vertical-align: baseline\">Gestione  delle frequenze intelligente (LinkFreq) identifica rapidamente la migliore frequenze  libera<\/strong><\/span><\/p>\n<p>  <span style=\"margin: 0px;padding: 0px;border: 0px;font-family: arial, helvetica, sans-serif;font-style: normal;font-variant: normal;font-weight: normal;line-height: 18px;font-size: 10pt;vertical-align: baseline;letter-spacing: normal;text-align: justify;text-indent: 0px;text-transform: none;white-space: normal\"><strong style=\"font-weight: bold;margin: 0px;padding: 0px;border: 0px;font-family: inherit;font-style: inherit;font-variant: inherit;line-height: inherit;font-size: 13.3333320617676px;vertical-align: baseline\">Monitoraggio  continuo delle interferenze evita l&#8217;interruzione del segnale commutando automaticamente  frequenza<\/strong><\/span><\/p>\n<p>  <span style=\"margin: 0px;padding: 0px;border: 0px;font-family: arial, helvetica, sans-serif;font-style: normal;font-variant: normal;font-weight: normal;line-height: 18px;font-size: 10pt;vertical-align: baseline;letter-spacing: normal;text-align: justify;text-indent: 0px;text-transform: none;white-space: normal\"><strong style=\"font-weight: bold;margin: 0px;padding: 0px;border: 0px;font-family: inherit;font-style: inherit;font-variant: inherit;line-height: inherit;font-size: 13.3333320617676px;vertical-align: baseline\">Controllo  del Gain del trasmettitore regolabile a distanza<\/strong><\/span><\/p>\n<p>  <span style=\"margin: 0px;padding: 0px;border: 0px;font-family: arial, helvetica, sans-serif;font-style: normal;font-variant: normal;font-weight: normal;line-height: 18px;font-size: 10pt;vertical-align: baseline;letter-spacing: normal;text-align: justify;text-indent: 0px;text-transform: none;white-space: normal\"><strong style=\"font-weight: bold;margin: 0px;padding: 0px;border: 0px;font-family: inherit;font-style: inherit;font-variant: inherit;line-height: inherit;font-size: 13.3333320617676px;vertical-align: baseline\">Indicatore  di carica con LED a due colori<\/strong><\/span><\/p>\n<p>  <span style=\"margin: 0px;padding: 0px;border: 0px;font-family: arial, helvetica, sans-serif;font-style: normal;font-variant: normal;font-weight: normal;line-height: 18px;font-size: 10pt;vertical-align: baseline;letter-spacing: normal;text-align: justify;text-indent: 0px;text-transform: none;white-space: normal\"><strong style=\"font-weight: bold;margin: 0px;padding: 0px;border: 0px;font-family: inherit;font-style: inherit;font-variant: inherit;line-height: inherit;font-size: 13.3333320617676px;vertical-align: baseline\">Verde:  Carico<\/strong><\/span><\/p>\n<p>  <span style=\"margin: 0px;padding: 0px;border: 0px;font-family: arial, helvetica, sans-serif;font-style: normal;font-variant: normal;font-weight: normal;line-height: 18px;font-size: 10pt;vertical-align: baseline;letter-spacing: normal;text-align: justify;text-indent: 0px;text-transform: none;white-space: normal\"><strong style=\"font-weight: bold;margin: 0px;padding: 0px;border: 0px;font-family: inherit;font-style: inherit;font-variant: inherit;line-height: inherit;font-size: 13.3333320617676px;vertical-align: baseline\">Verde  lampeggiante: 90% di carica<\/strong><\/span><\/p>\n<p>  <span style=\"margin: 0px;padding: 0px;border: 0px;font-family: arial, helvetica, sans-serif;font-style: normal;font-variant: normal;font-weight: normal;line-height: 18px;font-size: 10pt;vertical-align: baseline;letter-spacing: normal;text-align: justify;text-indent: 0px;text-transform: none;white-space: normal\"><strong style=\"font-weight: bold;margin: 0px;padding: 0px;border: 0px;font-family: inherit;font-style: inherit;font-variant: inherit;line-height: inherit;font-size: 13.3333320617676px;vertical-align: baseline\">Rosso:  In carica<\/strong><\/span><\/p>\n<p>  <span style=\"margin: 0px;padding: 0px;border: 0px;font-family: arial, helvetica, sans-serif;font-style: normal;font-variant: normal;font-weight: normal;line-height: 18px;font-size: 10pt;vertical-align: baseline;letter-spacing: normal;text-align: justify;text-indent: 0px;text-transform: none;white-space: normal\"><strong style=\"font-weight: bold;margin: 0px;padding: 0px;border: 0px;font-family: inherit;font-style: inherit;font-variant: inherit;line-height: inherit;font-size: 13.3333320617676px;vertical-align: baseline\">Connettori  di uscita XLR e 1\/4&#8243;<\/strong><\/span><\/p>\n<p>  <span style=\"margin: 0px;padding: 0px;border: 0px;font-family: arial, helvetica, sans-serif;font-style: normal;font-variant: normal;font-weight: normal;line-height: 18px;font-size: 10pt;vertical-align: baseline;letter-spacing: normal;text-align: justify;text-indent: 0px;text-transform: none;white-space: normal\"><strong style=\"font-weight: bold;margin: 0px;padding: 0px;border: 0px;font-family: inherit;font-style: inherit;font-variant: inherit;line-height: inherit;font-size: 13.3333320617676px;vertical-align: baseline\"><\/strong><\/span><\/p>\n<p>  \u00a0<\/p>\n<p>  \u00a0<\/p>\n","protected":false},"excerpt":{"rendered":"<p>SISTEMA PALMARE WIRELESS SUPERCARDIOIDE PER VOCE &#8211; M17 (662-686MHz)<\/p>\n<p>Il Sistema microfonico palmare Shure BLX2\/Beta58A wireless fornisce eccezionale chiarezza per le applicazioni vocali dal vivo. Questo sistema BLX &egrave; progettata per semplicit&agrave; d&#8217;uso, qualit&agrave; professionale del suono ed affidabilit&agrave; che competono con sistemi molto pi&ugrave; costosi. Il trasmettitore BLX2 con capsula Beta 58A &egrave; dotato di diagramma polare supercardioide ed &egrave; ottimizzato per voci soliste. La larghezza di banda 24MHz (M17\/H8E) &egrave; particolarmente indicata per il mercato Italiano.<br \/>Caratteristiche trasmettitore palmare BLX2\/Beta58A<br \/>Capsula microfonica dinamica supercardioide Beta58A<br \/>Gamma di frequenza M17: 662 &#8211; 686MHz<br \/>Fino a 14 ore di uso continuo (2x batterie AA)<br \/>Raggio di trasmissione fino a 100m<br \/>Abbinamento della frequenza rapido e semplice (tasti selezione Channel e Group)<br \/>Indicatore di stato del trasmettitore a LED bicolore<br \/>Led Verde: Pronto<br \/>Led Rosso lampeggiante rapidamente: Controlli bloccati<br \/>Led Rosso fisso: Carica batteria bassa (&lt; 1 ora)<br \/>Attenuazione Gain: -10dB<br \/>Costruzione: Robusta e leggera<br \/>Caratteristiche ricevitore wireless BLX4<br \/>Selezione frequenze QuickScan che individua rapidamente la frequenza migliore (in caso di interferenza)<br \/>Fino a 12 sistemi compatibili per banda di frequenza (in base alla regione)<br \/>Indicatore stato a LED bicolore<br \/>Led Verde: Livello audio normale<br \/>Led Rosso: Livello audio eccessivo (sovraccarico \/ clipping)<\/p>\n","protected":false},"featured_media":12771,"template":"","meta":{"site-sidebar-layout":"default","site-content-layout":"","ast-site-content-layout":"default","site-content-style":"default","site-sidebar-style":"default","ast-global-header-display":"","ast-banner-title-visibility":"","ast-main-header-display":"","ast-hfb-above-header-display":"","ast-hfb-below-header-display":"","ast-hfb-mobile-header-display":"","site-post-title":"","ast-breadcrumbs-content":"","ast-featured-img":"","footer-sml-layout":"","theme-transparent-header-meta":"","adv-header-id-meta":"","stick-header-meta":"","header-above-stick-meta":"","header-main-stick-meta":"","header-below-stick-meta":"","astra-migrate-meta-layouts":"default","ast-page-background-enabled":"default","ast-page-background-meta":{"desktop":{"background-color":"var(--ast-global-color-4)","background-image":"","background-repeat":"repeat","background-position":"center center","background-size":"auto","background-attachment":"scroll","background-type":"","background-media":"","overlay-type":"","overlay-color":"","overlay-opacity":"","overlay-gradient":""},"tablet":{"background-color":"","background-image":"","background-repeat":"repeat","background-position":"center center","background-size":"auto","background-attachment":"scroll","background-type":"","background-media":"","overlay-type":"","overlay-color":"","overlay-opacity":"","overlay-gradient":""},"mobile":{"background-color":"","background-image":"","background-repeat":"repeat","background-position":"center center","background-size":"auto","background-attachment":"scroll","background-type":"","background-media":"","overlay-type":"","overlay-color":"","overlay-opacity":"","overlay-gradient":""}},"ast-content-background-meta":{"desktop":{"background-color":"var(--ast-global-color-5)","background-image":"","background-repeat":"repeat","background-position":"center center","background-size":"auto","background-attachment":"scroll","background-type":"","background-media":"","overlay-type":"","overlay-color":"","overlay-opacity":"","overlay-gradient":""},"tablet":{"background-color":"var(--ast-global-color-5)","background-image":"","background-repeat":"repeat","background-position":"center center","background-size":"auto","background-attachment":"scroll","background-type":"","background-media":"","overlay-type":"","overlay-color":"","overlay-opacity":"","overlay-gradient":""},"mobile":{"background-color":"var(--ast-global-color-5)","background-image":"","background-repeat":"repeat","background-position":"center center","background-size":"auto","background-attachment":"scroll","background-type":"","background-media":"","overlay-type":"","overlay-color":"","overlay-opacity":"","overlay-gradient":""}}},"product_brand":[],"product_cat":[632],"product_tag":[765],"class_list":{"0":"post-12772","1":"product","2":"type-product","3":"status-publish","4":"has-post-thumbnail","6":"product_cat-gelato","7":"product_tag-shure","8":"desktop-align-left","9":"tablet-align-left","10":"mobile-align-left","12":"first","13":"instock","14":"taxable","15":"shipping-taxable","16":"purchasable","17":"product-type-simple"},"_links":{"self":[{"href":"https:\/\/gigionestrumentimusicali.it\/index.php\/wp-json\/wp\/v2\/product\/12772","targetHints":{"allow":["GET"]}}],"collection":[{"href":"https:\/\/gigionestrumentimusicali.it\/index.php\/wp-json\/wp\/v2\/product"}],"about":[{"href":"https:\/\/gigionestrumentimusicali.it\/index.php\/wp-json\/wp\/v2\/types\/product"}],"wp:featuredmedia":[{"embeddable":true,"href":"https:\/\/gigionestrumentimusicali.it\/index.php\/wp-json\/wp\/v2\/media\/12771"}],"wp:attachment":[{"href":"https:\/\/gigionestrumentimusicali.it\/index.php\/wp-json\/wp\/v2\/media?parent=12772"}],"wp:term":[{"taxonomy":"product_brand","embeddable":true,"href":"https:\/\/gigionestrumentimusicali.it\/index.php\/wp-json\/wp\/v2\/product_brand?post=12772"},{"taxonomy":"product_cat","embeddable":true,"href":"https:\/\/gigionestrumentimusicali.it\/index.php\/wp-json\/wp\/v2\/product_cat?post=12772"},{"taxonomy":"product_tag","embeddable":true,"href":"https:\/\/gigionestrumentimusicali.it\/index.php\/wp-json\/wp\/v2\/product_tag?post=12772"}],"curies":[{"name":"wp","href":"https:\/\/api.w.org\/{rel}","templated":true}]}}