{"id":12947,"date":"2024-10-29T11:59:39","date_gmt":"2024-10-29T11:59:39","guid":{"rendered":"https:\/\/gigionestrumentimusicali.it\/index.php\/product\/boss-md2-mega-distortion-ex-demo\/"},"modified":"2026-04-07T22:14:54","modified_gmt":"2026-04-07T22:14:54","slug":"boss-md2-mega-distortion-ex-demo","status":"publish","type":"product","link":"https:\/\/gigionestrumentimusicali.it\/index.php\/product\/boss-md2-mega-distortion-ex-demo\/","title":{"rendered":"BOSS MD2 MEGA DISTORTION &#8211; EX DEMO &#8211;"},"content":{"rendered":"<p>  EFFETTO DISTORSORE A PEDALE<\/p>\n<p>  \u00a0<\/p>\n<p>  Distorsione estrema per musica estrema. Il nuovo pedale effetto MD-2 Mega Distortion  \u00e8 in grado di offrire una distorsione veramente &#8220;distruttiva&#8221;. Lavorando sulle basse  frequenze \u00e8 ideale per la nuova generazione di chitarristi Heavy a 7 corde. Il segreto  di questo nuovo effetto \u00e8 lo speciale circuito di distorsione &#8220;dual-stage&#8221; gestito  dal controllo Gain Boost e dalle nuove regolazioni Tone e Bottom, che garantiscono  un accurato controllo delle frequenze.<\/p>\n<p>  \u00a0<\/p>\n<p>  Caratteristiche<\/p>\n<p>  \u00a0<\/p>\n<p>  Produce un&#8217;estrema distorsione &#8220;low-end&#8221; per i nuovi generi Metal.<\/p>\n<p>  Circuito Gain Boost che crea una potente distorsione e un prolungato sustain.<\/p>\n<p>  Nuovo controllo &#8220;Bottom-heavy&#8221;, ideale per chitarre a 7 corde.<\/p>\n<p>  Accurato controllo di tono.<\/p>\n<p>  Alimentato: alimentatore da 9v (opzionale), batteria da 9v<\/p>\n","protected":false},"excerpt":{"rendered":"<p>EFFETTO DISTORSORE A PEDALE<\/p>\n<p>Distorsione estrema per musica estrema. Il nuovo pedale effetto MD-2 Mega Distortion &egrave; in grado di offrire una distorsione veramente &#8220;distruttiva&#8221;. Lavorando sulle basse frequenze &egrave; ideale per la nuova generazione di chitarristi Heavy a 7 corde. Il segreto di questo nuovo effetto &egrave; lo speciale circuito di distorsione &#8220;dual-stage&#8221; gestito dal controllo Gain Boost e dalle nuove regolazioni Tone e Bottom, che garantiscono un accurato controllo delle frequenze. <\/p>\n<p>Caratteristiche<\/p>\n<p>Produce un&#8217;estrema distorsione &#8220;low-end&#8221; per i nuovi generi Metal.<br \/>Circuito Gain Boost che crea una potente distorsione e un prolungato sustain.<br \/>Nuovo controllo &#8220;Bottom-heavy&#8221;, ideale per chitarre a 7 corde.<br \/>Accurato controllo di tono.<br \/>Alimentato: alimentatore da 9v (opzionale), batteria da 9v<\/p>\n","protected":false},"featured_media":12945,"template":"","meta":{"site-sidebar-layout":"default","site-content-layout":"","ast-site-content-layout":"default","site-content-style":"default","site-sidebar-style":"default","ast-global-header-display":"","ast-banner-title-visibility":"","ast-main-header-display":"","ast-hfb-above-header-display":"","ast-hfb-below-header-display":"","ast-hfb-mobile-header-display":"","site-post-title":"","ast-breadcrumbs-content":"","ast-featured-img":"","footer-sml-layout":"","theme-transparent-header-meta":"","adv-header-id-meta":"","stick-header-meta":"","header-above-stick-meta":"","header-main-stick-meta":"","header-below-stick-meta":"","astra-migrate-meta-layouts":"default","ast-page-background-enabled":"default","ast-page-background-meta":{"desktop":{"background-color":"var(--ast-global-color-4)","background-image":"","background-repeat":"repeat","background-position":"center center","background-size":"auto","background-attachment":"scroll","background-type":"","background-media":"","overlay-type":"","overlay-color":"","overlay-opacity":"","overlay-gradient":""},"tablet":{"background-color":"","background-image":"","background-repeat":"repeat","background-position":"center center","background-size":"auto","background-attachment":"scroll","background-type":"","background-media":"","overlay-type":"","overlay-color":"","overlay-opacity":"","overlay-gradient":""},"mobile":{"background-color":"","background-image":"","background-repeat":"repeat","background-position":"center center","background-size":"auto","background-attachment":"scroll","background-type":"","background-media":"","overlay-type":"","overlay-color":"","overlay-opacity":"","overlay-gradient":""}},"ast-content-background-meta":{"desktop":{"background-color":"var(--ast-global-color-5)","background-image":"","background-repeat":"repeat","background-position":"center center","background-size":"auto","background-attachment":"scroll","background-type":"","background-media":"","overlay-type":"","overlay-color":"","overlay-opacity":"","overlay-gradient":""},"tablet":{"background-color":"var(--ast-global-color-5)","background-image":"","background-repeat":"repeat","background-position":"center center","background-size":"auto","background-attachment":"scroll","background-type":"","background-media":"","overlay-type":"","overlay-color":"","overlay-opacity":"","overlay-gradient":""},"mobile":{"background-color":"var(--ast-global-color-5)","background-image":"","background-repeat":"repeat","background-position":"center center","background-size":"auto","background-attachment":"scroll","background-type":"","background-media":"","overlay-type":"","overlay-color":"","overlay-opacity":"","overlay-gradient":""}}},"product_brand":[],"product_cat":[423],"product_tag":[714],"class_list":{"0":"post-12947","1":"product","2":"type-product","3":"status-publish","4":"has-post-thumbnail","6":"product_cat-cavi-patch-e-day-e-daisy-chain-effetti-a-pedale-per-chitarre","7":"product_tag-boss","8":"desktop-align-left","9":"tablet-align-left","10":"mobile-align-left","12":"first","13":"outofstock","14":"taxable","15":"shipping-taxable","16":"purchasable","17":"product-type-simple"},"_links":{"self":[{"href":"https:\/\/gigionestrumentimusicali.it\/index.php\/wp-json\/wp\/v2\/product\/12947","targetHints":{"allow":["GET"]}}],"collection":[{"href":"https:\/\/gigionestrumentimusicali.it\/index.php\/wp-json\/wp\/v2\/product"}],"about":[{"href":"https:\/\/gigionestrumentimusicali.it\/index.php\/wp-json\/wp\/v2\/types\/product"}],"wp:featuredmedia":[{"embeddable":true,"href":"https:\/\/gigionestrumentimusicali.it\/index.php\/wp-json\/wp\/v2\/media\/12945"}],"wp:attachment":[{"href":"https:\/\/gigionestrumentimusicali.it\/index.php\/wp-json\/wp\/v2\/media?parent=12947"}],"wp:term":[{"taxonomy":"product_brand","embeddable":true,"href":"https:\/\/gigionestrumentimusicali.it\/index.php\/wp-json\/wp\/v2\/product_brand?post=12947"},{"taxonomy":"product_cat","embeddable":true,"href":"https:\/\/gigionestrumentimusicali.it\/index.php\/wp-json\/wp\/v2\/product_cat?post=12947"},{"taxonomy":"product_tag","embeddable":true,"href":"https:\/\/gigionestrumentimusicali.it\/index.php\/wp-json\/wp\/v2\/product_tag?post=12947"}],"curies":[{"name":"wp","href":"https:\/\/api.w.org\/{rel}","templated":true}]}}