{"id":12988,"date":"2024-10-29T12:01:34","date_gmt":"2024-10-29T12:01:34","guid":{"rendered":"https:\/\/gigionestrumentimusicali.it\/index.php\/product\/boss-me-20b-usato-multieffetto-per-basso-elettrico\/"},"modified":"2026-04-09T19:30:44","modified_gmt":"2026-04-09T19:30:44","slug":"boss-me-20b-usato-multieffetto-per-basso-elettrico","status":"publish","type":"product","link":"https:\/\/gigionestrumentimusicali.it\/index.php\/product\/boss-me-20b-usato-multieffetto-per-basso-elettrico\/","title":{"rendered":"BOSS ME-20B &#8211; USATO &#8211; MULTIEFFETTO PER BASSO ELETTRICO"},"content":{"rendered":"<p>  AMPLIFICATORE STEREO PROGRAMMABILE PER CHITARRA ELETTRICA 20W<\/p>\n<p>L&#8217;ID:Core Stereo 20 \u00e8 l&#8217;amplificatore entry level per chitarra definitivo.  Suono incredibile e grande flessibilit\u00e0 grazie ad un insieme di controlli semplici  ed intuitivi, in modalit\u00e0 SUPER WIDE STEREO per dare una esperienza di playing coinvolgente  che ti far\u00e0 stare attaccato alla tua chitarra per ore ed ore. ID:Core rappresenta  il culmine di sette anni di ricerca tecnica e sviluppo. Questi amplificatori hanno  un set di controlli intuitivo come un amplificatore tradizionale e la versatilit\u00e0  della programmazione. L&#8217;esclusivo controllo Voice ha sei diverse impostazioni &#8211;  Clean Warm, Clean Bright, Crunch, Super Crunch, OD 1, OD 2: quando viene utilizzato  insieme al controllo brevettato Blackstar ISF, \u00e8 possibile ottenere esattamente  il suono a cui si sta pensando. La sezione effetti offre modulazioni, delay e riverberi  di qualit\u00e0 da studio, memorizzabili contemporaneamente con il proprio suono. Modificare  profondamente le patch e salvarle in Preset \u00e8 davvero semplice utilizzando il software  gratuito INSIDER di Blackstar. Le patch possono poi essere condivise, caricate o  scaricate attraverso l&#8217;esclusiva comunit\u00e0 online. Il connettore USB consente inoltre  di registrare dal vostro amplificatore direttamente al computer. Un&#8217;uscita con simulazione  speaker ed un ingresso MP3\/line completano le dotazioni di serie.<\/p>\n<p>  \u00a0<\/p>\n<p>  <span style=\"color:#000080\">Caratteristiche principali<\/span><\/p>\n<p>  \u00a0<\/p>\n<p>  Amplificatore Combo Stereo Programmabile<\/p>\n<p>  Potenza: 2x 10W<\/p>\n<p>  Tecnologia brevettata Super Wide Stereo<\/p>\n<p>  Sezione EQ con controllo esclusivo ISF<\/p>\n<p>  Controllo Voice per scegliere fra 6 canali: Clean Warm, Clean Bright, Crunch, Super  Crunch, OD 1, OD 2<\/p>\n<p>  12 Effetti Stereo: 3 x Modulation, 3 x Delay, 3 x Reverb<\/p>\n<p>  Possibilit\u00e0 di memorizzare fino a 6 Preset interni<\/p>\n<p>  Software Free INSIDER per editing profondo ed ulteriore memorizzazione<\/p>\n<p>  Connessione audio USB per registrazioni professionali direttamente sul computer<\/p>\n<p>  Stereo MP3\/Line In per jammare sulle basi o ascoltare musica<\/p>\n<p>  Speaker Emulated Line Out per esercitarsi silenziosamente o registrare in diretta<\/p>\n<p>  Configurazione Stereo degli speaker<\/p>\n<p>  Alimentazione tramite alimentatore (incluso)<\/p>\n<p>  Dimensioni: 375 x 292 x 185mm<\/p>\n<p>  <b>Peso: 5,2kg<\/b><\/p>\n<p>  \u00a0<\/p>\n","protected":false},"excerpt":{"rendered":"<p>MULTIEFFETTO PER BASSO<\/p>\n<p>L&#8217;ME-20B &egrave; un potente multieffetto ottimizzato per le performances live. Con il medesimo potenziale della ME-20 per chitarra, l&#8217;ME-20B &egrave; indirizzato ai bassisti che vogliono avere un prodotto solido, semplice da usare e di grande qualit&agrave; ad un prezzo davvero interessante. Si potranno usare e personalizzare una grande variet&agrave; di effetti, come compressor, overdrive, distortion, T-Wah, phaser, flanger, chorus, delay, reverb, defretter, synth, e molti altri ancora.<br \/>Caratteristiche principali<br \/>Multieffetto per Basso per il musicista che vuole un&#8217;interfaccia molto intuitiva con tutta la qualit&agrave; BOSS<br \/>Nuovo e solido chassis in metallo con 3 footswitch, 5 manopole per un totale controllo in tempo reale e l&#8217;expression pedal<br \/>EZ Edit per un immediata creazione del suono<br \/>Effetti unici quali Synth, Octave, Defretter, e altri.<br \/>Funzione BASS ENHANCE per avere un immediato Boost<br \/>30 User Memory oltre alle operazioni in realtime<br \/>Dimensioni: 294 x H54 x 179 mm<br \/>Peso: 1.6 kg<br \/>Alimentato a batterie o con alimentatore PSA230S<\/p>\n<p>PRODOTTO USATO &#8211; OTTIMO STATO &#8211;<\/p>\n","protected":false},"featured_media":12980,"template":"","meta":{"site-sidebar-layout":"default","site-content-layout":"","ast-site-content-layout":"default","site-content-style":"default","site-sidebar-style":"default","ast-global-header-display":"","ast-banner-title-visibility":"","ast-main-header-display":"","ast-hfb-above-header-display":"","ast-hfb-below-header-display":"","ast-hfb-mobile-header-display":"","site-post-title":"","ast-breadcrumbs-content":"","ast-featured-img":"","footer-sml-layout":"","theme-transparent-header-meta":"","adv-header-id-meta":"","stick-header-meta":"","header-above-stick-meta":"","header-main-stick-meta":"","header-below-stick-meta":"","astra-migrate-meta-layouts":"default","ast-page-background-enabled":"default","ast-page-background-meta":{"desktop":{"background-color":"var(--ast-global-color-4)","background-image":"","background-repeat":"repeat","background-position":"center center","background-size":"auto","background-attachment":"scroll","background-type":"","background-media":"","overlay-type":"","overlay-color":"","overlay-opacity":"","overlay-gradient":""},"tablet":{"background-color":"","background-image":"","background-repeat":"repeat","background-position":"center center","background-size":"auto","background-attachment":"scroll","background-type":"","background-media":"","overlay-type":"","overlay-color":"","overlay-opacity":"","overlay-gradient":""},"mobile":{"background-color":"","background-image":"","background-repeat":"repeat","background-position":"center center","background-size":"auto","background-attachment":"scroll","background-type":"","background-media":"","overlay-type":"","overlay-color":"","overlay-opacity":"","overlay-gradient":""}},"ast-content-background-meta":{"desktop":{"background-color":"var(--ast-global-color-5)","background-image":"","background-repeat":"repeat","background-position":"center center","background-size":"auto","background-attachment":"scroll","background-type":"","background-media":"","overlay-type":"","overlay-color":"","overlay-opacity":"","overlay-gradient":""},"tablet":{"background-color":"var(--ast-global-color-5)","background-image":"","background-repeat":"repeat","background-position":"center center","background-size":"auto","background-attachment":"scroll","background-type":"","background-media":"","overlay-type":"","overlay-color":"","overlay-opacity":"","overlay-gradient":""},"mobile":{"background-color":"var(--ast-global-color-5)","background-image":"","background-repeat":"repeat","background-position":"center center","background-size":"auto","background-attachment":"scroll","background-type":"","background-media":"","overlay-type":"","overlay-color":"","overlay-opacity":"","overlay-gradient":""}}},"product_brand":[],"product_cat":[458],"product_tag":[712,714],"class_list":{"0":"post-12988","1":"product","2":"type-product","3":"status-publish","4":"has-post-thumbnail","6":"product_cat-pedaliere-e-controller-midi-chitarre","7":"product_tag-blackstar","8":"product_tag-boss","9":"desktop-align-left","10":"tablet-align-left","11":"mobile-align-left","13":"first","14":"outofstock","15":"taxable","16":"shipping-taxable","17":"purchasable","18":"product-type-simple"},"_links":{"self":[{"href":"https:\/\/gigionestrumentimusicali.it\/index.php\/wp-json\/wp\/v2\/product\/12988","targetHints":{"allow":["GET"]}}],"collection":[{"href":"https:\/\/gigionestrumentimusicali.it\/index.php\/wp-json\/wp\/v2\/product"}],"about":[{"href":"https:\/\/gigionestrumentimusicali.it\/index.php\/wp-json\/wp\/v2\/types\/product"}],"wp:featuredmedia":[{"embeddable":true,"href":"https:\/\/gigionestrumentimusicali.it\/index.php\/wp-json\/wp\/v2\/media\/12980"}],"wp:attachment":[{"href":"https:\/\/gigionestrumentimusicali.it\/index.php\/wp-json\/wp\/v2\/media?parent=12988"}],"wp:term":[{"taxonomy":"product_brand","embeddable":true,"href":"https:\/\/gigionestrumentimusicali.it\/index.php\/wp-json\/wp\/v2\/product_brand?post=12988"},{"taxonomy":"product_cat","embeddable":true,"href":"https:\/\/gigionestrumentimusicali.it\/index.php\/wp-json\/wp\/v2\/product_cat?post=12988"},{"taxonomy":"product_tag","embeddable":true,"href":"https:\/\/gigionestrumentimusicali.it\/index.php\/wp-json\/wp\/v2\/product_tag?post=12988"}],"curies":[{"name":"wp","href":"https:\/\/api.w.org\/{rel}","templated":true}]}}