{"id":13404,"date":"2024-10-29T12:27:24","date_gmt":"2024-10-29T12:27:24","guid":{"rendered":"https:\/\/gigionestrumentimusicali.it\/index.php\/product\/kickport-black-cassa\/"},"modified":"2026-04-20T20:14:12","modified_gmt":"2026-04-20T20:14:12","slug":"kickport-black-cassa","status":"publish","type":"product","link":"https:\/\/gigionestrumentimusicali.it\/index.php\/product\/kickport-black-cassa\/","title":{"rendered":"KICKPORT BLACK CASSA"},"content":{"rendered":"<p>  <span style=\"font-family: Arial, Helvetica, sans-serif;font-size: 12px;font-style: normal;font-variant: normal;font-weight: normal;letter-spacing: normal;line-height: 17px;text-align: justify;text-indent: 0px;text-transform: none;white-space: normal;display: inline !important;float: none\">KickPort  \u00e8 un dispositivo apparentemente semplicissimo, quasi banale, che per\u00f2 promette di  fare miracoli con poco per il vostro suono di grancassa.Nella musica di oggi il  suono della grancassa, soprattutto nel rock, \u00e8 di vitale importanza. Questo KickPort  si porta a casa con meno di 50 euro ed ha il compito di controllare il suono della  cassa, le armoniche basse, cos\u00ec difficili da bilanciare, oltre ad ottimizzare la  microfonazione anche nelle situazioni difficili.Il design brevettato del KickPort  combina diverse idee ingegnose per creare un suono di cassa pi\u00f9 profondo, grosso  e pi\u00f9 focalizzato. Di fatto rallenta in modo controllato il passaggio dell&#8217;aria  fuori dalla cassa (che poi \u00e8 il mezzo che veicola il suono), restringendo e comprimendo  il flusso in una prima fase e poi permettendo una rapida espansione attraverso l&#8217;apertura.  Allo stesso tempo aumenta le frequenze basse e l&#8217;attacco diminuendo le vibrazioni  della pelle, riducendo anche la necessit\u00e0 di un riempimento della cassa con materiali  attenuatori spesso inefficaci.<\/span><\/p>\n","protected":false},"excerpt":{"rendered":"<p>KickPort &egrave; un dispositivo apparentemente semplicissimo, quasi banale, che per&ograve; promette di fare miracoli con poco per il vostro suono di grancassa.Nella musica di oggi il suono della grancassa, soprattutto nel rock, &egrave; di vitale importanza. Questo KickPort si porta a casa con meno di 50 euro ed ha il compito di controllare il suono della cassa, le armoniche basse, cos&igrave; difficili da bilanciare, oltre ad ottimizzare la microfonazione anche nelle situazioni difficili.Il design brevettato del KickPort combina diverse idee ingegnose per creare un suono di cassa pi&ugrave; profondo, grosso e pi&ugrave; focalizzato. Di fatto rallenta in modo controllato il passaggio dell&#8217;aria fuori dalla cassa (che poi &egrave; il mezzo che veicola il suono), restringendo e comprimendo il flusso in una prima fase e poi permettendo una rapida espansione attraverso l&#8217;apertura. Allo stesso tempo aumenta le frequenze basse e l&#8217;attacco diminuendo le vibrazioni della pelle, riducendo anche la necessit&agrave; di un riempimento della cassa con materiali attenuatori spesso inefficaci.<\/p>\n","protected":false},"featured_media":13403,"template":"","meta":{"site-sidebar-layout":"default","site-content-layout":"","ast-site-content-layout":"default","site-content-style":"default","site-sidebar-style":"default","ast-global-header-display":"","ast-banner-title-visibility":"","ast-main-header-display":"","ast-hfb-above-header-display":"","ast-hfb-below-header-display":"","ast-hfb-mobile-header-display":"","site-post-title":"","ast-breadcrumbs-content":"","ast-featured-img":"","footer-sml-layout":"","theme-transparent-header-meta":"","adv-header-id-meta":"","stick-header-meta":"","header-above-stick-meta":"","header-main-stick-meta":"","header-below-stick-meta":"","astra-migrate-meta-layouts":"default","ast-page-background-enabled":"default","ast-page-background-meta":{"desktop":{"background-color":"var(--ast-global-color-4)","background-image":"","background-repeat":"repeat","background-position":"center center","background-size":"auto","background-attachment":"scroll","background-type":"","background-media":"","overlay-type":"","overlay-color":"","overlay-opacity":"","overlay-gradient":""},"tablet":{"background-color":"","background-image":"","background-repeat":"repeat","background-position":"center center","background-size":"auto","background-attachment":"scroll","background-type":"","background-media":"","overlay-type":"","overlay-color":"","overlay-opacity":"","overlay-gradient":""},"mobile":{"background-color":"","background-image":"","background-repeat":"repeat","background-position":"center center","background-size":"auto","background-attachment":"scroll","background-type":"","background-media":"","overlay-type":"","overlay-color":"","overlay-opacity":"","overlay-gradient":""}},"ast-content-background-meta":{"desktop":{"background-color":"var(--ast-global-color-5)","background-image":"","background-repeat":"repeat","background-position":"center center","background-size":"auto","background-attachment":"scroll","background-type":"","background-media":"","overlay-type":"","overlay-color":"","overlay-opacity":"","overlay-gradient":""},"tablet":{"background-color":"var(--ast-global-color-5)","background-image":"","background-repeat":"repeat","background-position":"center center","background-size":"auto","background-attachment":"scroll","background-type":"","background-media":"","overlay-type":"","overlay-color":"","overlay-opacity":"","overlay-gradient":""},"mobile":{"background-color":"var(--ast-global-color-5)","background-image":"","background-repeat":"repeat","background-position":"center center","background-size":"auto","background-attachment":"scroll","background-type":"","background-media":"","overlay-type":"","overlay-color":"","overlay-opacity":"","overlay-gradient":""}}},"product_brand":[],"product_cat":[284],"product_tag":[734],"class_list":{"0":"post-13404","1":"product","2":"type-product","3":"status-publish","4":"has-post-thumbnail","6":"product_cat-adattatori-e-clamp","7":"product_tag-focal","8":"desktop-align-left","9":"tablet-align-left","10":"mobile-align-left","12":"first","13":"instock","14":"taxable","15":"shipping-taxable","16":"purchasable","17":"product-type-simple"},"_links":{"self":[{"href":"https:\/\/gigionestrumentimusicali.it\/index.php\/wp-json\/wp\/v2\/product\/13404","targetHints":{"allow":["GET"]}}],"collection":[{"href":"https:\/\/gigionestrumentimusicali.it\/index.php\/wp-json\/wp\/v2\/product"}],"about":[{"href":"https:\/\/gigionestrumentimusicali.it\/index.php\/wp-json\/wp\/v2\/types\/product"}],"wp:featuredmedia":[{"embeddable":true,"href":"https:\/\/gigionestrumentimusicali.it\/index.php\/wp-json\/wp\/v2\/media\/13403"}],"wp:attachment":[{"href":"https:\/\/gigionestrumentimusicali.it\/index.php\/wp-json\/wp\/v2\/media?parent=13404"}],"wp:term":[{"taxonomy":"product_brand","embeddable":true,"href":"https:\/\/gigionestrumentimusicali.it\/index.php\/wp-json\/wp\/v2\/product_brand?post=13404"},{"taxonomy":"product_cat","embeddable":true,"href":"https:\/\/gigionestrumentimusicali.it\/index.php\/wp-json\/wp\/v2\/product_cat?post=13404"},{"taxonomy":"product_tag","embeddable":true,"href":"https:\/\/gigionestrumentimusicali.it\/index.php\/wp-json\/wp\/v2\/product_tag?post=13404"}],"curies":[{"name":"wp","href":"https:\/\/api.w.org\/{rel}","templated":true}]}}