{"id":17762,"date":"2024-10-29T14:45:57","date_gmt":"2024-10-29T14:45:57","guid":{"rendered":"https:\/\/gigionestrumentimusicali.it\/index.php\/product\/evans-b14g2-pelle-sabbiata-coated-per-tom-14\/"},"modified":"2026-04-23T20:38:58","modified_gmt":"2026-04-23T20:38:58","slug":"evans-b14g2-pelle-sabbiata-coated-per-tom-14","status":"publish","type":"product","link":"https:\/\/gigionestrumentimusicali.it\/index.php\/product\/evans-b14g2-pelle-sabbiata-coated-per-tom-14\/","title":{"rendered":"EVANS B14G2 PELLE SABBIATA"},"content":{"rendered":"<p>La confezione Evans G2 Fusion contiene tre pelli sabbiate (10 &#8220;, 12 &#8221; e 14 &#8220;) a doppio strato per tom progettate per garantire un suono profondo, un buon sustain e un ottimo attacco e caratterizzate da compattezza e massima durata nel tempo. Le Evans G2, le pi&ugrave; famose sul mercato, sono pelli sabbiate a doppio strato con uno spessore di 0,17 mm. Garantiscono suoni densi e una massima durata nel tempo. La fusione perfetta tra profondit&agrave;, sustain e attacco fa suonare i tom e ruggire il timpano. La versione sabbiata si arricchisce di profondit&agrave;, calore e potenza, oltre a un nuovo look traslucido.<\/p>\n<p>Da oltre 60 anni, Evans &egrave; l&#8217;azienda innovatrice nella progettazione e la produzione di pelli per batteria. In quanto creatore delle prime pelli sintetiche e altri rivoluzionari prodotti come EMAD, Hydraulics e la serie UV1, le pelli battenti Evans sono realizzate con l&#8217;intento di risolvere i problemi pi&ugrave; pressanti per i batteristi. Universalmente riconosciute per la loro alta qualit&agrave; e uniformit&agrave;, tutte le pelli Evans sono prodotte in USA e si caratterizzano per la tecnologia Level 360<\/p>\n<p>elle di 14 &#8221; realizzata con doppio strato di 0,18 mm<br \/>Il doppio strato garantisce densit&agrave; e durata nel tempo maggiori ed &egrave; perfetto per chi suona a lungo.<br \/>Pelle molto versatile adatta a tutti i generi musicali: la scelta migliore per tutti i batteristi<br \/>Versione sabbiata per garantire profondit&agrave;, calore e potenza aggiuntivi oltre a un nuovo look traslucido<br \/>Tutte le pelli Evans sono progettate, realizzate e prodotte negli Stati Uniti.<\/p>\n","protected":false},"excerpt":{"rendered":"<p>&nbsp;La confezione Evans G2 Fusion contiene tre pelli sabbiate (10 &#8220;, 12 &#8221; e 14 &#8220;) a doppio strato per tom progettate per garantire un suono profondo, un buon sustain e un ottimo attacco e caratterizzate da compattezza e massima durata nel tempo. Le Evans G2, le pi\u00f9 famose sul mercato, sono pelli sabbiate a doppio strato con uno spessore di 0,17 mm. Garantiscono suoni densi e una massima durata nel tempo. La fusione perfetta tra profondit\u00e0, sustain e attacco fa suonare i tom e ruggire il timpano. La versione sabbiata si arricchisce di profondit\u00e0, calore e potenza, oltre a un nuovo look traslucido.<\/p>\n<p>Da oltre 60 anni, Evans \u00e8 l&#8217;azienda innovatrice nella progettazione e la produzione di pelli per batteria. In quanto creatore delle prime pelli sintetiche e altri rivoluzionari prodotti come EMAD, Hydraulics e la serie UV1, le pelli battenti Evans sono realizzate con l&#8217;intento di risolvere i problemi pi\u00f9 pressanti per i batteristi. Universalmente riconosciute per la loro alta qualit\u00e0 e uniformit\u00e0, tutte le pelli Evans sono prodotte in USA e si caratterizzano per la tecnologia Level 360<\/p>\n<p>elle di 14 &#8221; realizzata con doppio strato di 0,18 mm<br \/>Il doppio strato garantisce densit\u00e0 e durata nel tempo maggiori ed \u00e8 perfetto per chi suona a lungo.<br \/>Pelle molto versatile adatta a tutti i generi musicali: la scelta migliore per tutti i batteristi<br \/>Versione sabbiata per garantire profondit\u00e0, calore e potenza aggiuntivi oltre a un nuovo look traslucido<br \/>Tutte le pelli Evans sono progettate, realizzate e prodotte negli Stati Uniti.<\/p>\n","protected":false},"featured_media":17761,"template":"","meta":{"site-sidebar-layout":"default","site-content-layout":"","ast-site-content-layout":"default","site-content-style":"default","site-sidebar-style":"default","ast-global-header-display":"","ast-banner-title-visibility":"","ast-main-header-display":"","ast-hfb-above-header-display":"","ast-hfb-below-header-display":"","ast-hfb-mobile-header-display":"","site-post-title":"","ast-breadcrumbs-content":"","ast-featured-img":"","footer-sml-layout":"","theme-transparent-header-meta":"","adv-header-id-meta":"","stick-header-meta":"","header-above-stick-meta":"","header-main-stick-meta":"","header-below-stick-meta":"","astra-migrate-meta-layouts":"default","ast-page-background-enabled":"default","ast-page-background-meta":{"desktop":{"background-color":"var(--ast-global-color-4)","background-image":"","background-repeat":"repeat","background-position":"center center","background-size":"auto","background-attachment":"scroll","background-type":"","background-media":"","overlay-type":"","overlay-color":"","overlay-opacity":"","overlay-gradient":""},"tablet":{"background-color":"","background-image":"","background-repeat":"repeat","background-position":"center center","background-size":"auto","background-attachment":"scroll","background-type":"","background-media":"","overlay-type":"","overlay-color":"","overlay-opacity":"","overlay-gradient":""},"mobile":{"background-color":"","background-image":"","background-repeat":"repeat","background-position":"center center","background-size":"auto","background-attachment":"scroll","background-type":"","background-media":"","overlay-type":"","overlay-color":"","overlay-opacity":"","overlay-gradient":""}},"ast-content-background-meta":{"desktop":{"background-color":"var(--ast-global-color-5)","background-image":"","background-repeat":"repeat","background-position":"center center","background-size":"auto","background-attachment":"scroll","background-type":"","background-media":"","overlay-type":"","overlay-color":"","overlay-opacity":"","overlay-gradient":""},"tablet":{"background-color":"var(--ast-global-color-5)","background-image":"","background-repeat":"repeat","background-position":"center center","background-size":"auto","background-attachment":"scroll","background-type":"","background-media":"","overlay-type":"","overlay-color":"","overlay-opacity":"","overlay-gradient":""},"mobile":{"background-color":"var(--ast-global-color-5)","background-image":"","background-repeat":"repeat","background-position":"center center","background-size":"auto","background-attachment":"scroll","background-type":"","background-media":"","overlay-type":"","overlay-color":"","overlay-opacity":"","overlay-gradient":""}}},"product_brand":[],"product_cat":[300],"product_tag":[],"class_list":{"0":"post-17762","1":"product","2":"type-product","3":"status-publish","4":"has-post-thumbnail","6":"product_cat-rullante","7":"desktop-align-left","8":"tablet-align-left","9":"mobile-align-left","11":"first","12":"instock","13":"taxable","14":"shipping-taxable","15":"purchasable","16":"product-type-simple"},"_links":{"self":[{"href":"https:\/\/gigionestrumentimusicali.it\/index.php\/wp-json\/wp\/v2\/product\/17762","targetHints":{"allow":["GET"]}}],"collection":[{"href":"https:\/\/gigionestrumentimusicali.it\/index.php\/wp-json\/wp\/v2\/product"}],"about":[{"href":"https:\/\/gigionestrumentimusicali.it\/index.php\/wp-json\/wp\/v2\/types\/product"}],"wp:featuredmedia":[{"embeddable":true,"href":"https:\/\/gigionestrumentimusicali.it\/index.php\/wp-json\/wp\/v2\/media\/17761"}],"wp:attachment":[{"href":"https:\/\/gigionestrumentimusicali.it\/index.php\/wp-json\/wp\/v2\/media?parent=17762"}],"wp:term":[{"taxonomy":"product_brand","embeddable":true,"href":"https:\/\/gigionestrumentimusicali.it\/index.php\/wp-json\/wp\/v2\/product_brand?post=17762"},{"taxonomy":"product_cat","embeddable":true,"href":"https:\/\/gigionestrumentimusicali.it\/index.php\/wp-json\/wp\/v2\/product_cat?post=17762"},{"taxonomy":"product_tag","embeddable":true,"href":"https:\/\/gigionestrumentimusicali.it\/index.php\/wp-json\/wp\/v2\/product_tag?post=17762"}],"curies":[{"name":"wp","href":"https:\/\/api.w.org\/{rel}","templated":true}]}}