{"id":18354,"date":"2024-10-29T17:15:06","date_gmt":"2024-10-29T17:15:06","guid":{"rendered":"https:\/\/gigionestrumentimusicali.it\/index.php\/product\/fender-stratocaster-jimi-hendrix-signature-mn-olympic-white\/"},"modified":"2026-04-10T21:11:23","modified_gmt":"2026-04-10T21:11:23","slug":"fender-stratocaster-jimi-hendrix-signature-mn-olympic-white","status":"publish","type":"product","link":"https:\/\/gigionestrumentimusicali.it\/index.php\/product\/fender-stratocaster-jimi-hendrix-signature-mn-olympic-white\/","title":{"rendered":"FENDER STRATOCASTER JIMI HENDRIX SIGNATURE MN OLYMPIC WHITE"},"content":{"rendered":"<p>Onorare la elettrizzante &#8220;Voodoo Chile&#8221; che ha reso popolare la Stratocaster e la sua grande flessibilit\u00e0 timbrica, la Jimi Hendrix Stratocaster ti d\u00e0 la possibilit\u00e0 di brandire lo stesso suono fiammeggiante e la stessa suonabilit\u00e0. Piena di suono vintage incendiario ed uno stile classico, questo straordinario strumento dispone di tocchi d&#8217;autore ed appuntamenti unici basati sulla sua caratteristica di chitarra&#8221;capovolta&#8221;. Il fondamento del suono e dello stile unico e personale di Hendrix era la sua abitudine di capovolgere le chitarre e di mettere le corde in modo di suonare con la mano sinistra, con una conseguente paletta e pickup al ponte &#8220;reverse&#8221; &#8211; caratteristiche qui riprodotte con grande precisione nei dettagli.<br \/>Caratteristiche principali<\/p>\n<p>Body: Ontano<br \/>Finitura: Lucida, Poliestere<br \/>Tastiera: Acero<br \/>Raggio: 241mm<br \/>Numero di tasti: 21, Medium Jumbo<br \/>Intarsi: Dot, Neri<br \/>Manico: Acero<br \/>Profilo: &#8220;C&#8221;<br \/>Scala: 648mm<br \/>Finitura manico: Poliestere, lucido<br \/>Capotasto: 42mm, Osso sintetico<br \/>Piastra: 4-Bolt<br \/>Pickup: 3x American Vintage &#8217;65 Gray-Bottom Single-Coil<br \/>Controlli: Volume, 2x Toni, selettore pickup 5 posizioni<br \/>Meccaniche: Vintage-Style<br \/>Battipenna: 3-Strati Bianco<br \/>Manopole: Plastica bianca invecchiata<br \/>Colore: Olympic White<br \/>Accessori: Bag<\/p>\n","protected":false},"excerpt":{"rendered":"<p><\/p>\n","protected":false},"featured_media":18342,"template":"","meta":{"site-sidebar-layout":"default","site-content-layout":"","ast-site-content-layout":"default","site-content-style":"default","site-sidebar-style":"default","ast-global-header-display":"","ast-banner-title-visibility":"","ast-main-header-display":"","ast-hfb-above-header-display":"","ast-hfb-below-header-display":"","ast-hfb-mobile-header-display":"","site-post-title":"","ast-breadcrumbs-content":"","ast-featured-img":"","footer-sml-layout":"","theme-transparent-header-meta":"","adv-header-id-meta":"","stick-header-meta":"","header-above-stick-meta":"","header-main-stick-meta":"","header-below-stick-meta":"","astra-migrate-meta-layouts":"default","ast-page-background-enabled":"default","ast-page-background-meta":{"desktop":{"background-color":"var(--ast-global-color-4)","background-image":"","background-repeat":"repeat","background-position":"center center","background-size":"auto","background-attachment":"scroll","background-type":"","background-media":"","overlay-type":"","overlay-color":"","overlay-opacity":"","overlay-gradient":""},"tablet":{"background-color":"","background-image":"","background-repeat":"repeat","background-position":"center center","background-size":"auto","background-attachment":"scroll","background-type":"","background-media":"","overlay-type":"","overlay-color":"","overlay-opacity":"","overlay-gradient":""},"mobile":{"background-color":"","background-image":"","background-repeat":"repeat","background-position":"center center","background-size":"auto","background-attachment":"scroll","background-type":"","background-media":"","overlay-type":"","overlay-color":"","overlay-opacity":"","overlay-gradient":""}},"ast-content-background-meta":{"desktop":{"background-color":"var(--ast-global-color-5)","background-image":"","background-repeat":"repeat","background-position":"center center","background-size":"auto","background-attachment":"scroll","background-type":"","background-media":"","overlay-type":"","overlay-color":"","overlay-opacity":"","overlay-gradient":""},"tablet":{"background-color":"var(--ast-global-color-5)","background-image":"","background-repeat":"repeat","background-position":"center center","background-size":"auto","background-attachment":"scroll","background-type":"","background-media":"","overlay-type":"","overlay-color":"","overlay-opacity":"","overlay-gradient":""},"mobile":{"background-color":"var(--ast-global-color-5)","background-image":"","background-repeat":"repeat","background-position":"center center","background-size":"auto","background-attachment":"scroll","background-type":"","background-media":"","overlay-type":"","overlay-color":"","overlay-opacity":"","overlay-gradient":""}}},"product_brand":[],"product_cat":[387],"product_tag":[733],"class_list":{"0":"post-18354","1":"product","2":"type-product","3":"status-publish","4":"has-post-thumbnail","6":"product_cat-chitarre-elettriche","7":"product_tag-fender","8":"desktop-align-left","9":"tablet-align-left","10":"mobile-align-left","12":"first","13":"instock","14":"taxable","15":"shipping-taxable","16":"purchasable","17":"product-type-simple"},"_links":{"self":[{"href":"https:\/\/gigionestrumentimusicali.it\/index.php\/wp-json\/wp\/v2\/product\/18354","targetHints":{"allow":["GET"]}}],"collection":[{"href":"https:\/\/gigionestrumentimusicali.it\/index.php\/wp-json\/wp\/v2\/product"}],"about":[{"href":"https:\/\/gigionestrumentimusicali.it\/index.php\/wp-json\/wp\/v2\/types\/product"}],"wp:featuredmedia":[{"embeddable":true,"href":"https:\/\/gigionestrumentimusicali.it\/index.php\/wp-json\/wp\/v2\/media\/18342"}],"wp:attachment":[{"href":"https:\/\/gigionestrumentimusicali.it\/index.php\/wp-json\/wp\/v2\/media?parent=18354"}],"wp:term":[{"taxonomy":"product_brand","embeddable":true,"href":"https:\/\/gigionestrumentimusicali.it\/index.php\/wp-json\/wp\/v2\/product_brand?post=18354"},{"taxonomy":"product_cat","embeddable":true,"href":"https:\/\/gigionestrumentimusicali.it\/index.php\/wp-json\/wp\/v2\/product_cat?post=18354"},{"taxonomy":"product_tag","embeddable":true,"href":"https:\/\/gigionestrumentimusicali.it\/index.php\/wp-json\/wp\/v2\/product_tag?post=18354"}],"curies":[{"name":"wp","href":"https:\/\/api.w.org\/{rel}","templated":true}]}}