{"id":21473,"date":"2024-10-30T11:57:30","date_gmt":"2024-10-30T11:57:30","guid":{"rendered":"https:\/\/gigionestrumentimusicali.it\/index.php\/product\/akg-wms40-mini-dual-ism2-3-vocal-set\/"},"modified":"2026-04-04T23:01:53","modified_gmt":"2026-04-04T23:01:53","slug":"akg-wms40-mini-dual-ism2-3-vocal-set","status":"publish","type":"product","link":"https:\/\/gigionestrumentimusicali.it\/index.php\/product\/akg-wms40-mini-dual-ism2-3-vocal-set\/","title":{"rendered":"AKG WMS40 MINI DUAL ISM2\/3 VOCAL SET"},"content":{"rendered":"<p>  AKG WMS 40 WMS40 MINI 2 VOCAL SET DOPPIO A MANO<\/p>\n<p>  \u00a0<\/p>\n<p>  SISTEMA WIRELESS PER VOCE CON DUE MICROFONI A MANO<\/p>\n<p>  \u00a0<\/p>\n<p>  Il sistema WMS40 Pro Mini 2 Dual permette l&#8217;utilizzo di due trasmettitori manuali  con un unico ricevitore, riducendo notevolmente l&#8217;ingombro. Abbinando due sistemi  sar\u00e0 possibile affiancare due ricevitori in una sola unit\u00e0 rack, con la possibilit\u00e0  di utilizzare quindi quattro microfoni in contemporanea.<\/p>\n<p>  \u00a0<\/p>\n<p>  L&#8217;esclusiva tecnologia HDAP (High Definition Audio Performance), garantisce il suono  migliore e pi\u00f9 realistico possibile in qualunque momento. Il ricevitore SR 40 Mini2  dispone di tre LED di stato per i canali 1 e 2 indicanti lo stato ON \/ OFF, l&#8217;intensit\u00e0  del segnale ricevuto (RF OK), ed il clipping audio (AF CLIP). Il controllo VOLUME  imposta il livello sull&#8217;uscita jack 1\/4&#8243;. Ogni ricevitore \u00e8 dotato di una alimentazione  universale da 12V, in modalit\u00e0 commutata, con adattatori UE, UK, e USA. Il tasto  illuminato ON \/ OFF accende e spegne simultaneamente entrambi i canali. Il trasmettitore  portatile HT 40 Mini \u00e8 dotato di uno switch ON \/ OFF \/ MUTE e di una robusta rete  che protegge l&#8217;elemento dinamico cardioide. La durata della batteria \u00e8 la stessa  leggendaria di 30 ore di una singola batteria AA, come nei modelli WMS 40 standard,  riducendo la necessit\u00e0 di sostituire le batterie e, quindi, con risparmio di denaro  nel lungo periodo.<\/p>\n","protected":false},"excerpt":{"rendered":"<p>AKG WMS 40 WMS40 MINI 2 VOCAL SET DOPPIO A MANO<\/p>\n<p>SISTEMA WIRELESS PER VOCE CON DUE MICROFONI A MANO<\/p>\n<p>Il sistema WMS40 Pro Mini 2 Dual permette l&#8217;utilizzo di due trasmettitori manuali con un unico ricevitore, riducendo notevolmente l&#8217;ingombro. Abbinando due sistemi sar&agrave; possibile affiancare due ricevitori in una sola unit&agrave; rack, con la possibilit&agrave; di utilizzare quindi quattro microfoni in contemporanea.<\/p>\n<p>L&#8217;esclusiva tecnologia HDAP (High Definition Audio Performance), garantisce il suono migliore e pi&ugrave; realistico possibile in qualunque momento. Il ricevitore SR 40 Mini2 dispone di tre LED di stato per i canali 1 e 2 indicanti lo stato ON \/ OFF, l&#8217;intensit&agrave; del segnale ricevuto (RF OK), ed il clipping audio (AF CLIP). Il controllo VOLUME imposta il livello sull&#8217;uscita jack 1\/4&#8243;. Ogni ricevitore &egrave; dotato di una alimentazione universale da 12V, in modalit&agrave; commutata, con adattatori UE, UK, e USA. Il tasto illuminato ON \/ OFF accende e spegne simultaneamente entrambi i canali. Il trasmettitore portatile HT 40 Mini &egrave; dotato di uno switch ON \/ OFF \/ MUTE e di una robusta rete che protegge l&#8217;elemento dinamico cardioide. La durata della batteria &egrave; la stessa leggendaria di 30 ore di una singola batteria AA, come nei modelli WMS 40 standard, riducendo la necessit&agrave; di sostituire le batterie e, quindi, con risparmio di denaro nel lungo periodo.<\/p>\n","protected":false},"featured_media":21458,"template":"","meta":{"site-sidebar-layout":"default","site-content-layout":"","ast-site-content-layout":"default","site-content-style":"default","site-sidebar-style":"default","ast-global-header-display":"","ast-banner-title-visibility":"","ast-main-header-display":"","ast-hfb-above-header-display":"","ast-hfb-below-header-display":"","ast-hfb-mobile-header-display":"","site-post-title":"","ast-breadcrumbs-content":"","ast-featured-img":"","footer-sml-layout":"","theme-transparent-header-meta":"","adv-header-id-meta":"","stick-header-meta":"","header-above-stick-meta":"","header-main-stick-meta":"","header-below-stick-meta":"","astra-migrate-meta-layouts":"default","ast-page-background-enabled":"default","ast-page-background-meta":{"desktop":{"background-color":"var(--ast-global-color-4)","background-image":"","background-repeat":"repeat","background-position":"center center","background-size":"auto","background-attachment":"scroll","background-type":"","background-media":"","overlay-type":"","overlay-color":"","overlay-opacity":"","overlay-gradient":""},"tablet":{"background-color":"","background-image":"","background-repeat":"repeat","background-position":"center center","background-size":"auto","background-attachment":"scroll","background-type":"","background-media":"","overlay-type":"","overlay-color":"","overlay-opacity":"","overlay-gradient":""},"mobile":{"background-color":"","background-image":"","background-repeat":"repeat","background-position":"center center","background-size":"auto","background-attachment":"scroll","background-type":"","background-media":"","overlay-type":"","overlay-color":"","overlay-opacity":"","overlay-gradient":""}},"ast-content-background-meta":{"desktop":{"background-color":"var(--ast-global-color-5)","background-image":"","background-repeat":"repeat","background-position":"center center","background-size":"auto","background-attachment":"scroll","background-type":"","background-media":"","overlay-type":"","overlay-color":"","overlay-opacity":"","overlay-gradient":""},"tablet":{"background-color":"var(--ast-global-color-5)","background-image":"","background-repeat":"repeat","background-position":"center center","background-size":"auto","background-attachment":"scroll","background-type":"","background-media":"","overlay-type":"","overlay-color":"","overlay-opacity":"","overlay-gradient":""},"mobile":{"background-color":"var(--ast-global-color-5)","background-image":"","background-repeat":"repeat","background-position":"center center","background-size":"auto","background-attachment":"scroll","background-type":"","background-media":"","overlay-type":"","overlay-color":"","overlay-opacity":"","overlay-gradient":""}}},"product_brand":[],"product_cat":[635],"product_tag":[],"class_list":{"0":"post-21473","1":"product","2":"type-product","3":"status-publish","4":"has-post-thumbnail","6":"product_cat-radiomicrofoni-doppio","7":"desktop-align-left","8":"tablet-align-left","9":"mobile-align-left","11":"first","12":"instock","13":"taxable","14":"shipping-taxable","15":"purchasable","16":"product-type-simple"},"_links":{"self":[{"href":"https:\/\/gigionestrumentimusicali.it\/index.php\/wp-json\/wp\/v2\/product\/21473","targetHints":{"allow":["GET"]}}],"collection":[{"href":"https:\/\/gigionestrumentimusicali.it\/index.php\/wp-json\/wp\/v2\/product"}],"about":[{"href":"https:\/\/gigionestrumentimusicali.it\/index.php\/wp-json\/wp\/v2\/types\/product"}],"wp:featuredmedia":[{"embeddable":true,"href":"https:\/\/gigionestrumentimusicali.it\/index.php\/wp-json\/wp\/v2\/media\/21458"}],"wp:attachment":[{"href":"https:\/\/gigionestrumentimusicali.it\/index.php\/wp-json\/wp\/v2\/media?parent=21473"}],"wp:term":[{"taxonomy":"product_brand","embeddable":true,"href":"https:\/\/gigionestrumentimusicali.it\/index.php\/wp-json\/wp\/v2\/product_brand?post=21473"},{"taxonomy":"product_cat","embeddable":true,"href":"https:\/\/gigionestrumentimusicali.it\/index.php\/wp-json\/wp\/v2\/product_cat?post=21473"},{"taxonomy":"product_tag","embeddable":true,"href":"https:\/\/gigionestrumentimusicali.it\/index.php\/wp-json\/wp\/v2\/product_tag?post=21473"}],"curies":[{"name":"wp","href":"https:\/\/api.w.org\/{rel}","templated":true}]}}