{"id":21546,"date":"2024-10-30T11:58:50","date_gmt":"2024-10-30T11:58:50","guid":{"rendered":"https:\/\/gigionestrumentimusicali.it\/index.php\/product\/akg-wms-45-perception-instrumental-set\/"},"modified":"2026-04-14T00:22:22","modified_gmt":"2026-04-14T00:22:22","slug":"akg-wms-45-perception-instrumental-set","status":"publish","type":"product","link":"https:\/\/gigionestrumentimusicali.it\/index.php\/product\/akg-wms-45-perception-instrumental-set\/","title":{"rendered":"AKG WMS 45 PERCEPTION INSTRUMENTAL SET"},"content":{"rendered":"<p>  MICROFONO WIRELESS PER STRUMENTI<\/p>\n<p>La tecnologia unica HDAP (High Definition Audio Performance) assicura il suono  migliore possibile, pi\u00f9 realistico, in qualsiasi momento. Il mini ricevitore SR  40 dispone di tre LED di stato che indicano lo stato ON \/ OFF, la potenza del segnale  ricevuto (RF OK), e l&#8217;audio clipping (AF CLIP). Il controllo VOLUME regola il livello  di uscita sul jack \u00bc&#8221;. L&#8217;alimentazione in modalit\u00e0 commutata opera su qualsiasi  tensione AC dalla 110 a 240V e comprende gli adattatori EU, UK e USA. Il PT 40 Mini  \u00e8 probabilmente il trasmettitore tascabile pi\u00f9 piccolo e leggero della sua categoria.  Un affidabile di uscita mini XLR consente il collegamento di ogni microfono in miniatura  AKG compatibile. La durata della batteria del trasmettitore \u00e8 la stessa mitica &#8220;30  ore per singola batteria AA&#8221;, riducendo la necessit\u00e0 di sostituire le batterie,  e quindi risparmiando realmente denaro nel lungo periodo.<\/p>\n<p>  \u00a0<\/p>\n<p>  <span style=\"color:#000080\">Caratteristiche principali<\/span><\/p>\n<p>  <b style=\"font-family: arial, verdana, helvetica, sans-serif;font-size: 13px;font-style: normal;font-variant: normal;letter-spacing: normal;line-height: normal;text-align: start;text-indent: 0px;text-transform: none;white-space: normal\">RICEVITORE  SR 40 MINI<\/b><\/p>\n<p>  Intervallo frequenza portante: 660 &#8211; 865 MHz, 1 fixed frequency<\/p>\n<p>  Larghezza di banda audio: 40 HZ &#8211; kHz<\/p>\n<p>  THD: 0,8% @1 kHz<\/p>\n<p>  Rapporto Segnale\/Rumore: 110 dB(A)<\/p>\n<p>  Uscite audio: bal. 1\/4&#8243; jack, livello output regolabile<\/p>\n<p>  Alimentazione: 110\/240 VAC<\/p>\n<p>  Dimensioni: 133 x 43 x 132mm<\/p>\n<p>  Peso: 581g<span class=\"Apple-converted-space\">\u00a0<\/span><br \/><b>TRASMETTITORE  PT 40 MINI<\/b><\/p>\n<p>  Intervallo frequenza portante: 660 &#8211; 865 MHz, 1 fixed frequency<\/p>\n<p>  Larghezza di banda audio: 40Hz &#8211; 20kHz<\/p>\n<p>  THD: 0,8% @1 kHz<\/p>\n<p>  Rapporto Segnale\/Rumore: 110 dB(A)<\/p>\n<p>  Uscita RF tipica: 10 mW (ERP)<\/p>\n<p>  Durata batteria: 30h (per 2200 mAh) con una batterai AA<\/p>\n<p>  Dimensioni: 60 x 75,5 x 30 mm<\/p>\n<p>  Peso: 60g<\/p>\n<p>  \u00a0<\/p>\n","protected":false},"excerpt":{"rendered":"<p>AKG &#8211; WMS45 INSTRUMENTAL SET BAND-A &#8211; High-performance wireless microphone system<\/p>\n<p>The Perception Wireless high performance Instrumental Set delivers brilliant sound for an exceptionally wide range of applications. The included PT45 body-pack transmitter is the smallest and lightest transmitter in its class. It provides a professional three-pin mini XLR connector and can be used with the included guitar cable or one of the optionally available AKG miniature microphones.<\/p>\n<p>In the box :<\/p>\n<p>1 x SR45 Receiver<br \/>1 x PT45 Body-pack transmitter<br \/>1 x MKG L Instrument cable<br \/>1 x Universal power supply with US<\/p>\n","protected":false},"featured_media":21542,"template":"","meta":{"site-sidebar-layout":"default","site-content-layout":"","ast-site-content-layout":"default","site-content-style":"default","site-sidebar-style":"default","ast-global-header-display":"","ast-banner-title-visibility":"","ast-main-header-display":"","ast-hfb-above-header-display":"","ast-hfb-below-header-display":"","ast-hfb-mobile-header-display":"","site-post-title":"","ast-breadcrumbs-content":"","ast-featured-img":"","footer-sml-layout":"","theme-transparent-header-meta":"","adv-header-id-meta":"","stick-header-meta":"","header-above-stick-meta":"","header-main-stick-meta":"","header-below-stick-meta":"","astra-migrate-meta-layouts":"default","ast-page-background-enabled":"default","ast-page-background-meta":{"desktop":{"background-color":"var(--ast-global-color-4)","background-image":"","background-repeat":"repeat","background-position":"center center","background-size":"auto","background-attachment":"scroll","background-type":"","background-media":"","overlay-type":"","overlay-color":"","overlay-opacity":"","overlay-gradient":""},"tablet":{"background-color":"","background-image":"","background-repeat":"repeat","background-position":"center center","background-size":"auto","background-attachment":"scroll","background-type":"","background-media":"","overlay-type":"","overlay-color":"","overlay-opacity":"","overlay-gradient":""},"mobile":{"background-color":"","background-image":"","background-repeat":"repeat","background-position":"center center","background-size":"auto","background-attachment":"scroll","background-type":"","background-media":"","overlay-type":"","overlay-color":"","overlay-opacity":"","overlay-gradient":""}},"ast-content-background-meta":{"desktop":{"background-color":"var(--ast-global-color-5)","background-image":"","background-repeat":"repeat","background-position":"center center","background-size":"auto","background-attachment":"scroll","background-type":"","background-media":"","overlay-type":"","overlay-color":"","overlay-opacity":"","overlay-gradient":""},"tablet":{"background-color":"var(--ast-global-color-5)","background-image":"","background-repeat":"repeat","background-position":"center center","background-size":"auto","background-attachment":"scroll","background-type":"","background-media":"","overlay-type":"","overlay-color":"","overlay-opacity":"","overlay-gradient":""},"mobile":{"background-color":"var(--ast-global-color-5)","background-image":"","background-repeat":"repeat","background-position":"center center","background-size":"auto","background-attachment":"scroll","background-type":"","background-media":"","overlay-type":"","overlay-color":"","overlay-opacity":"","overlay-gradient":""}}},"product_brand":[],"product_cat":[636],"product_tag":[],"class_list":{"0":"post-21546","1":"product","2":"type-product","3":"status-publish","4":"has-post-thumbnail","6":"product_cat-trasmettitori-per-strumenti","7":"desktop-align-left","8":"tablet-align-left","9":"mobile-align-left","11":"first","12":"instock","13":"taxable","14":"shipping-taxable","15":"purchasable","16":"product-type-simple"},"_links":{"self":[{"href":"https:\/\/gigionestrumentimusicali.it\/index.php\/wp-json\/wp\/v2\/product\/21546","targetHints":{"allow":["GET"]}}],"collection":[{"href":"https:\/\/gigionestrumentimusicali.it\/index.php\/wp-json\/wp\/v2\/product"}],"about":[{"href":"https:\/\/gigionestrumentimusicali.it\/index.php\/wp-json\/wp\/v2\/types\/product"}],"wp:featuredmedia":[{"embeddable":true,"href":"https:\/\/gigionestrumentimusicali.it\/index.php\/wp-json\/wp\/v2\/media\/21542"}],"wp:attachment":[{"href":"https:\/\/gigionestrumentimusicali.it\/index.php\/wp-json\/wp\/v2\/media?parent=21546"}],"wp:term":[{"taxonomy":"product_brand","embeddable":true,"href":"https:\/\/gigionestrumentimusicali.it\/index.php\/wp-json\/wp\/v2\/product_brand?post=21546"},{"taxonomy":"product_cat","embeddable":true,"href":"https:\/\/gigionestrumentimusicali.it\/index.php\/wp-json\/wp\/v2\/product_cat?post=21546"},{"taxonomy":"product_tag","embeddable":true,"href":"https:\/\/gigionestrumentimusicali.it\/index.php\/wp-json\/wp\/v2\/product_tag?post=21546"}],"curies":[{"name":"wp","href":"https:\/\/api.w.org\/{rel}","templated":true}]}}