{"id":21604,"date":"2024-10-30T11:59:48","date_gmt":"2024-10-30T11:59:48","guid":{"rendered":"https:\/\/gigionestrumentimusicali.it\/index.php\/product\/electro-voice-pl-80-a-microfono-per-voce-supercardioide\/"},"modified":"2026-04-04T20:56:48","modified_gmt":"2026-04-04T20:56:48","slug":"electro-voice-pl-80-a-microfono-per-voce-supercardioide","status":"publish","type":"product","link":"https:\/\/gigionestrumentimusicali.it\/index.php\/product\/electro-voice-pl-80-a-microfono-per-voce-supercardioide\/","title":{"rendered":"ELECTRO VOICE PL 80 A MICROFONO PER VOCE SUPERCARDIOIDE"},"content":{"rendered":"<p>  IL NUOVO PL80A \u00c8 UN MICROFONO DINAMICO SUPERCARDIOIDE PROFESSIONALE PER VOCE IN  APPLICAZIONI AUDIO LIVE.IL SUO SUONO FORTE E DETTAGLIATO, PRIVO DI COLORAZIONI,  SI ADATTA MOLTO BENE A QUALSIASI VOCE.L\u00bfISOLAMENTO, GARANTITO DAL SUO DIAGRAMMA  POLARE SUPERCARDIOIDE, RAPPRESENTA UNA DIFESA ECCEZIONALE CONTRO FEEDBACK EMANATI  DA SORGENTI SONORE VICINE.NE RISULTA UN PI\u00d9 ALTO GUADAGNO PRIMA DEL FEEDBACK E STAGE  MIXES PI\u00d9 TRASPARENTI.SEBBENE IL PL80A SIA STATO PROGETTATO PER ESSERE UN MICROFONO  VOCE PER MUSICA E PARLATO PU\u00d2 ESSERE UTILIZZATO COME MICROFONO PER STRUMENTI O AMPLIFICATORI  NELLE SITUAZIONI IN CUI CI SIA LA NECESSIT\u00c0 DI AVERE UNA CAPSULA DINAMICA.COME LA  MAGGIOR PARTE DEI MICROFONI DIREZIONALI, LA RISPOSTA ALLE BASSE FREQUENZE DEL MICROFONO  PL80 VARIA IN BASE ALLA DISTANZA DALLA SORGENTE SONORA.L\u00bfEFFETTO PROSSIMIT\u00c0 PU\u00d2  ESSERE UTILIZZATO A VANTAGGIO DELL\u00bfUTILIZZATORE.QUANDO I VOCALIST DIMINUISCONO LA  DISTANZA DI IMPIEGO DEL MICROFONO, LE BASSE FREQUENZE RISULTANO ENFATIZZATE.LA VICINANZA  DEL MICROFONO RIDURR\u00c0 ANCHE IL POTENZIALE PER IL FEEDBACK DAL SISTEMA AUDIO.QUANDO  IL MICROFONO VIENE AVVICINATO, IL BASS-BOOST FORNISCE UN AUMENTO GENERALE DEL LIVELLO  DI USCITA DEL MICROFONO. CAPSULA: DINAMICA CON STRUTTURA MAGNETICA AL NEODIMIO RISPOSTA  IN FREQUENZA: 80HZ \u00bf 16,000 HZ DIAGRAMMA POLARE: SUPERCARDIOIDE SENSIBILIT\u00c0, 1KHZ:  2.2 MV\/PA (-53 DBV) POLARIT\u00c0: TENSIONE POSITIVA SUL PIN 2 RELATIVO AL PIN 3 IMPEDENZA  NOMINALE: 600 OHM CONNETTORE : XLR 3 PIN FINITURA: IMPUGNATURA IN METALLO NERO SATINATO  CON GRIGLIA MEMRAFLEX\u00c4 DIMENSIONI: LUNGHEZZA: 189 MMLARGHEZZA: 50.7 MMSHANK: 25.6  MM ACCESSORI INCLUSI: ADATTATORE PER ASTA CON FILETTATURA DI TIPO EUROPEO, ASTUCCIO  CON CERNIERA PESO: 333 G<\/p>\n","protected":false},"excerpt":{"rendered":"<p>IL NUOVO PL80A &Egrave; UN MICROFONO DINAMICO SUPERCARDIOIDE PROFESSIONALE PER VOCE IN APPLICAZIONI AUDIO LIVE.IL SUO SUONO FORTE E DETTAGLIATO, PRIVO DI COLORAZIONI, SI ADATTA MOLTO BENE A QUALSIASI VOCE.L&iquest;ISOLAMENTO, GARANTITO DAL SUO DIAGRAMMA POLARE SUPERCARDIOIDE, RAPPRESENTA UNA DIFESA ECCEZIONALE CONTRO FEEDBACK EMANATI DA SORGENTI SONORE VICINE.NE RISULTA UN PI&Ugrave; ALTO GUADAGNO PRIMA DEL FEEDBACK E STAGE MIXES PI&Ugrave; TRASPARENTI.SEBBENE IL PL80A SIA STATO PROGETTATO PER ESSERE UN MICROFONO VOCE PER MUSICA E PARLATO PU&Ograve; ESSERE UTILIZZATO COME MICROFONO PER STRUMENTI O AMPLIFICATORI NELLE SITUAZIONI IN CUI CI SIA LA NECESSIT&Agrave; DI AVERE UNA CAPSULA DINAMICA.COME LA MAGGIOR PARTE DEI MICROFONI DIREZIONALI, LA RISPOSTA ALLE BASSE FREQUENZE DEL MICROFONO PL80 VARIA IN BASE ALLA DISTANZA DALLA SORGENTE SONORA.L&iquest;EFFETTO PROSSIMIT&Agrave; PU&Ograve; ESSERE UTILIZZATO A VANTAGGIO DELL&iquest;UTILIZZATORE.QUANDO I VOCALIST DIMINUISCONO LA DISTANZA DI IMPIEGO DEL MICROFONO, LE BASSE FREQUENZE RISULTANO ENFATIZZATE.LA VICINANZA DEL MICROFONO RIDURR&Agrave; ANCHE IL POTENZIALE PER IL FEEDBACK DAL SISTEMA AUDIO.QUANDO IL MICROFONO VIENE AVVICINATO, IL BASS-BOOST FORNISCE UN AUMENTO GENERALE DEL LIVELLO DI USCITA DEL MICROFONO. CAPSULA: DINAMICA CON STRUTTURA MAGNETICA AL NEODIMIO RISPOSTA IN FREQUENZA: 80HZ &iquest; 16,000 HZ DIAGRAMMA POLARE: SUPERCARDIOIDE SENSIBILIT&Agrave;, 1KHZ: 2.2 MV\/PA (-53 DBV) POLARIT&Agrave;: TENSIONE POSITIVA SUL PIN 2 RELATIVO AL PIN 3 IMPEDENZA NOMINALE: 600 OHM CONNETTORE : XLR 3 PIN FINITURA: IMPUGNATURA IN METALLO NERO SATINATO CON GRIGLIA MEMRAFLEX&Auml; DIMENSIONI: LUNGHEZZA: 189 MMLARGHEZZA: 50.7 MMSHANK: 25.6 MM ACCESSORI INCLUSI: ADATTATORE PER ASTA CON FILETTATURA DI TIPO EUROPEO, ASTUCCIO CON CERNIERA PESO: 333 G<\/p>\n","protected":false},"featured_media":21596,"template":"","meta":{"site-sidebar-layout":"default","site-content-layout":"","ast-site-content-layout":"default","site-content-style":"default","site-sidebar-style":"default","ast-global-header-display":"","ast-banner-title-visibility":"","ast-main-header-display":"","ast-hfb-above-header-display":"","ast-hfb-below-header-display":"","ast-hfb-mobile-header-display":"","site-post-title":"","ast-breadcrumbs-content":"","ast-featured-img":"","footer-sml-layout":"","theme-transparent-header-meta":"","adv-header-id-meta":"","stick-header-meta":"","header-above-stick-meta":"","header-main-stick-meta":"","header-below-stick-meta":"","astra-migrate-meta-layouts":"default","ast-page-background-enabled":"default","ast-page-background-meta":{"desktop":{"background-color":"var(--ast-global-color-4)","background-image":"","background-repeat":"repeat","background-position":"center center","background-size":"auto","background-attachment":"scroll","background-type":"","background-media":"","overlay-type":"","overlay-color":"","overlay-opacity":"","overlay-gradient":""},"tablet":{"background-color":"","background-image":"","background-repeat":"repeat","background-position":"center center","background-size":"auto","background-attachment":"scroll","background-type":"","background-media":"","overlay-type":"","overlay-color":"","overlay-opacity":"","overlay-gradient":""},"mobile":{"background-color":"","background-image":"","background-repeat":"repeat","background-position":"center center","background-size":"auto","background-attachment":"scroll","background-type":"","background-media":"","overlay-type":"","overlay-color":"","overlay-opacity":"","overlay-gradient":""}},"ast-content-background-meta":{"desktop":{"background-color":"var(--ast-global-color-5)","background-image":"","background-repeat":"repeat","background-position":"center center","background-size":"auto","background-attachment":"scroll","background-type":"","background-media":"","overlay-type":"","overlay-color":"","overlay-opacity":"","overlay-gradient":""},"tablet":{"background-color":"var(--ast-global-color-5)","background-image":"","background-repeat":"repeat","background-position":"center center","background-size":"auto","background-attachment":"scroll","background-type":"","background-media":"","overlay-type":"","overlay-color":"","overlay-opacity":"","overlay-gradient":""},"mobile":{"background-color":"var(--ast-global-color-5)","background-image":"","background-repeat":"repeat","background-position":"center center","background-size":"auto","background-attachment":"scroll","background-type":"","background-media":"","overlay-type":"","overlay-color":"","overlay-opacity":"","overlay-gradient":""}}},"product_brand":[],"product_cat":[624],"product_tag":[710,730,732],"class_list":{"0":"post-21604","1":"product","2":"type-product","3":"status-publish","4":"has-post-thumbnail","6":"product_cat-microfoni-per-voce","7":"product_tag-bbe","8":"product_tag-ernie-ball","9":"product_tag-ev-electro-voice","10":"desktop-align-left","11":"tablet-align-left","12":"mobile-align-left","14":"first","15":"instock","16":"taxable","17":"shipping-taxable","18":"purchasable","19":"product-type-simple"},"_links":{"self":[{"href":"https:\/\/gigionestrumentimusicali.it\/index.php\/wp-json\/wp\/v2\/product\/21604","targetHints":{"allow":["GET"]}}],"collection":[{"href":"https:\/\/gigionestrumentimusicali.it\/index.php\/wp-json\/wp\/v2\/product"}],"about":[{"href":"https:\/\/gigionestrumentimusicali.it\/index.php\/wp-json\/wp\/v2\/types\/product"}],"wp:featuredmedia":[{"embeddable":true,"href":"https:\/\/gigionestrumentimusicali.it\/index.php\/wp-json\/wp\/v2\/media\/21596"}],"wp:attachment":[{"href":"https:\/\/gigionestrumentimusicali.it\/index.php\/wp-json\/wp\/v2\/media?parent=21604"}],"wp:term":[{"taxonomy":"product_brand","embeddable":true,"href":"https:\/\/gigionestrumentimusicali.it\/index.php\/wp-json\/wp\/v2\/product_brand?post=21604"},{"taxonomy":"product_cat","embeddable":true,"href":"https:\/\/gigionestrumentimusicali.it\/index.php\/wp-json\/wp\/v2\/product_cat?post=21604"},{"taxonomy":"product_tag","embeddable":true,"href":"https:\/\/gigionestrumentimusicali.it\/index.php\/wp-json\/wp\/v2\/product_tag?post=21604"}],"curies":[{"name":"wp","href":"https:\/\/api.w.org\/{rel}","templated":true}]}}