{"id":22238,"date":"2024-11-07T09:42:29","date_gmt":"2024-11-07T09:42:29","guid":{"rendered":"https:\/\/gigionestrumentimusicali.it\/index.php\/product\/eko-baio-a-acoustic-multieffetto-con-ir-integrati-per-chitarra-acustica-classica-e-basso-acustico\/"},"modified":"2026-04-04T20:54:45","modified_gmt":"2026-04-04T20:54:45","slug":"eko-baio-a-acoustic-multieffetto-con-ir-integrati-per-chitarra-acustica-classica-e-basso-acustico","status":"publish","type":"product","link":"https:\/\/gigionestrumentimusicali.it\/index.php\/product\/eko-baio-a-acoustic-multieffetto-con-ir-integrati-per-chitarra-acustica-classica-e-basso-acustico\/","title":{"rendered":"EKO BAIO A ACOUSTIC MULTIEFFETTO CON IR INTEGRATI PER CHITARRA ACUSTICA, CLASSICA E BASSO ACUSTICO"},"content":{"rendered":"<p>Il Baio A \u00e8 il pedale multieffetto con IR integrati per chitarra acustica, classica e basso acustico di Eko Guitars. Presenta 8 IR di strumenti acustici microfonati, controlli di tono completi, compressore, antifeedback, chorus, tremolo, reverb, delay, tuner incorporato con funzione di mute, ingresso e uscita jack per strumento, uscita stereo per le cuffie, connessione bluetooth e porte usb dedicate per l&#8217;utilizzo come scheda audio in ingresso sia per PC\/Mac, sia per smartphone. Il pedale ideale con cui avrai i tuoi suoni sempre con te.<br \/>Grazie ai suoi 16cm di lunghezza, appena 6cm di larghezza e 260g di peso, Baio \u00e8 il sistema multieffetto all-in-one in grado di offrire tutte le caratteristiche e funzionalit\u00e0 indispensabili al chitarrista e bassista moderno. Facile da traportare e super resistente grazie allo chassis metallico, consente una gestione totale del proprio sound.<br \/>Per la sezione preamp hai a disposizione un eq a tre bande, compressione e antifeedback. La sezione delle modulazioni, accessibile tramite il controllo Mod, consente di aggiungere chorus e tremolo; il delay e riverbero sono attivabili dalla apposita manopola, tempo del delay e quantit\u00e0 del riverbero regolabili dalla manopola Time. Il controllo IR consente di selezionare fra otto Impulse Response creati appositamente per Baio da Massimo Varini, il quale ha scelto e adattato alcuni fra i migliori IR marcati DrapSound. Con il controllo Out gestisci il volume in uscita e tramite i tre pulsanti a pedale potrai passare dalla modalit\u00e0 Preset per il cambio degli stessi, alla modalit\u00e0 Live che ti permetter\u00e0 di gestire separatamente IR, Delay\/Rev, Chorus\/Tremolo e sezione preamp. Sempre con gli switch a pedale, puoi azionare il Bluetooth che ti consentir\u00e0 di riprodurre le tue backing track preferite tramite un device esterno o attivare l&#8217;accordatore integrato, con il quale \u00e8 possibile anche interrompere completamente il segnale in uscita (mute).<br \/>Il pannello posteriore presenta due terminali jack standard per l&#8217;ingresso e l&#8217;uscita, l&#8217;interruttore d&#8217;accensione, la presa USB per l&#8217;alimentazione del pedale e la ricarica della batteria e la connessione al computer per l&#8217;utilizzo come scheda audio. Con la presa Phone \u00e8 possibile utilizzare l&#8217;apposito cavo per collegare lo Smartphone e utilizzare Baio come scheda audio anche sul proprio telefono. E&#8217; presente altres\u00ec un&#8217;uscita per le cuffie che ti consentir\u00e0 di ascoltare contemporaneamente il segnale dello strumento e un eventuale riproduzione Bluetooth.<\/p>\n<p>Caratteristiche<br \/>8 IR (Impulse Response) di strumenti acustici microfonati, realizzati da DrapSound scelti e adattati al Baio da Massimo Varini<br \/>Controlli di tono completi<br \/>1x Controllo della Dinamica del suono (compressore)<br \/>1x Controllo Antifeedback<br \/>2x Effetti di modulazione (Chorus e Tremolo)<br \/>2x Effetti di delay:Reverb e Delay regolabile in quantit\u00e0 e lunghezza<br \/>Funzione Live o Preset (3 Preset memorizzabili)<br \/>Tuner incorporato con funzione di Mute<br \/>Funziona a batterie ricaricabili (incorporate per 6 ore di utilizzo continuo). Si ricaricano via USB e il pedale pu\u00f2 funzionare durante la ricarica<br \/>Funziona come scheda audio se collegato via USB ad un computer<br \/>Collegato ad uno smartphone funziona come scheda audio<br \/>L&#8217;uscita del Baio \u00e8 analogica su mini jack e la compatibilit\u00e0 con i diversi modelli e sistemi operativi degli smarphone o tablet dipende dai device stessi<br \/>Funzione Bluetooth (input) per poter riprodurre basi da un qualsiasi dispositivo dotato di BT<br \/>Quello che arriva dal BT viene indirizzato alle uscite audio e si miscela dal volume del dispositivo regolandolo in base al volume di output di Baio<br \/>Ingresso: Jack mono TS standard da 1\/4&#8243;<br \/>Uscita: Jack mono TS standard da 1\/4&#8243;<br \/>Sample Rate: 48k\/24bit<br \/>Batteria: 600mah<br \/>Accessori inclusi: manuale utente, cavo di ricarica\/USB, cavo collegamento smartphone<br \/>Dimensioni (LxPxH): 162 x 61 x 23mm<br \/>Peso: 260g<\/p>\n","protected":false},"excerpt":{"rendered":"<p>Il Baio A \u00e8 il pedale multieffetto con IR integrati per chitarra acustica, classica e basso acustico di Eko Guitars. Presenta 8 IR di strumenti acustici microfonati, controlli di tono completi, compressore, antifeedback, chorus, tremolo, reverb, delay, tuner incorporato con funzione di mute, ingresso e uscita jack per strumento, uscita stereo per le cuffie, connessione [&hellip;]<\/p>\n","protected":false},"featured_media":22771,"template":"","meta":{"site-sidebar-layout":"default","site-content-layout":"","ast-site-content-layout":"default","site-content-style":"default","site-sidebar-style":"default","ast-global-header-display":"","ast-banner-title-visibility":"","ast-main-header-display":"","ast-hfb-above-header-display":"","ast-hfb-below-header-display":"","ast-hfb-mobile-header-display":"","site-post-title":"","ast-breadcrumbs-content":"","ast-featured-img":"","footer-sml-layout":"","theme-transparent-header-meta":"","adv-header-id-meta":"","stick-header-meta":"","header-above-stick-meta":"","header-main-stick-meta":"","header-below-stick-meta":"","astra-migrate-meta-layouts":"default","ast-page-background-enabled":"default","ast-page-background-meta":{"desktop":{"background-color":"var(--ast-global-color-4)","background-image":"","background-repeat":"repeat","background-position":"center center","background-size":"auto","background-attachment":"scroll","background-type":"","background-media":"","overlay-type":"","overlay-color":"","overlay-opacity":"","overlay-gradient":""},"tablet":{"background-color":"","background-image":"","background-repeat":"repeat","background-position":"center center","background-size":"auto","background-attachment":"scroll","background-type":"","background-media":"","overlay-type":"","overlay-color":"","overlay-opacity":"","overlay-gradient":""},"mobile":{"background-color":"","background-image":"","background-repeat":"repeat","background-position":"center center","background-size":"auto","background-attachment":"scroll","background-type":"","background-media":"","overlay-type":"","overlay-color":"","overlay-opacity":"","overlay-gradient":""}},"ast-content-background-meta":{"desktop":{"background-color":"var(--ast-global-color-5)","background-image":"","background-repeat":"repeat","background-position":"center center","background-size":"auto","background-attachment":"scroll","background-type":"","background-media":"","overlay-type":"","overlay-color":"","overlay-opacity":"","overlay-gradient":""},"tablet":{"background-color":"var(--ast-global-color-5)","background-image":"","background-repeat":"repeat","background-position":"center center","background-size":"auto","background-attachment":"scroll","background-type":"","background-media":"","overlay-type":"","overlay-color":"","overlay-opacity":"","overlay-gradient":""},"mobile":{"background-color":"var(--ast-global-color-5)","background-image":"","background-repeat":"repeat","background-position":"center center","background-size":"auto","background-attachment":"scroll","background-type":"","background-media":"","overlay-type":"","overlay-color":"","overlay-opacity":"","overlay-gradient":""}}},"product_brand":[],"product_cat":[457],"product_tag":[],"class_list":{"0":"post-22238","1":"product","2":"type-product","3":"status-publish","4":"has-post-thumbnail","6":"product_cat-multieffetto-per-chitarra","7":"desktop-align-left","8":"tablet-align-left","9":"mobile-align-left","11":"first","12":"instock","13":"taxable","14":"shipping-taxable","15":"purchasable","16":"product-type-simple"},"_links":{"self":[{"href":"https:\/\/gigionestrumentimusicali.it\/index.php\/wp-json\/wp\/v2\/product\/22238","targetHints":{"allow":["GET"]}}],"collection":[{"href":"https:\/\/gigionestrumentimusicali.it\/index.php\/wp-json\/wp\/v2\/product"}],"about":[{"href":"https:\/\/gigionestrumentimusicali.it\/index.php\/wp-json\/wp\/v2\/types\/product"}],"wp:featuredmedia":[{"embeddable":true,"href":"https:\/\/gigionestrumentimusicali.it\/index.php\/wp-json\/wp\/v2\/media\/22771"}],"wp:attachment":[{"href":"https:\/\/gigionestrumentimusicali.it\/index.php\/wp-json\/wp\/v2\/media?parent=22238"}],"wp:term":[{"taxonomy":"product_brand","embeddable":true,"href":"https:\/\/gigionestrumentimusicali.it\/index.php\/wp-json\/wp\/v2\/product_brand?post=22238"},{"taxonomy":"product_cat","embeddable":true,"href":"https:\/\/gigionestrumentimusicali.it\/index.php\/wp-json\/wp\/v2\/product_cat?post=22238"},{"taxonomy":"product_tag","embeddable":true,"href":"https:\/\/gigionestrumentimusicali.it\/index.php\/wp-json\/wp\/v2\/product_tag?post=22238"}],"curies":[{"name":"wp","href":"https:\/\/api.w.org\/{rel}","templated":true}]}}