{"id":22319,"date":"2024-11-08T09:02:12","date_gmt":"2024-11-08T09:02:12","guid":{"rendered":"https:\/\/gigionestrumentimusicali.it\/index.php\/product\/yamaha-gns-ms-01-sistema-di-amplificazione-2-1-per-genos\/"},"modified":"2026-04-07T09:36:37","modified_gmt":"2026-04-07T09:36:37","slug":"yamaha-gns-ms-01-sistema-di-amplificazione-2-1-per-genos","status":"publish","type":"product","link":"https:\/\/gigionestrumentimusicali.it\/index.php\/product\/yamaha-gns-ms-01-sistema-di-amplificazione-2-1-per-genos\/","title":{"rendered":"YAMAHA GNS MS 01 Sistema di Amplificazione 2.1 per Genos"},"content":{"rendered":"<p>Descrizione<br \/>Questo sistema di altoparlanti 2.1 \u00e8 stato progettato appositamente per le Workstation Genos. Due satelliti da 20W ed un subwoofer da 40W massimizzano la capacit\u00e0 sonora del Genos. L&#8217;installazione dei GNMS01 sul Genos \u00e8 semplice, collega i cavi direttamente a ciascun altoparlante del Genos, non sar\u00e0 pi\u00f9 necessario preoccuparsi della gestione dei cavi.<br \/>Potenza Satelliti: 20W + 20W (1kHz, 4 O)<br \/>Potenza Subwoofer: 40W (60Hz, 8 O)<br \/>Risposta in frequenza: 40Hz &#8211; 20kHz (-10dB)<br \/>Tweeter: 0,8&#8243; (2cm), 5O<br \/>Midrange: 3&#8243; (8cm) con schermatura magnetica (4,5O)<br \/>Subwoofer: 6,5&#8243; (16 cm), \ud83d\ude2f<br \/>Dimensioni satelliti: 110 x 179 x 157mm<br \/>Dimensioni Subwoofer: 351 x 343 x 221mm<br \/>Consumo energetico: 48W<br \/>Alimentazione: 100 &#8211; 240V, 50\/60Hz<br \/>Peso Satelliti: 2,2kg<br \/>Peso Subwoofer: 6,5kg<\/p>\n","protected":false},"excerpt":{"rendered":"<p>DescrizioneQuesto sistema di altoparlanti 2.1 \u00e8 stato progettato appositamente per le Workstation Genos. Due satelliti da 20W ed un subwoofer da 40W massimizzano la capacit\u00e0 sonora del Genos. L&#8217;installazione dei GNMS01 sul Genos \u00e8 semplice, collega i cavi direttamente a ciascun altoparlante del Genos, non sar\u00e0 pi\u00f9 necessario preoccuparsi della gestione dei cavi.Potenza Satelliti: 20W [&hellip;]<\/p>\n","protected":false},"featured_media":23731,"template":"","meta":{"site-sidebar-layout":"default","site-content-layout":"","ast-site-content-layout":"default","site-content-style":"default","site-sidebar-style":"default","ast-global-header-display":"","ast-banner-title-visibility":"","ast-main-header-display":"","ast-hfb-above-header-display":"","ast-hfb-below-header-display":"","ast-hfb-mobile-header-display":"","site-post-title":"","ast-breadcrumbs-content":"","ast-featured-img":"","footer-sml-layout":"","theme-transparent-header-meta":"","adv-header-id-meta":"","stick-header-meta":"","header-above-stick-meta":"","header-main-stick-meta":"","header-below-stick-meta":"","astra-migrate-meta-layouts":"default","ast-page-background-enabled":"default","ast-page-background-meta":{"desktop":{"background-color":"var(--ast-global-color-4)","background-image":"","background-repeat":"repeat","background-position":"center center","background-size":"auto","background-attachment":"scroll","background-type":"","background-media":"","overlay-type":"","overlay-color":"","overlay-opacity":"","overlay-gradient":""},"tablet":{"background-color":"","background-image":"","background-repeat":"repeat","background-position":"center center","background-size":"auto","background-attachment":"scroll","background-type":"","background-media":"","overlay-type":"","overlay-color":"","overlay-opacity":"","overlay-gradient":""},"mobile":{"background-color":"","background-image":"","background-repeat":"repeat","background-position":"center center","background-size":"auto","background-attachment":"scroll","background-type":"","background-media":"","overlay-type":"","overlay-color":"","overlay-opacity":"","overlay-gradient":""}},"ast-content-background-meta":{"desktop":{"background-color":"var(--ast-global-color-5)","background-image":"","background-repeat":"repeat","background-position":"center center","background-size":"auto","background-attachment":"scroll","background-type":"","background-media":"","overlay-type":"","overlay-color":"","overlay-opacity":"","overlay-gradient":""},"tablet":{"background-color":"var(--ast-global-color-5)","background-image":"","background-repeat":"repeat","background-position":"center center","background-size":"auto","background-attachment":"scroll","background-type":"","background-media":"","overlay-type":"","overlay-color":"","overlay-opacity":"","overlay-gradient":""},"mobile":{"background-color":"var(--ast-global-color-5)","background-image":"","background-repeat":"repeat","background-position":"center center","background-size":"auto","background-attachment":"scroll","background-type":"","background-media":"","overlay-type":"","overlay-color":"","overlay-opacity":"","overlay-gradient":""}}},"product_brand":[],"product_cat":[667],"product_tag":[],"class_list":{"0":"post-22319","1":"product","2":"type-product","3":"status-publish","4":"has-post-thumbnail","6":"product_cat-arranger","7":"desktop-align-left","8":"tablet-align-left","9":"mobile-align-left","11":"first","12":"instock","13":"taxable","14":"shipping-taxable","15":"purchasable","16":"product-type-simple"},"_links":{"self":[{"href":"https:\/\/gigionestrumentimusicali.it\/index.php\/wp-json\/wp\/v2\/product\/22319","targetHints":{"allow":["GET"]}}],"collection":[{"href":"https:\/\/gigionestrumentimusicali.it\/index.php\/wp-json\/wp\/v2\/product"}],"about":[{"href":"https:\/\/gigionestrumentimusicali.it\/index.php\/wp-json\/wp\/v2\/types\/product"}],"wp:featuredmedia":[{"embeddable":true,"href":"https:\/\/gigionestrumentimusicali.it\/index.php\/wp-json\/wp\/v2\/media\/23731"}],"wp:attachment":[{"href":"https:\/\/gigionestrumentimusicali.it\/index.php\/wp-json\/wp\/v2\/media?parent=22319"}],"wp:term":[{"taxonomy":"product_brand","embeddable":true,"href":"https:\/\/gigionestrumentimusicali.it\/index.php\/wp-json\/wp\/v2\/product_brand?post=22319"},{"taxonomy":"product_cat","embeddable":true,"href":"https:\/\/gigionestrumentimusicali.it\/index.php\/wp-json\/wp\/v2\/product_cat?post=22319"},{"taxonomy":"product_tag","embeddable":true,"href":"https:\/\/gigionestrumentimusicali.it\/index.php\/wp-json\/wp\/v2\/product_tag?post=22319"}],"curies":[{"name":"wp","href":"https:\/\/api.w.org\/{rel}","templated":true}]}}