{"id":22347,"date":"2024-11-08T10:00:58","date_gmt":"2024-11-08T10:00:58","guid":{"rendered":"https:\/\/gigionestrumentimusicali.it\/index.php\/product\/fender-custom-shop-chevron-logo-barstool-black-chrome-24-9192022005\/"},"modified":"2026-04-04T03:20:35","modified_gmt":"2026-04-04T03:20:35","slug":"fender-custom-shop-chevron-logo-barstool-black-chrome-24-9192022005","status":"publish","type":"product","link":"https:\/\/gigionestrumentimusicali.it\/index.php\/product\/fender-custom-shop-chevron-logo-barstool-black-chrome-24-9192022005\/","title":{"rendered":"FENDER CUSTOM SHOP CHEVRON LOGO BARSTOOL BLACK\/CHROME 24&#8243; 9192022005"},"content":{"rendered":"<p>Per la tua prossima jam session Fender ha lo sgabello che fa per te. Lo sgabello da bar con logo Chevron Fender Custom Shop \u00e8 proprio ci\u00f2 di cui ogni chitarrista ha bisogno. Questo classico sgabello da bar nero con l&#8217;iconico logo Chevron Fender Custom Shop e le gambe cromate \u00e8 l&#8217;aggiunta perfetta alla tua casa, ufficio, studio o luogo per le feste. Saluti. Il tuo nuovo sgabello verr\u00e0 fornito in un&#8217;imballaggio riciclabile, Fender \u00e8 attivamente alla ricerca di soluzioni per diventare pi\u00f9 sostenibile.<\/p>\n<p>Caratteristiche<br \/>Altezza: 60cm (24&#8243;)<br \/>Finitura: Nero e cromo<br \/>Made in China<br \/>Product: 9192022005<\/p>\n","protected":false},"excerpt":{"rendered":"<p>Per la tua prossima jam session Fender ha lo sgabello che fa per te. Lo sgabello da bar con logo Chevron Fender Custom Shop \u00e8 proprio ci\u00f2 di cui ogni chitarrista ha bisogno. Questo classico sgabello da bar nero con l&#8217;iconico logo Chevron Fender Custom Shop e le gambe cromate \u00e8 l&#8217;aggiunta perfetta alla tua [&hellip;]<\/p>\n","protected":false},"featured_media":23311,"template":"","meta":{"site-sidebar-layout":"default","site-content-layout":"","ast-site-content-layout":"default","site-content-style":"default","site-sidebar-style":"default","ast-global-header-display":"","ast-banner-title-visibility":"","ast-main-header-display":"","ast-hfb-above-header-display":"","ast-hfb-below-header-display":"","ast-hfb-mobile-header-display":"","site-post-title":"","ast-breadcrumbs-content":"","ast-featured-img":"","footer-sml-layout":"","theme-transparent-header-meta":"","adv-header-id-meta":"","stick-header-meta":"","header-above-stick-meta":"","header-main-stick-meta":"","header-below-stick-meta":"","astra-migrate-meta-layouts":"default","ast-page-background-enabled":"default","ast-page-background-meta":{"desktop":{"background-color":"var(--ast-global-color-4)","background-image":"","background-repeat":"repeat","background-position":"center center","background-size":"auto","background-attachment":"scroll","background-type":"","background-media":"","overlay-type":"","overlay-color":"","overlay-opacity":"","overlay-gradient":""},"tablet":{"background-color":"","background-image":"","background-repeat":"repeat","background-position":"center center","background-size":"auto","background-attachment":"scroll","background-type":"","background-media":"","overlay-type":"","overlay-color":"","overlay-opacity":"","overlay-gradient":""},"mobile":{"background-color":"","background-image":"","background-repeat":"repeat","background-position":"center center","background-size":"auto","background-attachment":"scroll","background-type":"","background-media":"","overlay-type":"","overlay-color":"","overlay-opacity":"","overlay-gradient":""}},"ast-content-background-meta":{"desktop":{"background-color":"var(--ast-global-color-5)","background-image":"","background-repeat":"repeat","background-position":"center center","background-size":"auto","background-attachment":"scroll","background-type":"","background-media":"","overlay-type":"","overlay-color":"","overlay-opacity":"","overlay-gradient":""},"tablet":{"background-color":"var(--ast-global-color-5)","background-image":"","background-repeat":"repeat","background-position":"center center","background-size":"auto","background-attachment":"scroll","background-type":"","background-media":"","overlay-type":"","overlay-color":"","overlay-opacity":"","overlay-gradient":""},"mobile":{"background-color":"var(--ast-global-color-5)","background-image":"","background-repeat":"repeat","background-position":"center center","background-size":"auto","background-attachment":"scroll","background-type":"","background-media":"","overlay-type":"","overlay-color":"","overlay-opacity":"","overlay-gradient":""}}},"product_brand":[],"product_cat":[676],"product_tag":[],"class_list":{"0":"post-22347","1":"product","2":"type-product","3":"status-publish","4":"has-post-thumbnail","6":"product_cat-sgabelli-e-panche-tastiere","7":"desktop-align-left","8":"tablet-align-left","9":"mobile-align-left","11":"first","12":"instock","13":"taxable","14":"shipping-taxable","15":"purchasable","16":"product-type-simple"},"_links":{"self":[{"href":"https:\/\/gigionestrumentimusicali.it\/index.php\/wp-json\/wp\/v2\/product\/22347","targetHints":{"allow":["GET"]}}],"collection":[{"href":"https:\/\/gigionestrumentimusicali.it\/index.php\/wp-json\/wp\/v2\/product"}],"about":[{"href":"https:\/\/gigionestrumentimusicali.it\/index.php\/wp-json\/wp\/v2\/types\/product"}],"wp:featuredmedia":[{"embeddable":true,"href":"https:\/\/gigionestrumentimusicali.it\/index.php\/wp-json\/wp\/v2\/media\/23311"}],"wp:attachment":[{"href":"https:\/\/gigionestrumentimusicali.it\/index.php\/wp-json\/wp\/v2\/media?parent=22347"}],"wp:term":[{"taxonomy":"product_brand","embeddable":true,"href":"https:\/\/gigionestrumentimusicali.it\/index.php\/wp-json\/wp\/v2\/product_brand?post=22347"},{"taxonomy":"product_cat","embeddable":true,"href":"https:\/\/gigionestrumentimusicali.it\/index.php\/wp-json\/wp\/v2\/product_cat?post=22347"},{"taxonomy":"product_tag","embeddable":true,"href":"https:\/\/gigionestrumentimusicali.it\/index.php\/wp-json\/wp\/v2\/product_tag?post=22347"}],"curies":[{"name":"wp","href":"https:\/\/api.w.org\/{rel}","templated":true}]}}