{"id":22774,"date":"2024-11-10T09:29:28","date_gmt":"2024-11-10T09:29:28","guid":{"rendered":"https:\/\/gigionestrumentimusicali.it\/index.php\/product\/eko-baio-box-all-in-one-multieffetto-per-chitarra-elettrica\/"},"modified":"2026-04-04T20:53:59","modified_gmt":"2026-04-04T20:53:59","slug":"eko-baio-box-all-in-one-multieffetto-per-chitarra-elettrica","status":"publish","type":"product","link":"https:\/\/gigionestrumentimusicali.it\/index.php\/product\/eko-baio-box-all-in-one-multieffetto-per-chitarra-elettrica\/","title":{"rendered":"EKO BAIO BOX ALL IN ONE MULTIEFFETTO PER CHITARRA ELETTRICA"},"content":{"rendered":"<p>Il BAIO (Box All In One) di Eko Guitars \u00e8 il pedale multieffetto completo e portatile, perfetto per la tua chitarra. Grazie ai nove tipi di preamplificatore integrati, agli otto Impulse Response e agli effetti inclusi, avrai la possibilit\u00e0 di gestire completamente il tuo sound. Provalo come scheda audio con il tuo pc o smartphone e sfrutta il BT per suonare sopra le tue backing track.<br \/>Grazie ai suoi 16cm di lunghezza, appena 6cm di larghezza e 260g di peso, BAIO \u00e8 il sistema multieffetto all-in-one in grado di offrire tutte le caratteristiche e funzionalit\u00e0 indispensabili al chitarrista moderno. Facile da traportare e super resistente grazie allo chassis metallico, consente una gestione totale del proprio sound.<br \/>Con nove tipologie di preamplificazione selezionabili e controllabili con le manopole Tone e Drive, avrai accesso ad altrettante timbricit\u00e0 che spaziano dai puliti cristallini alle distorsioni pi\u00f9 pesanti. La sezione delle modulazioni, accessibile tramite il controllo Mod, consente di aggiungere chorus e phaser, delay con relativa gestione del tempo, delle ripetizioni, della quantit\u00e0 ed effetto riverbero, sono accessibili rispettivamente con le manopole Delay, FB, Mix e Rev.<br \/>La manopola IR consente di selezionare fra otto Impulse Response creati appositamente per BAIO da Massimo Varini, il quale ha selezionato e adattato alcuni fra i migliori IR marcati ChopTones. Dal Blues al Metal avrai la possibilit\u00e0 di utilizzare live e in studio una selezione di amplificatori, cabinet, speaker e microfoni appositamente combinati per offrire un suono realistico e convincente. Con il controllo Out gestisci il volume in uscita e tramite i tre pulsanti a pedale potrai passare dalla modalit\u00e0 Preset per il cambio degli stessi, alla modalit\u00e0 Live che ti permetter\u00e0 di gestire separatamente IR\/Rev, Delay\/Mod e Preamp. Sempre con gli switch a pedale, puoi azionare il Bluetooth che ti consentir\u00e0 di riprodurre le tue backing track preferite tramite un device esterno o attivare l&#8217;accordatore integrato, con il quale \u00e8 possibile anche interrompere completamente il segnale in uscita (mute).<br \/>Il pannello posteriore presenta due terminali jack standard per l&#8217;ingresso e l&#8217;uscita, l&#8217;interruttore d&#8217;accensione, la presa USB per l&#8217;alimentazione del pedale e la ricarica della batteria, la connessione al computer per l&#8217;utilizzo come scheda audio e il caricamento di nuovi IR. Con la presa Phone \u00e8 possibile utilizzare l&#8217;apposito cavo per collegare lo Smartphone e utilizzare BAIO come scheda audio anche sul proprio telefono. E&#8217; presente altres\u00ec un&#8217;uscita per le cuffie che ti consentir\u00e0 di ascoltare contemporaneamente il segnale dello strumento e un eventuale riproduzione Bluetooth.<\/p>\n<p>Caratteristiche<br \/>9 tipi di Preamplificatore con controllo di tono e gain<br \/>8 IR per altrettanti amplificatori, scelti e adattati al BAIO da Massimo Varini e realizzati da ChopTones<br \/>2 Effetti di modulazione (Chorus e Phase Shift)<br \/>1 Reverb<br \/>1 Delay (Tape) regolabile in quantit\u00e0, tempo di delay e feedback<br \/>Funzione Live o Preset (3 preset memorizzabili)<br \/>Tuner incorporato con funzione di Mute<br \/>Batterie ricaricabili incorporate, ricarica via USB (pu\u00f2 funzionare durante la ricarica)<br \/>Funziona come scheda audio se collegato via USB ad un computer<br \/>Se collegato ad uno smartphone funziona come scheda audio<br \/>Funzione Bluetooth (input) per poter riprodurre basi da un qualsiasi dispositivo dotato di BT<br \/>Possibilit\u00e0 di caricare altri IR via software<br \/>Dimensioni: 162 x 61 x 23mm<br \/>Peso: 260g<\/p>\n","protected":false},"excerpt":{"rendered":"<p>Il BAIO (Box All In One) di Eko Guitars \u00e8 il pedale multieffetto completo e portatile, perfetto per la tua chitarra. Grazie ai nove tipi di preamplificatore integrati, agli otto Impulse Response e agli effetti inclusi, avrai la possibilit\u00e0 di gestire completamente il tuo sound. Provalo come scheda audio con il tuo pc o smartphone [&hellip;]<\/p>\n","protected":false},"featured_media":22775,"template":"","meta":{"site-sidebar-layout":"default","site-content-layout":"","ast-site-content-layout":"default","site-content-style":"default","site-sidebar-style":"default","ast-global-header-display":"","ast-banner-title-visibility":"","ast-main-header-display":"","ast-hfb-above-header-display":"","ast-hfb-below-header-display":"","ast-hfb-mobile-header-display":"","site-post-title":"","ast-breadcrumbs-content":"","ast-featured-img":"","footer-sml-layout":"","theme-transparent-header-meta":"","adv-header-id-meta":"","stick-header-meta":"","header-above-stick-meta":"","header-main-stick-meta":"","header-below-stick-meta":"","astra-migrate-meta-layouts":"default","ast-page-background-enabled":"default","ast-page-background-meta":{"desktop":{"background-color":"var(--ast-global-color-4)","background-image":"","background-repeat":"repeat","background-position":"center center","background-size":"auto","background-attachment":"scroll","background-type":"","background-media":"","overlay-type":"","overlay-color":"","overlay-opacity":"","overlay-gradient":""},"tablet":{"background-color":"","background-image":"","background-repeat":"repeat","background-position":"center center","background-size":"auto","background-attachment":"scroll","background-type":"","background-media":"","overlay-type":"","overlay-color":"","overlay-opacity":"","overlay-gradient":""},"mobile":{"background-color":"","background-image":"","background-repeat":"repeat","background-position":"center center","background-size":"auto","background-attachment":"scroll","background-type":"","background-media":"","overlay-type":"","overlay-color":"","overlay-opacity":"","overlay-gradient":""}},"ast-content-background-meta":{"desktop":{"background-color":"var(--ast-global-color-5)","background-image":"","background-repeat":"repeat","background-position":"center center","background-size":"auto","background-attachment":"scroll","background-type":"","background-media":"","overlay-type":"","overlay-color":"","overlay-opacity":"","overlay-gradient":""},"tablet":{"background-color":"var(--ast-global-color-5)","background-image":"","background-repeat":"repeat","background-position":"center center","background-size":"auto","background-attachment":"scroll","background-type":"","background-media":"","overlay-type":"","overlay-color":"","overlay-opacity":"","overlay-gradient":""},"mobile":{"background-color":"var(--ast-global-color-5)","background-image":"","background-repeat":"repeat","background-position":"center center","background-size":"auto","background-attachment":"scroll","background-type":"","background-media":"","overlay-type":"","overlay-color":"","overlay-opacity":"","overlay-gradient":""}}},"product_brand":[],"product_cat":[457],"product_tag":[],"class_list":{"0":"post-22774","1":"product","2":"type-product","3":"status-publish","4":"has-post-thumbnail","6":"product_cat-multieffetto-per-chitarra","7":"desktop-align-left","8":"tablet-align-left","9":"mobile-align-left","11":"first","12":"instock","13":"taxable","14":"shipping-taxable","15":"purchasable","16":"product-type-simple"},"_links":{"self":[{"href":"https:\/\/gigionestrumentimusicali.it\/index.php\/wp-json\/wp\/v2\/product\/22774","targetHints":{"allow":["GET"]}}],"collection":[{"href":"https:\/\/gigionestrumentimusicali.it\/index.php\/wp-json\/wp\/v2\/product"}],"about":[{"href":"https:\/\/gigionestrumentimusicali.it\/index.php\/wp-json\/wp\/v2\/types\/product"}],"wp:featuredmedia":[{"embeddable":true,"href":"https:\/\/gigionestrumentimusicali.it\/index.php\/wp-json\/wp\/v2\/media\/22775"}],"wp:attachment":[{"href":"https:\/\/gigionestrumentimusicali.it\/index.php\/wp-json\/wp\/v2\/media?parent=22774"}],"wp:term":[{"taxonomy":"product_brand","embeddable":true,"href":"https:\/\/gigionestrumentimusicali.it\/index.php\/wp-json\/wp\/v2\/product_brand?post=22774"},{"taxonomy":"product_cat","embeddable":true,"href":"https:\/\/gigionestrumentimusicali.it\/index.php\/wp-json\/wp\/v2\/product_cat?post=22774"},{"taxonomy":"product_tag","embeddable":true,"href":"https:\/\/gigionestrumentimusicali.it\/index.php\/wp-json\/wp\/v2\/product_tag?post=22774"}],"curies":[{"name":"wp","href":"https:\/\/api.w.org\/{rel}","templated":true}]}}