{"id":22806,"date":"2024-11-10T10:45:28","date_gmt":"2024-11-10T10:45:28","guid":{"rendered":"https:\/\/gigionestrumentimusicali.it\/index.php\/product\/fender-american-ultra-ii-stratocaster-mp-avalanche\/"},"modified":"2026-04-10T21:22:56","modified_gmt":"2026-04-10T21:22:56","slug":"fender-american-ultra-ii-stratocaster-mp-avalanche","status":"publish","type":"product","link":"https:\/\/gigionestrumentimusicali.it\/index.php\/product\/fender-american-ultra-ii-stratocaster-mp-avalanche\/","title":{"rendered":"FENDER AMERICAN ULTRA II STRATOCASTER MP AVALANCHE"},"content":{"rendered":"<p>Costruita per i musicisti che cercano coraggiosamente il meglio, American Ultra II \u00e8 la nostra serie di strumenti pi\u00f9 avanzata. Le chitarre e i bassi American Ultra II sono caratterizzati da materiali di prima qualit\u00e0, lavorazione di precisione e design all&#8217;avanguardia per strumenti che avanzano lo stato dell&#8217;arte e resistono alla prova del tempo.<br \/>La Fender\u00ae American Ultra II Stratocaster\u00ae presenta un corpo in ontano selezionato con contorni del corpo scolpiti. Per una suonabilit\u00e0 senza sforzo, il manico in acero quartersawn presenta il nostro profilo Modern D e una finitura liscia Ultra Satin. Le tastiere con raggio composto da 10&#8243;-14&#8243; in ebano o acero quartersawn presentano bordi ultra arrotondati, tasti medium-jumbo, punti laterali Luminlay\u00ae e dadi Graph Tech\u00ae TUSQ\u00ae. Il tallone affusolato del manico e i contorni del corpo scolpiti consentono un accesso senza precedenti al registro pi\u00f9 alto.<br \/>Sotto il cofano, un trio di pickup Ultra II Noiseless\u2122 Vintage Strat\u00ae offre di tutto, dai dolci suoni cristallini ai solisti brucianti, il tutto senza un accenno di ronzio. Il nostro interruttore brevettato S-1\u2122 sblocca abilmente ulteriori configurazioni di pickup per una variet\u00e0 tonale ancora maggiore. Ulteriori caratteristiche pronte per la strada includono tremolo americano ultra sincronizzato a 2 punti con braccio pop-in, selle a blocco in acciaio inossidabile lucidato, blocco in acciaio laminato a freddo, accordatori con bloccaggio deluxe, manopole soft-touch e battipenna in alluminio anodizzato a 1 strato.<br \/>La Stratocaster American Ultra II infonde uno stile iconico con caratteristiche avanzate per portare il tuo modo di suonare a nuovi livelli stratosferici. Per i musicisti che richiedono un tono impeccabile, una versatilit\u00e0 infinita e prestazioni illimitate, American Ultra II offre.<\/p>\n<p>Caratteristiche:<\/p>\n<p>Finitura corpo: Select Alder<br \/>Top del Corpo: Gloss Urethane<br \/>Retro del Corpo: Stratocaster\u00ae<br \/>Tastiera: Parchment Soft-Touch Knobs<br \/>Finitura hardware: Quartersawn Maple<br \/>Battipenna: Nickel\/Chrome<br \/>Segnatasti: 1-Ply Silver Anodized Aluminum<br \/>Finitura manico: Black Pearloid Dot &#8211; 7 mm<br \/>Costruzione Manico: Ultra Satin Urethane<br \/>Forma del manico: 4-Bolt<br \/>Segnaposizione Laterali: Ultra II Noiseless\u2122 Vintage Strat\u00ae<br \/>Paletta: Luminlay\u00ae<br \/>Binding della Paletta: Stratocaster\u00ae<br \/>Coperchio Ponte\/Attaccacorde: S-1\u2122 Switch Adds Neck Pickup Into Positions 1 and 2<br \/>Configurazione: Right-Hand<br \/>Rifinitura Pickup: SSS<br \/>Catenatura: Modern<br \/>Larghezza capotasto: Graph Tech\u00ae TUSQ\u00ae<br \/>Pickup al ponte: 1\/8&#8243; Hex (Allen)<br \/>Pickup centrale: Ultra II Noiseless\u2122 Vintage Strat\u00ae<br \/>Controlli: Ultra II Noiseless\u2122 Vintage Strat\u00ae<br \/>Configurazione del pickup: 5-Position Blade: Position 1. Bridge Pickup, Position 2. Bridge and Middle Pickup, Position 3. Middle Pickup, Position 4. Middle and Neck Pickup, Position 5. Neck Pickup<br \/>Ponte: SSS<br \/>Strumenti per l&#8217;accordatura: 2-Point American Ultra Synchronized Tremolo with Polished Stainless Steel Block Saddles and Cold Rolled Steel Block<br \/>Corde: Deluxe Cast\/Sealed Locking (all short posts)<br \/>Caratteristiche uniche: Fender\u00ae USA 250L Nickel Plated Steel (.009-.042 Gauges), PN 0730250403<br \/>Custodia Consigliata: Deluxe Molded Case (Included)<br \/>Rifinitura Raggio Tastiera: 10&#8243; to 14&#8243; Compound Radius (254 mm to 355.6 mm)<br \/>Dimensione del tasto: Compound<br \/>Materiale del manico: Medium Jumbo<br \/>Rifinitura Materiale del Manico: Quartersawn Maple<br \/>Forma del manico: Maple<br \/>Rifinitura Forma del Manico: Modern &#8220;D&#8221;<br \/>Numero di tasti: D Shape<br \/>Materiale del Capotasto: 22<br \/>Larghezza capotasto: Graph Tech\u00ae TUSQ\u00ae<br \/>Ampiezza misura: 1.685&#8243; (42.8 mm)<br \/>Truss Rod: 25.5&#8243; (64.77 cm)<br \/>Dado del Truss Rod: Bi-Flex\u2122<br \/>Gambe Inclinabili: Master Volume (with S-1\u2122 Switch), Tone 1. (Neck\/Middle Pickups), Tone 2. (Bridge Pickup)<br \/>Product: 0119142796<\/p>\n","protected":false},"excerpt":{"rendered":"<p>Costruita per i musicisti che cercano coraggiosamente il meglio, American Ultra II \u00e8 la nostra serie di strumenti pi\u00f9 avanzata. Le chitarre e i bassi American Ultra II sono caratterizzati da materiali di prima qualit\u00e0, lavorazione di precisione e design all&#8217;avanguardia per strumenti che avanzano lo stato dell&#8217;arte e resistono alla prova del tempo.La Fender\u00ae [&hellip;]<\/p>\n","protected":false},"featured_media":22811,"template":"","meta":{"site-sidebar-layout":"default","site-content-layout":"","ast-site-content-layout":"default","site-content-style":"default","site-sidebar-style":"default","ast-global-header-display":"","ast-banner-title-visibility":"","ast-main-header-display":"","ast-hfb-above-header-display":"","ast-hfb-below-header-display":"","ast-hfb-mobile-header-display":"","site-post-title":"","ast-breadcrumbs-content":"","ast-featured-img":"","footer-sml-layout":"","theme-transparent-header-meta":"","adv-header-id-meta":"","stick-header-meta":"","header-above-stick-meta":"","header-main-stick-meta":"","header-below-stick-meta":"","astra-migrate-meta-layouts":"default","ast-page-background-enabled":"default","ast-page-background-meta":{"desktop":{"background-color":"var(--ast-global-color-4)","background-image":"","background-repeat":"repeat","background-position":"center center","background-size":"auto","background-attachment":"scroll","background-type":"","background-media":"","overlay-type":"","overlay-color":"","overlay-opacity":"","overlay-gradient":""},"tablet":{"background-color":"","background-image":"","background-repeat":"repeat","background-position":"center center","background-size":"auto","background-attachment":"scroll","background-type":"","background-media":"","overlay-type":"","overlay-color":"","overlay-opacity":"","overlay-gradient":""},"mobile":{"background-color":"","background-image":"","background-repeat":"repeat","background-position":"center center","background-size":"auto","background-attachment":"scroll","background-type":"","background-media":"","overlay-type":"","overlay-color":"","overlay-opacity":"","overlay-gradient":""}},"ast-content-background-meta":{"desktop":{"background-color":"var(--ast-global-color-5)","background-image":"","background-repeat":"repeat","background-position":"center center","background-size":"auto","background-attachment":"scroll","background-type":"","background-media":"","overlay-type":"","overlay-color":"","overlay-opacity":"","overlay-gradient":""},"tablet":{"background-color":"var(--ast-global-color-5)","background-image":"","background-repeat":"repeat","background-position":"center center","background-size":"auto","background-attachment":"scroll","background-type":"","background-media":"","overlay-type":"","overlay-color":"","overlay-opacity":"","overlay-gradient":""},"mobile":{"background-color":"var(--ast-global-color-5)","background-image":"","background-repeat":"repeat","background-position":"center center","background-size":"auto","background-attachment":"scroll","background-type":"","background-media":"","overlay-type":"","overlay-color":"","overlay-opacity":"","overlay-gradient":""}}},"product_brand":[],"product_cat":[387],"product_tag":[],"class_list":{"0":"post-22806","1":"product","2":"type-product","3":"status-publish","4":"has-post-thumbnail","6":"product_cat-chitarre-elettriche","7":"desktop-align-left","8":"tablet-align-left","9":"mobile-align-left","11":"first","12":"instock","13":"taxable","14":"shipping-taxable","15":"purchasable","16":"product-type-simple"},"_links":{"self":[{"href":"https:\/\/gigionestrumentimusicali.it\/index.php\/wp-json\/wp\/v2\/product\/22806","targetHints":{"allow":["GET"]}}],"collection":[{"href":"https:\/\/gigionestrumentimusicali.it\/index.php\/wp-json\/wp\/v2\/product"}],"about":[{"href":"https:\/\/gigionestrumentimusicali.it\/index.php\/wp-json\/wp\/v2\/types\/product"}],"wp:featuredmedia":[{"embeddable":true,"href":"https:\/\/gigionestrumentimusicali.it\/index.php\/wp-json\/wp\/v2\/media\/22811"}],"wp:attachment":[{"href":"https:\/\/gigionestrumentimusicali.it\/index.php\/wp-json\/wp\/v2\/media?parent=22806"}],"wp:term":[{"taxonomy":"product_brand","embeddable":true,"href":"https:\/\/gigionestrumentimusicali.it\/index.php\/wp-json\/wp\/v2\/product_brand?post=22806"},{"taxonomy":"product_cat","embeddable":true,"href":"https:\/\/gigionestrumentimusicali.it\/index.php\/wp-json\/wp\/v2\/product_cat?post=22806"},{"taxonomy":"product_tag","embeddable":true,"href":"https:\/\/gigionestrumentimusicali.it\/index.php\/wp-json\/wp\/v2\/product_tag?post=22806"}],"curies":[{"name":"wp","href":"https:\/\/api.w.org\/{rel}","templated":true}]}}