{"id":22820,"date":"2024-11-10T11:02:09","date_gmt":"2024-11-10T11:02:09","guid":{"rendered":"https:\/\/gigionestrumentimusicali.it\/index.php\/product\/fender-player-ii-telecaster-rw-transparent-cherry\/"},"modified":"2026-04-10T21:16:53","modified_gmt":"2026-04-10T21:16:53","slug":"fender-player-ii-telecaster-rw-transparent-cherry","status":"publish","type":"product","link":"https:\/\/gigionestrumentimusicali.it\/index.php\/product\/fender-player-ii-telecaster-rw-transparent-cherry\/","title":{"rendered":"FENDER PLAYER II TELECASTER RW TRANSPARENT CHERRY"},"content":{"rendered":"<p>Mettiti sotto i riflettori e sperimenta il suono e lo stile iconici di Fender con la Player II Telecaster: una chitarra pronta per il palco con aggiornamenti contemporanei per potenziare la tua performance e ispirare il tuo modo di suonare.<br \/>La Telecaster Player II irradia il fascino Fender senza tempo, ma sotto il cofano \u00e8 pensata per i chitarristi di oggi. Tutto ci\u00f2 che riguarda il manico \u00e8 progettato per una suonabilit\u00e0 veloce e fluida, dal moderno profilo a &#8220;C&#8221; con finitura in uretano satinato setoso sul fondo alla comoda tastiera in palissandro o acero con raggio da 9.5&#8243; con bordi arrotondati e 22 tasti medium jumbo. I pickup Alnico V Single-Coil Tele della serie Player offrono alti cristallini, medi musicali e bassi stretti che elevano qualsiasi cosa. L&#8217;interruttore a lama a 3 vie ti consente di regolare qualsiasi cosa, dal suono fluido del pickup al manico al twang tagliente del pickup al ponte e tutti i punti intermedi, mentre un ponte a 6 selle, selle in acciaio a blocchi e accordatori ClassicGear assicurano stabilit\u00e0 di accordatura precisa per la flessibilit\u00e0. per esplorare infinite possibilit\u00e0 sonore.<br \/>Perfetta per creare il proprio suono, la Telecaster Player II ha l&#8217;aspetto, il suono e la sensazione che solo una Fender offre.<\/p>\n<p>Body: Ontano<br \/>Finitura: Poliestere lucido<br \/>Tastiera: Acero<br \/>Intarsi: Dot neri<br \/>Intarsi laterali: Neri<br \/>Capotasto: Osso sintetico<br \/>Larghezza: 1.650&#8243; (42mm)<br \/>Manico: Acero<br \/>Finitura: Uretano Satinato sul retro, Uretano lucido frontale<br \/>Costruzione: 4-Viti Standard<br \/>Profilo: Modern &#8220;C&#8221;<br \/>Raggio: Modern 9.5&#8243; (241mm)<br \/>Tasti: 22 Medium Jumbo<br \/>Scala: 25.5&#8243; (648mm)<br \/>Pickup al manico: Player Alnico 5 Tele Single-Coil<br \/>Controlli: Volume, Tono, Selettore pickup 3-Vie<br \/>Manopole: Zigrinate Flat-Top<br \/>Battipenna: 3-Strati bIANCO<br \/>Chiave per Truss Rod: 3\/16&#8243; Hex (Allen)<br \/>Pickup al ponte: Serie Player Alnico 5 Tele Single-Coil<br \/>Hardware: Nickel\/Cromo<br \/>Ponte: 6-Sellette String-Through-Body in acciaio<br \/>Meccaniche: Fender Classic Gear<br \/>Corde: Fender USA 250L Nickel Plated Steel (.009-.042 Gauges)<br \/>Truss Rod: Azione singola, regolazione dalla paletta<br \/>Dado del Truss Rod: 3\/16&#8243; esagonale<br \/>Colore: Transparent Cherry<br \/>Custodia consigliata: Classic Series Stratocaster\/Telecaster Wood Hardshell Case<br \/>Made in Mexico<br \/>Product: 0140550514<\/p>\n","protected":false},"excerpt":{"rendered":"<p>Mettiti sotto i riflettori e sperimenta il suono e lo stile iconici di Fender con la Player II Telecaster: una chitarra pronta per il palco con aggiornamenti contemporanei per potenziare la tua performance e ispirare il tuo modo di suonare.La Telecaster Player II irradia il fascino Fender senza tempo, ma sotto il cofano \u00e8 pensata [&hellip;]<\/p>\n","protected":false},"featured_media":22821,"template":"","meta":{"site-sidebar-layout":"default","site-content-layout":"","ast-site-content-layout":"default","site-content-style":"default","site-sidebar-style":"default","ast-global-header-display":"","ast-banner-title-visibility":"","ast-main-header-display":"","ast-hfb-above-header-display":"","ast-hfb-below-header-display":"","ast-hfb-mobile-header-display":"","site-post-title":"","ast-breadcrumbs-content":"","ast-featured-img":"","footer-sml-layout":"","theme-transparent-header-meta":"","adv-header-id-meta":"","stick-header-meta":"","header-above-stick-meta":"","header-main-stick-meta":"","header-below-stick-meta":"","astra-migrate-meta-layouts":"default","ast-page-background-enabled":"default","ast-page-background-meta":{"desktop":{"background-color":"var(--ast-global-color-4)","background-image":"","background-repeat":"repeat","background-position":"center center","background-size":"auto","background-attachment":"scroll","background-type":"","background-media":"","overlay-type":"","overlay-color":"","overlay-opacity":"","overlay-gradient":""},"tablet":{"background-color":"","background-image":"","background-repeat":"repeat","background-position":"center center","background-size":"auto","background-attachment":"scroll","background-type":"","background-media":"","overlay-type":"","overlay-color":"","overlay-opacity":"","overlay-gradient":""},"mobile":{"background-color":"","background-image":"","background-repeat":"repeat","background-position":"center center","background-size":"auto","background-attachment":"scroll","background-type":"","background-media":"","overlay-type":"","overlay-color":"","overlay-opacity":"","overlay-gradient":""}},"ast-content-background-meta":{"desktop":{"background-color":"var(--ast-global-color-5)","background-image":"","background-repeat":"repeat","background-position":"center center","background-size":"auto","background-attachment":"scroll","background-type":"","background-media":"","overlay-type":"","overlay-color":"","overlay-opacity":"","overlay-gradient":""},"tablet":{"background-color":"var(--ast-global-color-5)","background-image":"","background-repeat":"repeat","background-position":"center center","background-size":"auto","background-attachment":"scroll","background-type":"","background-media":"","overlay-type":"","overlay-color":"","overlay-opacity":"","overlay-gradient":""},"mobile":{"background-color":"var(--ast-global-color-5)","background-image":"","background-repeat":"repeat","background-position":"center center","background-size":"auto","background-attachment":"scroll","background-type":"","background-media":"","overlay-type":"","overlay-color":"","overlay-opacity":"","overlay-gradient":""}}},"product_brand":[],"product_cat":[387],"product_tag":[],"class_list":{"0":"post-22820","1":"product","2":"type-product","3":"status-publish","4":"has-post-thumbnail","6":"product_cat-chitarre-elettriche","7":"desktop-align-left","8":"tablet-align-left","9":"mobile-align-left","11":"first","12":"instock","13":"taxable","14":"shipping-taxable","15":"purchasable","16":"product-type-simple"},"_links":{"self":[{"href":"https:\/\/gigionestrumentimusicali.it\/index.php\/wp-json\/wp\/v2\/product\/22820","targetHints":{"allow":["GET"]}}],"collection":[{"href":"https:\/\/gigionestrumentimusicali.it\/index.php\/wp-json\/wp\/v2\/product"}],"about":[{"href":"https:\/\/gigionestrumentimusicali.it\/index.php\/wp-json\/wp\/v2\/types\/product"}],"wp:featuredmedia":[{"embeddable":true,"href":"https:\/\/gigionestrumentimusicali.it\/index.php\/wp-json\/wp\/v2\/media\/22821"}],"wp:attachment":[{"href":"https:\/\/gigionestrumentimusicali.it\/index.php\/wp-json\/wp\/v2\/media?parent=22820"}],"wp:term":[{"taxonomy":"product_brand","embeddable":true,"href":"https:\/\/gigionestrumentimusicali.it\/index.php\/wp-json\/wp\/v2\/product_brand?post=22820"},{"taxonomy":"product_cat","embeddable":true,"href":"https:\/\/gigionestrumentimusicali.it\/index.php\/wp-json\/wp\/v2\/product_cat?post=22820"},{"taxonomy":"product_tag","embeddable":true,"href":"https:\/\/gigionestrumentimusicali.it\/index.php\/wp-json\/wp\/v2\/product_tag?post=22820"}],"curies":[{"name":"wp","href":"https:\/\/api.w.org\/{rel}","templated":true}]}}