{"id":22833,"date":"2024-11-10T11:08:47","date_gmt":"2024-11-10T11:08:47","guid":{"rendered":"https:\/\/gigionestrumentimusicali.it\/index.php\/product\/fender-player-ii-stratocaster-rw-white-blonde\/"},"modified":"2026-04-10T21:06:09","modified_gmt":"2026-04-10T21:06:09","slug":"fender-player-ii-stratocaster-rw-white-blonde","status":"publish","type":"product","link":"https:\/\/gigionestrumentimusicali.it\/index.php\/product\/fender-player-ii-stratocaster-rw-white-blonde\/","title":{"rendered":"FENDER PLAYER II STRATOCASTER RW WHITE BLONDE"},"content":{"rendered":"<p>Mettiti sotto i riflettori e sperimenta il suono e lo stile iconici di Fender con la Player II Stratocaster HSS: una chitarra pronta per il palco con aggiornamenti contemporanei per potenziare la tua performance e ispirare il tuo modo di suonare.<br \/>La Player II Stratocaster HSS irradia il fascino Fender senza tempo, ma sotto il cofano \u00e8 pensata per i chitarristi di oggi. Tutto ci\u00f2 che riguarda il manico \u00e8 progettato per una suonabilit\u00e0 veloce e fluida, dal profilo moderno a &#8220;C&#8221; con finitura in uretano satinato setoso sul fondo alla comoda tastiera acero con raggio da 9.5&#8243;, bordi arrotondati e 22 tasti medium jumbo.<br \/>I pickup Player Serie Alnico V Single-Coil Strat e un humbucker Player Serie Alnico II offrono alti cristallini, medi musicali e bassi stretti che elevano qualsiasi genere. Il selettorea 5 vie ti consente di regolare tutto, dal suono vetroso del pickup al manico al chiassoso ruggito del pickup al ponte e tutti i punti intermedi, mentre un tremolo a 2 punti e le meccaniche ClassicGear garantiscono una precisa stabilit\u00e0 dell&#8217;accordatura per il. flessibilit\u00e0 per esplorare infinite possibilit\u00e0 sonore.<br \/>Perfetta per creare il tuo suono, la Player II Stratocaster HSS ha l&#8217;aspetto, il suono ed il feel che solo una Fender offre.<\/p>\n<p>Caratteristiche<br \/>Body: Ontano<br \/>Manico: Acero<br \/>Costruzione: 4-Viti Standard<br \/>Tastiera: Palissandro<br \/>Raggio: 9.5&#8243; (241mm)<br \/>Profilo: Modern &#8220;C&#8221;<br \/>Capotasto: Osso sintetico<br \/>Larghezza: 1.650&#8243; (42mm)<br \/>Scala: 25.5&#8243; (648mm)<br \/>Tasti: 22 Medium Jumbo<br \/>Intarsi: Dot bianchi<br \/>Intarsi laterali: bianchi<br \/>Finitura: Finitura in uretano satinato sul retro, uretano lucido sul davanti<br \/>Pickup al manico: Player Serie Alnico 5 Strat Single-Coil<br \/>Pickup al ponte: Player Serie Alnico 2 Humbucker<br \/>Pickup centrale: Player Serie Alnico 5 Strat Single-Coil<br \/>Controlli: Volume, Tono 1 (pickup manico\/centro), Tono 2 (ponte), Selettore pickup 5-Vie<br \/>Manopole: Plastica bianca invecchiata<br \/>Ponte: 2-Punti Tremolo sincronizzato con selle in acciaio piegate<br \/>Battipenna: 3-Strati nero<br \/>Meccaniche: Fender Gear<br \/>Truss Rod: Single Action, Head Adjust<br \/>Dado del Truss Rod: 3\/16&#8243; Hex Adjustment<br \/>Hardware: Nickel\/Cromo<br \/>Chiave per Truss Rod: 3\/16&#8243; Hex (Allen)<br \/>Colore: White Blonde<br \/>Finitura: Poliestere lucido<br \/>Custodia consigliata: Custodia rigida Classic Serie Stratocaster\/Telecaster (non inclusa)<br \/>Made in Mexico<br \/>Product: 0140510501<\/p>\n","protected":false},"excerpt":{"rendered":"<p>Mettiti sotto i riflettori e sperimenta il suono e lo stile iconici di Fender con la Player II Stratocaster HSS: una chitarra pronta per il palco con aggiornamenti contemporanei per potenziare la tua performance e ispirare il tuo modo di suonare.La Player II Stratocaster HSS irradia il fascino Fender senza tempo, ma sotto il cofano [&hellip;]<\/p>\n","protected":false},"featured_media":22834,"template":"","meta":{"site-sidebar-layout":"default","site-content-layout":"","ast-site-content-layout":"default","site-content-style":"default","site-sidebar-style":"default","ast-global-header-display":"","ast-banner-title-visibility":"","ast-main-header-display":"","ast-hfb-above-header-display":"","ast-hfb-below-header-display":"","ast-hfb-mobile-header-display":"","site-post-title":"","ast-breadcrumbs-content":"","ast-featured-img":"","footer-sml-layout":"","theme-transparent-header-meta":"","adv-header-id-meta":"","stick-header-meta":"","header-above-stick-meta":"","header-main-stick-meta":"","header-below-stick-meta":"","astra-migrate-meta-layouts":"default","ast-page-background-enabled":"default","ast-page-background-meta":{"desktop":{"background-color":"var(--ast-global-color-4)","background-image":"","background-repeat":"repeat","background-position":"center center","background-size":"auto","background-attachment":"scroll","background-type":"","background-media":"","overlay-type":"","overlay-color":"","overlay-opacity":"","overlay-gradient":""},"tablet":{"background-color":"","background-image":"","background-repeat":"repeat","background-position":"center center","background-size":"auto","background-attachment":"scroll","background-type":"","background-media":"","overlay-type":"","overlay-color":"","overlay-opacity":"","overlay-gradient":""},"mobile":{"background-color":"","background-image":"","background-repeat":"repeat","background-position":"center center","background-size":"auto","background-attachment":"scroll","background-type":"","background-media":"","overlay-type":"","overlay-color":"","overlay-opacity":"","overlay-gradient":""}},"ast-content-background-meta":{"desktop":{"background-color":"var(--ast-global-color-5)","background-image":"","background-repeat":"repeat","background-position":"center center","background-size":"auto","background-attachment":"scroll","background-type":"","background-media":"","overlay-type":"","overlay-color":"","overlay-opacity":"","overlay-gradient":""},"tablet":{"background-color":"var(--ast-global-color-5)","background-image":"","background-repeat":"repeat","background-position":"center center","background-size":"auto","background-attachment":"scroll","background-type":"","background-media":"","overlay-type":"","overlay-color":"","overlay-opacity":"","overlay-gradient":""},"mobile":{"background-color":"var(--ast-global-color-5)","background-image":"","background-repeat":"repeat","background-position":"center center","background-size":"auto","background-attachment":"scroll","background-type":"","background-media":"","overlay-type":"","overlay-color":"","overlay-opacity":"","overlay-gradient":""}}},"product_brand":[],"product_cat":[387],"product_tag":[],"class_list":{"0":"post-22833","1":"product","2":"type-product","3":"status-publish","4":"has-post-thumbnail","6":"product_cat-chitarre-elettriche","7":"desktop-align-left","8":"tablet-align-left","9":"mobile-align-left","11":"first","12":"instock","13":"taxable","14":"shipping-taxable","15":"purchasable","16":"product-type-simple"},"_links":{"self":[{"href":"https:\/\/gigionestrumentimusicali.it\/index.php\/wp-json\/wp\/v2\/product\/22833","targetHints":{"allow":["GET"]}}],"collection":[{"href":"https:\/\/gigionestrumentimusicali.it\/index.php\/wp-json\/wp\/v2\/product"}],"about":[{"href":"https:\/\/gigionestrumentimusicali.it\/index.php\/wp-json\/wp\/v2\/types\/product"}],"wp:featuredmedia":[{"embeddable":true,"href":"https:\/\/gigionestrumentimusicali.it\/index.php\/wp-json\/wp\/v2\/media\/22834"}],"wp:attachment":[{"href":"https:\/\/gigionestrumentimusicali.it\/index.php\/wp-json\/wp\/v2\/media?parent=22833"}],"wp:term":[{"taxonomy":"product_brand","embeddable":true,"href":"https:\/\/gigionestrumentimusicali.it\/index.php\/wp-json\/wp\/v2\/product_brand?post=22833"},{"taxonomy":"product_cat","embeddable":true,"href":"https:\/\/gigionestrumentimusicali.it\/index.php\/wp-json\/wp\/v2\/product_cat?post=22833"},{"taxonomy":"product_tag","embeddable":true,"href":"https:\/\/gigionestrumentimusicali.it\/index.php\/wp-json\/wp\/v2\/product_tag?post=22833"}],"curies":[{"name":"wp","href":"https:\/\/api.w.org\/{rel}","templated":true}]}}