{"id":23098,"date":"2024-11-11T17:30:58","date_gmt":"2024-11-11T17:30:58","guid":{"rendered":"https:\/\/gigionestrumentimusicali.it\/index.php\/product\/ashdown-rm-mag-c115-420-combo\/"},"modified":"2026-04-09T19:43:10","modified_gmt":"2026-04-09T19:43:10","slug":"ashdown-rm-mag-c115-420-combo","status":"publish","type":"product","link":"https:\/\/gigionestrumentimusicali.it\/index.php\/product\/ashdown-rm-mag-c115-420-combo\/","title":{"rendered":"ASHDOWN RM-MAG-C115-420 COMBO"},"content":{"rendered":"<p>  <span style=\"font-family: Arial, sans-serif;font-size: 13px;font-style: normal;font-variant: normal;font-weight: normal;letter-spacing: normal;line-height: 18.2px;text-align: start;text-indent: 0px;text-transform: none;white-space: normal;display: inline !important;float: none\">RM-MAG-C115-420  &#8211; Combo per Basso<\/span><\/p>\n<p>  <br style=\"font-family: Arial, sans-serif;font-size: 13px;font-style: normal;font-variant: normal;font-weight: normal;letter-spacing: normal;line-height: 18.2px;text-align: start;text-indent: 0px;text-transform: none;white-space: normal\" \/><br style=\"font-family: Arial, sans-serif;font-size: 13px;font-style: normal;font-variant: normal;font-weight: normal;letter-spacing: normal;line-height: 18.2px;text-align: start;text-indent: 0px;text-transform: none;white-space: normal\" \/><span style=\"font-family: Arial, sans-serif;font-size: 13px;font-style: normal;font-variant: normal;font-weight: normal;letter-spacing: normal;line-height: 18.2px;text-align: start;text-indent: 0px;text-transform: none;white-space: normal;display: inline !important;float: none\">La  serie Rootmaster nasce da anni di ricerca e sviluppo di Ashdown, ed \u00e8, espressamente  pensata per ottenere un suono caldo e potente in dimensioni e peso davvero ridotti.  Il suono torna alle origini con il giusto mix tra vintage e moderno, in grado di  bucare il mix come nessun altro.\u00a0,<\/span><br style=\"font-family: Arial, sans-serif;font-size: 13px;font-style: normal;font-variant: normal;font-weight: normal;letter-spacing: normal;line-height: 18.2px;text-align: start;text-indent: 0px;text-transform: none;white-space: normal\" \/><br style=\"font-family: Arial, sans-serif;font-size: 13px;font-style: normal;font-variant: normal;font-weight: normal;letter-spacing: normal;line-height: 18.2px;text-align: start;text-indent: 0px;text-transform: none;white-space: normal\" \/><span style=\"font-family: Arial, sans-serif;font-size: 13px;font-style: normal;font-variant: normal;font-weight: normal;letter-spacing: normal;line-height: 18.2px;text-align: start;text-indent: 0px;text-transform: none;white-space: normal;display: inline !important;float: none\">L??  RM-C115-420 \u00e8, un combo con Pre Amp a 5 bande, un nuovo compressore ed in pi\u00f9, Drive  e Sub Harmonic controllabili con footswitch. Inoltre il suo amplificatore di potenza  in Classe D \u00e8, stato espressamente disegnato per ridurne il peso.\u00a0,<\/span><br style=\"font-family: Arial, sans-serif;font-size: 13px;font-style: normal;font-variant: normal;font-weight: normal;letter-spacing: normal;line-height: 18.2px;text-align: start;text-indent: 0px;text-transform: none;white-space: normal\" \/><span style=\"font-family: Arial, sans-serif;font-size: 13px;font-style: normal;font-variant: normal;font-weight: normal;letter-spacing: normal;line-height: 18.2px;text-align: start;text-indent: 0px;text-transform: none;white-space: normal;display: inline !important;float: none\">Tra  le altre caratteristiche: entrata jack ausiliaria con level, FX Loop, XLR DI, Speakon\/Jack  e un input per un FS-2 footswitch (venduto separatamente). Il tutto combinato con  un cono da 15&#8242; Ashdown.<\/span><br style=\"font-family: Arial, sans-serif;font-size: 13px;font-style: normal;font-variant: normal;font-weight: normal;letter-spacing: normal;line-height: 18.2px;text-align: start;text-indent: 0px;text-transform: none;white-space: normal\" \/><br style=\"font-family: Arial, sans-serif;font-size: 13px;font-style: normal;font-variant: normal;font-weight: normal;letter-spacing: normal;line-height: 18.2px;text-align: start;text-indent: 0px;text-transform: none;white-space: normal\" \/><span style=\"font-family: Arial, sans-serif;font-size: 13px;font-style: normal;font-variant: normal;font-weight: normal;letter-spacing: normal;line-height: 18.2px;text-align: start;text-indent: 0px;text-transform: none;white-space: normal;display: inline !important;float: none\">La  serie MAG RM \u00e8, la soluzione ideale per i bassisti che cercano potenza e comodit\u00e0,  in un ampli facilmente trasportabile, tutto senza perdere la definizione di suono  e frequenze.\u00a0,<\/span><br style=\"font-family: Arial, sans-serif;font-size: 13px;font-style: normal;font-variant: normal;font-weight: normal;letter-spacing: normal;line-height: 18.2px;text-align: start;text-indent: 0px;text-transform: none;white-space: normal\" \/><br style=\"font-family: Arial, sans-serif;font-size: 13px;font-style: normal;font-variant: normal;font-weight: normal;letter-spacing: normal;line-height: 18.2px;text-align: start;text-indent: 0px;text-transform: none;white-space: normal\" \/><span style=\"font-family: Arial, sans-serif;font-size: 13px;font-style: normal;font-variant: normal;font-weight: normal;letter-spacing: normal;line-height: 18.2px;text-align: start;text-indent: 0px;text-transform: none;white-space: normal;display: inline !important;float: none\">Al  centro della filosofia Ashdown vi \u00e8, l??importanza di produrre strumenti in grado  di seguirvi ovunque, dal piccoli club ai grandi palchi, con il miglior sound per  le vostre frequenze basse.<\/span><br style=\"font-family: Arial, sans-serif;font-size: 13px;font-style: normal;font-variant: normal;font-weight: normal;letter-spacing: normal;line-height: 18.2px;text-align: start;text-indent: 0px;text-transform: none;white-space: normal\" \/><br style=\"font-family: Arial, sans-serif;font-size: 13px;font-style: normal;font-variant: normal;font-weight: normal;letter-spacing: normal;line-height: 18.2px;text-align: start;text-indent: 0px;text-transform: none;white-space: normal\" \/><span style=\"font-family: Arial, sans-serif;font-size: 13px;font-style: normal;font-variant: normal;font-weight: normal;letter-spacing: normal;line-height: 18.2px;text-align: start;text-indent: 0px;text-transform: none;white-space: normal;display: inline !important;float: none\">Caratteristiche:<\/span><br style=\"font-family: Arial, sans-serif;font-size: 13px;font-style: normal;font-variant: normal;font-weight: normal;letter-spacing: normal;line-height: 18.2px;text-align: start;text-indent: 0px;text-transform: none;white-space: normal\" \/><br style=\"font-family: Arial, sans-serif;font-size: 13px;font-style: normal;font-variant: normal;font-weight: normal;letter-spacing: normal;line-height: 18.2px;text-align: start;text-indent: 0px;text-transform: none;white-space: normal\" \/><span style=\"font-family: Arial, sans-serif;font-size: 13px;font-style: normal;font-variant: normal;font-weight: normal;letter-spacing: normal;line-height: 18.2px;text-align: start;text-indent: 0px;text-transform: none;white-space: normal;display: inline !important;float: none\">&#8211;  Potenza: 420 Watt\u00a0,<\/span><br style=\"font-family: Arial, sans-serif;font-size: 13px;font-style: normal;font-variant: normal;font-weight: normal;letter-spacing: normal;line-height: 18.2px;text-align: start;text-indent: 0px;text-transform: none;white-space: normal\" \/><span style=\"font-family: Arial, sans-serif;font-size: 13px;font-style: normal;font-variant: normal;font-weight: normal;letter-spacing: normal;line-height: 18.2px;text-align: start;text-indent: 0px;text-transform: none;white-space: normal;display: inline !important;float: none\">&#8211;  Coni: 1 x 15&#8242;<\/span><br style=\"font-family: Arial, sans-serif;font-size: 13px;font-style: normal;font-variant: normal;font-weight: normal;letter-spacing: normal;line-height: 18.2px;text-align: start;text-indent: 0px;text-transform: none;white-space: normal\" \/><span style=\"font-family: Arial, sans-serif;font-size: 13px;font-style: normal;font-variant: normal;font-weight: normal;letter-spacing: normal;line-height: 18.2px;text-align: start;text-indent: 0px;text-transform: none;white-space: normal;display: inline !important;float: none\">&#8211;  Speaker Outputs 2 x Jack Sockets<\/span><br style=\"font-family: Arial, sans-serif;font-size: 13px;font-style: normal;font-variant: normal;font-weight: normal;letter-spacing: normal;line-height: 18.2px;text-align: start;text-indent: 0px;text-transform: none;white-space: normal\" \/><span style=\"font-family: Arial, sans-serif;font-size: 13px;font-style: normal;font-variant: normal;font-weight: normal;letter-spacing: normal;line-height: 18.2px;text-align: start;text-indent: 0px;text-transform: none;white-space: normal;display: inline !important;float: none\">&#8211;  Risposta in frequenza -3dB 17Hz e 30kHz<\/span><br style=\"font-family: Arial, sans-serif;font-size: 13px;font-style: normal;font-variant: normal;font-weight: normal;letter-spacing: normal;line-height: 18.2px;text-align: start;text-indent: 0px;text-transform: none;white-space: normal\" \/><span style=\"font-family: Arial, sans-serif;font-size: 13px;font-style: normal;font-variant: normal;font-weight: normal;letter-spacing: normal;line-height: 18.2px;text-align: start;text-indent: 0px;text-transform: none;white-space: normal;display: inline !important;float: none\">&#8211;  DI Output 600 Ohm bilanciata\u00a0,<\/span><br style=\"font-family: Arial, sans-serif;font-size: 13px;font-style: normal;font-variant: normal;font-weight: normal;letter-spacing: normal;line-height: 18.2px;text-align: start;text-indent: 0px;text-transform: none;white-space: normal\" \/><span style=\"font-family: Arial, sans-serif;font-size: 13px;font-style: normal;font-variant: normal;font-weight: normal;letter-spacing: normal;line-height: 18.2px;text-align: start;text-indent: 0px;text-transform: none;white-space: normal;display: inline !important;float: none\">&#8211;  Impendenza 8 Ohm (minima 4 Ohm)<\/span><br style=\"font-family: Arial, sans-serif;font-size: 13px;font-style: normal;font-variant: normal;font-weight: normal;letter-spacing: normal;line-height: 18.2px;text-align: start;text-indent: 0px;text-transform: none;white-space: normal\" \/><span style=\"font-family: Arial, sans-serif;font-size: 13px;font-style: normal;font-variant: normal;font-weight: normal;letter-spacing: normal;line-height: 18.2px;text-align: start;text-indent: 0px;text-transform: none;white-space: normal;display: inline !important;float: none\">&#8211;  Tuner Output<\/span><br style=\"font-family: Arial, sans-serif;font-size: 13px;font-style: normal;font-variant: normal;font-weight: normal;letter-spacing: normal;line-height: 18.2px;text-align: start;text-indent: 0px;text-transform: none;white-space: normal\" \/><span style=\"font-family: Arial, sans-serif;font-size: 13px;font-style: normal;font-variant: normal;font-weight: normal;letter-spacing: normal;line-height: 18.2px;text-align: start;text-indent: 0px;text-transform: none;white-space: normal;display: inline !important;float: none\">&#8211;  Effect Send &amp;, Return<\/span><br style=\"font-family: Arial, sans-serif;font-size: 13px;font-style: normal;font-variant: normal;font-weight: normal;letter-spacing: normal;line-height: 18.2px;text-align: start;text-indent: 0px;text-transform: none;white-space: normal\" \/><span style=\"font-family: Arial, sans-serif;font-size: 13px;font-style: normal;font-variant: normal;font-weight: normal;letter-spacing: normal;line-height: 18.2px;text-align: start;text-indent: 0px;text-transform: none;white-space: normal;display: inline !important;float: none\">&#8211;  Dimensioni: A.60,3 cm x L.46,8 cm x P.33,5 cm<\/span><br style=\"font-family: Arial, sans-serif;font-size: 13px;font-style: normal;font-variant: normal;font-weight: normal;letter-spacing: normal;line-height: 18.2px;text-align: start;text-indent: 0px;text-transform: none;white-space: normal\" \/><span style=\"font-family: Arial, sans-serif;font-size: 13px;font-style: normal;font-variant: normal;font-weight: normal;letter-spacing: normal;line-height: 18.2px;text-align: start;text-indent: 0px;text-transform: none;white-space: normal;display: inline !important;float: none\">&#8211;  Peso: 22 Kg<\/span><\/p>\n<p>  \u00a0<\/p>\n","protected":false},"excerpt":{"rendered":"<p>RM-MAG-C115-420 &#8211; Combo per Basso<\/p>\n<p>La serie Rootmaster nasce da anni di ricerca e sviluppo di Ashdown, ed &egrave;, espressamente pensata per ottenere un suono caldo e potente in dimensioni e peso davvero ridotti. Il suono torna alle origini con il giusto mix tra vintage e moderno, in grado di bucare il mix come nessun altro. ,<\/p>\n<p>L?? RM-C115-420 &egrave;, un combo con Pre Amp a 5 bande, un nuovo compressore ed in pi&ugrave;, Drive e Sub Harmonic controllabili con footswitch. Inoltre il suo amplificatore di potenza in Classe D &egrave;, stato espressamente disegnato per ridurne il peso. ,<br \/>Tra le altre caratteristiche: entrata jack ausiliaria con level, FX Loop, XLR DI, Speakon\/Jack e un input per un FS-2 footswitch (venduto separatamente). Il tutto combinato con un cono da 15&#8242; Ashdown.<\/p>\n<p>La serie MAG RM &egrave;, la soluzione ideale per i bassisti che cercano potenza e comodit&agrave;, in un ampli facilmente trasportabile, tutto senza perdere la definizione di suono e frequenze. ,<\/p>\n<p>Al centro della filosofia Ashdown vi &egrave;, l??importanza di produrre strumenti in grado di seguirvi ovunque, dal piccoli club ai grandi palchi, con il miglior sound per le vostre frequenze basse.<\/p>\n<p>Caratteristiche:<\/p>\n<p>&#8211; Potenza: 420 Watt ,<br \/>&#8211; Coni: 1 x 15&#8242;<br \/>&#8211; Speaker Outputs 2 x Jack Sockets<br \/>&#8211; Risposta in frequenza -3dB 17Hz e 30kHz<br \/>&#8211; DI Output 600 Ohm bilanciata ,<br \/>&#8211; Impendenza 8 Ohm (minima 4 Ohm)<br \/>&#8211; Tuner Output<br \/>&#8211; Effect Send &amp;, Return<br \/>&#8211; Dimensioni: A.60,3 cm x L.46,8 cm x P.33,5 cm<br \/>&#8211; Peso: 22 Kg<\/p>\n","protected":false},"featured_media":23097,"template":"","meta":{"site-sidebar-layout":"default","site-content-layout":"","ast-site-content-layout":"default","site-content-style":"default","site-sidebar-style":"default","ast-global-header-display":"","ast-banner-title-visibility":"","ast-main-header-display":"","ast-hfb-above-header-display":"","ast-hfb-below-header-display":"","ast-hfb-mobile-header-display":"","site-post-title":"","ast-breadcrumbs-content":"","ast-featured-img":"","footer-sml-layout":"","theme-transparent-header-meta":"","adv-header-id-meta":"","stick-header-meta":"","header-above-stick-meta":"","header-main-stick-meta":"","header-below-stick-meta":"","astra-migrate-meta-layouts":"default","ast-page-background-enabled":"default","ast-page-background-meta":{"desktop":{"background-color":"var(--ast-global-color-4)","background-image":"","background-repeat":"repeat","background-position":"center center","background-size":"auto","background-attachment":"scroll","background-type":"","background-media":"","overlay-type":"","overlay-color":"","overlay-opacity":"","overlay-gradient":""},"tablet":{"background-color":"","background-image":"","background-repeat":"repeat","background-position":"center center","background-size":"auto","background-attachment":"scroll","background-type":"","background-media":"","overlay-type":"","overlay-color":"","overlay-opacity":"","overlay-gradient":""},"mobile":{"background-color":"","background-image":"","background-repeat":"repeat","background-position":"center center","background-size":"auto","background-attachment":"scroll","background-type":"","background-media":"","overlay-type":"","overlay-color":"","overlay-opacity":"","overlay-gradient":""}},"ast-content-background-meta":{"desktop":{"background-color":"var(--ast-global-color-5)","background-image":"","background-repeat":"repeat","background-position":"center center","background-size":"auto","background-attachment":"scroll","background-type":"","background-media":"","overlay-type":"","overlay-color":"","overlay-opacity":"","overlay-gradient":""},"tablet":{"background-color":"var(--ast-global-color-5)","background-image":"","background-repeat":"repeat","background-position":"center center","background-size":"auto","background-attachment":"scroll","background-type":"","background-media":"","overlay-type":"","overlay-color":"","overlay-opacity":"","overlay-gradient":""},"mobile":{"background-color":"var(--ast-global-color-5)","background-image":"","background-repeat":"repeat","background-position":"center center","background-size":"auto","background-attachment":"scroll","background-type":"","background-media":"","overlay-type":"","overlay-color":"","overlay-opacity":"","overlay-gradient":""}}},"product_brand":[],"product_cat":[157],"product_tag":[],"class_list":{"0":"post-23098","1":"product","2":"type-product","3":"status-publish","4":"has-post-thumbnail","6":"product_cat-combo-per-basso","7":"desktop-align-left","8":"tablet-align-left","9":"mobile-align-left","11":"first","12":"instock","13":"taxable","14":"shipping-taxable","15":"purchasable","16":"product-type-simple"},"_links":{"self":[{"href":"https:\/\/gigionestrumentimusicali.it\/index.php\/wp-json\/wp\/v2\/product\/23098","targetHints":{"allow":["GET"]}}],"collection":[{"href":"https:\/\/gigionestrumentimusicali.it\/index.php\/wp-json\/wp\/v2\/product"}],"about":[{"href":"https:\/\/gigionestrumentimusicali.it\/index.php\/wp-json\/wp\/v2\/types\/product"}],"wp:featuredmedia":[{"embeddable":true,"href":"https:\/\/gigionestrumentimusicali.it\/index.php\/wp-json\/wp\/v2\/media\/23097"}],"wp:attachment":[{"href":"https:\/\/gigionestrumentimusicali.it\/index.php\/wp-json\/wp\/v2\/media?parent=23098"}],"wp:term":[{"taxonomy":"product_brand","embeddable":true,"href":"https:\/\/gigionestrumentimusicali.it\/index.php\/wp-json\/wp\/v2\/product_brand?post=23098"},{"taxonomy":"product_cat","embeddable":true,"href":"https:\/\/gigionestrumentimusicali.it\/index.php\/wp-json\/wp\/v2\/product_cat?post=23098"},{"taxonomy":"product_tag","embeddable":true,"href":"https:\/\/gigionestrumentimusicali.it\/index.php\/wp-json\/wp\/v2\/product_tag?post=23098"}],"curies":[{"name":"wp","href":"https:\/\/api.w.org\/{rel}","templated":true}]}}