{"id":23160,"date":"2024-11-11T17:57:45","date_gmt":"2024-11-11T17:57:45","guid":{"rendered":"https:\/\/gigionestrumentimusicali.it\/index.php\/product\/stinger-stp-600hb-testata-per-basso-pre-valvolare\/"},"modified":"2026-04-11T19:14:09","modified_gmt":"2026-04-11T19:14:09","slug":"stinger-stp-600hb-testata-per-basso-pre-valvolare","status":"publish","type":"product","link":"https:\/\/gigionestrumentimusicali.it\/index.php\/product\/stinger-stp-600hb-testata-per-basso-pre-valvolare\/","title":{"rendered":"STINGER STP 600HB TESTATA PER BASSO PRE VALVOLARE"},"content":{"rendered":"<p>  L\u2019amplificazione per basso Stinger raggiunge un altro livello con la testata  ad alta potenza ST P600HB e con una serie di casse abbinabili, costruite per rispondere  alle esigenze pi\u00f9 professionali. Questa nuova testata offre la possibilit\u00e0 di scegliere  tra un preamplificatore a stato solido e uno a valvola, ed \u00e8 caratterizzata da controlli  di tono all\u2019ingresso, un equalizzatore parametrico e loop parallelo per effetti  con controllo di livello, ognuno selezionabile a pedale. Inoltre dispone di un\u2019uscita  bilanciata PRE- o POST-EQ, una per accordatore, ed una ausiliare a livello LINE.  Lo stadio di amplificazione finale da 600 Watt RMS \u00e8 garantito dal raffreddamento  a doppia ventola e dalle protezioni contro il surriscaldamento e il sovraccarico.  Per accompagnare questa testata iper-professionale, Stinger propone tre casse del  medesimo livello: l\u2019ST P410EB, con 4 coni da 10\u201d ed un tweeter montati  in una cassa di profondit\u00e0 estesa; l\u2019ST P115EB, con un altoparlante Celestion\u00ae  da 15\u201d; e, appositamente per il bassista che sente il bisogno di far tremare  la terra, l\u2019ST P118EB con un immenso cono da 18\u201d in configurazione bass-reflex.  Dati della scheda tecnica Potenza massima su 8 Ohm : 600 W\/RMS Note tecniche : Preamplificatore  Valvolare o Stato Solido selezionabile Controlli attivi di tono sul preamplificatore  Equalizzatore parametrico a 3 Bande selezionabile a pedale Loop Effetti Parallelo  to a doppia ventola Protezioni termica e contro il sovraccarico Accensione Silenziosa<\/p>\n","protected":false},"excerpt":{"rendered":"<p>L&rsquo;amplificazione per basso Stinger raggiunge un altro livello con la testata ad alta potenza ST P600HB e con una serie di casse abbinabili, costruite per rispondere alle esigenze pi&ugrave; professionali. Questa nuova testata offre la possibilit&agrave; di scegliere tra un preamplificatore a stato solido e uno a valvola, ed &egrave; caratterizzata da controlli di tono all&rsquo;ingresso, un equalizzatore parametrico e loop parallelo per effetti con controllo di livello, ognuno selezionabile a pedale. Inoltre dispone di un&rsquo;uscita bilanciata PRE- o POST-EQ, una per accordatore, ed una ausiliare a livello LINE. Lo stadio di amplificazione finale da 600 Watt RMS &egrave; garantito dal raffreddamento a doppia ventola e dalle protezioni contro il surriscaldamento e il sovraccarico. Per accompagnare questa testata iper-professionale, Stinger propone tre casse del medesimo livello: l&rsquo;ST P410EB, con 4 coni da 10&rdquo; ed un tweeter montati in una cassa di profondit&agrave; estesa; l&rsquo;ST P115EB, con un altoparlante Celestion&reg; da 15&rdquo;; e, appositamente per il bassista che sente il bisogno di far tremare la terra, l&rsquo;ST P118EB con un immenso cono da 18&rdquo; in configurazione bass-reflex. Dati della scheda tecnica Potenza massima su 8 Ohm : 600 W\/RMS Note tecniche : Preamplificatore Valvolare o Stato Solido selezionabile Controlli attivi di tono sul preamplificatore Equalizzatore parametrico a 3 Bande selezionabile a pedale Loop Effetti Parallelo to a doppia ventola Protezioni termica e contro il sovraccarico Accensione Silenziosa<\/p>\n","protected":false},"featured_media":23159,"template":"","meta":{"site-sidebar-layout":"default","site-content-layout":"","ast-site-content-layout":"default","site-content-style":"default","site-sidebar-style":"default","ast-global-header-display":"","ast-banner-title-visibility":"","ast-main-header-display":"","ast-hfb-above-header-display":"","ast-hfb-below-header-display":"","ast-hfb-mobile-header-display":"","site-post-title":"","ast-breadcrumbs-content":"","ast-featured-img":"","footer-sml-layout":"","theme-transparent-header-meta":"","adv-header-id-meta":"","stick-header-meta":"","header-above-stick-meta":"","header-main-stick-meta":"","header-below-stick-meta":"","astra-migrate-meta-layouts":"default","ast-page-background-enabled":"default","ast-page-background-meta":{"desktop":{"background-color":"var(--ast-global-color-4)","background-image":"","background-repeat":"repeat","background-position":"center center","background-size":"auto","background-attachment":"scroll","background-type":"","background-media":"","overlay-type":"","overlay-color":"","overlay-opacity":"","overlay-gradient":""},"tablet":{"background-color":"","background-image":"","background-repeat":"repeat","background-position":"center center","background-size":"auto","background-attachment":"scroll","background-type":"","background-media":"","overlay-type":"","overlay-color":"","overlay-opacity":"","overlay-gradient":""},"mobile":{"background-color":"","background-image":"","background-repeat":"repeat","background-position":"center center","background-size":"auto","background-attachment":"scroll","background-type":"","background-media":"","overlay-type":"","overlay-color":"","overlay-opacity":"","overlay-gradient":""}},"ast-content-background-meta":{"desktop":{"background-color":"var(--ast-global-color-5)","background-image":"","background-repeat":"repeat","background-position":"center center","background-size":"auto","background-attachment":"scroll","background-type":"","background-media":"","overlay-type":"","overlay-color":"","overlay-opacity":"","overlay-gradient":""},"tablet":{"background-color":"var(--ast-global-color-5)","background-image":"","background-repeat":"repeat","background-position":"center center","background-size":"auto","background-attachment":"scroll","background-type":"","background-media":"","overlay-type":"","overlay-color":"","overlay-opacity":"","overlay-gradient":""},"mobile":{"background-color":"var(--ast-global-color-5)","background-image":"","background-repeat":"repeat","background-position":"center center","background-size":"auto","background-attachment":"scroll","background-type":"","background-media":"","overlay-type":"","overlay-color":"","overlay-opacity":"","overlay-gradient":""}}},"product_brand":[],"product_cat":[159],"product_tag":[],"class_list":{"0":"post-23160","1":"product","2":"type-product","3":"status-publish","4":"has-post-thumbnail","6":"product_cat-testate-per-basso","7":"desktop-align-left","8":"tablet-align-left","9":"mobile-align-left","11":"first","12":"instock","13":"taxable","14":"shipping-taxable","15":"purchasable","16":"product-type-simple"},"_links":{"self":[{"href":"https:\/\/gigionestrumentimusicali.it\/index.php\/wp-json\/wp\/v2\/product\/23160","targetHints":{"allow":["GET"]}}],"collection":[{"href":"https:\/\/gigionestrumentimusicali.it\/index.php\/wp-json\/wp\/v2\/product"}],"about":[{"href":"https:\/\/gigionestrumentimusicali.it\/index.php\/wp-json\/wp\/v2\/types\/product"}],"wp:featuredmedia":[{"embeddable":true,"href":"https:\/\/gigionestrumentimusicali.it\/index.php\/wp-json\/wp\/v2\/media\/23159"}],"wp:attachment":[{"href":"https:\/\/gigionestrumentimusicali.it\/index.php\/wp-json\/wp\/v2\/media?parent=23160"}],"wp:term":[{"taxonomy":"product_brand","embeddable":true,"href":"https:\/\/gigionestrumentimusicali.it\/index.php\/wp-json\/wp\/v2\/product_brand?post=23160"},{"taxonomy":"product_cat","embeddable":true,"href":"https:\/\/gigionestrumentimusicali.it\/index.php\/wp-json\/wp\/v2\/product_cat?post=23160"},{"taxonomy":"product_tag","embeddable":true,"href":"https:\/\/gigionestrumentimusicali.it\/index.php\/wp-json\/wp\/v2\/product_tag?post=23160"}],"curies":[{"name":"wp","href":"https:\/\/api.w.org\/{rel}","templated":true}]}}