{"id":23476,"date":"2024-11-16T15:08:51","date_gmt":"2024-11-16T15:08:51","guid":{"rendered":"https:\/\/gigionestrumentimusicali.it\/index.php\/product\/fender-cn-60s-nylon-wn-black-chitarra-classica\/"},"modified":"2026-04-18T19:59:55","modified_gmt":"2026-04-18T19:59:55","slug":"fender-cn-60s-nylon-wn-black-chitarra-classica","status":"publish","type":"product","link":"https:\/\/gigionestrumentimusicali.it\/index.php\/product\/fender-cn-60s-nylon-wn-black-chitarra-classica\/","title":{"rendered":"FENDER CN-60S NYLON WN BLACK CHITARRA CLASSICA"},"content":{"rendered":"<p>I modelli CN Classic Design combinano la facile suonabilit\u00e0 e il suono delle corde in nylon con il comfort di una spaziatura delle corde in acciaio. Fender ha sostituito i manici larghi che si trovano normalmente sulle chitarre classiche con lo stesso profilo del manico facile da suonare che si trova su tutti gli altri modelli Classic Design. La CN-60S dispone anche di un top in abete massello, fondo e fasce in mogano e bordi della tastiera arrotondati.<br \/>La CN-60S \u00e8 una scelta perfetta per il musicista che sta avanzando e cerca corde pi\u00f9 morbide e che sia pi\u00f9 facile da usare, pur offrendo i suoni ricchi di una chitarra classica. Mettendo il comfort al primo posto, questo strumento \u00e8 un ottimo punto di partenza per coloro che stanno iniziando il loro viaggio musicale.<\/p>\n<p>Caratteristiche<br \/>Formato: Concerto<br \/>Top: Abete massello<br \/>Fondo e fasce: Mogano laminato<br \/>Finitura: Satinata<br \/>Manico: Mogano<br \/>Finitura: Lucida<br \/>Profilo: Fender Easy-to-Play con bordi arrotondati<br \/>Scala: 25.3&#8243; (643mm)<br \/>Tastiera: Noce<br \/>Raggio: 12&#8243; (305mm)<br \/>Tasti: 18, Vintage Style<br \/>Capotasto: Plastica<br \/>Larghezza: 1.69&#8243; (43mm)<br \/>Segnatasti: Dot laterali<br \/>Truss Rod: Dual-Action<br \/>Ponte: Noce<br \/>Hardware: Cromato<br \/>Meccaniche: 3-In-Linea con manopole madreperla<br \/>Product: 0970160506<\/p>\n","protected":false},"excerpt":{"rendered":"<p>I modelli CN Classic Design combinano la facile suonabilit\u00e0 e il suono delle corde in nylon con il comfort di una spaziatura delle corde in acciaio. Fender ha sostituito i manici larghi che si trovano normalmente sulle chitarre classiche con lo stesso profilo del manico facile da suonare che si trova su tutti gli altri [&hellip;]<\/p>\n","protected":false},"featured_media":23477,"template":"","meta":{"site-sidebar-layout":"default","site-content-layout":"","ast-site-content-layout":"default","site-content-style":"default","site-sidebar-style":"default","ast-global-header-display":"","ast-banner-title-visibility":"","ast-main-header-display":"","ast-hfb-above-header-display":"","ast-hfb-below-header-display":"","ast-hfb-mobile-header-display":"","site-post-title":"","ast-breadcrumbs-content":"","ast-featured-img":"","footer-sml-layout":"","theme-transparent-header-meta":"","adv-header-id-meta":"","stick-header-meta":"","header-above-stick-meta":"","header-main-stick-meta":"","header-below-stick-meta":"","astra-migrate-meta-layouts":"default","ast-page-background-enabled":"default","ast-page-background-meta":{"desktop":{"background-color":"var(--ast-global-color-4)","background-image":"","background-repeat":"repeat","background-position":"center center","background-size":"auto","background-attachment":"scroll","background-type":"","background-media":"","overlay-type":"","overlay-color":"","overlay-opacity":"","overlay-gradient":""},"tablet":{"background-color":"","background-image":"","background-repeat":"repeat","background-position":"center center","background-size":"auto","background-attachment":"scroll","background-type":"","background-media":"","overlay-type":"","overlay-color":"","overlay-opacity":"","overlay-gradient":""},"mobile":{"background-color":"","background-image":"","background-repeat":"repeat","background-position":"center center","background-size":"auto","background-attachment":"scroll","background-type":"","background-media":"","overlay-type":"","overlay-color":"","overlay-opacity":"","overlay-gradient":""}},"ast-content-background-meta":{"desktop":{"background-color":"var(--ast-global-color-5)","background-image":"","background-repeat":"repeat","background-position":"center center","background-size":"auto","background-attachment":"scroll","background-type":"","background-media":"","overlay-type":"","overlay-color":"","overlay-opacity":"","overlay-gradient":""},"tablet":{"background-color":"var(--ast-global-color-5)","background-image":"","background-repeat":"repeat","background-position":"center center","background-size":"auto","background-attachment":"scroll","background-type":"","background-media":"","overlay-type":"","overlay-color":"","overlay-opacity":"","overlay-gradient":""},"mobile":{"background-color":"var(--ast-global-color-5)","background-image":"","background-repeat":"repeat","background-position":"center center","background-size":"auto","background-attachment":"scroll","background-type":"","background-media":"","overlay-type":"","overlay-color":"","overlay-opacity":"","overlay-gradient":""}}},"product_brand":[],"product_cat":[385],"product_tag":[],"class_list":{"0":"post-23476","1":"product","2":"type-product","3":"status-publish","4":"has-post-thumbnail","6":"product_cat-chitarre-4-4","7":"desktop-align-left","8":"tablet-align-left","9":"mobile-align-left","11":"first","12":"instock","13":"taxable","14":"shipping-taxable","15":"purchasable","16":"product-type-simple"},"_links":{"self":[{"href":"https:\/\/gigionestrumentimusicali.it\/index.php\/wp-json\/wp\/v2\/product\/23476","targetHints":{"allow":["GET"]}}],"collection":[{"href":"https:\/\/gigionestrumentimusicali.it\/index.php\/wp-json\/wp\/v2\/product"}],"about":[{"href":"https:\/\/gigionestrumentimusicali.it\/index.php\/wp-json\/wp\/v2\/types\/product"}],"wp:featuredmedia":[{"embeddable":true,"href":"https:\/\/gigionestrumentimusicali.it\/index.php\/wp-json\/wp\/v2\/media\/23477"}],"wp:attachment":[{"href":"https:\/\/gigionestrumentimusicali.it\/index.php\/wp-json\/wp\/v2\/media?parent=23476"}],"wp:term":[{"taxonomy":"product_brand","embeddable":true,"href":"https:\/\/gigionestrumentimusicali.it\/index.php\/wp-json\/wp\/v2\/product_brand?post=23476"},{"taxonomy":"product_cat","embeddable":true,"href":"https:\/\/gigionestrumentimusicali.it\/index.php\/wp-json\/wp\/v2\/product_cat?post=23476"},{"taxonomy":"product_tag","embeddable":true,"href":"https:\/\/gigionestrumentimusicali.it\/index.php\/wp-json\/wp\/v2\/product_tag?post=23476"}],"curies":[{"name":"wp","href":"https:\/\/api.w.org\/{rel}","templated":true}]}}