{"id":23496,"date":"2024-11-16T17:15:04","date_gmt":"2024-11-16T17:15:04","guid":{"rendered":"https:\/\/gigionestrumentimusicali.it\/index.php\/product\/electro-voice-etx-10p\/"},"modified":"2026-04-07T19:53:42","modified_gmt":"2026-04-07T19:53:42","slug":"electro-voice-etx-10p","status":"publish","type":"product","link":"https:\/\/gigionestrumentimusicali.it\/index.php\/product\/electro-voice-etx-10p\/","title":{"rendered":"ELECTRO VOICE ETX 10P"},"content":{"rendered":"<p>  ETX-10P da Electro-Voice \u00e8 un ad alta potenza a due vie diffusore compatto; pu\u00f2  essere utilizzato in una variet\u00e0 di applicazioni portatili e permanenti. Il DSP  (Digital Signal Processing) offrono menu ampie configurazioni, crossover, voicing  selettiva, limitatori di protezione, modalit\u00e0 EQ, e una modalit\u00e0 di blocco impedisce  variazioni casuali al sistema. altoparlante le prestazioni del sistema \u00e8 ottimizzato  tramite uno schermo LCD. Il LED frontale indica il potere o pu\u00f2 essere configurato  per indicare limite. SST EV-brevettato (segnale sincronizzato trasduttori) disegno  guida d&#8217;onda fornisce una copertura uniforme e direttivit\u00e0. Guide d&#8217;onda sono ottimizzati  utilizzando avanzate software di simulazione e correttezza algoritmi per controllo  preciso e distorsione minima. EV progettato e trasduttori fabbricati includono SMX  woofer. La tecnologia utilizzando materiali compositi a cono, il flusso stabilizzazione  anelli e gestione termica. questo trasduttore produce bassa distorsione, risposta  liscio ed elevata SPL. L&#8217;alta efficienza di compressione DH3-B conducente ha un  diaframma convesso guida di una coerente Dispositivo fase di estendere la risposta  in frequenza di 20 kHz. La tecnologia FIR-Drive di EV utilizzato l&#8217;ultima FIR (Finite  La tecnologia Impulse Response) Filtro per ottimizzare trasduttore linearit\u00e0 e algoritmi  avanzati limitatore per il picco indipendente e trasduttore termico protezione.  La custodia \u00e8 costruita su 18 mm, 13 strati multistrato di betulla rifinito con  EVCoat. Altoparlanti ETX Powered combinano EV-ingegnerizzato DSP intelligente, amplificatori  ad alta potenza e trasduttori ad alta efficienza per offrire quel leggendario Suono  EV e prestazioni<\/p>\n<p>  Technical specifications<\/p>\n<p>  Frequency Response (-3 dB): 85 Hz \u2013 20 kHz1<\/p>\n<p>  Frequency Range (-10 dB): 65 Hz \u2013 20 kHz1<\/p>\n<p>  Maximum SPL: 134 dB peak2<\/p>\n<p>  Coverage (H x V): 90\u00b0 x 60\u00b0<\/p>\n<p>  Power Rating: 2000 W<\/p>\n<p>  LF Transducer: SMX2100 254 mm (10 in)<\/p>\n<p>  HF Transducer: DH3-B 1.25-in titanium compression driver<\/p>\n<p>  Crossover Frequency: 1700 Hz<\/p>\n<p>  Connectors: (2) XLR\/TRS combo jack and (1) XLR link output<\/p>\n<p>  Enclosure: 18 mm, 13-ply birch plywood with EVCoat<\/p>\n<p>  Grille: 16AWG steel with powdercoat<\/p>\n<p>  Suspension: (8) M10 suspension points<\/p>\n<p>  Dimensions (H x W x D): 526 mm x 330 mm x 365 mm<\/p>\n<p>  Net Weight: 20.3 kg<\/p>\n<p>  Power Consumption: 100 \u2013 240 V~, 50 \u2013 60 Hz, 1.6 \u2013 0.8 A<\/p>\n","protected":false},"excerpt":{"rendered":"<p>ETX-10P da Electro-Voice &egrave; un ad alta potenza a due vie diffusore compatto; pu&ograve; essere utilizzato in una variet&agrave; di applicazioni portatili e permanenti. Il DSP (Digital Signal Processing) offrono menu ampie configurazioni, crossover, voicing selettiva, limitatori di protezione, modalit&agrave; EQ, e una modalit&agrave; di blocco impedisce variazioni casuali al sistema. altoparlante le prestazioni del sistema &egrave; ottimizzato tramite uno schermo LCD. Il LED frontale indica il potere o pu&ograve; essere configurato per indicare limite. SST EV-brevettato (segnale sincronizzato trasduttori) disegno guida d&#8217;onda fornisce una copertura uniforme e direttivit&agrave;. Guide d&#8217;onda sono ottimizzati utilizzando avanzate software di simulazione e correttezza algoritmi per controllo preciso e distorsione minima. EV progettato e trasduttori fabbricati includono SMX woofer. La tecnologia utilizzando materiali compositi a cono, il flusso stabilizzazione anelli e gestione termica. questo trasduttore produce bassa distorsione, risposta liscio ed elevata SPL. L&#8217;alta efficienza di compressione DH3-B conducente ha un diaframma convesso guida di una coerente Dispositivo fase di estendere la risposta in frequenza di 20 kHz. La tecnologia FIR-Drive di EV utilizzato l&#8217;ultima FIR (Finite La tecnologia Impulse Response) Filtro per ottimizzare trasduttore linearit&agrave; e algoritmi avanzati limitatore per il picco indipendente e trasduttore termico protezione. La custodia &egrave; costruita su 18 mm, 13 strati multistrato di betulla rifinito con EVCoat. Altoparlanti ETX Powered combinano EV-ingegnerizzato DSP intelligente, amplificatori ad alta potenza e trasduttori ad alta efficienza per offrire quel leggendario Suono EV e prestazioni<br \/>Technical specifications<br \/>Frequency Response (-3 dB): 85 Hz &ndash; 20 kHz1<br \/>Frequency Range (-10 dB): 65 Hz &ndash; 20 kHz1<br \/>Maximum SPL: 134 dB peak2<br \/>Coverage (H x V): 90&deg; x 60&deg;<br \/>Power Rating: 2000 W<br \/>LF Transducer: SMX2100 254 mm (10 in)<br \/>HF Transducer: DH3-B 1.25-in titanium compression driver<br \/>Crossover Frequency: 1700 Hz<br \/>Connectors: (2) XLR\/TRS combo jack and (1) XLR link output<br \/>Enclosure: 18 mm, 13-ply birch plywood with EVCoat<br \/>Grille: 16AWG steel with powdercoat<br \/>Suspension: (8) M10 suspension points<br \/>Dimensions (H x W x D): 526 mm x 330 mm x 365 mm <br \/>Net Weight: 20.3 kg<br \/>Power Consumption: 100 &ndash; 240 V~, 50 &ndash; 60 Hz, 1.6 &ndash; 0.8 A<\/p>\n","protected":false},"featured_media":23491,"template":"","meta":{"site-sidebar-layout":"default","site-content-layout":"","ast-site-content-layout":"default","site-content-style":"default","site-sidebar-style":"default","ast-global-header-display":"","ast-banner-title-visibility":"","ast-main-header-display":"","ast-hfb-above-header-display":"","ast-hfb-below-header-display":"","ast-hfb-mobile-header-display":"","site-post-title":"","ast-breadcrumbs-content":"","ast-featured-img":"","footer-sml-layout":"","theme-transparent-header-meta":"","adv-header-id-meta":"","stick-header-meta":"","header-above-stick-meta":"","header-main-stick-meta":"","header-below-stick-meta":"","astra-migrate-meta-layouts":"default","ast-page-background-enabled":"default","ast-page-background-meta":{"desktop":{"background-color":"var(--ast-global-color-4)","background-image":"","background-repeat":"repeat","background-position":"center center","background-size":"auto","background-attachment":"scroll","background-type":"","background-media":"","overlay-type":"","overlay-color":"","overlay-opacity":"","overlay-gradient":""},"tablet":{"background-color":"","background-image":"","background-repeat":"repeat","background-position":"center center","background-size":"auto","background-attachment":"scroll","background-type":"","background-media":"","overlay-type":"","overlay-color":"","overlay-opacity":"","overlay-gradient":""},"mobile":{"background-color":"","background-image":"","background-repeat":"repeat","background-position":"center center","background-size":"auto","background-attachment":"scroll","background-type":"","background-media":"","overlay-type":"","overlay-color":"","overlay-opacity":"","overlay-gradient":""}},"ast-content-background-meta":{"desktop":{"background-color":"var(--ast-global-color-5)","background-image":"","background-repeat":"repeat","background-position":"center center","background-size":"auto","background-attachment":"scroll","background-type":"","background-media":"","overlay-type":"","overlay-color":"","overlay-opacity":"","overlay-gradient":""},"tablet":{"background-color":"var(--ast-global-color-5)","background-image":"","background-repeat":"repeat","background-position":"center center","background-size":"auto","background-attachment":"scroll","background-type":"","background-media":"","overlay-type":"","overlay-color":"","overlay-opacity":"","overlay-gradient":""},"mobile":{"background-color":"var(--ast-global-color-5)","background-image":"","background-repeat":"repeat","background-position":"center center","background-size":"auto","background-attachment":"scroll","background-type":"","background-media":"","overlay-type":"","overlay-color":"","overlay-opacity":"","overlay-gradient":""}}},"product_brand":[],"product_cat":[576],"product_tag":[],"class_list":{"0":"post-23496","1":"product","2":"type-product","3":"status-publish","4":"has-post-thumbnail","6":"product_cat-casse-attive","7":"desktop-align-left","8":"tablet-align-left","9":"mobile-align-left","11":"first","12":"instock","13":"taxable","14":"shipping-taxable","15":"purchasable","16":"product-type-simple"},"_links":{"self":[{"href":"https:\/\/gigionestrumentimusicali.it\/index.php\/wp-json\/wp\/v2\/product\/23496","targetHints":{"allow":["GET"]}}],"collection":[{"href":"https:\/\/gigionestrumentimusicali.it\/index.php\/wp-json\/wp\/v2\/product"}],"about":[{"href":"https:\/\/gigionestrumentimusicali.it\/index.php\/wp-json\/wp\/v2\/types\/product"}],"wp:featuredmedia":[{"embeddable":true,"href":"https:\/\/gigionestrumentimusicali.it\/index.php\/wp-json\/wp\/v2\/media\/23491"}],"wp:attachment":[{"href":"https:\/\/gigionestrumentimusicali.it\/index.php\/wp-json\/wp\/v2\/media?parent=23496"}],"wp:term":[{"taxonomy":"product_brand","embeddable":true,"href":"https:\/\/gigionestrumentimusicali.it\/index.php\/wp-json\/wp\/v2\/product_brand?post=23496"},{"taxonomy":"product_cat","embeddable":true,"href":"https:\/\/gigionestrumentimusicali.it\/index.php\/wp-json\/wp\/v2\/product_cat?post=23496"},{"taxonomy":"product_tag","embeddable":true,"href":"https:\/\/gigionestrumentimusicali.it\/index.php\/wp-json\/wp\/v2\/product_tag?post=23496"}],"curies":[{"name":"wp","href":"https:\/\/api.w.org\/{rel}","templated":true}]}}