{"id":23507,"date":"2024-11-18T15:09:49","date_gmt":"2024-11-18T15:09:49","guid":{"rendered":"https:\/\/gigionestrumentimusicali.it\/index.php\/product\/fender-cc-60s-concert-wn-natural-chitarra-acustica\/"},"modified":"2026-04-12T01:02:50","modified_gmt":"2026-04-12T01:02:50","slug":"fender-cc-60s-concert-wn-natural-chitarra-acustica","status":"publish","type":"product","link":"https:\/\/gigionestrumentimusicali.it\/index.php\/product\/fender-cc-60s-concert-wn-natural-chitarra-acustica\/","title":{"rendered":"FENDER CC-60S CONCERT WN NATURAL CHITARRA ACUSTICA"},"content":{"rendered":"<p>Compatta e comoda, la CC-60S \u00e8 l&#8217;ideale per i principianti. Il corpo pi\u00f9 piccolo delle dimensioni concerto \u00e8 facile da manovrare in qualsiasi posizione d&#8217;esecuzione, con un timbro articolato ideale per il fingerpicking. Il suo raffinato top in abete massello, il manico facile da suonare ed il fondo e le fasce in mogano rendono la CC-60S una scelta perfetta con gli amici, in un patio o in un caff\u00e8.<\/p>\n<p>Caratteristiche<br \/>Formato: Concerto<br \/>Top: Abete Sitka massello<br \/>Fondo e fasce: Mogano<br \/>Manico: Mogano<br \/>Tastiera: Noce<br \/>Capotasto: 43mm<br \/>Materiale: Plastica<br \/>Scala: 643mm<br \/>Raggio: 12&#8243; (305mm)<br \/>Tasti: 20<br \/>Ponte: Noce<br \/>Pin del ponte: Bianchi con dot neri<br \/>Hardware: Cromato<br \/>Battipenna: 1-Strato nero<br \/>Finitura: Natural<br \/>Bag:No<br \/>Product: 0970150021<\/p>\n","protected":false},"excerpt":{"rendered":"<p>Compatta e comoda, la CC-60S \u00e8 l&#8217;ideale per i principianti. Il corpo pi\u00f9 piccolo delle dimensioni concerto \u00e8 facile da manovrare in qualsiasi posizione d&#8217;esecuzione, con un timbro articolato ideale per il fingerpicking. Il suo raffinato top in abete massello, il manico facile da suonare ed il fondo e le fasce in mogano rendono la [&hellip;]<\/p>\n","protected":false},"featured_media":23508,"template":"","meta":{"site-sidebar-layout":"default","site-content-layout":"","ast-site-content-layout":"default","site-content-style":"default","site-sidebar-style":"default","ast-global-header-display":"","ast-banner-title-visibility":"","ast-main-header-display":"","ast-hfb-above-header-display":"","ast-hfb-below-header-display":"","ast-hfb-mobile-header-display":"","site-post-title":"","ast-breadcrumbs-content":"","ast-featured-img":"","footer-sml-layout":"","theme-transparent-header-meta":"","adv-header-id-meta":"","stick-header-meta":"","header-above-stick-meta":"","header-main-stick-meta":"","header-below-stick-meta":"","astra-migrate-meta-layouts":"default","ast-page-background-enabled":"default","ast-page-background-meta":{"desktop":{"background-color":"var(--ast-global-color-4)","background-image":"","background-repeat":"repeat","background-position":"center center","background-size":"auto","background-attachment":"scroll","background-type":"","background-media":"","overlay-type":"","overlay-color":"","overlay-opacity":"","overlay-gradient":""},"tablet":{"background-color":"","background-image":"","background-repeat":"repeat","background-position":"center center","background-size":"auto","background-attachment":"scroll","background-type":"","background-media":"","overlay-type":"","overlay-color":"","overlay-opacity":"","overlay-gradient":""},"mobile":{"background-color":"","background-image":"","background-repeat":"repeat","background-position":"center center","background-size":"auto","background-attachment":"scroll","background-type":"","background-media":"","overlay-type":"","overlay-color":"","overlay-opacity":"","overlay-gradient":""}},"ast-content-background-meta":{"desktop":{"background-color":"var(--ast-global-color-5)","background-image":"","background-repeat":"repeat","background-position":"center center","background-size":"auto","background-attachment":"scroll","background-type":"","background-media":"","overlay-type":"","overlay-color":"","overlay-opacity":"","overlay-gradient":""},"tablet":{"background-color":"var(--ast-global-color-5)","background-image":"","background-repeat":"repeat","background-position":"center center","background-size":"auto","background-attachment":"scroll","background-type":"","background-media":"","overlay-type":"","overlay-color":"","overlay-opacity":"","overlay-gradient":""},"mobile":{"background-color":"var(--ast-global-color-5)","background-image":"","background-repeat":"repeat","background-position":"center center","background-size":"auto","background-attachment":"scroll","background-type":"","background-media":"","overlay-type":"","overlay-color":"","overlay-opacity":"","overlay-gradient":""}}},"product_brand":[],"product_cat":[380],"product_tag":[],"class_list":{"0":"post-23507","1":"product","2":"type-product","3":"status-publish","4":"has-post-thumbnail","6":"product_cat-chitarre-acustiche-chitarre-acustiche","7":"desktop-align-left","8":"tablet-align-left","9":"mobile-align-left","11":"first","12":"instock","13":"taxable","14":"shipping-taxable","15":"purchasable","16":"product-type-simple"},"_links":{"self":[{"href":"https:\/\/gigionestrumentimusicali.it\/index.php\/wp-json\/wp\/v2\/product\/23507","targetHints":{"allow":["GET"]}}],"collection":[{"href":"https:\/\/gigionestrumentimusicali.it\/index.php\/wp-json\/wp\/v2\/product"}],"about":[{"href":"https:\/\/gigionestrumentimusicali.it\/index.php\/wp-json\/wp\/v2\/types\/product"}],"wp:featuredmedia":[{"embeddable":true,"href":"https:\/\/gigionestrumentimusicali.it\/index.php\/wp-json\/wp\/v2\/media\/23508"}],"wp:attachment":[{"href":"https:\/\/gigionestrumentimusicali.it\/index.php\/wp-json\/wp\/v2\/media?parent=23507"}],"wp:term":[{"taxonomy":"product_brand","embeddable":true,"href":"https:\/\/gigionestrumentimusicali.it\/index.php\/wp-json\/wp\/v2\/product_brand?post=23507"},{"taxonomy":"product_cat","embeddable":true,"href":"https:\/\/gigionestrumentimusicali.it\/index.php\/wp-json\/wp\/v2\/product_cat?post=23507"},{"taxonomy":"product_tag","embeddable":true,"href":"https:\/\/gigionestrumentimusicali.it\/index.php\/wp-json\/wp\/v2\/product_tag?post=23507"}],"curies":[{"name":"wp","href":"https:\/\/api.w.org\/{rel}","templated":true}]}}