{"id":23711,"date":"2024-11-20T16:38:21","date_gmt":"2024-11-20T16:38:21","guid":{"rendered":"https:\/\/gigionestrumentimusicali.it\/index.php\/product\/yamaha-yfl212-flauto-traverso\/"},"modified":"2026-04-20T21:06:54","modified_gmt":"2026-04-20T21:06:54","slug":"yamaha-yfl212-flauto-traverso","status":"publish","type":"product","link":"https:\/\/gigionestrumentimusicali.it\/index.php\/product\/yamaha-yfl212-flauto-traverso\/","title":{"rendered":"YAMAHA YFL212 FLAUTO TRAVERSO"},"content":{"rendered":"<p>  bench\u00e9 abbia un aspetto simile ad altri flauti dolci in plastica, il flauto dolce  yamaha yrs-23 abs \u00e8 veramente uno strumento di qualit\u00e0 superiore. la serie 20 dei  flauti dolci yamaha \u00e8 stata progettata per offrire un&#8217;ottima base di partenza nell&#8217;educazione  musicale. offrono una quantit\u00e0 di resistenza d&#8217;aria ideale per un facile controllo,  e sono dotati di una precisione nell&#8217;intonazione che ci si aspetterebbe di trovare  nei modelli pi\u00f9 costosi. tutti i flauti della serie 20 sono facili da suonare e  destinati ai principianti.<\/p>\n<p>  caratteristiche<\/p>\n<p>  in do<\/p>\n<p>  diteggiatura tedesca<\/p>\n<p>  resina abs<\/p>\n","protected":false},"excerpt":{"rendered":"<p>FLAUTO TRAVERSO CON CHIAVI CHIUSE FUORI LINEA<\/p>\n<p>Una boccola progettata per guidare i principianti verso il corretto utilizzo del respiro, le chiavi con dimensioni attentamente studiate e la loro sagomatura, offrono un equilibrio ottimale ed una facile suonabilit&agrave;. Questi e altri particolari sono alcune delle ragioni per cui i flauti Yamaha della serie Student e Intermedia sono diventati best sellers in tutto il mondo. Una miscela inimitabile di tecnologia e artigianalit&agrave; in ogni singolo strumento. I nuovi miglioramenti, tra cui i braccetti per la connessione delle chiavi, che contribuiscono all&#8217;elegante impatto visivo e un nuovo, rivisto processo di produzione migliorano in modo significativo la precisione complessiva.<br \/>Caratteristiche principali<br \/>Sistema: Offset G (Sol fuori linea)<br \/>Sistema chiavi: Chiuse, fuori linea<br \/>Testata: Alpacca<br \/>Testata CY a doppia cameratura svasata e design unico, con undercut del caminetto per produrre una risposta eccellente ed un suono ricco e caldo<br \/>Consentono ai principianti di produrre velocemente splendide sonorit&agrave;. I musicisti esperti ne apprezzeranno la risposta rapida e regolare<br \/>Le colonnine sono state rese pi&ugrave; spesse e ridisegnate per garantire una maggiore resistenza ed un allineamento duraturo<br \/>La forma e la posizione delle chiavi presentano un nuovo design ergonomico che garantisce un&#8217;esecuzione comoda e naturale<br \/>Le chiavi sono assemblate e regolate a mano per un bilanciamento e un &#8220;tocco&#8221; perfetti<br \/>Gli esclusivi fori per le viti dei flauti Yamaha permettono una regolazione fine e prevengono il loro graduale allentamento<br \/>La posizione delle viti &egrave; stata modificata consentendo cos&igrave; di accedervi pi&ugrave; facilmente<br \/>I contrassegni per l&#8217;allineamento del piede sono utili per assemblare correttamente lo strumento<br \/>Materiale: Nickel Silver<\/p>\n","protected":false},"featured_media":23706,"template":"","meta":{"site-sidebar-layout":"default","site-content-layout":"","ast-site-content-layout":"default","site-content-style":"default","site-sidebar-style":"default","ast-global-header-display":"","ast-banner-title-visibility":"","ast-main-header-display":"","ast-hfb-above-header-display":"","ast-hfb-below-header-display":"","ast-hfb-mobile-header-display":"","site-post-title":"","ast-breadcrumbs-content":"","ast-featured-img":"","footer-sml-layout":"","theme-transparent-header-meta":"","adv-header-id-meta":"","stick-header-meta":"","header-above-stick-meta":"","header-main-stick-meta":"","header-below-stick-meta":"","astra-migrate-meta-layouts":"default","ast-page-background-enabled":"default","ast-page-background-meta":{"desktop":{"background-color":"var(--ast-global-color-4)","background-image":"","background-repeat":"repeat","background-position":"center center","background-size":"auto","background-attachment":"scroll","background-type":"","background-media":"","overlay-type":"","overlay-color":"","overlay-opacity":"","overlay-gradient":""},"tablet":{"background-color":"","background-image":"","background-repeat":"repeat","background-position":"center center","background-size":"auto","background-attachment":"scroll","background-type":"","background-media":"","overlay-type":"","overlay-color":"","overlay-opacity":"","overlay-gradient":""},"mobile":{"background-color":"","background-image":"","background-repeat":"repeat","background-position":"center center","background-size":"auto","background-attachment":"scroll","background-type":"","background-media":"","overlay-type":"","overlay-color":"","overlay-opacity":"","overlay-gradient":""}},"ast-content-background-meta":{"desktop":{"background-color":"var(--ast-global-color-5)","background-image":"","background-repeat":"repeat","background-position":"center center","background-size":"auto","background-attachment":"scroll","background-type":"","background-media":"","overlay-type":"","overlay-color":"","overlay-opacity":"","overlay-gradient":""},"tablet":{"background-color":"var(--ast-global-color-5)","background-image":"","background-repeat":"repeat","background-position":"center center","background-size":"auto","background-attachment":"scroll","background-type":"","background-media":"","overlay-type":"","overlay-color":"","overlay-opacity":"","overlay-gradient":""},"mobile":{"background-color":"var(--ast-global-color-5)","background-image":"","background-repeat":"repeat","background-position":"center center","background-size":"auto","background-attachment":"scroll","background-type":"","background-media":"","overlay-type":"","overlay-color":"","overlay-opacity":"","overlay-gradient":""}}},"product_brand":[],"product_cat":[533],"product_tag":[],"class_list":{"0":"post-23711","1":"product","2":"type-product","3":"status-publish","4":"has-post-thumbnail","6":"product_cat-flauti","7":"desktop-align-left","8":"tablet-align-left","9":"mobile-align-left","11":"first","12":"instock","13":"taxable","14":"shipping-taxable","15":"purchasable","16":"product-type-simple"},"_links":{"self":[{"href":"https:\/\/gigionestrumentimusicali.it\/index.php\/wp-json\/wp\/v2\/product\/23711","targetHints":{"allow":["GET"]}}],"collection":[{"href":"https:\/\/gigionestrumentimusicali.it\/index.php\/wp-json\/wp\/v2\/product"}],"about":[{"href":"https:\/\/gigionestrumentimusicali.it\/index.php\/wp-json\/wp\/v2\/types\/product"}],"wp:featuredmedia":[{"embeddable":true,"href":"https:\/\/gigionestrumentimusicali.it\/index.php\/wp-json\/wp\/v2\/media\/23706"}],"wp:attachment":[{"href":"https:\/\/gigionestrumentimusicali.it\/index.php\/wp-json\/wp\/v2\/media?parent=23711"}],"wp:term":[{"taxonomy":"product_brand","embeddable":true,"href":"https:\/\/gigionestrumentimusicali.it\/index.php\/wp-json\/wp\/v2\/product_brand?post=23711"},{"taxonomy":"product_cat","embeddable":true,"href":"https:\/\/gigionestrumentimusicali.it\/index.php\/wp-json\/wp\/v2\/product_cat?post=23711"},{"taxonomy":"product_tag","embeddable":true,"href":"https:\/\/gigionestrumentimusicali.it\/index.php\/wp-json\/wp\/v2\/product_tag?post=23711"}],"curies":[{"name":"wp","href":"https:\/\/api.w.org\/{rel}","templated":true}]}}