{"id":23791,"date":"2024-11-22T11:40:48","date_gmt":"2024-11-22T11:40:48","guid":{"rendered":"https:\/\/gigionestrumentimusicali.it\/index.php\/product\/hercules-dj-control-impulse-300-mkii\/"},"modified":"2026-04-14T13:30:46","modified_gmt":"2026-04-14T13:30:46","slug":"hercules-dj-control-impulse-300-mkii","status":"publish","type":"product","link":"https:\/\/gigionestrumentimusicali.it\/index.php\/product\/hercules-dj-control-impulse-300-mkii\/","title":{"rendered":"HERCULES DJ CONTROL IMPULSE 300 MKII"},"content":{"rendered":"<p>  CONTROLLER MIDI\/USB PER iPAD BLUETOOTH<\/p>\n<p>Controller MIDI\/USB wireless per iPad con tecnologia Bluetooth 3.0 integrata.  Controlla qualunque traccia audio come se fosse un disco in vinile o un CD. Dotato  di Jog Wheel sensibili al tocco, pitch control, tasti play\/cue\/pause, slider per  fader, track folder, controlli per alti, medi e bassi, sync automix. Viene fornito  gi\u00e0 configurato per il software DJUCED DJW scaricabile gratis dall&#8217;app Store di  Apple. Il controller pu\u00f2 funzionare anche su normali computer Mac e PC tramite connessione  USB. Non \u00e8 dotato di scheda audio interna e funziona in wireless ricevendo il segnale  dall&#8217;iPAD e inviando il segnale a distanza senza fili a casse Bluetooth. Circa 8  ore di autonomia a piena carica. Grazie al suo design ed all&#8217;innoivazione tecnologica,  in occasione dell&#8217;ultimo CES di Las Vegas \u00e8 stato insignito con il premio come prodotto  ingegneristico e di design pi\u00f9 innovativo.<\/p>\n<p>  \u00a0<\/p>\n<p>  <span style=\"color:#000080\">Caratteristiche principali<\/span><\/p>\n<p>  \u00a0<\/p>\n<p>  Controller DJ 2-Deck<\/p>\n<p>  Jog wheel con rilevamento del tocco capacitivo<\/p>\n<p>  Batteria ricaricabile integrata<\/p>\n<p>  Elegante retroilluminazione<\/p>\n<p>  Tecnologia wireless Bluetooth 3.0<\/p>\n<p>  Software DJ scaricabile gratuitamente : DJUCED DJW per iPad, DJUCED 40\u00b0 per Mac\/PC<\/p>\n<p>  Intuitiva, potente software<\/p>\n<p>  Mixa due tracce audio al volo<\/p>\n<p>  Salva i tuoi mix come file audio<\/p>\n<p>  Diametro Jog wheel: 10cm<\/p>\n<p>  Dimensioni: 400 x 291 x H45mm<\/p>\n<p>  <b>Peso: 1,5kg<\/b><\/p>\n<p>  \u00a0<\/p>\n","protected":false},"excerpt":{"rendered":"<p>CONTROLLER DIGITALE 2 DECK PER DJ<\/p>\n<p>Hercules presenta la prima gamma in assoluto di controller DJ per imparare veramente a mixare. Allena il tuo orecchio a gestire manualmente il beatmatching con DJControl Inpulse 200. Il design facile da usare e il suo comfort, lo rendono un controller perfetto per apprendere l&#8217;arte dei DJ. Controllato dal software DJUCED, DJControl Inpulse 200 offre nuove funzioni che ti aiuteranno a imparare: guide luminose sul controller per imparare i giusti movimenti, l&rsquo;Intelligent Music Assistant (IMA) per aiutarti a selezionare i migliori brani da suonare, la funzione ENERGY per gestire il mood della serata, oltre alla DJ Academy, con in suoi video tutorial integrati. Ha tutto ci&ograve; che ti serve per diventare un DJ.<br \/>Caratteristiche<br \/>Uscita master per altoparlanti: 2 RCA, Uscita cuffie jack 3,5mm stereo<br \/>Risoluzione: 24-bit\/44,1kHz<br \/>2x Deck<br \/>Jog Wheel 5.9&#8243; con sensibilit&agrave; al tocco<br \/>8 Pad x 8 Modalit&agrave; (hot-cue, roll, fx, sampler), Effects rack con 2 manopole FX e dry-wet, Slip, quantize, tasti Loop in \/ Loop out<br \/>Controlli Browser: Encoder rotativi + 2 Load keys + Assistant key<br \/>Controlli sul mixer: 1x Filtro, 3 EQ, 1x Gain knob, 1x Volume fader \/deck, Crossfader, Master Volume, Cuffie, VU meter per deck, VU meter master<br \/>Guida Tempo: Guida luminosa lungo il fader del tempo<br \/>Guida Beat Align: Guida luminosa sotto la manopola<br \/>Assistente: Suggerisce brani presenti nella tua libreria<br \/>Energy: Aiuta a gestire le tue feste &#8211; fai ballare le persone con brani ad alta energia, oppure rallenta tutto con brani a bassa energia<br \/>Brani di tendenza: Mostra un elenco dei migliori brani da riprodurre successivamente, suggeriti dall&rsquo;Intelligenza Artificiale di DJUCED<br \/>Dimensioni: 480 x 286 x 52mm<br \/>Peso: 1,8kg<\/p>\n","protected":false},"featured_media":23790,"template":"","meta":{"site-sidebar-layout":"default","site-content-layout":"","ast-site-content-layout":"default","site-content-style":"default","site-sidebar-style":"default","ast-global-header-display":"","ast-banner-title-visibility":"","ast-main-header-display":"","ast-hfb-above-header-display":"","ast-hfb-below-header-display":"","ast-hfb-mobile-header-display":"","site-post-title":"","ast-breadcrumbs-content":"","ast-featured-img":"","footer-sml-layout":"","theme-transparent-header-meta":"","adv-header-id-meta":"","stick-header-meta":"","header-above-stick-meta":"","header-main-stick-meta":"","header-below-stick-meta":"","astra-migrate-meta-layouts":"default","ast-page-background-enabled":"default","ast-page-background-meta":{"desktop":{"background-color":"var(--ast-global-color-4)","background-image":"","background-repeat":"repeat","background-position":"center center","background-size":"auto","background-attachment":"scroll","background-type":"","background-media":"","overlay-type":"","overlay-color":"","overlay-opacity":"","overlay-gradient":""},"tablet":{"background-color":"","background-image":"","background-repeat":"repeat","background-position":"center center","background-size":"auto","background-attachment":"scroll","background-type":"","background-media":"","overlay-type":"","overlay-color":"","overlay-opacity":"","overlay-gradient":""},"mobile":{"background-color":"","background-image":"","background-repeat":"repeat","background-position":"center center","background-size":"auto","background-attachment":"scroll","background-type":"","background-media":"","overlay-type":"","overlay-color":"","overlay-opacity":"","overlay-gradient":""}},"ast-content-background-meta":{"desktop":{"background-color":"var(--ast-global-color-5)","background-image":"","background-repeat":"repeat","background-position":"center center","background-size":"auto","background-attachment":"scroll","background-type":"","background-media":"","overlay-type":"","overlay-color":"","overlay-opacity":"","overlay-gradient":""},"tablet":{"background-color":"var(--ast-global-color-5)","background-image":"","background-repeat":"repeat","background-position":"center center","background-size":"auto","background-attachment":"scroll","background-type":"","background-media":"","overlay-type":"","overlay-color":"","overlay-opacity":"","overlay-gradient":""},"mobile":{"background-color":"var(--ast-global-color-5)","background-image":"","background-repeat":"repeat","background-position":"center center","background-size":"auto","background-attachment":"scroll","background-type":"","background-media":"","overlay-type":"","overlay-color":"","overlay-opacity":"","overlay-gradient":""}}},"product_brand":[],"product_cat":[490],"product_tag":[],"class_list":{"0":"post-23791","1":"product","2":"type-product","3":"status-publish","4":"has-post-thumbnail","6":"product_cat-controllers","7":"desktop-align-left","8":"tablet-align-left","9":"mobile-align-left","11":"first","12":"instock","13":"taxable","14":"shipping-taxable","15":"purchasable","16":"product-type-simple"},"_links":{"self":[{"href":"https:\/\/gigionestrumentimusicali.it\/index.php\/wp-json\/wp\/v2\/product\/23791","targetHints":{"allow":["GET"]}}],"collection":[{"href":"https:\/\/gigionestrumentimusicali.it\/index.php\/wp-json\/wp\/v2\/product"}],"about":[{"href":"https:\/\/gigionestrumentimusicali.it\/index.php\/wp-json\/wp\/v2\/types\/product"}],"wp:featuredmedia":[{"embeddable":true,"href":"https:\/\/gigionestrumentimusicali.it\/index.php\/wp-json\/wp\/v2\/media\/23790"}],"wp:attachment":[{"href":"https:\/\/gigionestrumentimusicali.it\/index.php\/wp-json\/wp\/v2\/media?parent=23791"}],"wp:term":[{"taxonomy":"product_brand","embeddable":true,"href":"https:\/\/gigionestrumentimusicali.it\/index.php\/wp-json\/wp\/v2\/product_brand?post=23791"},{"taxonomy":"product_cat","embeddable":true,"href":"https:\/\/gigionestrumentimusicali.it\/index.php\/wp-json\/wp\/v2\/product_cat?post=23791"},{"taxonomy":"product_tag","embeddable":true,"href":"https:\/\/gigionestrumentimusicali.it\/index.php\/wp-json\/wp\/v2\/product_tag?post=23791"}],"curies":[{"name":"wp","href":"https:\/\/api.w.org\/{rel}","templated":true}]}}