{"id":24195,"date":"2024-11-23T10:05:25","date_gmt":"2024-11-23T10:05:25","guid":{"rendered":"https:\/\/gigionestrumentimusicali.it\/index.php\/product\/yamaha-mp-ts-4c-sax-tenore\/"},"modified":"2026-04-10T16:12:05","modified_gmt":"2026-04-10T16:12:05","slug":"yamaha-mp-ts-4c-sax-tenore","status":"publish","type":"product","link":"https:\/\/gigionestrumentimusicali.it\/index.php\/product\/yamaha-mp-ts-4c-sax-tenore\/","title":{"rendered":"YAMAHA MP TS 4C  SAX TENORE"},"content":{"rendered":"<p>BOCCHINO PER SAX TENORE<\/p>\n<p>La serie Standard \u00e8 realizzata in resina fenolica di elevata qualit\u00e0 ed ha un design che si basa sulla serie Custom. Sono estremamente regolari nelle caratteristiche, nella qualit\u00e0 di esecuzione e offrono un eccellente rapporto qualit\u00e0 prezzo. Il facing di questa serie \u00e8 leggermente inferiore a quella della serie Custom e ci\u00f2 li rende pi\u00f9 facili da suonare. Il modello 4C aiuta ad ottenere un suono equilibrato su tutte le ottave.<\/p>\n","protected":false},"excerpt":{"rendered":"<p>BOCCHINO PER SAX TENORE La serie Standard \u00e8 realizzata in resina fenolica di elevata qualit\u00e0 ed ha un design che si basa sulla serie Custom. Sono estremamente regolari nelle caratteristiche, nella qualit\u00e0 di esecuzione e offrono un eccellente rapporto qualit\u00e0 prezzo. Il facing di questa serie \u00e8 leggermente inferiore a quella della serie Custom e [&hellip;]<\/p>\n","protected":false},"featured_media":27491,"template":"","meta":{"site-sidebar-layout":"default","site-content-layout":"","ast-site-content-layout":"default","site-content-style":"default","site-sidebar-style":"default","ast-global-header-display":"","ast-banner-title-visibility":"","ast-main-header-display":"","ast-hfb-above-header-display":"","ast-hfb-below-header-display":"","ast-hfb-mobile-header-display":"","site-post-title":"","ast-breadcrumbs-content":"","ast-featured-img":"","footer-sml-layout":"","theme-transparent-header-meta":"","adv-header-id-meta":"","stick-header-meta":"","header-above-stick-meta":"","header-main-stick-meta":"","header-below-stick-meta":"","astra-migrate-meta-layouts":"default","ast-page-background-enabled":"default","ast-page-background-meta":{"desktop":{"background-color":"var(--ast-global-color-4)","background-image":"","background-repeat":"repeat","background-position":"center center","background-size":"auto","background-attachment":"scroll","background-type":"","background-media":"","overlay-type":"","overlay-color":"","overlay-opacity":"","overlay-gradient":""},"tablet":{"background-color":"","background-image":"","background-repeat":"repeat","background-position":"center center","background-size":"auto","background-attachment":"scroll","background-type":"","background-media":"","overlay-type":"","overlay-color":"","overlay-opacity":"","overlay-gradient":""},"mobile":{"background-color":"","background-image":"","background-repeat":"repeat","background-position":"center center","background-size":"auto","background-attachment":"scroll","background-type":"","background-media":"","overlay-type":"","overlay-color":"","overlay-opacity":"","overlay-gradient":""}},"ast-content-background-meta":{"desktop":{"background-color":"var(--ast-global-color-5)","background-image":"","background-repeat":"repeat","background-position":"center center","background-size":"auto","background-attachment":"scroll","background-type":"","background-media":"","overlay-type":"","overlay-color":"","overlay-opacity":"","overlay-gradient":""},"tablet":{"background-color":"var(--ast-global-color-5)","background-image":"","background-repeat":"repeat","background-position":"center center","background-size":"auto","background-attachment":"scroll","background-type":"","background-media":"","overlay-type":"","overlay-color":"","overlay-opacity":"","overlay-gradient":""},"mobile":{"background-color":"var(--ast-global-color-5)","background-image":"","background-repeat":"repeat","background-position":"center center","background-size":"auto","background-attachment":"scroll","background-type":"","background-media":"","overlay-type":"","overlay-color":"","overlay-opacity":"","overlay-gradient":""}}},"product_brand":[],"product_cat":[527],"product_tag":[],"class_list":{"0":"post-24195","1":"product","2":"type-product","3":"status-publish","4":"has-post-thumbnail","6":"product_cat-bocchini-per-sax","7":"desktop-align-left","8":"tablet-align-left","9":"mobile-align-left","11":"first","12":"instock","13":"taxable","14":"shipping-taxable","15":"purchasable","16":"product-type-simple"},"_links":{"self":[{"href":"https:\/\/gigionestrumentimusicali.it\/index.php\/wp-json\/wp\/v2\/product\/24195","targetHints":{"allow":["GET"]}}],"collection":[{"href":"https:\/\/gigionestrumentimusicali.it\/index.php\/wp-json\/wp\/v2\/product"}],"about":[{"href":"https:\/\/gigionestrumentimusicali.it\/index.php\/wp-json\/wp\/v2\/types\/product"}],"wp:featuredmedia":[{"embeddable":true,"href":"https:\/\/gigionestrumentimusicali.it\/index.php\/wp-json\/wp\/v2\/media\/27491"}],"wp:attachment":[{"href":"https:\/\/gigionestrumentimusicali.it\/index.php\/wp-json\/wp\/v2\/media?parent=24195"}],"wp:term":[{"taxonomy":"product_brand","embeddable":true,"href":"https:\/\/gigionestrumentimusicali.it\/index.php\/wp-json\/wp\/v2\/product_brand?post=24195"},{"taxonomy":"product_cat","embeddable":true,"href":"https:\/\/gigionestrumentimusicali.it\/index.php\/wp-json\/wp\/v2\/product_cat?post=24195"},{"taxonomy":"product_tag","embeddable":true,"href":"https:\/\/gigionestrumentimusicali.it\/index.php\/wp-json\/wp\/v2\/product_tag?post=24195"}],"curies":[{"name":"wp","href":"https:\/\/api.w.org\/{rel}","templated":true}]}}