{"id":24210,"date":"2024-11-23T10:37:02","date_gmt":"2024-11-23T10:37:02","guid":{"rendered":"https:\/\/gigionestrumentimusicali.it\/index.php\/product\/jupiter-jfl700rec-flauto-traverso-in-do\/"},"modified":"2026-04-20T19:48:01","modified_gmt":"2026-04-20T19:48:01","slug":"jupiter-jfl700rec-flauto-traverso-in-do","status":"publish","type":"product","link":"https:\/\/gigionestrumentimusicali.it\/index.php\/product\/jupiter-jfl700rec-flauto-traverso-in-do\/","title":{"rendered":"JUPITER JFL700REC  FLAUTO TRAVERSO IN DO"},"content":{"rendered":"<p>FLAUTO TRAVERSO IN DO<br \/>I flauti a testa dritta della serie JFL700 sono ottimi strumenti per i principianti e non solo. Il design aggiornato della testata Genesis e della boccola, facilitano l&#8217;approccio iniziale e offrono un&#8217;esperienza di gioco pi\u00f9 confortevole. L&#8217;ampio angolo di sollevamento riduce la resistenza ed offre una risposta immediata. Comfort dell&#8217;imboccatura: la boccola appositamente formata offre un posizionamento comodo e naturale dell&#8217;imboccatura. Qualit\u00e0 del tono espressiva e aperta: l&#8217;angolo del riser pi\u00f9 ampio favorisce una risposta rapida con una qualit\u00e0 del tono migliorata.<br \/>Caratteristiche<br \/>Chiave in Do<br \/>Chiavi aperte<br \/>Corpo in argento nichel, placcato argento<br \/>Testata Genesis placcata in argento<br \/>Chiavi in ??nichel argento placcato argento<br \/>Sol In linea<br \/>Viti di regolazione nascoste<br \/>Custodia inclusa<\/p>\n","protected":false},"excerpt":{"rendered":"<p>FLAUTO TRAVERSO IN DOI flauti a testa dritta della serie JFL700 sono ottimi strumenti per i principianti e non solo. Il design aggiornato della testata Genesis e della boccola, facilitano l&#8217;approccio iniziale e offrono un&#8217;esperienza di gioco pi\u00f9 confortevole. L&#8217;ampio angolo di sollevamento riduce la resistenza ed offre una risposta immediata. Comfort dell&#8217;imboccatura: la boccola [&hellip;]<\/p>\n","protected":false},"featured_media":24269,"template":"","meta":{"site-sidebar-layout":"default","site-content-layout":"","ast-site-content-layout":"default","site-content-style":"default","site-sidebar-style":"default","ast-global-header-display":"","ast-banner-title-visibility":"","ast-main-header-display":"","ast-hfb-above-header-display":"","ast-hfb-below-header-display":"","ast-hfb-mobile-header-display":"","site-post-title":"","ast-breadcrumbs-content":"","ast-featured-img":"","footer-sml-layout":"","theme-transparent-header-meta":"","adv-header-id-meta":"","stick-header-meta":"","header-above-stick-meta":"","header-main-stick-meta":"","header-below-stick-meta":"","astra-migrate-meta-layouts":"default","ast-page-background-enabled":"default","ast-page-background-meta":{"desktop":{"background-color":"var(--ast-global-color-4)","background-image":"","background-repeat":"repeat","background-position":"center center","background-size":"auto","background-attachment":"scroll","background-type":"","background-media":"","overlay-type":"","overlay-color":"","overlay-opacity":"","overlay-gradient":""},"tablet":{"background-color":"","background-image":"","background-repeat":"repeat","background-position":"center center","background-size":"auto","background-attachment":"scroll","background-type":"","background-media":"","overlay-type":"","overlay-color":"","overlay-opacity":"","overlay-gradient":""},"mobile":{"background-color":"","background-image":"","background-repeat":"repeat","background-position":"center center","background-size":"auto","background-attachment":"scroll","background-type":"","background-media":"","overlay-type":"","overlay-color":"","overlay-opacity":"","overlay-gradient":""}},"ast-content-background-meta":{"desktop":{"background-color":"var(--ast-global-color-5)","background-image":"","background-repeat":"repeat","background-position":"center center","background-size":"auto","background-attachment":"scroll","background-type":"","background-media":"","overlay-type":"","overlay-color":"","overlay-opacity":"","overlay-gradient":""},"tablet":{"background-color":"var(--ast-global-color-5)","background-image":"","background-repeat":"repeat","background-position":"center center","background-size":"auto","background-attachment":"scroll","background-type":"","background-media":"","overlay-type":"","overlay-color":"","overlay-opacity":"","overlay-gradient":""},"mobile":{"background-color":"var(--ast-global-color-5)","background-image":"","background-repeat":"repeat","background-position":"center center","background-size":"auto","background-attachment":"scroll","background-type":"","background-media":"","overlay-type":"","overlay-color":"","overlay-opacity":"","overlay-gradient":""}}},"product_brand":[],"product_cat":[533],"product_tag":[],"class_list":{"0":"post-24210","1":"product","2":"type-product","3":"status-publish","4":"has-post-thumbnail","6":"product_cat-flauti","7":"desktop-align-left","8":"tablet-align-left","9":"mobile-align-left","11":"first","12":"instock","13":"taxable","14":"shipping-taxable","15":"purchasable","16":"product-type-simple"},"_links":{"self":[{"href":"https:\/\/gigionestrumentimusicali.it\/index.php\/wp-json\/wp\/v2\/product\/24210","targetHints":{"allow":["GET"]}}],"collection":[{"href":"https:\/\/gigionestrumentimusicali.it\/index.php\/wp-json\/wp\/v2\/product"}],"about":[{"href":"https:\/\/gigionestrumentimusicali.it\/index.php\/wp-json\/wp\/v2\/types\/product"}],"wp:featuredmedia":[{"embeddable":true,"href":"https:\/\/gigionestrumentimusicali.it\/index.php\/wp-json\/wp\/v2\/media\/24269"}],"wp:attachment":[{"href":"https:\/\/gigionestrumentimusicali.it\/index.php\/wp-json\/wp\/v2\/media?parent=24210"}],"wp:term":[{"taxonomy":"product_brand","embeddable":true,"href":"https:\/\/gigionestrumentimusicali.it\/index.php\/wp-json\/wp\/v2\/product_brand?post=24210"},{"taxonomy":"product_cat","embeddable":true,"href":"https:\/\/gigionestrumentimusicali.it\/index.php\/wp-json\/wp\/v2\/product_cat?post=24210"},{"taxonomy":"product_tag","embeddable":true,"href":"https:\/\/gigionestrumentimusicali.it\/index.php\/wp-json\/wp\/v2\/product_tag?post=24210"}],"curies":[{"name":"wp","href":"https:\/\/api.w.org\/{rel}","templated":true}]}}