{"id":24482,"date":"2024-11-28T11:04:12","date_gmt":"2024-11-28T11:04:12","guid":{"rendered":"https:\/\/gigionestrumentimusicali.it\/index.php\/product\/zoom-h2n-accessory-pack\/"},"modified":"2026-05-01T22:07:17","modified_gmt":"2026-05-01T22:07:17","slug":"zoom-h2n-accessory-pack","status":"publish","type":"product","link":"https:\/\/gigionestrumentimusicali.it\/index.php\/product\/zoom-h2n-accessory-pack\/","title":{"rendered":"ZOOM H2N ACCESSORY PACK"},"content":{"rendered":"<p>  REGISTRATORE PALMARE 2 TRACCE 24 BIT<\/p>\n<p>  \u00a0<\/p>\n<p>  ZOOM H2n rappresenta una nuova generazione di registratori portatili, \u00e8 il registratore  pi\u00f9 innovativo dei palmari Zoom fino ad oggi. Rivoluzionarie funzionalit\u00e0 in un  dispositivo ultra-portatile permettono di registrare l&#8217;audio ovunque tu vada. Dal  cinema alla televisione, al giornalismo, podcasting, performance musicali, canzoni  e prove, l&#8217; H2N offre una qualit\u00e0 di registrazione sorprendente. L&#8217; H2N \u00e8 il primo  registratore portatile ad offrire la registrazione stereo Mid-Side: una tecnica  di registrazione che combina un microfono unidirezionale Mid che cattura il suono  di fronte a voi e un microfono laterale bi-direzionale che cattura il suono alla  tua sinistra ed alla tua destra. Aumentando o diminuendo il livello del microfono  laterale, \u00e8 possibile controllare la larghezza del campo stereo, dando un&#8217;incredibile  flessibilit\u00e0 alle registrazioni. Registrando in modalit\u00e0 RAW, si pu\u00f2 anche regolare  l&#8217;ampiezza stereo dopo la registrazione.<\/p>\n<p>  Caratteristiche principali<\/p>\n<p>  \u00a0<\/p>\n<p>  5x Microfoni integrati e 4x modalit\u00e0 di registrazione: Mid-Side (MS) stereo, 90\u00b0  X\/Y stereo, Surround 2-canali e Surround 4-canali<\/p>\n<p>  Controllo Gain dell&#8217;input Analogico<\/p>\n<p>  Auto Gain fornisce tre livelli di registrazione preimpostati<\/p>\n<p>  Stereo 1\/8&#8243; Mic \/ Line In jack con alimentazione plug-in (2.5V)<\/p>\n<p>  Stereo 1\/8&#8243; Phone \/ Line output jack con controllo del volume dedicato<\/p>\n<p>  Altoparlante di riferimento incorporato per il monitoraggio<\/p>\n<p>  Ampio display LCD retroilluminato da 1.8&#8243;<\/p>\n<p>  Registra direttamente su schede SD e SDHC fino a 32GB<\/p>\n<p>  Supporta audio fino a 24-bit\/96kHz in formato WAV &#8211; BWF compatibile o una moltitudine  di formati MP3<\/p>\n<p>  Auto-record e di pre-record<\/p>\n<p>  Conversione WAV &#8211; MP3<\/p>\n<p>  Mixdown interno: 4x tracce Surround Stereo<\/p>\n<p>  Fino a 99 mark per la registrazione<\/p>\n<p>  Effetti incorporati, inclusa compressione \/ limiting e filtraggio low-cut<\/p>\n<p>  Decodifica MS onboard<\/p>\n<p>  Funzioni Normalize e Divide<\/p>\n<p>  Accordatore cromatico e metronomo<\/p>\n<p>  Riproduzione Loop con punti start e stop definiti dall&#8217;utente<\/p>\n<p>  Velocit\u00e0 di riproduzione variabile dal 50% al 150%<\/p>\n<p>  Tonalit\u00e0 variabile senza compromettere la velocit\u00e0 di riproduzione<\/p>\n<p>  Porta USB per lo scambio dati da e verso computer e per l&#8217;utilizzo come microfono  USB<\/p>\n<p>  Interfaccia audio USB 2-in\/2-out per computer PC \/ Mac<\/p>\n<p>  Funzione lettore di schede SD<\/p>\n<p>  Funzione di recupero dati per salvare automaticamente i dati in caso di caduta di  corrente o rimozione scheda<\/p>\n<p>  Si monta direttamente su un treppiede o DSLR<\/p>\n<p>  Funziona con 2 batterie AA Alcaline (incluse) o NiMH ricaricabili, o alimentatore  (non incluso)<\/p>\n<p>  Software Steinberg WaveLab LE (incluso), SD Card 2GB inclusa<\/p>\n<p>  Kit accessori APH-2n opzionale<\/p>\n","protected":false},"excerpt":{"rendered":"<p>KIT ACCESSORI PER ZOOM H2N<\/p>\n<p>L&#8217;SPH-2n &egrave; il compagno perfetto per il tuo Handy Recorder ZOOM H2n. La confezione include una custodia imbottita per un facile trasporto, un telecomando (RC2) per varie operazioni come Rec, Play, Stop, etc, un antivento in schiuma per prevenire il soffio di vento e del respiro, un alimentatore CA per lunghe ore di utilizzo senza preoccuparsi della carica residua della batteria e un cavo USB da utilizzare come microfono USB per PC, Mac e iPhone\/iPad.<br \/>Caratteristiche<br \/>Custodia a conchiglia imbottita<br \/>Telecomando RC2 con cavo di prolunga<br \/>Antivento in schiuma<br \/>Alimentatore CA AD-17 (tipo USB)<br \/>Cavo USB<\/p>\n","protected":false},"featured_media":24481,"template":"","meta":{"site-sidebar-layout":"default","site-content-layout":"","ast-site-content-layout":"default","site-content-style":"default","site-sidebar-style":"default","ast-global-header-display":"","ast-banner-title-visibility":"","ast-main-header-display":"","ast-hfb-above-header-display":"","ast-hfb-below-header-display":"","ast-hfb-mobile-header-display":"","site-post-title":"","ast-breadcrumbs-content":"","ast-featured-img":"","footer-sml-layout":"","theme-transparent-header-meta":"","adv-header-id-meta":"","stick-header-meta":"","header-above-stick-meta":"","header-main-stick-meta":"","header-below-stick-meta":"","astra-migrate-meta-layouts":"default","ast-page-background-enabled":"default","ast-page-background-meta":{"desktop":{"background-color":"var(--ast-global-color-4)","background-image":"","background-repeat":"repeat","background-position":"center center","background-size":"auto","background-attachment":"scroll","background-type":"","background-media":"","overlay-type":"","overlay-color":"","overlay-opacity":"","overlay-gradient":""},"tablet":{"background-color":"","background-image":"","background-repeat":"repeat","background-position":"center center","background-size":"auto","background-attachment":"scroll","background-type":"","background-media":"","overlay-type":"","overlay-color":"","overlay-opacity":"","overlay-gradient":""},"mobile":{"background-color":"","background-image":"","background-repeat":"repeat","background-position":"center center","background-size":"auto","background-attachment":"scroll","background-type":"","background-media":"","overlay-type":"","overlay-color":"","overlay-opacity":"","overlay-gradient":""}},"ast-content-background-meta":{"desktop":{"background-color":"var(--ast-global-color-5)","background-image":"","background-repeat":"repeat","background-position":"center center","background-size":"auto","background-attachment":"scroll","background-type":"","background-media":"","overlay-type":"","overlay-color":"","overlay-opacity":"","overlay-gradient":""},"tablet":{"background-color":"var(--ast-global-color-5)","background-image":"","background-repeat":"repeat","background-position":"center center","background-size":"auto","background-attachment":"scroll","background-type":"","background-media":"","overlay-type":"","overlay-color":"","overlay-opacity":"","overlay-gradient":""},"mobile":{"background-color":"var(--ast-global-color-5)","background-image":"","background-repeat":"repeat","background-position":"center center","background-size":"auto","background-attachment":"scroll","background-type":"","background-media":"","overlay-type":"","overlay-color":"","overlay-opacity":"","overlay-gradient":""}}},"product_brand":[],"product_cat":[659],"product_tag":[],"class_list":{"0":"post-24482","1":"product","2":"type-product","3":"status-publish","4":"has-post-thumbnail","6":"product_cat-registratori-digitali","7":"desktop-align-left","8":"tablet-align-left","9":"mobile-align-left","11":"first","12":"instock","13":"taxable","14":"shipping-taxable","15":"purchasable","16":"product-type-simple"},"_links":{"self":[{"href":"https:\/\/gigionestrumentimusicali.it\/index.php\/wp-json\/wp\/v2\/product\/24482","targetHints":{"allow":["GET"]}}],"collection":[{"href":"https:\/\/gigionestrumentimusicali.it\/index.php\/wp-json\/wp\/v2\/product"}],"about":[{"href":"https:\/\/gigionestrumentimusicali.it\/index.php\/wp-json\/wp\/v2\/types\/product"}],"wp:featuredmedia":[{"embeddable":true,"href":"https:\/\/gigionestrumentimusicali.it\/index.php\/wp-json\/wp\/v2\/media\/24481"}],"wp:attachment":[{"href":"https:\/\/gigionestrumentimusicali.it\/index.php\/wp-json\/wp\/v2\/media?parent=24482"}],"wp:term":[{"taxonomy":"product_brand","embeddable":true,"href":"https:\/\/gigionestrumentimusicali.it\/index.php\/wp-json\/wp\/v2\/product_brand?post=24482"},{"taxonomy":"product_cat","embeddable":true,"href":"https:\/\/gigionestrumentimusicali.it\/index.php\/wp-json\/wp\/v2\/product_cat?post=24482"},{"taxonomy":"product_tag","embeddable":true,"href":"https:\/\/gigionestrumentimusicali.it\/index.php\/wp-json\/wp\/v2\/product_tag?post=24482"}],"curies":[{"name":"wp","href":"https:\/\/api.w.org\/{rel}","templated":true}]}}