{"id":24588,"date":"2024-11-29T15:10:34","date_gmt":"2024-11-29T15:10:34","guid":{"rendered":"https:\/\/gigionestrumentimusicali.it\/index.php\/product\/fender-american-vintage-ii-1966-jazz-bass-ss-rw-3-color-sunburst\/"},"modified":"2026-04-30T20:25:02","modified_gmt":"2026-04-30T20:25:02","slug":"fender-american-vintage-ii-1966-jazz-bass-ss-rw-3-color-sunburst","status":"publish","type":"product","link":"https:\/\/gigionestrumentimusicali.it\/index.php\/product\/fender-american-vintage-ii-1966-jazz-bass-ss-rw-3-color-sunburst\/","title":{"rendered":"FENDER AMERICAN VINTAGE II 1966 JAZZ BASS SS RW 3 COLOR SUNBURST"},"content":{"rendered":"<p>La serie Fender American Vintage II presenta una rivisitazione particolarmente accurata dei rivoluzionari design che hanno cambiato il corso della storia della musica. Realizzata con corpi, manici e meccaniche storicamente accurati, finiture di alta classe e ponendo la massima attenzione alle sonorit\u00e0, con pickup specifici di ogni annata, ogni strumento cattura l&#8217;essenza della lavorazione e delle timbriche Fender pi\u00f9 autentiche.<br \/>Quando Don Randall, direttore vendite Fender, richiese un modello di basso pi\u00f9 sofisticato e &#8220;high-end&#8221;, il risultato fu l&#8217;ormai iconico Jazz Bass. Il manico fu reso pi\u00f9 sottile al capotasto, con una risposta pi\u00f9 veloce e scorrevole, e il nuovo body slanciato rispecchiava lo stile del profilo asimmetrico della Jazzmaster. Nel corso del 1966, l&#8217;evoluzione dello strumento raggiunse nuove altezze con nuove importanti caratteristiche.<br \/>Il Jazz Bass American Vintage II 1966 \u00e8 dotato di un comodo manico in acero canadese con profilo ad &#8220;U&#8221; dalla suonabilit\u00e0 imbattibile, con una tastiera in palissandro round-lam (cio\u00e8 dal fondo concavo) con raggio da 7.25&#8243;, e tasti dall&#8217;altezza vintage.<br \/>Caratteristico della produzione del 1966, questo J-Bass viene offerto con binding bianco del manico, segnatasti in madreperla, due controlli del volume con tono, paletta verniciata in tinta e battipenna tartarugato a 4 strati. Il ponte a 4 sellette filettate, le meccaniche &#8220;lollipop&#8221; in stile vintage e i pickup Pure Vintage \u201866 Jazz Bass ricreano lo stile classico e la sua potente sonorit\u00e0.<br \/>Gli strumenti della serie American Vintage II sono i diretti discendenti delle Fender originali: pensati per i musicisti che sanno davvero apprezzare le timbriche e la risposta Fender vintage, sono costruiti con una qualit\u00e0 inimitabile, sino all&#8217;ultima vite.<\/p>\n<p>Caratteristiche<br \/>Body: Acero<br \/>Finitura: Uretano lucido<br \/>Tastiera: Palissandro<br \/>Manico: Acero Canadese<br \/>Finitura: Uretano lucido<br \/>Profilo: 1966 &#8220;U&#8221;<br \/>Tastiera: Palissandro<br \/>Scala: 34 &#8220;(864 mm)<br \/>Raggio: 184,11mm (7.25&#8243;)<br \/>Tasti: 20 Vintage Tall<br \/>Intarsi: Dot perlati<br \/>Capotasto: Osso, 1.5&#8243; (38,1mm)<br \/>Pickup: 2x Pure Vintage &#8217;66 Single-Coil Jazz Bass<br \/>Controlli: 2x Volume, Tono<br \/>Manopole: Vintage-Style in plastica nera<br \/>Battipenna: Trartarugato a 4 strati<br \/>Ponte: Pure Vintage 4-Sellette filettate in acciaio<br \/>Meccaniche: Pure Vintage &#8216;Lollipop&#8217;<br \/>Hardware: Nichel \/ Cromo<br \/>Finitura: 3-Color Sunburst<br \/>Custodia: Vintage-Style nera (interno arancione)<\/p>\n","protected":false},"excerpt":{"rendered":"<p>La serie Fender American Vintage II presenta una rivisitazione particolarmente accurata dei rivoluzionari design che hanno cambiato il corso della storia della musica. Realizzata con corpi, manici e meccaniche storicamente accurati, finiture di alta classe e ponendo la massima attenzione alle sonorit\u00e0, con pickup specifici di ogni annata, ogni strumento cattura l&#8217;essenza della lavorazione e [&hellip;]<\/p>\n","protected":false},"featured_media":24589,"template":"","meta":{"site-sidebar-layout":"default","site-content-layout":"","ast-site-content-layout":"default","site-content-style":"default","site-sidebar-style":"default","ast-global-header-display":"","ast-banner-title-visibility":"","ast-main-header-display":"","ast-hfb-above-header-display":"","ast-hfb-below-header-display":"","ast-hfb-mobile-header-display":"","site-post-title":"","ast-breadcrumbs-content":"","ast-featured-img":"","footer-sml-layout":"","theme-transparent-header-meta":"","adv-header-id-meta":"","stick-header-meta":"","header-above-stick-meta":"","header-main-stick-meta":"","header-below-stick-meta":"","astra-migrate-meta-layouts":"default","ast-page-background-enabled":"default","ast-page-background-meta":{"desktop":{"background-color":"var(--ast-global-color-4)","background-image":"","background-repeat":"repeat","background-position":"center center","background-size":"auto","background-attachment":"scroll","background-type":"","background-media":"","overlay-type":"","overlay-color":"","overlay-opacity":"","overlay-gradient":""},"tablet":{"background-color":"","background-image":"","background-repeat":"repeat","background-position":"center center","background-size":"auto","background-attachment":"scroll","background-type":"","background-media":"","overlay-type":"","overlay-color":"","overlay-opacity":"","overlay-gradient":""},"mobile":{"background-color":"","background-image":"","background-repeat":"repeat","background-position":"center center","background-size":"auto","background-attachment":"scroll","background-type":"","background-media":"","overlay-type":"","overlay-color":"","overlay-opacity":"","overlay-gradient":""}},"ast-content-background-meta":{"desktop":{"background-color":"var(--ast-global-color-5)","background-image":"","background-repeat":"repeat","background-position":"center center","background-size":"auto","background-attachment":"scroll","background-type":"","background-media":"","overlay-type":"","overlay-color":"","overlay-opacity":"","overlay-gradient":""},"tablet":{"background-color":"var(--ast-global-color-5)","background-image":"","background-repeat":"repeat","background-position":"center center","background-size":"auto","background-attachment":"scroll","background-type":"","background-media":"","overlay-type":"","overlay-color":"","overlay-opacity":"","overlay-gradient":""},"mobile":{"background-color":"var(--ast-global-color-5)","background-image":"","background-repeat":"repeat","background-position":"center center","background-size":"auto","background-attachment":"scroll","background-type":"","background-media":"","overlay-type":"","overlay-color":"","overlay-opacity":"","overlay-gradient":""}}},"product_brand":[],"product_cat":[161],"product_tag":[],"class_list":{"0":"post-24588","1":"product","2":"type-product","3":"status-publish","4":"has-post-thumbnail","6":"product_cat-bassi-elettrici-a-4-corde","7":"desktop-align-left","8":"tablet-align-left","9":"mobile-align-left","11":"first","12":"instock","13":"taxable","14":"shipping-taxable","15":"purchasable","16":"product-type-simple"},"_links":{"self":[{"href":"https:\/\/gigionestrumentimusicali.it\/index.php\/wp-json\/wp\/v2\/product\/24588","targetHints":{"allow":["GET"]}}],"collection":[{"href":"https:\/\/gigionestrumentimusicali.it\/index.php\/wp-json\/wp\/v2\/product"}],"about":[{"href":"https:\/\/gigionestrumentimusicali.it\/index.php\/wp-json\/wp\/v2\/types\/product"}],"wp:featuredmedia":[{"embeddable":true,"href":"https:\/\/gigionestrumentimusicali.it\/index.php\/wp-json\/wp\/v2\/media\/24589"}],"wp:attachment":[{"href":"https:\/\/gigionestrumentimusicali.it\/index.php\/wp-json\/wp\/v2\/media?parent=24588"}],"wp:term":[{"taxonomy":"product_brand","embeddable":true,"href":"https:\/\/gigionestrumentimusicali.it\/index.php\/wp-json\/wp\/v2\/product_brand?post=24588"},{"taxonomy":"product_cat","embeddable":true,"href":"https:\/\/gigionestrumentimusicali.it\/index.php\/wp-json\/wp\/v2\/product_cat?post=24588"},{"taxonomy":"product_tag","embeddable":true,"href":"https:\/\/gigionestrumentimusicali.it\/index.php\/wp-json\/wp\/v2\/product_tag?post=24588"}],"curies":[{"name":"wp","href":"https:\/\/api.w.org\/{rel}","templated":true}]}}