{"id":24606,"date":"2024-12-02T09:53:56","date_gmt":"2024-12-02T09:53:56","guid":{"rendered":"https:\/\/gigionestrumentimusicali.it\/index.php\/product\/oqan-qpd-1-plus-batteria-elettronica\/"},"modified":"2026-04-18T20:26:56","modified_gmt":"2026-04-18T20:26:56","slug":"oqan-qpd-1-plus-batteria-elettronica","status":"publish","type":"product","link":"https:\/\/gigionestrumentimusicali.it\/index.php\/product\/oqan-qpd-1-plus-batteria-elettronica\/","title":{"rendered":"OQAN QPD-1 PLUS BATTERIA ELETTRONICA"},"content":{"rendered":"<p>Fai un passo avanti con la batteria elettronica QPD-1 Plus di Oqan. Questo modello include un rack pi\u00f9 alto e pi\u00f9 largo e dispone di un set di nove pezzi: due tom da 7 pollici, rullante e tom da 8 pollici, tre piatti da 8 pollici e un piatto Ride da 10 pollici. Il set completo di grancassa, con un pedale di dimensioni reali, e il controller HH di dimensioni reali ti permetteranno di esplorare tecniche avanzate nel tuo stile di gioco.<\/p>\n<p>Fai un passo avanti con la batteria elettronica QPD-1 Plus di Oqan. Questa versione \u00e8 dotata di un rack pi\u00f9 alto e spazioso e include un kit di nove pezzi che ti dar\u00e0 ancora pi\u00f9 possibilit\u00e0: due tom da 7 pollici, rullante e tom da 8 pollici, tre piatti da 8 pollici e un piatto Ride da 10 pollici. Inoltre, il kit completo di grancassa con pedale full-size e il controller HH ti permetteranno di aggiungere tecniche avanzate al tuo stile di gioco.<\/p>\n<p>Il modulo sonoro offre 74 voci12 drum kit, oltre alla connettivit\u00e0 USB e Bluetooth per una maggiore versatilit\u00e0.<\/p>\n<p>Il set QPD-1 Plus \u00e8 regolabile in altezza, il che lo rende facile da adattare alle tue preferenze personali e adatto a qualsiasi batterista. Il suo design compatto, pieghevole e facile da montare lo rende adatto a spazi ridotti, come in una stanza tipo camera da letto, o pure in uno home studio.<\/p>\n<p>Tutti i pad del QPD-1 Plus sono realizzati in mesh per offrire un&#8217;esperienza di gioco realistica e consentire sessioni di pratica prolungate senza causare disagi a chi ti sta intorno.<\/p>\n<p>La connettivit\u00e0 versatile del kit ti permette di utilizzarlo come controller MIDI e di collegare cuffie, monitor o smartphone. \u00c8 inoltre dotato di una porta audio wireless Bluetooth che ti permette di utilizzare i tuoi dispositivi preferiti senza bisogno di cavi.<\/p>\n<p>Caratteristiche principali:<\/p>\n<p>-2 x Pad Tom da 7&#8242; con pelli mesh<br \/>-Pad Rullante e Tom da 8\u201d con pelle mesh<br \/>-Crash (x2) e HH da 8&#8242; interamente in gomma<br \/>-Ride da 10&#8242; interamente in gomma<br \/>-Set cassa completo di pedale<br \/>-Pedale HH con dimensioni reali<br \/>-Modulo con 74 voci, 12 drum kit, 10 canzoni<br \/>-Connectivit\u00e0 wireless Bluetooth e USB MIDI al computer<br \/>-Dimensioni: altezza massima 850 mm, larghezza 640 mm<\/p>\n","protected":false},"excerpt":{"rendered":"<p>Fai un passo avanti con la batteria elettronica QPD-1 Plus di Oqan. Questo modello include un rack pi\u00f9 alto e pi\u00f9 largo e dispone di un set di nove pezzi: due tom da 7 pollici, rullante e tom da 8 pollici, tre piatti da 8 pollici e un piatto Ride da 10 pollici. Il set [&hellip;]<\/p>\n","protected":false},"featured_media":24605,"template":"","meta":{"site-sidebar-layout":"default","site-content-layout":"","ast-site-content-layout":"default","site-content-style":"default","site-sidebar-style":"default","ast-global-header-display":"","ast-banner-title-visibility":"","ast-main-header-display":"","ast-hfb-above-header-display":"","ast-hfb-below-header-display":"","ast-hfb-mobile-header-display":"","site-post-title":"","ast-breadcrumbs-content":"","ast-featured-img":"","footer-sml-layout":"","theme-transparent-header-meta":"","adv-header-id-meta":"","stick-header-meta":"","header-above-stick-meta":"","header-main-stick-meta":"","header-below-stick-meta":"","astra-migrate-meta-layouts":"default","ast-page-background-enabled":"default","ast-page-background-meta":{"desktop":{"background-color":"var(--ast-global-color-4)","background-image":"","background-repeat":"repeat","background-position":"center center","background-size":"auto","background-attachment":"scroll","background-type":"","background-media":"","overlay-type":"","overlay-color":"","overlay-opacity":"","overlay-gradient":""},"tablet":{"background-color":"","background-image":"","background-repeat":"repeat","background-position":"center center","background-size":"auto","background-attachment":"scroll","background-type":"","background-media":"","overlay-type":"","overlay-color":"","overlay-opacity":"","overlay-gradient":""},"mobile":{"background-color":"","background-image":"","background-repeat":"repeat","background-position":"center center","background-size":"auto","background-attachment":"scroll","background-type":"","background-media":"","overlay-type":"","overlay-color":"","overlay-opacity":"","overlay-gradient":""}},"ast-content-background-meta":{"desktop":{"background-color":"var(--ast-global-color-5)","background-image":"","background-repeat":"repeat","background-position":"center center","background-size":"auto","background-attachment":"scroll","background-type":"","background-media":"","overlay-type":"","overlay-color":"","overlay-opacity":"","overlay-gradient":""},"tablet":{"background-color":"var(--ast-global-color-5)","background-image":"","background-repeat":"repeat","background-position":"center center","background-size":"auto","background-attachment":"scroll","background-type":"","background-media":"","overlay-type":"","overlay-color":"","overlay-opacity":"","overlay-gradient":""},"mobile":{"background-color":"var(--ast-global-color-5)","background-image":"","background-repeat":"repeat","background-position":"center center","background-size":"auto","background-attachment":"scroll","background-type":"","background-media":"","overlay-type":"","overlay-color":"","overlay-opacity":"","overlay-gradient":""}}},"product_brand":[],"product_cat":[258],"product_tag":[],"class_list":{"0":"post-24606","1":"product","2":"type-product","3":"status-publish","4":"has-post-thumbnail","6":"product_cat-batterie-elettroniche","7":"desktop-align-left","8":"tablet-align-left","9":"mobile-align-left","11":"first","12":"instock","13":"taxable","14":"shipping-taxable","15":"purchasable","16":"product-type-simple"},"_links":{"self":[{"href":"https:\/\/gigionestrumentimusicali.it\/index.php\/wp-json\/wp\/v2\/product\/24606","targetHints":{"allow":["GET"]}}],"collection":[{"href":"https:\/\/gigionestrumentimusicali.it\/index.php\/wp-json\/wp\/v2\/product"}],"about":[{"href":"https:\/\/gigionestrumentimusicali.it\/index.php\/wp-json\/wp\/v2\/types\/product"}],"wp:featuredmedia":[{"embeddable":true,"href":"https:\/\/gigionestrumentimusicali.it\/index.php\/wp-json\/wp\/v2\/media\/24605"}],"wp:attachment":[{"href":"https:\/\/gigionestrumentimusicali.it\/index.php\/wp-json\/wp\/v2\/media?parent=24606"}],"wp:term":[{"taxonomy":"product_brand","embeddable":true,"href":"https:\/\/gigionestrumentimusicali.it\/index.php\/wp-json\/wp\/v2\/product_brand?post=24606"},{"taxonomy":"product_cat","embeddable":true,"href":"https:\/\/gigionestrumentimusicali.it\/index.php\/wp-json\/wp\/v2\/product_cat?post=24606"},{"taxonomy":"product_tag","embeddable":true,"href":"https:\/\/gigionestrumentimusicali.it\/index.php\/wp-json\/wp\/v2\/product_tag?post=24606"}],"curies":[{"name":"wp","href":"https:\/\/api.w.org\/{rel}","templated":true}]}}