{"id":24659,"date":"2024-12-03T08:50:50","date_gmt":"2024-12-03T08:50:50","guid":{"rendered":"https:\/\/gigionestrumentimusicali.it\/index.php\/product\/tc-electronic-power-plug-9-alimentatore-9v-per-effetti-a-pedale\/"},"modified":"2026-04-04T21:30:08","modified_gmt":"2026-04-04T21:30:08","slug":"tc-electronic-power-plug-9-alimentatore-9v-per-effetti-a-pedale","status":"publish","type":"product","link":"https:\/\/gigionestrumentimusicali.it\/index.php\/product\/tc-electronic-power-plug-9-alimentatore-9v-per-effetti-a-pedale\/","title":{"rendered":"TC ELECTRONIC POWER PLUG 9 ALIMENTATORE 9V PER EFFETTI A PEDALE"},"content":{"rendered":"<p>Una delle domande pi\u00f9 frequenti \u00e8: &#8220;Come faccio ad essere certo di fornire la quantit\u00e0 corretta di alimentazione ai miei effetti a pedale TC?&#8221; Quelli riguardanti voltaggio e milliampere sono probabilmente alcuni tra gli interrogativi di maggiore importanza, dato che una quantit\u00e0 non sufficiente pu\u00f2 condurre alla generazione di rumori, ronzii e ad un degrado non voluto del segnale, mentre una quantit\u00e0 di alimentazione eccessiva &#8211; o di tipo sbagliato &#8211; pu\u00f2 seriamente danneggiare la strumentazione.<\/p>\n<p>Caratteristiche principali<br \/>Compatibile con i modelli TC Electronic TonePrint, PolyTune, Ditto Looper ed i pedali Drive analogici<br \/>Alimentatore 9V (centro negativo), 670mA<br \/>Alimentazione approvata da TC<\/p>\n","protected":false},"excerpt":{"rendered":"<p>Una delle domande pi\u00f9 frequenti \u00e8: &#8220;Come faccio ad essere certo di fornire la quantit\u00e0 corretta di alimentazione ai miei effetti a pedale TC?&#8221; Quelli riguardanti voltaggio e milliampere sono probabilmente alcuni tra gli interrogativi di maggiore importanza, dato che una quantit\u00e0 non sufficiente pu\u00f2 condurre alla generazione di rumori, ronzii e ad un degrado [&hellip;]<\/p>\n","protected":false},"featured_media":24660,"template":"","meta":{"site-sidebar-layout":"default","site-content-layout":"","ast-site-content-layout":"default","site-content-style":"default","site-sidebar-style":"default","ast-global-header-display":"","ast-banner-title-visibility":"","ast-main-header-display":"","ast-hfb-above-header-display":"","ast-hfb-below-header-display":"","ast-hfb-mobile-header-display":"","site-post-title":"","ast-breadcrumbs-content":"","ast-featured-img":"","footer-sml-layout":"","theme-transparent-header-meta":"","adv-header-id-meta":"","stick-header-meta":"","header-above-stick-meta":"","header-main-stick-meta":"","header-below-stick-meta":"","astra-migrate-meta-layouts":"default","ast-page-background-enabled":"default","ast-page-background-meta":{"desktop":{"background-color":"var(--ast-global-color-4)","background-image":"","background-repeat":"repeat","background-position":"center center","background-size":"auto","background-attachment":"scroll","background-type":"","background-media":"","overlay-type":"","overlay-color":"","overlay-opacity":"","overlay-gradient":""},"tablet":{"background-color":"","background-image":"","background-repeat":"repeat","background-position":"center center","background-size":"auto","background-attachment":"scroll","background-type":"","background-media":"","overlay-type":"","overlay-color":"","overlay-opacity":"","overlay-gradient":""},"mobile":{"background-color":"","background-image":"","background-repeat":"repeat","background-position":"center center","background-size":"auto","background-attachment":"scroll","background-type":"","background-media":"","overlay-type":"","overlay-color":"","overlay-opacity":"","overlay-gradient":""}},"ast-content-background-meta":{"desktop":{"background-color":"var(--ast-global-color-5)","background-image":"","background-repeat":"repeat","background-position":"center center","background-size":"auto","background-attachment":"scroll","background-type":"","background-media":"","overlay-type":"","overlay-color":"","overlay-opacity":"","overlay-gradient":""},"tablet":{"background-color":"var(--ast-global-color-5)","background-image":"","background-repeat":"repeat","background-position":"center center","background-size":"auto","background-attachment":"scroll","background-type":"","background-media":"","overlay-type":"","overlay-color":"","overlay-opacity":"","overlay-gradient":""},"mobile":{"background-color":"var(--ast-global-color-5)","background-image":"","background-repeat":"repeat","background-position":"center center","background-size":"auto","background-attachment":"scroll","background-type":"","background-media":"","overlay-type":"","overlay-color":"","overlay-opacity":"","overlay-gradient":""}}},"product_brand":[],"product_cat":[419],"product_tag":[],"class_list":{"0":"post-24659","1":"product","2":"type-product","3":"status-publish","4":"has-post-thumbnail","6":"product_cat-alimentatori-per-effetti-effetti-a-pedale-per-chitarre","7":"desktop-align-left","8":"tablet-align-left","9":"mobile-align-left","11":"first","12":"instock","13":"taxable","14":"shipping-taxable","15":"purchasable","16":"product-type-simple"},"_links":{"self":[{"href":"https:\/\/gigionestrumentimusicali.it\/index.php\/wp-json\/wp\/v2\/product\/24659","targetHints":{"allow":["GET"]}}],"collection":[{"href":"https:\/\/gigionestrumentimusicali.it\/index.php\/wp-json\/wp\/v2\/product"}],"about":[{"href":"https:\/\/gigionestrumentimusicali.it\/index.php\/wp-json\/wp\/v2\/types\/product"}],"wp:featuredmedia":[{"embeddable":true,"href":"https:\/\/gigionestrumentimusicali.it\/index.php\/wp-json\/wp\/v2\/media\/24660"}],"wp:attachment":[{"href":"https:\/\/gigionestrumentimusicali.it\/index.php\/wp-json\/wp\/v2\/media?parent=24659"}],"wp:term":[{"taxonomy":"product_brand","embeddable":true,"href":"https:\/\/gigionestrumentimusicali.it\/index.php\/wp-json\/wp\/v2\/product_brand?post=24659"},{"taxonomy":"product_cat","embeddable":true,"href":"https:\/\/gigionestrumentimusicali.it\/index.php\/wp-json\/wp\/v2\/product_cat?post=24659"},{"taxonomy":"product_tag","embeddable":true,"href":"https:\/\/gigionestrumentimusicali.it\/index.php\/wp-json\/wp\/v2\/product_tag?post=24659"}],"curies":[{"name":"wp","href":"https:\/\/api.w.org\/{rel}","templated":true}]}}