{"id":24717,"date":"2024-12-09T15:17:31","date_gmt":"2024-12-09T15:17:31","guid":{"rendered":"https:\/\/gigionestrumentimusicali.it\/index.php\/product\/yamaha-stagepas-200btr-sistema-pa-portatile-con-mixer-digitale-5-canali-180w\/"},"modified":"2026-04-11T21:18:27","modified_gmt":"2026-04-11T21:18:27","slug":"yamaha-stagepas-200btr-sistema-pa-portatile-con-mixer-digitale-5-canali-180w","status":"publish","type":"product","link":"https:\/\/gigionestrumentimusicali.it\/index.php\/product\/yamaha-stagepas-200btr-sistema-pa-portatile-con-mixer-digitale-5-canali-180w\/","title":{"rendered":"YAMAHA STAGEPAS 200BTR SISTEMA PA PORTATILE CON MIXER DIGITALE 5 CANALI 180W"},"content":{"rendered":"<p>Con un suono di alta qualit\u00e0 sorprendente e capacit\u00e0 di missaggio ben oltre ci\u00f2 che ti aspetteresti dal suo design minimalista, Stagepas 200 \u00e8 un sistema PA portatile premium che offre prestazioni ben al di sopra della sua classe di peso. Con un funzionamento rapido e intuitivo di funzioni audio dal vivo cruciali e prestazioni complessive superbe, il tuo pubblico sar\u00e0 sbalordito dal tuo suono e probabilmente perplesso dalla tua minuscola configurazione. Stagepas 200 \u00e8 disponibile in due modelli: uno con una batteria agli ioni di litio ad alta capacit\u00e0, l&#8217;altro compatibile con batterie opzionali, offrendoti la flessibilit\u00e0 di ispirare artisti e pubblico praticamente in qualsiasi ambiente tu scelga, dagli spettacoli di strada con 1-3 artisti, a eventi, feste e discorsi.<br \/>Caratterizzato da un design del trasduttore coassiale di alta qualit\u00e0, Stagepas 200 \u00e8 in grado di fornire la migliore pressione sonora della categoria, una risposta di fase precisa e una dispersione molto naturale delle alte frequenze. Adottando alcune delle stesse competenze utilizzate nella nostra attrezzatura audio professionale di fascia alta, questa potenza potente ma minimalista stupir\u00e0 il tuo pubblico con l&#8217;intera gamma dinamica e la risposta della tua performance.<br \/>Stagepas 200 pone una forte enfasi sulla sua designazione &#8220;all-in-one&#8221; che offre tutta la connettivit\u00e0, le funzioni di performance e la capacit\u00e0 di missaggio di cui avresti mai bisogno per esibizioni in duo o trio su piccola scala, il tutto racchiuso in un cubo compatto da 300 mm. armadio in stile. Dotato di un mixer digitale che pu\u00f2 essere controllato da remoto per un massimo di 5 canali, 3 preamplificatori microfonici e una gamma completa di funzioni pratiche che sarai grato di avere a tua disposizione, lo Stagepas 200 \u00e8 senza pari nel compatto all-in -un mercato PA.<br \/>Il funzionamento semplice e intuitivo di Stagepas 200 rende la regolazione del suono ideale un processo indolore e persino piacevole. Ogni canale \u00e8 dotato di un EQ\/preset a 1 manopola ed effetti digitali SPX, insieme al compressore MODE dell&#8217;uscita principale, che consente regolazioni rapide ma potenti del suono, mentre i canali 2-3 dispongono di simulatori di microfono inclusi nell&#8217;EQ\/preset a 1 manopola pu\u00f2 anche aggiungere autenticit\u00e0 istantanea alle chitarre acustiche.<br \/>Lo Stagepas 200 \u00e8 dotato di funzioni adattive che ti aiuteranno ad alleviare l&#8217;ansia per il tuo suono e ti permetteranno di concentrarti sull&#8217;esecuzione del tuo meglio in assoluto.<br \/>Il Priority Ducker integrato attenuer\u00e0 automaticamente la musica di sottofondo o i segnali secondari quando viene rilevato l&#8217;ingresso da un microfono principale o da una sorgente sonora specifica. Inoltre, la funzione intelligente di soppressione del feedback eliminer\u00e0 automaticamente il feedback spiacevole che pu\u00f2 essere causato quando un microfono capta il suono da un altoparlante, garantendo un&#8217;esperienza sonora pi\u00f9 confortevole sia per te che per il tuo pubblico.<br \/>L&#8217;app Stagepas Controller, per dispositivi iOS e Android, ti offre il controllo remoto in tempo reale sia del volume che dell&#8217;equalizzazione. Inoltre, l&#8217;app consente dettagli di regolazione pi\u00f9 precisi rispetto all&#8217;interfaccia dell&#8217;unit\u00e0 principale come EQ, Reverb, Compressor, Simulatori di microfono, Ducker, ecc. per massimizzare le capacit\u00e0 del tuo Stagepas 200. Puoi salvare queste impostazioni in &#8220;scene&#8221; memorizzate su l&#8217;app da richiamare in qualsiasi momento per un suono costante e tempi di configurazione ridotti.<br \/>Compatibile con una batteria agli ioni di litio di grande capacit\u00e0 che consente fino a 10 ore di funzionamento continuo, Stagepas 200 offre prestazioni eccellenti in modo affidabile anche in luoghi remoti dove non \u00e8 disponibile alcuna fonte di alimentazione. La batteria BTR-STP200 viene fornita con Stagepas 200BTR. E&#8217; disponibile anche separatamente.<br \/>La funzionalit\u00e0 Bluetooth consente la connessione wireless per una facile riproduzione audio tramite smartphone e tablet. Consente inoltre l&#8217;uso dell&#8217;app Stagepas Controller dedicata per il controllo e la regolazione del mixer.<br \/>Il supporto in gomma sulla base dell&#8217;armadio consente di inclinare l&#8217;unit\u00e0 con un angolo di inclinazione di 30 o 60 gradi per adattarsi all&#8217;ambiente o all&#8217;applicazione prescelta. Ci\u00f2 consente il posizionamento di Stagepas 200 rivolto verso il pubblico come diffusore di riempimento o verso gli artisti quando viene utilizzato come monitor da pavimento.<br \/>La parte inferiore dell&#8217;armadio ospita una presa per montaggio su palo di 35 mm di diametro, che consente di montare Stagepas 200 su un supporto per diffusori o di utilizzarlo in un&#8217;installazione con un subwoofer utilizzando un&#8217;asta distanziatrice.<br \/>La custodia da trasporto Case-STP200 dedicata opzionale \u00e8 dotata di ruote e tasche di grande capacit\u00e0 per un comodo trasporto in qualsiasi luogo in modo sicuro e semplice.<\/p>\n<p>Caratteristiche<br \/>Amplificatore in classe D da 180W (HF: 30W + LF: 150W)<br \/>Driver a compressione coassiale di alta qualit\u00e0 da 1.4&#8243; HF + 8&#8243; LF<br \/>Mixer digitale a 5 canali (3 mic\/linea mono + 1 linea stereo)<br \/>Compressore multibanda uscita principale &#8220;Mode&#8221;<br \/>EQ\/preset a 1 manopola per ciascun canale<br \/>Riverbero digitale SPX di alta qualit\u00e0 (4 programmi, controllo dei parametri), delay, chorus<br \/>Ingresso Hi-Z<br \/>Dotato di link-out\/monitor out<br \/>Il supporto in gomma fornito consente l&#8217;inclinazione a 30 o 60 gradi<br \/>Compatibile con lo streaming audio tramite Bluetooth<br \/>Pu\u00f2 essere controllato da remoto tramite un dispositivo iOS o Android utilizzando l&#8217;app Stagepas Controller dedicata<br \/>Compatibile con la batteria opzionale BTR-STP200<br \/>Custodia per il trasporto Case-STP200 opzionale per un comodo trasporto<br \/>Dimensioni: 300 x 308 x 301mm<br \/>Peso: 12kg<\/p>\n","protected":false},"excerpt":{"rendered":"<p>Con un suono di alta qualit\u00e0 sorprendente e capacit\u00e0 di missaggio ben oltre ci\u00f2 che ti aspetteresti dal suo design minimalista, Stagepas 200 \u00e8 un sistema PA portatile premium che offre prestazioni ben al di sopra della sua classe di peso. Con un funzionamento rapido e intuitivo di funzioni audio dal vivo cruciali e prestazioni [&hellip;]<\/p>\n","protected":false},"featured_media":24719,"template":"","meta":{"site-sidebar-layout":"default","site-content-layout":"","ast-site-content-layout":"default","site-content-style":"default","site-sidebar-style":"default","ast-global-header-display":"","ast-banner-title-visibility":"","ast-main-header-display":"","ast-hfb-above-header-display":"","ast-hfb-below-header-display":"","ast-hfb-mobile-header-display":"","site-post-title":"","ast-breadcrumbs-content":"","ast-featured-img":"","footer-sml-layout":"","theme-transparent-header-meta":"","adv-header-id-meta":"","stick-header-meta":"","header-above-stick-meta":"","header-main-stick-meta":"","header-below-stick-meta":"","astra-migrate-meta-layouts":"default","ast-page-background-enabled":"default","ast-page-background-meta":{"desktop":{"background-color":"var(--ast-global-color-4)","background-image":"","background-repeat":"repeat","background-position":"center center","background-size":"auto","background-attachment":"scroll","background-type":"","background-media":"","overlay-type":"","overlay-color":"","overlay-opacity":"","overlay-gradient":""},"tablet":{"background-color":"","background-image":"","background-repeat":"repeat","background-position":"center center","background-size":"auto","background-attachment":"scroll","background-type":"","background-media":"","overlay-type":"","overlay-color":"","overlay-opacity":"","overlay-gradient":""},"mobile":{"background-color":"","background-image":"","background-repeat":"repeat","background-position":"center center","background-size":"auto","background-attachment":"scroll","background-type":"","background-media":"","overlay-type":"","overlay-color":"","overlay-opacity":"","overlay-gradient":""}},"ast-content-background-meta":{"desktop":{"background-color":"var(--ast-global-color-5)","background-image":"","background-repeat":"repeat","background-position":"center center","background-size":"auto","background-attachment":"scroll","background-type":"","background-media":"","overlay-type":"","overlay-color":"","overlay-opacity":"","overlay-gradient":""},"tablet":{"background-color":"var(--ast-global-color-5)","background-image":"","background-repeat":"repeat","background-position":"center center","background-size":"auto","background-attachment":"scroll","background-type":"","background-media":"","overlay-type":"","overlay-color":"","overlay-opacity":"","overlay-gradient":""},"mobile":{"background-color":"var(--ast-global-color-5)","background-image":"","background-repeat":"repeat","background-position":"center center","background-size":"auto","background-attachment":"scroll","background-type":"","background-media":"","overlay-type":"","overlay-color":"","overlay-opacity":"","overlay-gradient":""}}},"product_brand":[],"product_cat":[637],"product_tag":[],"class_list":{"0":"post-24717","1":"product","2":"type-product","3":"status-publish","4":"has-post-thumbnail","6":"product_cat-sistemi-portatili","7":"desktop-align-left","8":"tablet-align-left","9":"mobile-align-left","11":"first","12":"instock","13":"taxable","14":"shipping-taxable","15":"purchasable","16":"product-type-simple"},"_links":{"self":[{"href":"https:\/\/gigionestrumentimusicali.it\/index.php\/wp-json\/wp\/v2\/product\/24717","targetHints":{"allow":["GET"]}}],"collection":[{"href":"https:\/\/gigionestrumentimusicali.it\/index.php\/wp-json\/wp\/v2\/product"}],"about":[{"href":"https:\/\/gigionestrumentimusicali.it\/index.php\/wp-json\/wp\/v2\/types\/product"}],"wp:featuredmedia":[{"embeddable":true,"href":"https:\/\/gigionestrumentimusicali.it\/index.php\/wp-json\/wp\/v2\/media\/24719"}],"wp:attachment":[{"href":"https:\/\/gigionestrumentimusicali.it\/index.php\/wp-json\/wp\/v2\/media?parent=24717"}],"wp:term":[{"taxonomy":"product_brand","embeddable":true,"href":"https:\/\/gigionestrumentimusicali.it\/index.php\/wp-json\/wp\/v2\/product_brand?post=24717"},{"taxonomy":"product_cat","embeddable":true,"href":"https:\/\/gigionestrumentimusicali.it\/index.php\/wp-json\/wp\/v2\/product_cat?post=24717"},{"taxonomy":"product_tag","embeddable":true,"href":"https:\/\/gigionestrumentimusicali.it\/index.php\/wp-json\/wp\/v2\/product_tag?post=24717"}],"curies":[{"name":"wp","href":"https:\/\/api.w.org\/{rel}","templated":true}]}}