{"id":24873,"date":"2024-12-18T16:05:07","date_gmt":"2024-12-18T16:05:07","guid":{"rendered":"https:\/\/gigionestrumentimusicali.it\/index.php\/product\/meinl-b21frfr-flat-ride-21\/"},"modified":"2026-04-20T21:09:34","modified_gmt":"2026-04-20T21:09:34","slug":"meinl-b21frfr-flat-ride-21","status":"publish","type":"product","link":"https:\/\/gigionestrumentimusicali.it\/index.php\/product\/meinl-b21frfr-flat-ride-21\/","title":{"rendered":"MEINL B21FRFR FLAT RIDE 21&#8243;"},"content":{"rendered":"<p>Il Flat Ride 21\u00d3 Byzance Foundry Reserve combina l\u00d5articolazione dei flat ride con la complessit\u02c6 sonora dei Foundry Reserve. Il risultato \u008f un flat ride pieno di carattere, perfetto in ogni situazione. La dimensione di 21\u00d3 e il peso medium-thin rendono questo ride l\u00d5ideale in situazioni nelle quali serve definizione ma anche un alone presente. L\u00d5estesa martellatura dona al piatto carattere, per un suono decisamente unico.<\/p>\n","protected":false},"excerpt":{"rendered":"<p>Il Flat Ride 21\u00d3 Byzance Foundry Reserve combina l\u00d5articolazione dei flat ride con la complessit\u02c6 sonora dei Foundry Reserve. Il risultato \u008f un flat ride pieno di carattere, perfetto in ogni situazione. La dimensione di 21\u00d3 e il peso medium-thin rendono questo ride l\u00d5ideale in situazioni nelle quali serve definizione ma anche un alone presente. [&hellip;]<\/p>\n","protected":false},"featured_media":24872,"template":"","meta":{"site-sidebar-layout":"default","site-content-layout":"","ast-site-content-layout":"default","site-content-style":"default","site-sidebar-style":"default","ast-global-header-display":"","ast-banner-title-visibility":"","ast-main-header-display":"","ast-hfb-above-header-display":"","ast-hfb-below-header-display":"","ast-hfb-mobile-header-display":"","site-post-title":"","ast-breadcrumbs-content":"","ast-featured-img":"","footer-sml-layout":"","theme-transparent-header-meta":"","adv-header-id-meta":"","stick-header-meta":"","header-above-stick-meta":"","header-main-stick-meta":"","header-below-stick-meta":"","astra-migrate-meta-layouts":"default","ast-page-background-enabled":"default","ast-page-background-meta":{"desktop":{"background-color":"var(--ast-global-color-4)","background-image":"","background-repeat":"repeat","background-position":"center center","background-size":"auto","background-attachment":"scroll","background-type":"","background-media":"","overlay-type":"","overlay-color":"","overlay-opacity":"","overlay-gradient":""},"tablet":{"background-color":"","background-image":"","background-repeat":"repeat","background-position":"center center","background-size":"auto","background-attachment":"scroll","background-type":"","background-media":"","overlay-type":"","overlay-color":"","overlay-opacity":"","overlay-gradient":""},"mobile":{"background-color":"","background-image":"","background-repeat":"repeat","background-position":"center center","background-size":"auto","background-attachment":"scroll","background-type":"","background-media":"","overlay-type":"","overlay-color":"","overlay-opacity":"","overlay-gradient":""}},"ast-content-background-meta":{"desktop":{"background-color":"var(--ast-global-color-5)","background-image":"","background-repeat":"repeat","background-position":"center center","background-size":"auto","background-attachment":"scroll","background-type":"","background-media":"","overlay-type":"","overlay-color":"","overlay-opacity":"","overlay-gradient":""},"tablet":{"background-color":"var(--ast-global-color-5)","background-image":"","background-repeat":"repeat","background-position":"center center","background-size":"auto","background-attachment":"scroll","background-type":"","background-media":"","overlay-type":"","overlay-color":"","overlay-opacity":"","overlay-gradient":""},"mobile":{"background-color":"var(--ast-global-color-5)","background-image":"","background-repeat":"repeat","background-position":"center center","background-size":"auto","background-attachment":"scroll","background-type":"","background-media":"","overlay-type":"","overlay-color":"","overlay-opacity":"","overlay-gradient":""}}},"product_brand":[],"product_cat":[328],"product_tag":[],"class_list":{"0":"post-24873","1":"product","2":"type-product","3":"status-publish","4":"has-post-thumbnail","6":"product_cat-ride","7":"desktop-align-left","8":"tablet-align-left","9":"mobile-align-left","11":"first","12":"instock","13":"taxable","14":"shipping-taxable","15":"purchasable","16":"product-type-simple"},"_links":{"self":[{"href":"https:\/\/gigionestrumentimusicali.it\/index.php\/wp-json\/wp\/v2\/product\/24873","targetHints":{"allow":["GET"]}}],"collection":[{"href":"https:\/\/gigionestrumentimusicali.it\/index.php\/wp-json\/wp\/v2\/product"}],"about":[{"href":"https:\/\/gigionestrumentimusicali.it\/index.php\/wp-json\/wp\/v2\/types\/product"}],"wp:featuredmedia":[{"embeddable":true,"href":"https:\/\/gigionestrumentimusicali.it\/index.php\/wp-json\/wp\/v2\/media\/24872"}],"wp:attachment":[{"href":"https:\/\/gigionestrumentimusicali.it\/index.php\/wp-json\/wp\/v2\/media?parent=24873"}],"wp:term":[{"taxonomy":"product_brand","embeddable":true,"href":"https:\/\/gigionestrumentimusicali.it\/index.php\/wp-json\/wp\/v2\/product_brand?post=24873"},{"taxonomy":"product_cat","embeddable":true,"href":"https:\/\/gigionestrumentimusicali.it\/index.php\/wp-json\/wp\/v2\/product_cat?post=24873"},{"taxonomy":"product_tag","embeddable":true,"href":"https:\/\/gigionestrumentimusicali.it\/index.php\/wp-json\/wp\/v2\/product_tag?post=24873"}],"curies":[{"name":"wp","href":"https:\/\/api.w.org\/{rel}","templated":true}]}}