{"id":25015,"date":"2025-01-02T18:24:24","date_gmt":"2025-01-02T18:24:24","guid":{"rendered":"https:\/\/gigionestrumentimusicali.it\/index.php\/product\/digitech-dod-compressor-280-compressore-ottico-a-pedale-per-chitarra\/"},"modified":"2026-04-04T19:27:02","modified_gmt":"2026-04-04T19:27:02","slug":"digitech-dod-compressor-280-compressore-ottico-a-pedale-per-chitarra","status":"publish","type":"product","link":"https:\/\/gigionestrumentimusicali.it\/index.php\/product\/digitech-dod-compressor-280-compressore-ottico-a-pedale-per-chitarra\/","title":{"rendered":"DIGITECH DOD COMPRESSOR 280 COMPRESSORE OTTICO A PEDALE PER CHITARRA"},"content":{"rendered":"<p>Il 280 \u00e8 un compressore ottico che pu\u00f2 passare da un leggero sustain a una compressione completa semplicemente ruotando la manopola. A differenza dei circuiti non ottici pi\u00f9 veloci, il 280 preserva le alte frequenze fino alle impostazioni pi\u00f9 estreme. Il 280 \u00e8 ideale per il chicken-picking, per aggiungere sustain agli assoli o per il funk scattante. Il 280 ha anche un&#8217;uscita sufficiente per essere utilizzato come boost con il sustain del compressore.<br \/>La maggior parte dei chitarristi\/bassisti preferisce posizionare il compressore DOD 280 all&#8217;inizio della loro catena di effetti, quindi inizia con quella collocazione. Dal momento che i compressori hanno un grande effetto sul tuo approccio, sulla dinamica e sul sustain, posizionandolo verso la parte anteriore la tua catena di effetti &#8220;conserver\u00e0 l&#8217;atmosfera&#8221; indipendentemente dal pedale. Detto questo, potresti voler sperimentare con il posizionamento dell&#8217;effetto per trovare il suono che meglio si adatta al tuo modo di suonare.<\/p>\n<p>Caratteristiche<br \/>Controlli: Comp (compressione) e Level (volume)<br \/>True Bypass<br \/>Jack In\/Out<br \/>LED di stato blu<br \/>Batteria da 9V o alimentatore opzionale<br \/>Dimensioni: 119 x 67 x 57mm<br \/>Peso: 281g<\/p>\n","protected":false},"excerpt":{"rendered":"<p>Il 280 \u00e8 un compressore ottico che pu\u00f2 passare da un leggero sustain a una compressione completa semplicemente ruotando la manopola. A differenza dei circuiti non ottici pi\u00f9 veloci, il 280 preserva le alte frequenze fino alle impostazioni pi\u00f9 estreme. Il 280 \u00e8 ideale per il chicken-picking, per aggiungere sustain agli assoli o per il [&hellip;]<\/p>\n","protected":false},"featured_media":25016,"template":"","meta":{"site-sidebar-layout":"default","site-content-layout":"","ast-site-content-layout":"default","site-content-style":"default","site-sidebar-style":"default","ast-global-header-display":"","ast-banner-title-visibility":"","ast-main-header-display":"","ast-hfb-above-header-display":"","ast-hfb-below-header-display":"","ast-hfb-mobile-header-display":"","site-post-title":"","ast-breadcrumbs-content":"","ast-featured-img":"","footer-sml-layout":"","theme-transparent-header-meta":"","adv-header-id-meta":"","stick-header-meta":"","header-above-stick-meta":"","header-main-stick-meta":"","header-below-stick-meta":"","astra-migrate-meta-layouts":"default","ast-page-background-enabled":"default","ast-page-background-meta":{"desktop":{"background-color":"var(--ast-global-color-4)","background-image":"","background-repeat":"repeat","background-position":"center center","background-size":"auto","background-attachment":"scroll","background-type":"","background-media":"","overlay-type":"","overlay-color":"","overlay-opacity":"","overlay-gradient":""},"tablet":{"background-color":"","background-image":"","background-repeat":"repeat","background-position":"center center","background-size":"auto","background-attachment":"scroll","background-type":"","background-media":"","overlay-type":"","overlay-color":"","overlay-opacity":"","overlay-gradient":""},"mobile":{"background-color":"","background-image":"","background-repeat":"repeat","background-position":"center center","background-size":"auto","background-attachment":"scroll","background-type":"","background-media":"","overlay-type":"","overlay-color":"","overlay-opacity":"","overlay-gradient":""}},"ast-content-background-meta":{"desktop":{"background-color":"var(--ast-global-color-5)","background-image":"","background-repeat":"repeat","background-position":"center center","background-size":"auto","background-attachment":"scroll","background-type":"","background-media":"","overlay-type":"","overlay-color":"","overlay-opacity":"","overlay-gradient":""},"tablet":{"background-color":"var(--ast-global-color-5)","background-image":"","background-repeat":"repeat","background-position":"center center","background-size":"auto","background-attachment":"scroll","background-type":"","background-media":"","overlay-type":"","overlay-color":"","overlay-opacity":"","overlay-gradient":""},"mobile":{"background-color":"var(--ast-global-color-5)","background-image":"","background-repeat":"repeat","background-position":"center center","background-size":"auto","background-attachment":"scroll","background-type":"","background-media":"","overlay-type":"","overlay-color":"","overlay-opacity":"","overlay-gradient":""}}},"product_brand":[],"product_cat":[425],"product_tag":[],"class_list":{"0":"post-25015","1":"product","2":"type-product","3":"status-publish","4":"has-post-thumbnail","6":"product_cat-compressori-sustainer-effetti-a-pedale-per-chitarre","7":"desktop-align-left","8":"tablet-align-left","9":"mobile-align-left","11":"first","12":"instock","13":"taxable","14":"shipping-taxable","15":"purchasable","16":"product-type-simple"},"_links":{"self":[{"href":"https:\/\/gigionestrumentimusicali.it\/index.php\/wp-json\/wp\/v2\/product\/25015","targetHints":{"allow":["GET"]}}],"collection":[{"href":"https:\/\/gigionestrumentimusicali.it\/index.php\/wp-json\/wp\/v2\/product"}],"about":[{"href":"https:\/\/gigionestrumentimusicali.it\/index.php\/wp-json\/wp\/v2\/types\/product"}],"wp:featuredmedia":[{"embeddable":true,"href":"https:\/\/gigionestrumentimusicali.it\/index.php\/wp-json\/wp\/v2\/media\/25016"}],"wp:attachment":[{"href":"https:\/\/gigionestrumentimusicali.it\/index.php\/wp-json\/wp\/v2\/media?parent=25015"}],"wp:term":[{"taxonomy":"product_brand","embeddable":true,"href":"https:\/\/gigionestrumentimusicali.it\/index.php\/wp-json\/wp\/v2\/product_brand?post=25015"},{"taxonomy":"product_cat","embeddable":true,"href":"https:\/\/gigionestrumentimusicali.it\/index.php\/wp-json\/wp\/v2\/product_cat?post=25015"},{"taxonomy":"product_tag","embeddable":true,"href":"https:\/\/gigionestrumentimusicali.it\/index.php\/wp-json\/wp\/v2\/product_tag?post=25015"}],"curies":[{"name":"wp","href":"https:\/\/api.w.org\/{rel}","templated":true}]}}