{"id":25026,"date":"2025-01-03T08:32:35","date_gmt":"2025-01-03T08:32:35","guid":{"rendered":"https:\/\/gigionestrumentimusicali.it\/index.php\/product\/yamaha-fsx315c-tobacco-brown-sunburst\/"},"modified":"2026-05-03T00:58:12","modified_gmt":"2026-05-03T00:58:12","slug":"yamaha-fsx315c-tobacco-brown-sunburst","status":"publish","type":"product","link":"https:\/\/gigionestrumentimusicali.it\/index.php\/product\/yamaha-fsx315c-tobacco-brown-sunburst\/","title":{"rendered":"YAMAHA FSX315C TOBACCO BROWN SUNBURST"},"content":{"rendered":"<p>La Yamaha FSX315C \u00e8 la chitarra acustica-elettrica ideale per i chitarristi in evoluzione. Questo modello fornisce la grande qualit\u00e0 Yamaha ed il suono naturale che offre la risonanza del body. Inoltre, il body in formato concerto \u00e8 perfetto per i chitarristi donna ed i chitarristi pi\u00f9 giovani. Il preamplificatore attivo ed il pick-up a contatto sono compatti, ma producono un suono acustico molto naturale. Dispone anche di un mid-boost e di un accordatore cromatico di precisione per una elaborazione ottimale del suono.<\/p>\n<p>Caratteristiche principali<br \/>Top: Abete<br \/>Fondo e fasce: Legni tropicali<br \/>Manico: Legno tropicale<br \/>Tastiera: Palissandro<br \/>Raggio 400mm<br \/>Ponte: Palissandro<br \/>Scala: 634mm (25&#8243;)<br \/>Capotasto: 43mm<br \/>Pin del ponte: ABS nero<br \/>Battipenna: Tartarugato<br \/>Meccaniche: Cromate<br \/>Elettronica: System68 con pickup ART<br \/>Controlli: Volume, Tono, Accordatore<br \/>Made in Indonesia<br \/>Finitura: Tobacco Brown Sunburst<br \/>Bag:No<\/p>\n","protected":false},"excerpt":{"rendered":"<p>La Yamaha FSX315C \u00e8 la chitarra acustica-elettrica ideale per i chitarristi in evoluzione. Questo modello fornisce la grande qualit\u00e0 Yamaha ed il suono naturale che offre la risonanza del body. Inoltre, il body in formato concerto \u00e8 perfetto per i chitarristi donna ed i chitarristi pi\u00f9 giovani. Il preamplificatore attivo ed il pick-up a contatto [&hellip;]<\/p>\n","protected":false},"featured_media":25034,"template":"","meta":{"site-sidebar-layout":"default","site-content-layout":"","ast-site-content-layout":"default","site-content-style":"default","site-sidebar-style":"default","ast-global-header-display":"","ast-banner-title-visibility":"","ast-main-header-display":"","ast-hfb-above-header-display":"","ast-hfb-below-header-display":"","ast-hfb-mobile-header-display":"","site-post-title":"","ast-breadcrumbs-content":"","ast-featured-img":"","footer-sml-layout":"","theme-transparent-header-meta":"","adv-header-id-meta":"","stick-header-meta":"","header-above-stick-meta":"","header-main-stick-meta":"","header-below-stick-meta":"","astra-migrate-meta-layouts":"default","ast-page-background-enabled":"default","ast-page-background-meta":{"desktop":{"background-color":"var(--ast-global-color-4)","background-image":"","background-repeat":"repeat","background-position":"center center","background-size":"auto","background-attachment":"scroll","background-type":"","background-media":"","overlay-type":"","overlay-color":"","overlay-opacity":"","overlay-gradient":""},"tablet":{"background-color":"","background-image":"","background-repeat":"repeat","background-position":"center center","background-size":"auto","background-attachment":"scroll","background-type":"","background-media":"","overlay-type":"","overlay-color":"","overlay-opacity":"","overlay-gradient":""},"mobile":{"background-color":"","background-image":"","background-repeat":"repeat","background-position":"center center","background-size":"auto","background-attachment":"scroll","background-type":"","background-media":"","overlay-type":"","overlay-color":"","overlay-opacity":"","overlay-gradient":""}},"ast-content-background-meta":{"desktop":{"background-color":"var(--ast-global-color-5)","background-image":"","background-repeat":"repeat","background-position":"center center","background-size":"auto","background-attachment":"scroll","background-type":"","background-media":"","overlay-type":"","overlay-color":"","overlay-opacity":"","overlay-gradient":""},"tablet":{"background-color":"var(--ast-global-color-5)","background-image":"","background-repeat":"repeat","background-position":"center center","background-size":"auto","background-attachment":"scroll","background-type":"","background-media":"","overlay-type":"","overlay-color":"","overlay-opacity":"","overlay-gradient":""},"mobile":{"background-color":"var(--ast-global-color-5)","background-image":"","background-repeat":"repeat","background-position":"center center","background-size":"auto","background-attachment":"scroll","background-type":"","background-media":"","overlay-type":"","overlay-color":"","overlay-opacity":"","overlay-gradient":""}}},"product_brand":[],"product_cat":[381],"product_tag":[],"class_list":{"0":"post-25026","1":"product","2":"type-product","3":"status-publish","4":"has-post-thumbnail","6":"product_cat-chitarre-acustiche-elettrificate","7":"desktop-align-left","8":"tablet-align-left","9":"mobile-align-left","11":"first","12":"instock","13":"taxable","14":"shipping-taxable","15":"purchasable","16":"product-type-simple"},"_links":{"self":[{"href":"https:\/\/gigionestrumentimusicali.it\/index.php\/wp-json\/wp\/v2\/product\/25026","targetHints":{"allow":["GET"]}}],"collection":[{"href":"https:\/\/gigionestrumentimusicali.it\/index.php\/wp-json\/wp\/v2\/product"}],"about":[{"href":"https:\/\/gigionestrumentimusicali.it\/index.php\/wp-json\/wp\/v2\/types\/product"}],"wp:featuredmedia":[{"embeddable":true,"href":"https:\/\/gigionestrumentimusicali.it\/index.php\/wp-json\/wp\/v2\/media\/25034"}],"wp:attachment":[{"href":"https:\/\/gigionestrumentimusicali.it\/index.php\/wp-json\/wp\/v2\/media?parent=25026"}],"wp:term":[{"taxonomy":"product_brand","embeddable":true,"href":"https:\/\/gigionestrumentimusicali.it\/index.php\/wp-json\/wp\/v2\/product_brand?post=25026"},{"taxonomy":"product_cat","embeddable":true,"href":"https:\/\/gigionestrumentimusicali.it\/index.php\/wp-json\/wp\/v2\/product_cat?post=25026"},{"taxonomy":"product_tag","embeddable":true,"href":"https:\/\/gigionestrumentimusicali.it\/index.php\/wp-json\/wp\/v2\/product_tag?post=25026"}],"curies":[{"name":"wp","href":"https:\/\/api.w.org\/{rel}","templated":true}]}}