{"id":25043,"date":"2025-01-03T08:42:29","date_gmt":"2025-01-03T08:42:29","guid":{"rendered":"https:\/\/gigionestrumentimusicali.it\/index.php\/product\/yamaha-revstar-element-rse20-swift-blue\/"},"modified":"2026-04-22T20:58:18","modified_gmt":"2026-04-22T20:58:18","slug":"yamaha-revstar-element-rse20-swift-blue","status":"publish","type":"product","link":"https:\/\/gigionestrumentimusicali.it\/index.php\/product\/yamaha-revstar-element-rse20-swift-blue\/","title":{"rendered":"YAMAHA REVSTAR ELEMENT RSE20 SWIFT BLUE"},"content":{"rendered":"<p>Yamaha ha annunciato una nuova gamma di chitarre elettriche Revstar. Lanciata originariamente nel 2015, Revstar \u00e8 stata la prima nuova serie di chitarre elettriche Yamaha in pi\u00f9 di un decennio, attingendo all&#8217;eredit\u00e0 del marchio nel design delle chitarre elettriche e all&#8217;eredit\u00e0 del design motociclistico di Yamaha Motor Co. Ltd.<br \/>&#8220;Il concept originale Revstar \u00e8 stato ispirato dalle motociclette Caf\u00e9 Racer: macchine da corsa ad alte prestazioni che mettevano in mostra la personalit\u00e0 dei motociclisti&#8221;, afferma Dave Miner, Product Marketing Manager for Electric Guitars, Yamaha Guitar Group. &#8220;La nuova serie Revstar perfeziona questo aspetto concept con suonabilit\u00e0, versatilit\u00e0 e tono migliorati, per i musicisti interessati allo stile classico con aggiornamenti moderni.&#8221;<br \/>La nuova serie Revstar \u00e8 composta da tre livelli: Element, Standard e Made in Japan Professional. Tutti i modelli sono dotati di corpi camerati sviluppati con il processo di progettazione acustica di Yamaha. Utilizzando strumenti avanzati di misurazione e modellazione, Yamaha ha sviluppato il pattern di cameratura per modellare in modo specifico il suono e aumentare la risonanza, riducendo il peso e ottimizzando l&#8217;equilibrio.<br \/>Tutti i nuovi modelli Revstar sono dotati di opzioni di commutazione uniche per una maggiore versatilit\u00e0. I modelli Revstar Element sono dotati del filtro passa-alto Dry Switch introdotto nella serie originale. La rinnovata gamma introduce anche un nuovo profilo del manico in tutti i modelli, una nuova gamma di finiture ispirate alle corse e i primi modelli per mancini nella storia della serie.<\/p>\n<p>Caratteristiche<br \/>Body: Mogano camerato<br \/>Finitura: Poliuretano lucido<br \/>Manico: Mogano in 3-pezzi<br \/>Finitura: Poliuretano satinato<br \/>Costruzione: Set-in<br \/>Tastiera: Palissandro<br \/>Scala: 24-3\/4&#8243; (628,6mm)<br \/>Raggio: 12&#8243; (304,8mm)<br \/>Tasti: 22, Jumbo<br \/>Capotasto: PPS<br \/>Pickup al manico: VH3n (Humbucker \/ Alnico V)<br \/>Pickup al ponte: VH3b (Humbucker \/ Alnico V)<br \/>Controlli: Volume, Tono (Push-Pull &#8220;Dry Switch&#8221;)<br \/>Selettore pickup: Selettore a 3 vie<br \/>Ponte: Tune-O-Matic<br \/>Cordiera: Stopbar<br \/>Meccaniche: Pressofuse<br \/>Battipenna: 3 Strati<br \/>Made in Indonesia<br \/>Finitura: Swift Blue<br \/>Bag:No<\/p>\n","protected":false},"excerpt":{"rendered":"<p>Yamaha ha annunciato una nuova gamma di chitarre elettriche Revstar. Lanciata originariamente nel 2015, Revstar \u00e8 stata la prima nuova serie di chitarre elettriche Yamaha in pi\u00f9 di un decennio, attingendo all&#8217;eredit\u00e0 del marchio nel design delle chitarre elettriche e all&#8217;eredit\u00e0 del design motociclistico di Yamaha Motor Co. Ltd.&#8220;Il concept originale Revstar \u00e8 stato ispirato [&hellip;]<\/p>\n","protected":false},"featured_media":25044,"template":"","meta":{"site-sidebar-layout":"default","site-content-layout":"","ast-site-content-layout":"default","site-content-style":"default","site-sidebar-style":"default","ast-global-header-display":"","ast-banner-title-visibility":"","ast-main-header-display":"","ast-hfb-above-header-display":"","ast-hfb-below-header-display":"","ast-hfb-mobile-header-display":"","site-post-title":"","ast-breadcrumbs-content":"","ast-featured-img":"","footer-sml-layout":"","theme-transparent-header-meta":"","adv-header-id-meta":"","stick-header-meta":"","header-above-stick-meta":"","header-main-stick-meta":"","header-below-stick-meta":"","astra-migrate-meta-layouts":"default","ast-page-background-enabled":"default","ast-page-background-meta":{"desktop":{"background-color":"var(--ast-global-color-4)","background-image":"","background-repeat":"repeat","background-position":"center center","background-size":"auto","background-attachment":"scroll","background-type":"","background-media":"","overlay-type":"","overlay-color":"","overlay-opacity":"","overlay-gradient":""},"tablet":{"background-color":"","background-image":"","background-repeat":"repeat","background-position":"center center","background-size":"auto","background-attachment":"scroll","background-type":"","background-media":"","overlay-type":"","overlay-color":"","overlay-opacity":"","overlay-gradient":""},"mobile":{"background-color":"","background-image":"","background-repeat":"repeat","background-position":"center center","background-size":"auto","background-attachment":"scroll","background-type":"","background-media":"","overlay-type":"","overlay-color":"","overlay-opacity":"","overlay-gradient":""}},"ast-content-background-meta":{"desktop":{"background-color":"var(--ast-global-color-5)","background-image":"","background-repeat":"repeat","background-position":"center center","background-size":"auto","background-attachment":"scroll","background-type":"","background-media":"","overlay-type":"","overlay-color":"","overlay-opacity":"","overlay-gradient":""},"tablet":{"background-color":"var(--ast-global-color-5)","background-image":"","background-repeat":"repeat","background-position":"center center","background-size":"auto","background-attachment":"scroll","background-type":"","background-media":"","overlay-type":"","overlay-color":"","overlay-opacity":"","overlay-gradient":""},"mobile":{"background-color":"var(--ast-global-color-5)","background-image":"","background-repeat":"repeat","background-position":"center center","background-size":"auto","background-attachment":"scroll","background-type":"","background-media":"","overlay-type":"","overlay-color":"","overlay-opacity":"","overlay-gradient":""}}},"product_brand":[],"product_cat":[387],"product_tag":[],"class_list":{"0":"post-25043","1":"product","2":"type-product","3":"status-publish","4":"has-post-thumbnail","6":"product_cat-chitarre-elettriche","7":"desktop-align-left","8":"tablet-align-left","9":"mobile-align-left","11":"first","12":"instock","13":"taxable","14":"shipping-taxable","15":"purchasable","16":"product-type-simple"},"_links":{"self":[{"href":"https:\/\/gigionestrumentimusicali.it\/index.php\/wp-json\/wp\/v2\/product\/25043","targetHints":{"allow":["GET"]}}],"collection":[{"href":"https:\/\/gigionestrumentimusicali.it\/index.php\/wp-json\/wp\/v2\/product"}],"about":[{"href":"https:\/\/gigionestrumentimusicali.it\/index.php\/wp-json\/wp\/v2\/types\/product"}],"wp:featuredmedia":[{"embeddable":true,"href":"https:\/\/gigionestrumentimusicali.it\/index.php\/wp-json\/wp\/v2\/media\/25044"}],"wp:attachment":[{"href":"https:\/\/gigionestrumentimusicali.it\/index.php\/wp-json\/wp\/v2\/media?parent=25043"}],"wp:term":[{"taxonomy":"product_brand","embeddable":true,"href":"https:\/\/gigionestrumentimusicali.it\/index.php\/wp-json\/wp\/v2\/product_brand?post=25043"},{"taxonomy":"product_cat","embeddable":true,"href":"https:\/\/gigionestrumentimusicali.it\/index.php\/wp-json\/wp\/v2\/product_cat?post=25043"},{"taxonomy":"product_tag","embeddable":true,"href":"https:\/\/gigionestrumentimusicali.it\/index.php\/wp-json\/wp\/v2\/product_tag?post=25043"}],"curies":[{"name":"wp","href":"https:\/\/api.w.org\/{rel}","templated":true}]}}