{"id":25094,"date":"2025-01-05T17:14:13","date_gmt":"2025-01-05T17:14:13","guid":{"rendered":"https:\/\/gigionestrumentimusicali.it\/index.php\/product\/electro-voice-evolve-50-bk\/"},"modified":"2026-04-07T20:12:36","modified_gmt":"2026-04-07T20:12:36","slug":"electro-voice-evolve-50-bk","status":"publish","type":"product","link":"https:\/\/gigionestrumentimusicali.it\/index.php\/product\/electro-voice-evolve-50-bk\/","title":{"rendered":"ELECTRO VOICE EVOLVE 50 BK"},"content":{"rendered":"<p>SISTEMA A COLONNA PORTATILE BLUETOOTH 1000W<br \/>Il sistema a colonna portatile Evolve 50 \u00e8 un sistema di altoparlanti a tre componenti alimentato da un amplificatore in Classe D da 1000W e pilotato dal QuickSmart DSP di Electro-Voice. Il sistema \u00e8 costituito da un subwoofer in legno da 15mm, amplificato, che ospita un subwoofer da 12&#8243; in grado di fornire una frequenza funzionale fino a 37Hz. La connessione del supporto in alluminio bidirezionale al subwoofer \u00e8 assicurata mediante un magnete e l&#8217;array a colonna \u00e8 tenuto per gravit\u00e0 al sub-polo. Il segnale viene instradato internamente ai componenti. Otto driver al neodimio da 3,5&#8243; nell&#8217;array a colonna abbinato al subwoofer da 12&#8243; offrono una SPL fino a 127dB. Le otto guide d&#8217;onda composte controllano le alte frequenze con 120\u00b0 di copertura orizzontale e 40\u00b0 di copertura verticale asimmetrica (rivolta verso il basso) per garantire un output adeguato per il pubblico sia seduto che in piedi. Il sub pole e la colonna vengono confezionati in una borsa per il trasporto. Il motore di elaborazione consente una facile configurazione tramite quattro preset (Music, Live, Speech e Club), EQ a tre bande, cinque preset programmabili dall&#8217;utente (Store e Recall impostazioni), delay di uscita, alimentazione Phantom (+15V), monitoraggio visivo dello stato del limiter, controllo del livello di ingresso e meters, e controllo del volume principale per garantire una struttura ottimale del guadagno. La nuova applicazione mobile Electro-Voice QuickSmart utilizza la tecnologia Bluetooth Low Energy (BTLE) per la configurazione, il controllo e il monitoraggio wireless di sei sistemi Evolve 50 contemporaneamente. Lo streaming audio Bluetooth ad alta risoluzione aggiunge la comodit\u00e0 della riproduzione di musica, intermezzi e accompagnamento musicale wireless.<br \/>Caratteristiche<br \/>Risposta in frequenza (-3dB): 43Hz &#8211; 20kHz<br \/>Gamma di frequenza (-10dB): 37Hz &#8211; 20kHz<br \/>SPL max: 127dB<br \/>Copertura (HxV): 120\u00b0 x 40\u00b0<br \/>Potenza dell&#8217;amplificatore: 1000W<br \/>Potenza del canale LF: 500W<br \/>Potenza del canale HF: 500W<br \/>Frequenza di crossover: 200Hz<br \/>Input: 2x Jack combo XLR \/ TRS, 1x jack da 3,5mm, 1x RCA stereo, 1x Bluetooth wireless<br \/>Output: 1x XLR Thru, 1x XLR Mix Out<br \/>Cabinet: Compensato da 15mm<br \/>Colonna: Composito<br \/>Supporto: Alluminio<br \/>Griglia: Acciaio con rivestimento a polvere<br \/>Dimensioni subwoofer: 530 x 345 x 471mm<br \/>Dimensioni colonna: 825 x 102 x 172mm<br \/>Supporto: 929 x 48,5 x 55mm<br \/>Peso sub: 20,3kg<br \/>Peso colonna: 4,7kg<br \/>Peso asta: 1,25kg<br \/>Colore: NERO<\/p>\n","protected":false},"excerpt":{"rendered":"<p>SISTEMA A COLONNA PORTATILE BLUETOOTH 1000WIl sistema a colonna portatile Evolve 50 \u00e8 un sistema di altoparlanti a tre componenti alimentato da un amplificatore in Classe D da 1000W e pilotato dal QuickSmart DSP di Electro-Voice. Il sistema \u00e8 costituito da un subwoofer in legno da 15mm, amplificato, che ospita un subwoofer da 12&#8243; in [&hellip;]<\/p>\n","protected":false},"featured_media":25095,"template":"","meta":{"site-sidebar-layout":"default","site-content-layout":"","ast-site-content-layout":"default","site-content-style":"default","site-sidebar-style":"default","ast-global-header-display":"","ast-banner-title-visibility":"","ast-main-header-display":"","ast-hfb-above-header-display":"","ast-hfb-below-header-display":"","ast-hfb-mobile-header-display":"","site-post-title":"","ast-breadcrumbs-content":"","ast-featured-img":"","footer-sml-layout":"","theme-transparent-header-meta":"","adv-header-id-meta":"","stick-header-meta":"","header-above-stick-meta":"","header-main-stick-meta":"","header-below-stick-meta":"","astra-migrate-meta-layouts":"default","ast-page-background-enabled":"default","ast-page-background-meta":{"desktop":{"background-color":"var(--ast-global-color-4)","background-image":"","background-repeat":"repeat","background-position":"center center","background-size":"auto","background-attachment":"scroll","background-type":"","background-media":"","overlay-type":"","overlay-color":"","overlay-opacity":"","overlay-gradient":""},"tablet":{"background-color":"","background-image":"","background-repeat":"repeat","background-position":"center center","background-size":"auto","background-attachment":"scroll","background-type":"","background-media":"","overlay-type":"","overlay-color":"","overlay-opacity":"","overlay-gradient":""},"mobile":{"background-color":"","background-image":"","background-repeat":"repeat","background-position":"center center","background-size":"auto","background-attachment":"scroll","background-type":"","background-media":"","overlay-type":"","overlay-color":"","overlay-opacity":"","overlay-gradient":""}},"ast-content-background-meta":{"desktop":{"background-color":"var(--ast-global-color-5)","background-image":"","background-repeat":"repeat","background-position":"center center","background-size":"auto","background-attachment":"scroll","background-type":"","background-media":"","overlay-type":"","overlay-color":"","overlay-opacity":"","overlay-gradient":""},"tablet":{"background-color":"var(--ast-global-color-5)","background-image":"","background-repeat":"repeat","background-position":"center center","background-size":"auto","background-attachment":"scroll","background-type":"","background-media":"","overlay-type":"","overlay-color":"","overlay-opacity":"","overlay-gradient":""},"mobile":{"background-color":"var(--ast-global-color-5)","background-image":"","background-repeat":"repeat","background-position":"center center","background-size":"auto","background-attachment":"scroll","background-type":"","background-media":"","overlay-type":"","overlay-color":"","overlay-opacity":"","overlay-gradient":""}}},"product_brand":[],"product_cat":[580],"product_tag":[],"class_list":{"0":"post-25094","1":"product","2":"type-product","3":"status-publish","4":"has-post-thumbnail","6":"product_cat-sistemi-line-array","7":"desktop-align-left","8":"tablet-align-left","9":"mobile-align-left","11":"first","12":"instock","13":"taxable","14":"shipping-taxable","15":"purchasable","16":"product-type-simple"},"_links":{"self":[{"href":"https:\/\/gigionestrumentimusicali.it\/index.php\/wp-json\/wp\/v2\/product\/25094","targetHints":{"allow":["GET"]}}],"collection":[{"href":"https:\/\/gigionestrumentimusicali.it\/index.php\/wp-json\/wp\/v2\/product"}],"about":[{"href":"https:\/\/gigionestrumentimusicali.it\/index.php\/wp-json\/wp\/v2\/types\/product"}],"wp:featuredmedia":[{"embeddable":true,"href":"https:\/\/gigionestrumentimusicali.it\/index.php\/wp-json\/wp\/v2\/media\/25095"}],"wp:attachment":[{"href":"https:\/\/gigionestrumentimusicali.it\/index.php\/wp-json\/wp\/v2\/media?parent=25094"}],"wp:term":[{"taxonomy":"product_brand","embeddable":true,"href":"https:\/\/gigionestrumentimusicali.it\/index.php\/wp-json\/wp\/v2\/product_brand?post=25094"},{"taxonomy":"product_cat","embeddable":true,"href":"https:\/\/gigionestrumentimusicali.it\/index.php\/wp-json\/wp\/v2\/product_cat?post=25094"},{"taxonomy":"product_tag","embeddable":true,"href":"https:\/\/gigionestrumentimusicali.it\/index.php\/wp-json\/wp\/v2\/product_tag?post=25094"}],"curies":[{"name":"wp","href":"https:\/\/api.w.org\/{rel}","templated":true}]}}