{"id":25103,"date":"2025-01-05T17:22:14","date_gmt":"2025-01-05T17:22:14","guid":{"rendered":"https:\/\/gigionestrumentimusicali.it\/index.php\/product\/sennheiser-xsw-2-835-b-sistema-microfonico-palmare-wireless\/"},"modified":"2026-04-14T01:37:00","modified_gmt":"2026-04-14T01:37:00","slug":"sennheiser-xsw-2-835-b-sistema-microfonico-palmare-wireless","status":"publish","type":"product","link":"https:\/\/gigionestrumentimusicali.it\/index.php\/product\/sennheiser-xsw-2-835-b-sistema-microfonico-palmare-wireless\/","title":{"rendered":"SENNHEISER XSW 2 835 B &#8211;  SISTEMA MICROFONICO PALMARE WIRELESS"},"content":{"rendered":"<p>Sennheiser XSW 2-835 Sistema Wireless per Voce, Banda GB Panoramica<br \/>Sennheiser<br \/>Questa descrizione \u00e8 stata tradotta dall&#8217;inglese &#8211; Leggi la versione originale qui<\/p>\n<p>Il set vocale Sennheiser XSW 2-835 \u00e8 stato progettato per cantanti e presentatori che richiedono maggiore flessibilit\u00e0 e controllo sulle loro performance. Questo sistema wireless \u00e8 dotato delle celebri capsule microfoniche evolution di Sennheiser. Questo set 2-835 \u00e8 dotato della capsula dinamica cardioide e835, che offre un suono caldo e autorevole in grado di gestire ampie variazioni di volume. Il ricevitore true diversity, racchiuso in un robusto alloggiamento metallico, e le antenne esterne garantiscono un&#8217;affidabile integrit\u00e0 del segnale, mentre la gestione automatica delle frequenze semplifica la configurazione. Completamente sintonizzabile su un&#8217;ampia gamma di frequenze UHF, con un massimo di 12 canali compatibili, questo sistema si adatta alle vostre esigenze, offrendo una migliore qualit\u00e0 del suono e l&#8217;affidabilit\u00e0 delle prestazioni sia su un palco live che in un contesto di presentazione.<\/p>\n","protected":false},"excerpt":{"rendered":"<p>Sennheiser XSW 2-835 Sistema Wireless per Voce, Banda GB PanoramicaSennheiserQuesta descrizione \u00e8 stata tradotta dall&#8217;inglese &#8211; Leggi la versione originale qui Il set vocale Sennheiser XSW 2-835 \u00e8 stato progettato per cantanti e presentatori che richiedono maggiore flessibilit\u00e0 e controllo sulle loro performance. Questo sistema wireless \u00e8 dotato delle celebri capsule microfoniche evolution di Sennheiser. [&hellip;]<\/p>\n","protected":false},"featured_media":25105,"template":"","meta":{"site-sidebar-layout":"default","site-content-layout":"","ast-site-content-layout":"default","site-content-style":"default","site-sidebar-style":"default","ast-global-header-display":"","ast-banner-title-visibility":"","ast-main-header-display":"","ast-hfb-above-header-display":"","ast-hfb-below-header-display":"","ast-hfb-mobile-header-display":"","site-post-title":"","ast-breadcrumbs-content":"","ast-featured-img":"","footer-sml-layout":"","theme-transparent-header-meta":"","adv-header-id-meta":"","stick-header-meta":"","header-above-stick-meta":"","header-main-stick-meta":"","header-below-stick-meta":"","astra-migrate-meta-layouts":"default","ast-page-background-enabled":"default","ast-page-background-meta":{"desktop":{"background-color":"var(--ast-global-color-4)","background-image":"","background-repeat":"repeat","background-position":"center center","background-size":"auto","background-attachment":"scroll","background-type":"","background-media":"","overlay-type":"","overlay-color":"","overlay-opacity":"","overlay-gradient":""},"tablet":{"background-color":"","background-image":"","background-repeat":"repeat","background-position":"center center","background-size":"auto","background-attachment":"scroll","background-type":"","background-media":"","overlay-type":"","overlay-color":"","overlay-opacity":"","overlay-gradient":""},"mobile":{"background-color":"","background-image":"","background-repeat":"repeat","background-position":"center center","background-size":"auto","background-attachment":"scroll","background-type":"","background-media":"","overlay-type":"","overlay-color":"","overlay-opacity":"","overlay-gradient":""}},"ast-content-background-meta":{"desktop":{"background-color":"var(--ast-global-color-5)","background-image":"","background-repeat":"repeat","background-position":"center center","background-size":"auto","background-attachment":"scroll","background-type":"","background-media":"","overlay-type":"","overlay-color":"","overlay-opacity":"","overlay-gradient":""},"tablet":{"background-color":"var(--ast-global-color-5)","background-image":"","background-repeat":"repeat","background-position":"center center","background-size":"auto","background-attachment":"scroll","background-type":"","background-media":"","overlay-type":"","overlay-color":"","overlay-opacity":"","overlay-gradient":""},"mobile":{"background-color":"var(--ast-global-color-5)","background-image":"","background-repeat":"repeat","background-position":"center center","background-size":"auto","background-attachment":"scroll","background-type":"","background-media":"","overlay-type":"","overlay-color":"","overlay-opacity":"","overlay-gradient":""}}},"product_brand":[],"product_cat":[632],"product_tag":[],"class_list":{"0":"post-25103","1":"product","2":"type-product","3":"status-publish","4":"has-post-thumbnail","6":"product_cat-gelato","7":"desktop-align-left","8":"tablet-align-left","9":"mobile-align-left","11":"first","12":"instock","13":"taxable","14":"shipping-taxable","15":"purchasable","16":"product-type-simple"},"_links":{"self":[{"href":"https:\/\/gigionestrumentimusicali.it\/index.php\/wp-json\/wp\/v2\/product\/25103","targetHints":{"allow":["GET"]}}],"collection":[{"href":"https:\/\/gigionestrumentimusicali.it\/index.php\/wp-json\/wp\/v2\/product"}],"about":[{"href":"https:\/\/gigionestrumentimusicali.it\/index.php\/wp-json\/wp\/v2\/types\/product"}],"wp:featuredmedia":[{"embeddable":true,"href":"https:\/\/gigionestrumentimusicali.it\/index.php\/wp-json\/wp\/v2\/media\/25105"}],"wp:attachment":[{"href":"https:\/\/gigionestrumentimusicali.it\/index.php\/wp-json\/wp\/v2\/media?parent=25103"}],"wp:term":[{"taxonomy":"product_brand","embeddable":true,"href":"https:\/\/gigionestrumentimusicali.it\/index.php\/wp-json\/wp\/v2\/product_brand?post=25103"},{"taxonomy":"product_cat","embeddable":true,"href":"https:\/\/gigionestrumentimusicali.it\/index.php\/wp-json\/wp\/v2\/product_cat?post=25103"},{"taxonomy":"product_tag","embeddable":true,"href":"https:\/\/gigionestrumentimusicali.it\/index.php\/wp-json\/wp\/v2\/product_tag?post=25103"}],"curies":[{"name":"wp","href":"https:\/\/api.w.org\/{rel}","templated":true}]}}