{"id":25245,"date":"2025-01-11T08:41:29","date_gmt":"2025-01-11T08:41:29","guid":{"rendered":"https:\/\/gigionestrumentimusicali.it\/index.php\/product\/meinl-csm-l-side-mount-cajon\/"},"modified":"2026-04-17T21:55:52","modified_gmt":"2026-04-17T21:55:52","slug":"meinl-csm-l-side-mount-cajon","status":"publish","type":"product","link":"https:\/\/gigionestrumentimusicali.it\/index.php\/product\/meinl-csm-l-side-mount-cajon\/","title":{"rendered":"MEINL CSM-L SIDE MOUNT CAJON"},"content":{"rendered":"<p>Side Mount Large. Il Side Mount \u00e8 un piccolo mini-stand, che si attacca al caj\u00f3n con il velcro. Appositamente progettato per aggiungere accessori per caj\u00f3n il pi\u00f9 vicino possibile allo strumento. Cos\u00ec, gli accessori possono essere posizionati accanto alla copertura.<\/p>\n<p>Caratteristiche principali:<br \/>Dimensione L<br \/>Legno albero gomma<br \/>Attacco velcro<\/p>\n","protected":false},"excerpt":{"rendered":"<p>Side Mount Large. Il Side Mount \u00e8 un piccolo mini-stand, che si attacca al caj\u00f3n con il velcro. Appositamente progettato per aggiungere accessori per caj\u00f3n il pi\u00f9 vicino possibile allo strumento. Cos\u00ec, gli accessori possono essere posizionati accanto alla copertura. Caratteristiche principali:Dimensione LLegno albero gommaAttacco velcro<\/p>\n","protected":false},"featured_media":25244,"template":"","meta":{"site-sidebar-layout":"default","site-content-layout":"","ast-site-content-layout":"default","site-content-style":"default","site-sidebar-style":"default","ast-global-header-display":"","ast-banner-title-visibility":"","ast-main-header-display":"","ast-hfb-above-header-display":"","ast-hfb-below-header-display":"","ast-hfb-mobile-header-display":"","site-post-title":"","ast-breadcrumbs-content":"","ast-featured-img":"","footer-sml-layout":"","theme-transparent-header-meta":"","adv-header-id-meta":"","stick-header-meta":"","header-above-stick-meta":"","header-main-stick-meta":"","header-below-stick-meta":"","astra-migrate-meta-layouts":"default","ast-page-background-enabled":"default","ast-page-background-meta":{"desktop":{"background-color":"var(--ast-global-color-4)","background-image":"","background-repeat":"repeat","background-position":"center center","background-size":"auto","background-attachment":"scroll","background-type":"","background-media":"","overlay-type":"","overlay-color":"","overlay-opacity":"","overlay-gradient":""},"tablet":{"background-color":"","background-image":"","background-repeat":"repeat","background-position":"center center","background-size":"auto","background-attachment":"scroll","background-type":"","background-media":"","overlay-type":"","overlay-color":"","overlay-opacity":"","overlay-gradient":""},"mobile":{"background-color":"","background-image":"","background-repeat":"repeat","background-position":"center center","background-size":"auto","background-attachment":"scroll","background-type":"","background-media":"","overlay-type":"","overlay-color":"","overlay-opacity":"","overlay-gradient":""}},"ast-content-background-meta":{"desktop":{"background-color":"var(--ast-global-color-5)","background-image":"","background-repeat":"repeat","background-position":"center center","background-size":"auto","background-attachment":"scroll","background-type":"","background-media":"","overlay-type":"","overlay-color":"","overlay-opacity":"","overlay-gradient":""},"tablet":{"background-color":"var(--ast-global-color-5)","background-image":"","background-repeat":"repeat","background-position":"center center","background-size":"auto","background-attachment":"scroll","background-type":"","background-media":"","overlay-type":"","overlay-color":"","overlay-opacity":"","overlay-gradient":""},"mobile":{"background-color":"var(--ast-global-color-5)","background-image":"","background-repeat":"repeat","background-position":"center center","background-size":"auto","background-attachment":"scroll","background-type":"","background-media":"","overlay-type":"","overlay-color":"","overlay-opacity":"","overlay-gradient":""}}},"product_brand":[],"product_cat":[307],"product_tag":[],"class_list":{"0":"post-25245","1":"product","2":"type-product","3":"status-publish","4":"has-post-thumbnail","6":"product_cat-cajon-percussioni-batterie","7":"desktop-align-left","8":"tablet-align-left","9":"mobile-align-left","11":"first","12":"instock","13":"taxable","14":"shipping-taxable","15":"purchasable","16":"product-type-simple"},"_links":{"self":[{"href":"https:\/\/gigionestrumentimusicali.it\/index.php\/wp-json\/wp\/v2\/product\/25245","targetHints":{"allow":["GET"]}}],"collection":[{"href":"https:\/\/gigionestrumentimusicali.it\/index.php\/wp-json\/wp\/v2\/product"}],"about":[{"href":"https:\/\/gigionestrumentimusicali.it\/index.php\/wp-json\/wp\/v2\/types\/product"}],"wp:featuredmedia":[{"embeddable":true,"href":"https:\/\/gigionestrumentimusicali.it\/index.php\/wp-json\/wp\/v2\/media\/25244"}],"wp:attachment":[{"href":"https:\/\/gigionestrumentimusicali.it\/index.php\/wp-json\/wp\/v2\/media?parent=25245"}],"wp:term":[{"taxonomy":"product_brand","embeddable":true,"href":"https:\/\/gigionestrumentimusicali.it\/index.php\/wp-json\/wp\/v2\/product_brand?post=25245"},{"taxonomy":"product_cat","embeddable":true,"href":"https:\/\/gigionestrumentimusicali.it\/index.php\/wp-json\/wp\/v2\/product_cat?post=25245"},{"taxonomy":"product_tag","embeddable":true,"href":"https:\/\/gigionestrumentimusicali.it\/index.php\/wp-json\/wp\/v2\/product_tag?post=25245"}],"curies":[{"name":"wp","href":"https:\/\/api.w.org\/{rel}","templated":true}]}}