{"id":25365,"date":"2025-01-18T08:21:19","date_gmt":"2025-01-18T08:21:19","guid":{"rendered":"https:\/\/gigionestrumentimusicali.it\/index.php\/product\/fbt-jmaxx-114a\/"},"modified":"2026-04-07T22:11:34","modified_gmt":"2026-04-07T22:11:34","slug":"fbt-jmaxx-114a","status":"publish","type":"product","link":"https:\/\/gigionestrumentimusicali.it\/index.php\/product\/fbt-jmaxx-114a\/","title":{"rendered":"FBT JMAXX 114A"},"content":{"rendered":"<p>CASSA ATTIVA 14&#8243; BIAMPLIFICATA 900W<\/p>\n<p>La nuova serie FBT JMaxX combina facilit\u00e0 d&#8217;uso e versatilit\u00e0 per molte applicazioni audio portatili e installazioni: musicisti, DJ, noleggio di sound reinforcement, eventi aziendali, bar e club. Con le sue accattivanti forme progettate per eliminare la risonanza indesiderata del cabinet e rafforzare le potenti performance a bassa frequenza, la serie di altoparlanti JMaxX \u00e8 disponibile in tre modelli a due vie elegantemente costruiti: il JMaxX 114A da 14&#8243;, il JMaxX 112A da 12&#8243;, e il JMaxX 110A da 10&#8243;. Sono tutti dotati dell&#8217;ultimo design a tromba HF 90\u00b0 x 60\u00b0 FBT che offre una proiezione, una precisione e una dispersione migliorata delle frequenze medie e alte. Poich\u00e8 fornisce una miriade di possibilit\u00e0 per band, DJ e artisti solisti, cos\u00ec come per installazioni permanenti, ogni modello JMaxX \u00e8 in realt\u00e0 composto da quattro altoparlanti in uno. Derivati da un decennio di esperienza nel settore dell&#8217;amplificazione portatile, i preset dell&#8217;equalizzazione attentamente personalizzati offrono una risposta molto intelligibile per il monitoraggio; risposta leggermente potenziata nelle applicazioni per lounge bar; suono potente e dinamico per DJ e locali notturni; e una impostazione EQ generica che rispecchia l&#8217;originale e familiare dimestichezza di FBTMaxX. Comune a tutti i modelli JMaxX, \u00e8 l&#8217;amplificatore in Classe D di ultima generazione da 700W + 200W con alimentazione switching universale, che fornisce potenza e headroom abbondanti per riprodurre anche i transienti pi\u00f9 grandi senza distorsioni. Ingressi e uscite XLR, controllo del volume, preset e filtri EQ e switch per la messa a terra sono posizionati su un pannello posteriore chiaramente organizzato, rendendo l&#8217;installazione e il funzionamento dei diffusori intuitiva e ripetibile in modo coerente. La versatilit\u00e0 dei JMaxX \u00e8 ulteriormente sottolineata dalle numerose opzioni di montaggio e fissaggio fornite da cabinet ergonomici. Il montaggio in installazioni fisse \u00e8 facilitato utilizzando i punti di sospensione M10 o le flange per il supporto a parete, mentre l&#8217;uso portatile \u00e8 facilitato dalla presa da 35mm integrata. Non \u00e8 necessario disporre di stage monitor separati, poich\u00e9 i profili del cabinet delle JMaxX sono progettati a cuneo con angoli di 12\u00b0, 40\u00b0 e 55\u00b0 e, se utilizzate con preset EQ specifici per il monitoraggio a pavimento, garantiranno agli artisti la massima nitidezza.<br \/>Caratteristiche<br \/>Configurazione: 2 Vie<br \/>Cabinet: design bass reflex bidirezionale biamplificato<br \/>Potenza: 700W RMS LF, 200W RMS HF, Classe D con alimentazione switching<br \/>Potenza di picco LF \/ HF: 1400\/400W<br \/>DSP: 4-EQ preset<br \/>Pannello di controllo: XLR IN e XLR LINK, Volume, Preset EQ, filtro HP, selettore GND LFT<br \/>2x punti di sospensione M10, flangia 35mm (1 3\/8&#8243;) per stativo, piastra per montaggio a parete<br \/>Tromba a direttivit\u00e0 costante 90\u00b0 H x 60\u00b0 V<br \/>Angolazione per stage monitor 12\u00b0, 40\u00b0 o 55\u00b0<br \/>Risposta in frequenza: 45Hz &#8211; 20kHz &#8211; 6dB<br \/>Driver a bassa frequenza: 14&#8243; &#8211; bobina 2.5mm<br \/>Driver ad alta frequenza: 1&#8243; &#8211; bobina 1,4mm<br \/>SPL continua \/ picco max: 126\/132dB<br \/>Dispersione: 90\u00b0 x 60\u00b0 (HxV)<br \/>Impedenza di ingresso: 22 kOhm<br \/>Frequenza di crossover: 1,6kHz<br \/>Connettore di ingresso: XLR con loop, jack 6,3mm<br \/>Dimensioni (LxAxP): 402 x 644 x 345mm<br \/>Peso: 14kg<\/p>\n","protected":false},"excerpt":{"rendered":"<p>CASSA ATTIVA 14&#8243; BIAMPLIFICATA 900W La nuova serie FBT JMaxX combina facilit\u00e0 d&#8217;uso e versatilit\u00e0 per molte applicazioni audio portatili e installazioni: musicisti, DJ, noleggio di sound reinforcement, eventi aziendali, bar e club. Con le sue accattivanti forme progettate per eliminare la risonanza indesiderata del cabinet e rafforzare le potenti performance a bassa frequenza, la [&hellip;]<\/p>\n","protected":false},"featured_media":25368,"template":"","meta":{"site-sidebar-layout":"default","site-content-layout":"","ast-site-content-layout":"default","site-content-style":"default","site-sidebar-style":"default","ast-global-header-display":"","ast-banner-title-visibility":"","ast-main-header-display":"","ast-hfb-above-header-display":"","ast-hfb-below-header-display":"","ast-hfb-mobile-header-display":"","site-post-title":"","ast-breadcrumbs-content":"","ast-featured-img":"","footer-sml-layout":"","theme-transparent-header-meta":"","adv-header-id-meta":"","stick-header-meta":"","header-above-stick-meta":"","header-main-stick-meta":"","header-below-stick-meta":"","astra-migrate-meta-layouts":"default","ast-page-background-enabled":"default","ast-page-background-meta":{"desktop":{"background-color":"var(--ast-global-color-4)","background-image":"","background-repeat":"repeat","background-position":"center center","background-size":"auto","background-attachment":"scroll","background-type":"","background-media":"","overlay-type":"","overlay-color":"","overlay-opacity":"","overlay-gradient":""},"tablet":{"background-color":"","background-image":"","background-repeat":"repeat","background-position":"center center","background-size":"auto","background-attachment":"scroll","background-type":"","background-media":"","overlay-type":"","overlay-color":"","overlay-opacity":"","overlay-gradient":""},"mobile":{"background-color":"","background-image":"","background-repeat":"repeat","background-position":"center center","background-size":"auto","background-attachment":"scroll","background-type":"","background-media":"","overlay-type":"","overlay-color":"","overlay-opacity":"","overlay-gradient":""}},"ast-content-background-meta":{"desktop":{"background-color":"var(--ast-global-color-5)","background-image":"","background-repeat":"repeat","background-position":"center center","background-size":"auto","background-attachment":"scroll","background-type":"","background-media":"","overlay-type":"","overlay-color":"","overlay-opacity":"","overlay-gradient":""},"tablet":{"background-color":"var(--ast-global-color-5)","background-image":"","background-repeat":"repeat","background-position":"center center","background-size":"auto","background-attachment":"scroll","background-type":"","background-media":"","overlay-type":"","overlay-color":"","overlay-opacity":"","overlay-gradient":""},"mobile":{"background-color":"var(--ast-global-color-5)","background-image":"","background-repeat":"repeat","background-position":"center center","background-size":"auto","background-attachment":"scroll","background-type":"","background-media":"","overlay-type":"","overlay-color":"","overlay-opacity":"","overlay-gradient":""}}},"product_brand":[],"product_cat":[576],"product_tag":[],"class_list":{"0":"post-25365","1":"product","2":"type-product","3":"status-publish","4":"has-post-thumbnail","6":"product_cat-casse-attive","7":"desktop-align-left","8":"tablet-align-left","9":"mobile-align-left","11":"first","12":"instock","13":"taxable","14":"shipping-taxable","15":"purchasable","16":"product-type-simple"},"_links":{"self":[{"href":"https:\/\/gigionestrumentimusicali.it\/index.php\/wp-json\/wp\/v2\/product\/25365","targetHints":{"allow":["GET"]}}],"collection":[{"href":"https:\/\/gigionestrumentimusicali.it\/index.php\/wp-json\/wp\/v2\/product"}],"about":[{"href":"https:\/\/gigionestrumentimusicali.it\/index.php\/wp-json\/wp\/v2\/types\/product"}],"wp:featuredmedia":[{"embeddable":true,"href":"https:\/\/gigionestrumentimusicali.it\/index.php\/wp-json\/wp\/v2\/media\/25368"}],"wp:attachment":[{"href":"https:\/\/gigionestrumentimusicali.it\/index.php\/wp-json\/wp\/v2\/media?parent=25365"}],"wp:term":[{"taxonomy":"product_brand","embeddable":true,"href":"https:\/\/gigionestrumentimusicali.it\/index.php\/wp-json\/wp\/v2\/product_brand?post=25365"},{"taxonomy":"product_cat","embeddable":true,"href":"https:\/\/gigionestrumentimusicali.it\/index.php\/wp-json\/wp\/v2\/product_cat?post=25365"},{"taxonomy":"product_tag","embeddable":true,"href":"https:\/\/gigionestrumentimusicali.it\/index.php\/wp-json\/wp\/v2\/product_tag?post=25365"}],"curies":[{"name":"wp","href":"https:\/\/api.w.org\/{rel}","templated":true}]}}