{"id":25372,"date":"2025-01-18T08:27:41","date_gmt":"2025-01-18T08:27:41","guid":{"rendered":"https:\/\/gigionestrumentimusicali.it\/index.php\/product\/rcf-art-912a\/"},"modified":"2026-04-08T22:07:56","modified_gmt":"2026-04-08T22:07:56","slug":"rcf-art-912a","status":"publish","type":"product","link":"https:\/\/gigionestrumentimusicali.it\/index.php\/product\/rcf-art-912a\/","title":{"rendered":"RCF ART 912A"},"content":{"rendered":"<p>CASSA ATTIVA 15&#8243; 2100W<\/p>\n<p>La serie ART 9 \u00e8 un&#8217;evoluzione del concetto ART di speaker ed una rivoluzione nel suono portatile. Con la qualit\u00e0 costruttiva RCF e ricco di funzionalit\u00e0 premium, \u00e8 l&#8217;altoparlante pi\u00f9 versatile per applicazioni professionali, in viaggio, sul palco ed \u00e8 adatto anche per l&#8217;installazione fissa. Il nuovo design elettroacustico bi-amplificato da 2100 Watt fornisce livelli di pressione sonora (SPL) impressionanti, anche se utilizzato in ambienti all&#8217;aperto e su lunghe distanze, fornendo una qualit\u00e0 del suono stellare.<br \/>Collega l&#8217;uscita del tuo mixer o dispositivo audio all&#8217;ingresso Line-in Combo (TRS+XLR). Il circuito di ingresso a bassissimo rumore fornir\u00e0 un segnale inalterato e pulito all&#8217;amplificatore. Leggeri e potenti, i driver RCF sono un vero riferimento per le alte prestazioni. Tutti i trasduttori e i componenti della serie ART 9 sono progettati e realizzati da RCF.<br \/>Il nuovo design della bobina del driver a compressione da 1.75&#8243; con cupola in Polyimide-Kapton presenta una nuova tecnologia di incollaggio e le nervature rinforzate lo rendono 10 volte pi\u00f9 resistente rispetto ai modelli precedenti. E&#8217; stato anche riprogettato il connettore di fase per aumentare la chiarezza e la precisione del suono, migliorando anche l&#8217;accoppiamento con il trasduttore a bassa frequenza.<br \/>Il design del trasduttore a bassa frequenza acquisisce maggiore stabilit\u00e0 su correnti pi\u00f9 elevate, con meno distorsione ed \u00e8 altamente efficiente in termini di dissipazione del calore. Il controllo di qualit\u00e0 RCF \u00e8 molto rigoroso. I woofer sono testati con un segnale continuo di 200 ore per sollecitare il trasduttore a livelli estremi.<br \/>Caratteristiche<br \/>Risposta in frequenza: 45Hz &#8211; 20kHz<br \/>SPL max @ 1m: 131dB<br \/>Angolo di copertura orizzontale: 100\u00b0<br \/>Angolo di copertura verticale: 60\u00b0<br \/>Driver a compressione: 1x 1.0&#8243;, 1.75&#8243; V.C<br \/>Woofer: 15&#8243;, 2.5&#8243; V.C<br \/>Segnale di ingresso: Bal\/Unbal<br \/>Connettori di ingresso: XLR, Jack<br \/>Connettori di uscita: XLR<br \/>Sensibilit\u00e0 in ingresso: -2dBu \/ +4dBu<br \/>Frequenze di crossover: 1800Hz<br \/>Protezioni: Termica, RMS<br \/>Limiter: Soft limiter<br \/>Controlli: Lineare, Boost, Stage, Volume<br \/>Potenza totale: 2100W di picco<br \/>Alte frequenze: 700W di picco<br \/>Basse frequenze: 1400W di picco<br \/>Raffreddamento: Convezione<br \/>Connessioni: VDE<br \/>Marcatura CE: S\u00ec<br \/>Materiale cabinet: Composito PP<br \/>Hardware: 1x M10 superiore e inferiore<br \/>Maniglie: 1x Top<br \/>Montaggio su stativo: S\u00ec<br \/>Griglia: Acciaio<br \/>Dimensioni: 415 x H717 x 410mm<br \/>Peso: 22kgCaratteristiche principali<\/p>\n","protected":false},"excerpt":{"rendered":"<p>CASSA ATTIVA 15&#8243; 2100W La serie ART 9 \u00e8 un&#8217;evoluzione del concetto ART di speaker ed una rivoluzione nel suono portatile. Con la qualit\u00e0 costruttiva RCF e ricco di funzionalit\u00e0 premium, \u00e8 l&#8217;altoparlante pi\u00f9 versatile per applicazioni professionali, in viaggio, sul palco ed \u00e8 adatto anche per l&#8217;installazione fissa. Il nuovo design elettroacustico bi-amplificato da [&hellip;]<\/p>\n","protected":false},"featured_media":25376,"template":"","meta":{"site-sidebar-layout":"default","site-content-layout":"","ast-site-content-layout":"default","site-content-style":"default","site-sidebar-style":"default","ast-global-header-display":"","ast-banner-title-visibility":"","ast-main-header-display":"","ast-hfb-above-header-display":"","ast-hfb-below-header-display":"","ast-hfb-mobile-header-display":"","site-post-title":"","ast-breadcrumbs-content":"","ast-featured-img":"","footer-sml-layout":"","theme-transparent-header-meta":"","adv-header-id-meta":"","stick-header-meta":"","header-above-stick-meta":"","header-main-stick-meta":"","header-below-stick-meta":"","astra-migrate-meta-layouts":"default","ast-page-background-enabled":"default","ast-page-background-meta":{"desktop":{"background-color":"var(--ast-global-color-4)","background-image":"","background-repeat":"repeat","background-position":"center center","background-size":"auto","background-attachment":"scroll","background-type":"","background-media":"","overlay-type":"","overlay-color":"","overlay-opacity":"","overlay-gradient":""},"tablet":{"background-color":"","background-image":"","background-repeat":"repeat","background-position":"center center","background-size":"auto","background-attachment":"scroll","background-type":"","background-media":"","overlay-type":"","overlay-color":"","overlay-opacity":"","overlay-gradient":""},"mobile":{"background-color":"","background-image":"","background-repeat":"repeat","background-position":"center center","background-size":"auto","background-attachment":"scroll","background-type":"","background-media":"","overlay-type":"","overlay-color":"","overlay-opacity":"","overlay-gradient":""}},"ast-content-background-meta":{"desktop":{"background-color":"var(--ast-global-color-5)","background-image":"","background-repeat":"repeat","background-position":"center center","background-size":"auto","background-attachment":"scroll","background-type":"","background-media":"","overlay-type":"","overlay-color":"","overlay-opacity":"","overlay-gradient":""},"tablet":{"background-color":"var(--ast-global-color-5)","background-image":"","background-repeat":"repeat","background-position":"center center","background-size":"auto","background-attachment":"scroll","background-type":"","background-media":"","overlay-type":"","overlay-color":"","overlay-opacity":"","overlay-gradient":""},"mobile":{"background-color":"var(--ast-global-color-5)","background-image":"","background-repeat":"repeat","background-position":"center center","background-size":"auto","background-attachment":"scroll","background-type":"","background-media":"","overlay-type":"","overlay-color":"","overlay-opacity":"","overlay-gradient":""}}},"product_brand":[],"product_cat":[576],"product_tag":[],"class_list":{"0":"post-25372","1":"product","2":"type-product","3":"status-publish","4":"has-post-thumbnail","6":"product_cat-casse-attive","7":"desktop-align-left","8":"tablet-align-left","9":"mobile-align-left","11":"first","12":"instock","13":"taxable","14":"shipping-taxable","15":"purchasable","16":"product-type-simple"},"_links":{"self":[{"href":"https:\/\/gigionestrumentimusicali.it\/index.php\/wp-json\/wp\/v2\/product\/25372","targetHints":{"allow":["GET"]}}],"collection":[{"href":"https:\/\/gigionestrumentimusicali.it\/index.php\/wp-json\/wp\/v2\/product"}],"about":[{"href":"https:\/\/gigionestrumentimusicali.it\/index.php\/wp-json\/wp\/v2\/types\/product"}],"wp:featuredmedia":[{"embeddable":true,"href":"https:\/\/gigionestrumentimusicali.it\/index.php\/wp-json\/wp\/v2\/media\/25376"}],"wp:attachment":[{"href":"https:\/\/gigionestrumentimusicali.it\/index.php\/wp-json\/wp\/v2\/media?parent=25372"}],"wp:term":[{"taxonomy":"product_brand","embeddable":true,"href":"https:\/\/gigionestrumentimusicali.it\/index.php\/wp-json\/wp\/v2\/product_brand?post=25372"},{"taxonomy":"product_cat","embeddable":true,"href":"https:\/\/gigionestrumentimusicali.it\/index.php\/wp-json\/wp\/v2\/product_cat?post=25372"},{"taxonomy":"product_tag","embeddable":true,"href":"https:\/\/gigionestrumentimusicali.it\/index.php\/wp-json\/wp\/v2\/product_tag?post=25372"}],"curies":[{"name":"wp","href":"https:\/\/api.w.org\/{rel}","templated":true}]}}