{"id":25448,"date":"2025-01-27T15:32:43","date_gmt":"2025-01-27T15:32:43","guid":{"rendered":"https:\/\/gigionestrumentimusicali.it\/index.php\/product\/cort-gb64jj-basso-elettrico-solid-body\/"},"modified":"2026-04-17T21:09:10","modified_gmt":"2026-04-17T21:09:10","slug":"cort-gb64jj-basso-elettrico-solid-body","status":"publish","type":"product","link":"https:\/\/gigionestrumentimusicali.it\/index.php\/product\/cort-gb64jj-basso-elettrico-solid-body\/","title":{"rendered":"CORT GB64JJ &#8211; BASSO ELETTRICO SOLID-BODY &#8211;"},"content":{"rendered":"<p>Questa \u00e8 la versione moderna di basso della serie GB, con upgrade estetici e delle specifiche, dedicata a tutti gli appassionati di strumenti J-Style ispirati agli anni \u201870. Grazie alla nuova elettronica attiva\/passiva ed ai nuovi pickup Duncan Designed, \u00e8 possibile esplorare una gamma pi\u00f9 ampia dello spettro sonoro, mantenendo l&#8217;estetica il pi\u00f9 tradizionale possibile. Il manico e la tastiera in acero roasted forniscono una maggiore stabilit\u00e0, un aspetto pi\u00f9 vintage, ed un tono pi\u00f9 grosso ed audace!<\/p>\n<p>Basso Elettrico Solid-Body 4 corde<br \/>Costruzione: Bolt-On<br \/>Scala: 34&#8243; (864mm)<br \/>Corpo: Acero<br \/>Manico: Acero Roasted<br \/>Tastiera: Acero Roasted<br \/>Radius tastiera: 9.45&#8243; (240mm)<br \/>Capotasto: 38 mm (1 1\/2&#8243;)<br \/>Tasti: 20<br \/>Hardware: Chrome<br \/>Meccaniche: Cort Open Gear<br \/>Ponte: Cort Vintage<br \/>Pick-Up: Duncan Designed JB-101<br \/>Elettronica: 1 Volume, 1 Blend, 2 Band EQ w\/ Active-Passive Push-Pull<br \/>Battipenna: Nero<br \/>Colori: NAT \u2013 Natural Gloss<br \/>Corde: D&#8217;Addario EXL165<br \/>Bag:No<\/p>\n","protected":false},"excerpt":{"rendered":"<p>Questa \u00e8 la versione moderna di basso della serie GB, con upgrade estetici e delle specifiche, dedicata a tutti gli appassionati di strumenti J-Style ispirati agli anni \u201870. Grazie alla nuova elettronica attiva\/passiva ed ai nuovi pickup Duncan Designed, \u00e8 possibile esplorare una gamma pi\u00f9 ampia dello spettro sonoro, mantenendo l&#8217;estetica il pi\u00f9 tradizionale possibile. [&hellip;]<\/p>\n","protected":false},"featured_media":25451,"template":"","meta":{"site-sidebar-layout":"default","site-content-layout":"","ast-site-content-layout":"default","site-content-style":"default","site-sidebar-style":"default","ast-global-header-display":"","ast-banner-title-visibility":"","ast-main-header-display":"","ast-hfb-above-header-display":"","ast-hfb-below-header-display":"","ast-hfb-mobile-header-display":"","site-post-title":"","ast-breadcrumbs-content":"","ast-featured-img":"","footer-sml-layout":"","theme-transparent-header-meta":"","adv-header-id-meta":"","stick-header-meta":"","header-above-stick-meta":"","header-main-stick-meta":"","header-below-stick-meta":"","astra-migrate-meta-layouts":"default","ast-page-background-enabled":"default","ast-page-background-meta":{"desktop":{"background-color":"var(--ast-global-color-4)","background-image":"","background-repeat":"repeat","background-position":"center center","background-size":"auto","background-attachment":"scroll","background-type":"","background-media":"","overlay-type":"","overlay-color":"","overlay-opacity":"","overlay-gradient":""},"tablet":{"background-color":"","background-image":"","background-repeat":"repeat","background-position":"center center","background-size":"auto","background-attachment":"scroll","background-type":"","background-media":"","overlay-type":"","overlay-color":"","overlay-opacity":"","overlay-gradient":""},"mobile":{"background-color":"","background-image":"","background-repeat":"repeat","background-position":"center center","background-size":"auto","background-attachment":"scroll","background-type":"","background-media":"","overlay-type":"","overlay-color":"","overlay-opacity":"","overlay-gradient":""}},"ast-content-background-meta":{"desktop":{"background-color":"var(--ast-global-color-5)","background-image":"","background-repeat":"repeat","background-position":"center center","background-size":"auto","background-attachment":"scroll","background-type":"","background-media":"","overlay-type":"","overlay-color":"","overlay-opacity":"","overlay-gradient":""},"tablet":{"background-color":"var(--ast-global-color-5)","background-image":"","background-repeat":"repeat","background-position":"center center","background-size":"auto","background-attachment":"scroll","background-type":"","background-media":"","overlay-type":"","overlay-color":"","overlay-opacity":"","overlay-gradient":""},"mobile":{"background-color":"var(--ast-global-color-5)","background-image":"","background-repeat":"repeat","background-position":"center center","background-size":"auto","background-attachment":"scroll","background-type":"","background-media":"","overlay-type":"","overlay-color":"","overlay-opacity":"","overlay-gradient":""}}},"product_brand":[],"product_cat":[161],"product_tag":[],"class_list":{"0":"post-25448","1":"product","2":"type-product","3":"status-publish","4":"has-post-thumbnail","6":"product_cat-bassi-elettrici-a-4-corde","7":"desktop-align-left","8":"tablet-align-left","9":"mobile-align-left","11":"first","12":"instock","13":"taxable","14":"shipping-taxable","15":"purchasable","16":"product-type-simple"},"_links":{"self":[{"href":"https:\/\/gigionestrumentimusicali.it\/index.php\/wp-json\/wp\/v2\/product\/25448","targetHints":{"allow":["GET"]}}],"collection":[{"href":"https:\/\/gigionestrumentimusicali.it\/index.php\/wp-json\/wp\/v2\/product"}],"about":[{"href":"https:\/\/gigionestrumentimusicali.it\/index.php\/wp-json\/wp\/v2\/types\/product"}],"wp:featuredmedia":[{"embeddable":true,"href":"https:\/\/gigionestrumentimusicali.it\/index.php\/wp-json\/wp\/v2\/media\/25451"}],"wp:attachment":[{"href":"https:\/\/gigionestrumentimusicali.it\/index.php\/wp-json\/wp\/v2\/media?parent=25448"}],"wp:term":[{"taxonomy":"product_brand","embeddable":true,"href":"https:\/\/gigionestrumentimusicali.it\/index.php\/wp-json\/wp\/v2\/product_brand?post=25448"},{"taxonomy":"product_cat","embeddable":true,"href":"https:\/\/gigionestrumentimusicali.it\/index.php\/wp-json\/wp\/v2\/product_cat?post=25448"},{"taxonomy":"product_tag","embeddable":true,"href":"https:\/\/gigionestrumentimusicali.it\/index.php\/wp-json\/wp\/v2\/product_tag?post=25448"}],"curies":[{"name":"wp","href":"https:\/\/api.w.org\/{rel}","templated":true}]}}