{"id":25456,"date":"2025-01-27T15:36:53","date_gmt":"2025-01-27T15:36:53","guid":{"rendered":"https:\/\/gigionestrumentimusicali.it\/index.php\/product\/cort-ad880ce-lh-ns-mancina\/"},"modified":"2026-04-18T20:16:18","modified_gmt":"2026-04-18T20:16:18","slug":"cort-ad880ce-lh-ns-mancina","status":"publish","type":"product","link":"https:\/\/gigionestrumentimusicali.it\/index.php\/product\/cort-ad880ce-lh-ns-mancina\/","title":{"rendered":"CORT AD880CE LH NS MANCINA"},"content":{"rendered":"<p>Chitarra Acustica Mancina Spalla Mancante Elettrificata<\/p>\n<p>I modelli della Standard Series, la serie acustica pi\u00f9 longeva di Cort, definiscono un rapporto qualit\u00e0-prezzo senza precedenti! Strumenti dalla grande suonabilit\u00e0, adatti per suonare qualsiasi genere a qualsiasi livello.<\/p>\n<p>Chitarra Acustica Mancina Spalla Mancante Elettrificata<br \/>Costruzione: Dovetail neck joint<br \/>Scala: 25.5&#8243; (648 mm)<br \/>Cassa Armonica: Dreadnought<br \/>Catenatura: Advanced X-Bracing<br \/>Spalla Mancante: Veneziana<br \/>Fondo e Fasce: Mogano Africano laminato (Okoume)<br \/>Binding: Ivory w\/ Tiger Acryl Purfling<br \/>Top: Abete laminato<br \/>Manico: Mogano (Palaquium)<br \/>Tastiera: Merbau<br \/>Capotasto: 43 mm (1 11\/16&#8243;)<br \/>Tasti: 20<br \/>Inlay tastiera: Dot<br \/>Meccaniche: Cort con palettina nera<br \/>Ponte: Merbau<br \/>Rosetta: Multiple Tiger Pearl Acryl<br \/>Elettronica: Cort CE304T &#8211; Ceramic pickup<br \/>Corde: Rivestite<br \/>Finitura: NS &#8211; Natural Satin<\/p>\n","protected":false},"excerpt":{"rendered":"<p>Chitarra Acustica Mancina Spalla Mancante Elettrificata I modelli della Standard Series, la serie acustica pi\u00f9 longeva di Cort, definiscono un rapporto qualit\u00e0-prezzo senza precedenti! Strumenti dalla grande suonabilit\u00e0, adatti per suonare qualsiasi genere a qualsiasi livello. Chitarra Acustica Mancina Spalla Mancante ElettrificataCostruzione: Dovetail neck jointScala: 25.5&#8243; (648 mm)Cassa Armonica: DreadnoughtCatenatura: Advanced X-BracingSpalla Mancante: VenezianaFondo e [&hellip;]<\/p>\n","protected":false},"featured_media":25457,"template":"","meta":{"site-sidebar-layout":"default","site-content-layout":"","ast-site-content-layout":"default","site-content-style":"default","site-sidebar-style":"default","ast-global-header-display":"","ast-banner-title-visibility":"","ast-main-header-display":"","ast-hfb-above-header-display":"","ast-hfb-below-header-display":"","ast-hfb-mobile-header-display":"","site-post-title":"","ast-breadcrumbs-content":"","ast-featured-img":"","footer-sml-layout":"","theme-transparent-header-meta":"","adv-header-id-meta":"","stick-header-meta":"","header-above-stick-meta":"","header-main-stick-meta":"","header-below-stick-meta":"","astra-migrate-meta-layouts":"default","ast-page-background-enabled":"default","ast-page-background-meta":{"desktop":{"background-color":"var(--ast-global-color-4)","background-image":"","background-repeat":"repeat","background-position":"center center","background-size":"auto","background-attachment":"scroll","background-type":"","background-media":"","overlay-type":"","overlay-color":"","overlay-opacity":"","overlay-gradient":""},"tablet":{"background-color":"","background-image":"","background-repeat":"repeat","background-position":"center center","background-size":"auto","background-attachment":"scroll","background-type":"","background-media":"","overlay-type":"","overlay-color":"","overlay-opacity":"","overlay-gradient":""},"mobile":{"background-color":"","background-image":"","background-repeat":"repeat","background-position":"center center","background-size":"auto","background-attachment":"scroll","background-type":"","background-media":"","overlay-type":"","overlay-color":"","overlay-opacity":"","overlay-gradient":""}},"ast-content-background-meta":{"desktop":{"background-color":"var(--ast-global-color-5)","background-image":"","background-repeat":"repeat","background-position":"center center","background-size":"auto","background-attachment":"scroll","background-type":"","background-media":"","overlay-type":"","overlay-color":"","overlay-opacity":"","overlay-gradient":""},"tablet":{"background-color":"var(--ast-global-color-5)","background-image":"","background-repeat":"repeat","background-position":"center center","background-size":"auto","background-attachment":"scroll","background-type":"","background-media":"","overlay-type":"","overlay-color":"","overlay-opacity":"","overlay-gradient":""},"mobile":{"background-color":"var(--ast-global-color-5)","background-image":"","background-repeat":"repeat","background-position":"center center","background-size":"auto","background-attachment":"scroll","background-type":"","background-media":"","overlay-type":"","overlay-color":"","overlay-opacity":"","overlay-gradient":""}}},"product_brand":[],"product_cat":[392],"product_tag":[],"class_list":{"0":"post-25456","1":"product","2":"type-product","3":"status-publish","4":"has-post-thumbnail","6":"product_cat-chitarre-mancine-acustiche","7":"desktop-align-left","8":"tablet-align-left","9":"mobile-align-left","11":"first","12":"instock","13":"taxable","14":"shipping-taxable","15":"purchasable","16":"product-type-simple"},"_links":{"self":[{"href":"https:\/\/gigionestrumentimusicali.it\/index.php\/wp-json\/wp\/v2\/product\/25456","targetHints":{"allow":["GET"]}}],"collection":[{"href":"https:\/\/gigionestrumentimusicali.it\/index.php\/wp-json\/wp\/v2\/product"}],"about":[{"href":"https:\/\/gigionestrumentimusicali.it\/index.php\/wp-json\/wp\/v2\/types\/product"}],"wp:featuredmedia":[{"embeddable":true,"href":"https:\/\/gigionestrumentimusicali.it\/index.php\/wp-json\/wp\/v2\/media\/25457"}],"wp:attachment":[{"href":"https:\/\/gigionestrumentimusicali.it\/index.php\/wp-json\/wp\/v2\/media?parent=25456"}],"wp:term":[{"taxonomy":"product_brand","embeddable":true,"href":"https:\/\/gigionestrumentimusicali.it\/index.php\/wp-json\/wp\/v2\/product_brand?post=25456"},{"taxonomy":"product_cat","embeddable":true,"href":"https:\/\/gigionestrumentimusicali.it\/index.php\/wp-json\/wp\/v2\/product_cat?post=25456"},{"taxonomy":"product_tag","embeddable":true,"href":"https:\/\/gigionestrumentimusicali.it\/index.php\/wp-json\/wp\/v2\/product_tag?post=25456"}],"curies":[{"name":"wp","href":"https:\/\/api.w.org\/{rel}","templated":true}]}}