{"id":25533,"date":"2025-01-31T08:37:17","date_gmt":"2025-01-31T08:37:17","guid":{"rendered":"https:\/\/gigionestrumentimusicali.it\/index.php\/product\/fender-mustang-gtx100-amplificatore-combo-per-chitarra-100w\/"},"modified":"2026-04-15T21:59:55","modified_gmt":"2026-04-15T21:59:55","slug":"fender-mustang-gtx100-amplificatore-combo-per-chitarra-100w","status":"publish","type":"product","link":"https:\/\/gigionestrumentimusicali.it\/index.php\/product\/fender-mustang-gtx100-amplificatore-combo-per-chitarra-100w\/","title":{"rendered":"FENDER MUSTANG GTX100 &#8211; AMPLIFICATORE COMBO PER CHITARRA 100W &#8211;"},"content":{"rendered":"<p>Mustang GTX \u00e8 un amplificatore per chitarra migliore e pi\u00f9 audace con un set di funzionalit\u00e0 senza precedenti e prestazioni imbattibili. Un&#8217;ampia selezione di modelli di amplificatori accurati e versatili, decine di effetti e 200 preset integrati ti offrono i suoni di chitarra di cui hai bisogno per quasi ogni tipo di musica. La flessibilit\u00e0 del percorso del segnale modulare ti consente di spostare gli effetti in qualsiasi punto della catena, mentre il nitido display a colori ti consente di sapere cosa succede sotto il cofano. Connettiti con Bluetooth per provare il nuovissimo Fender TONE 3.0 (per iOS e Android), un&#8217;app gratuita che offre un aspetto realistico mentre giri le manopole degli amplificatori e degli effetti pi\u00f9 famosi di tutti i tempi. Puoi effettuare modifiche in profondit\u00e0, sfogliare i preset dalla community Fender Tone, eseguire il backup e il ripristino dei preset e altro ancora. Lo streaming audio Bluetooth \u00e8 incluso anche per suonare insieme alle tue tracce preferite. Le funzionalit\u00e0 WiFi dell&#8217;amplificatore (un&#8217;esclusiva Fender) ti consentono di connetterti per gli aggiornamenti del prodotto, in modo che l&#8217;amplificatore continui a migliorare. Il nuovissimo design del cabinet \u00e8 pronto per i concerti e robusto; un nuovo altoparlante Celestion da 12&#8243; produce una risposta forte e potente; e i modelli di amplificatore, speaker e cabinet migliorati assicurano che Mustang GTX suoni meglio di qualsiasi altra cosa nella sua classe. Le uscite stereo XLR e il loop effetti stereo ti consentono di interfacciarti con PA, registratore e dispositivi esterni. Il Fender GTX100 dispone anche di un footswitch a sette pulsanti con funzioni di bank up e down ed una facile selezione degli effetti, che rendono GTX un vero amplificatore live.<\/p>\n<p>Caratteristiche<br \/>Edizione aggiornata dei famosi amplificatori a modellazione Fender Mustang<br \/>40 modelli di ampli e dozzine di effetti offrono tonnellate di opzioni sonore<br \/>Controllo tramite smartphone ti d\u00e0 il controllo totale su tutti i parametri dell&#8217;amplificatore<br \/>200 preset ti aiutano a trovare il tuo suono perfetto<br \/>Potente funzione Looper tramite footswitch Fender Mustang GT<br \/>Connettivit\u00e0 USB che consente di registrare direttamente sul tuo computer<br \/>Gli slot predefiniti dell&#8217;utente consentono di salvare e richiamare patch personalizzate<br \/>Lo speaker Celestion da 12&#8243; appositamente progettato offre un suono bilanciato<br \/>Il percorso del segnale modulare consente di personalizzare il suono<br \/>Streaming Bluetooth per ascoltare le tue canzoni preferite<br \/>Uscita cuffie da 1\/8&#8243; per esercitarti in qualsiasi momento<br \/>Dimensioni: 457 x 533 x 254mm<br \/>Peso: 9,97kg<\/p>\n","protected":false},"excerpt":{"rendered":"<p>Mustang GTX \u00e8 un amplificatore per chitarra migliore e pi\u00f9 audace con un set di funzionalit\u00e0 senza precedenti e prestazioni imbattibili. Un&#8217;ampia selezione di modelli di amplificatori accurati e versatili, decine di effetti e 200 preset integrati ti offrono i suoni di chitarra di cui hai bisogno per quasi ogni tipo di musica. La flessibilit\u00e0 [&hellip;]<\/p>\n","protected":false},"featured_media":25536,"template":"","meta":{"site-sidebar-layout":"default","site-content-layout":"","ast-site-content-layout":"default","site-content-style":"default","site-sidebar-style":"default","ast-global-header-display":"","ast-banner-title-visibility":"","ast-main-header-display":"","ast-hfb-above-header-display":"","ast-hfb-below-header-display":"","ast-hfb-mobile-header-display":"","site-post-title":"","ast-breadcrumbs-content":"","ast-featured-img":"","footer-sml-layout":"","theme-transparent-header-meta":"","adv-header-id-meta":"","stick-header-meta":"","header-above-stick-meta":"","header-main-stick-meta":"","header-below-stick-meta":"","astra-migrate-meta-layouts":"default","ast-page-background-enabled":"default","ast-page-background-meta":{"desktop":{"background-color":"var(--ast-global-color-4)","background-image":"","background-repeat":"repeat","background-position":"center center","background-size":"auto","background-attachment":"scroll","background-type":"","background-media":"","overlay-type":"","overlay-color":"","overlay-opacity":"","overlay-gradient":""},"tablet":{"background-color":"","background-image":"","background-repeat":"repeat","background-position":"center center","background-size":"auto","background-attachment":"scroll","background-type":"","background-media":"","overlay-type":"","overlay-color":"","overlay-opacity":"","overlay-gradient":""},"mobile":{"background-color":"","background-image":"","background-repeat":"repeat","background-position":"center center","background-size":"auto","background-attachment":"scroll","background-type":"","background-media":"","overlay-type":"","overlay-color":"","overlay-opacity":"","overlay-gradient":""}},"ast-content-background-meta":{"desktop":{"background-color":"var(--ast-global-color-5)","background-image":"","background-repeat":"repeat","background-position":"center center","background-size":"auto","background-attachment":"scroll","background-type":"","background-media":"","overlay-type":"","overlay-color":"","overlay-opacity":"","overlay-gradient":""},"tablet":{"background-color":"var(--ast-global-color-5)","background-image":"","background-repeat":"repeat","background-position":"center center","background-size":"auto","background-attachment":"scroll","background-type":"","background-media":"","overlay-type":"","overlay-color":"","overlay-opacity":"","overlay-gradient":""},"mobile":{"background-color":"var(--ast-global-color-5)","background-image":"","background-repeat":"repeat","background-position":"center center","background-size":"auto","background-attachment":"scroll","background-type":"","background-media":"","overlay-type":"","overlay-color":"","overlay-opacity":"","overlay-gradient":""}}},"product_brand":[],"product_cat":[370],"product_tag":[],"class_list":{"0":"post-25533","1":"product","2":"type-product","3":"status-publish","4":"has-post-thumbnail","6":"product_cat-combo-per-chitarre-elettriche","7":"desktop-align-left","8":"tablet-align-left","9":"mobile-align-left","11":"first","12":"instock","13":"taxable","14":"shipping-taxable","15":"purchasable","16":"product-type-simple"},"_links":{"self":[{"href":"https:\/\/gigionestrumentimusicali.it\/index.php\/wp-json\/wp\/v2\/product\/25533","targetHints":{"allow":["GET"]}}],"collection":[{"href":"https:\/\/gigionestrumentimusicali.it\/index.php\/wp-json\/wp\/v2\/product"}],"about":[{"href":"https:\/\/gigionestrumentimusicali.it\/index.php\/wp-json\/wp\/v2\/types\/product"}],"wp:featuredmedia":[{"embeddable":true,"href":"https:\/\/gigionestrumentimusicali.it\/index.php\/wp-json\/wp\/v2\/media\/25536"}],"wp:attachment":[{"href":"https:\/\/gigionestrumentimusicali.it\/index.php\/wp-json\/wp\/v2\/media?parent=25533"}],"wp:term":[{"taxonomy":"product_brand","embeddable":true,"href":"https:\/\/gigionestrumentimusicali.it\/index.php\/wp-json\/wp\/v2\/product_brand?post=25533"},{"taxonomy":"product_cat","embeddable":true,"href":"https:\/\/gigionestrumentimusicali.it\/index.php\/wp-json\/wp\/v2\/product_cat?post=25533"},{"taxonomy":"product_tag","embeddable":true,"href":"https:\/\/gigionestrumentimusicali.it\/index.php\/wp-json\/wp\/v2\/product_tag?post=25533"}],"curies":[{"name":"wp","href":"https:\/\/api.w.org\/{rel}","templated":true}]}}